{"id":6057,"date":"2025-10-20T13:54:30","date_gmt":"2025-10-20T11:54:30","guid":{"rendered":"https:\/\/wordpress.famberg.de\/?post_type=product&#038;p=6057"},"modified":"2025-10-20T13:57:04","modified_gmt":"2025-10-20T11:57:04","slug":"zusatz-doerrgitter-fuer-stoeckli-doerrgeraet-edelstahl","status":"publish","type":"product","link":"https:\/\/wordpress.famberg.de\/index.php\/produkt\/zusatz-doerrgitter-fuer-stoeckli-doerrgeraet-edelstahl\/","title":{"rendered":"Zusatz-D\u00f6rrgitter f\u00fcr St\u00f6ckli D\u00f6rrger\u00e4t Edelstahl"},"content":{"rendered":"<div><b><span style=\"color: #660000; font-size: large;\">Zusatz- Edelstahl- D\u00f6rrgitter <\/span><span style=\"font-size: large;\"><br \/><\/span><\/b><br \/>Beim Kauf Ihres St\u00f6ckli-D\u00f6rrger\u00e4tes haben Sie drei D\u00f6rrgitter erhalten, nun k\u00f6nnen Sie zur Erweiterung der Nutzfl\u00e4che bis maximal 10 Siebe stapeln. Dabei ist es auch m\u00f6glich Kunststoff- und Edelstahlgitter gemischt einzusetzen. <strong><span style=\"color: #008000;\"><br \/><\/span><\/strong><span style=\"color: #008000;\"><span style=\"color: #000000;\"><b>Tipp:<\/b> Trocknen Sie weiches\u00a0D\u00f6rrgut (Obst) zun\u00e4chst\u00a0auf Kunststoffgittern und lege es dann f\u00fcr die restliche D\u00f6rrzeit auf Edelstahlgitter um!<\/span><\/span><strong><span style=\"color: #008000;\"> <span style=\"color: #000000;\">Warum? <\/span><\/span><\/strong><span style=\"color: #008000;\"><span style=\"color: #000000;\">Aprikosen, Bananen, Kiwis oder Pflaumen u.\u00e4. &#8222;kleben&#8220;\u00a0auf den Kunststoff-Gittern\u00a0nicht so leicht an, da hier eine gr\u00f6\u00dfere Auflagefl\u00e4che vorhanden ist. <\/span><\/span>Die Luftzirkulation ist bei den Edelstahl-Gittern wiederum besser, dadurch verk\u00fcrzen sich die D\u00f6rrzeiten. F\u00fcr Gem\u00fcse, Kr\u00e4uter und auch Pilze empfehlen wir wegen der schnelleren Trocknung die Edelstahl-D\u00f6rrgitter von Anfang an.<br \/>Durch austretende Frucht- oder Gem\u00fcses\u00e4fte k\u00f6nnen sich mit der Zeit die Kunststoffgitter verf\u00e4rben, dies passiert bei der Edelstahlvariante nicht- ein gro\u00dfer Vorteil der Edelstahl-Gitter!<u>Zusatz-Gitter f\u00fcr Ihr St\u00f6ckli D\u00f6rrger\u00e4t<\/u><\/div><ul><li>Edelstahl-Gitter mit Kunststoffrahmen<\/li><li>sp\u00fclmaschinenfest<\/li><li>D= 33,5 cm<\/li><li>H= 5 cm<\/li><li>Menge: 1 St\u00fcck<\/li><\/ul>","protected":false},"excerpt":{"rendered":"<p>Zusatz- Edelstahl- D\u00f6rrgitter Beim Kauf Ihres St\u00f6ckli-D\u00f6rrger\u00e4tes haben Sie drei D\u00f6rrgitter erhalten, nun k\u00f6nnen Sie zur Erweiterung der Nutzfl\u00e4che bis maximal 10 Siebe stapeln. Dabei ist es auch m\u00f6glich Kunststoff- und Edelstahlgitter gemischt einzusetzen. Tipp: Trocknen Sie weiches\u00a0D\u00f6rrgut (Obst) zun\u00e4chst\u00a0auf Kunststoffgittern und lege es dann f\u00fcr die restliche D\u00f6rrzeit auf Edelstahlgitter um! Warum? Aprikosen, Bananen, [&hellip;]<\/p>\n","protected":false},"featured_media":0,"template":"","meta":[],"product_brand":[],"product_cat":[167],"product_tag":[],"class_list":{"0":"post-6057","1":"product","2":"type-product","3":"status-publish","5":"product_cat-kuechengeraete-zubehoer","6":"product_shipping_class-direkt-luba","8":"first","9":"instock","10":"taxable","11":"shipping-taxable","12":"purchasable","13":"product-type-simple"},"supplier_id":1283,"supplier_sku":"007-701","barcode":null,"atum_controlled":true,"out_stock_date":null,"out_stock_threshold":null,"inheritable":false,"inbound_stock":0,"stock_on_hold":0,"sold_today":0,"sales_last_days":0,"reserved_stock":0,"customer_returns":0,"warehouse_damage":0,"lost_in_post":0,"other_logs":0,"out_stock_days":0,"lost_sales":0,"has_location":false,"update_date":"2026-03-27T08:16:23","atum_locations":[],"atum_stock_status":"instock","restock_status":false,"low_stock_amount":"","sales_update_date":"2026-03-27T08:16:23","calc_backorders":null,"_links":{"self":[{"href":"https:\/\/wordpress.famberg.de\/index.php\/wp-json\/wp\/v2\/product\/6057","targetHints":{"allow":["GET"]}}],"collection":[{"href":"https:\/\/wordpress.famberg.de\/index.php\/wp-json\/wp\/v2\/product"}],"about":[{"href":"https:\/\/wordpress.famberg.de\/index.php\/wp-json\/wp\/v2\/types\/product"}],"wp:attachment":[{"href":"https:\/\/wordpress.famberg.de\/index.php\/wp-json\/wp\/v2\/media?parent=6057"}],"wp:term":[{"taxonomy":"product_brand","embeddable":true,"href":"https:\/\/wordpress.famberg.de\/index.php\/wp-json\/wp\/v2\/product_brand?post=6057"},{"taxonomy":"product_cat","embeddable":true,"href":"https:\/\/wordpress.famberg.de\/index.php\/wp-json\/wp\/v2\/product_cat?post=6057"},{"taxonomy":"product_tag","embeddable":true,"href":"https:\/\/wordpress.famberg.de\/index.php\/wp-json\/wp\/v2\/product_tag?post=6057"}],"curies":[{"name":"wp","href":"https:\/\/api.w.org\/{rel}","templated":true}]}}