{"id":5634,"date":"2025-07-23T16:57:51","date_gmt":"2025-07-23T14:57:51","guid":{"rendered":"https:\/\/wordpress.famberg.de\/?post_type=product&#038;p=5634"},"modified":"2025-11-25T10:58:18","modified_gmt":"2025-11-25T09:58:18","slug":"lava-lachsbretter-3er-sets-insgesamt-15-lachsbretter","status":"publish","type":"product","link":"https:\/\/wordpress.famberg.de\/index.php\/produkt\/lava-lachsbretter-3er-sets-insgesamt-15-lachsbretter\/","title":{"rendered":"Lava Lachsbretter 3er Sets insgesamt 15 Lachsbretter"},"content":{"rendered":"<p>Material: Karton mit spezieller Beschichtung<br \/>Achtung der Fisch auf dem Foto ist nur Dekoration.<\/p><p><strong><span style=\"font-size: small;\">3-er Super-Sparset (Jede Gr\u00f6\u00dfe 5 x = 15 Brettchen)<\/span><\/strong><\/p><p>Die Lachsbretter sind zum Einfrieren von Hirsch-, Reh oder Schweiner\u00fccken sowie halbe H\u00e4hnchen. Damit sind die Vakuumbeutel vor spitzen Knochensplittern gesch\u00fctzt. Das Original von Lava, zum Schutz des Vakuum-beutels und eine bessere Warenpr\u00e4sentation, f\u00fcr ein stets perfektes Vakuumergebnis.<\/p>","protected":false},"excerpt":{"rendered":"<p>Material: Karton mit spezieller BeschichtungAchtung der Fisch auf dem Foto ist nur Dekoration.3-er Super-Sparset (Jede Gr\u00f6\u00dfe 5 x = 15 Brettchen)Die Lachsbretter sind zum Einfrieren von Hirsch-, Reh oder Schweiner\u00fccken sowie halbe H\u00e4hnchen. Damit sind die Vakuumbeutel vor spitzen Knochensplittern gesch\u00fctzt. Das Original von Lava, zum Schutz des Vakuum-beutels und eine bessere Warenpr\u00e4sentation, f\u00fcr ein [&hellip;]<\/p>\n","protected":false},"featured_media":5636,"template":"","meta":[],"product_brand":[],"product_cat":[127],"product_tag":[],"class_list":{"0":"post-5634","1":"product","2":"type-product","3":"status-publish","4":"has-post-thumbnail","6":"product_cat-vakuumirbeutel-und-rollen","7":"product_shipping_class-kleinkram","9":"first","10":"instock","11":"taxable","12":"shipping-taxable","13":"purchasable","14":"product-type-simple"},"supplier_id":1327,"supplier_sku":"VL0094","barcode":null,"atum_controlled":true,"out_stock_date":null,"out_stock_threshold":null,"inheritable":false,"inbound_stock":0,"stock_on_hold":0,"sold_today":0,"sales_last_days":0,"reserved_stock":0,"customer_returns":0,"warehouse_damage":0,"lost_in_post":0,"other_logs":0,"out_stock_days":0,"lost_sales":0,"has_location":false,"update_date":"2026-03-27T08:16:23","atum_locations":[],"atum_stock_status":"instock","restock_status":false,"low_stock_amount":"","sales_update_date":"2026-03-27T08:16:23","calc_backorders":null,"_links":{"self":[{"href":"https:\/\/wordpress.famberg.de\/index.php\/wp-json\/wp\/v2\/product\/5634","targetHints":{"allow":["GET"]}}],"collection":[{"href":"https:\/\/wordpress.famberg.de\/index.php\/wp-json\/wp\/v2\/product"}],"about":[{"href":"https:\/\/wordpress.famberg.de\/index.php\/wp-json\/wp\/v2\/types\/product"}],"wp:featuredmedia":[{"embeddable":true,"href":"https:\/\/wordpress.famberg.de\/index.php\/wp-json\/wp\/v2\/media\/5636"}],"wp:attachment":[{"href":"https:\/\/wordpress.famberg.de\/index.php\/wp-json\/wp\/v2\/media?parent=5634"}],"wp:term":[{"taxonomy":"product_brand","embeddable":true,"href":"https:\/\/wordpress.famberg.de\/index.php\/wp-json\/wp\/v2\/product_brand?post=5634"},{"taxonomy":"product_cat","embeddable":true,"href":"https:\/\/wordpress.famberg.de\/index.php\/wp-json\/wp\/v2\/product_cat?post=5634"},{"taxonomy":"product_tag","embeddable":true,"href":"https:\/\/wordpress.famberg.de\/index.php\/wp-json\/wp\/v2\/product_tag?post=5634"}],"curies":[{"name":"wp","href":"https:\/\/api.w.org\/{rel}","templated":true}]}}