{"id":5466,"date":"2025-06-26T16:13:18","date_gmt":"2025-06-26T14:13:18","guid":{"rendered":"https:\/\/wordpress.famberg.de\/?post_type=product&#038;p=5466"},"modified":"2026-04-07T10:31:20","modified_gmt":"2026-04-07T08:31:20","slug":"vakuumbeutel-mit-riffelung-struktur-50-stueck-13-x-22-mm","status":"publish","type":"product","link":"https:\/\/wordpress.famberg.de\/index.php\/produkt\/vakuumbeutel-mit-riffelung-struktur-50-stueck-13-x-22-mm\/","title":{"rendered":"Lava VAKUUMBEUTEL mit Riffelung Struktur 50 St\u00fcck 13 x 22 cm"},"content":{"rendered":"<p><!--b20baeb5a404822d--><\/p><p>Superstarke Original Lava Vakuumbeutel geriffelt, mit grober Struktur, Ausf\u00fchrung bis zu 4-lagig<\/p><p><strong>R-Vac Vakuumbeutel 13 x 22 cm 50 St\u00fcck<\/strong><\/p><p>F\u00fcr ein optimales Ergebnis empfehlen wir Ihnen stets die Original Lava Vakuumbeutel oder Endlosrollen zu verwenden, die Vorteile sprechen f\u00fcr sich: Die Lava Vakuumfolien sind 100 % luftundurchl\u00e4ssig, f\u00fcr Tiefk\u00fchltruhe und K\u00fchlschrank geeignet, lebensmittelecht, geschmacks- und geruchsneutral, mikrowellen- und kochbeuteltauglich, sp\u00fclmaschinentauglich und damit jederzeit wiederverwendbar!<\/p><p>++ Die hochwertigen Lava R-Vac Vakuumbeutel passen auch f\u00fcr ALLE anderen Vakuumierger\u00e4te auf dem Markt, auch bei Kammerger\u00e4ten ++<\/p>","protected":false},"excerpt":{"rendered":"<p>Superstarke Original Lava Vakuumbeutel geriffelt, mit grober Struktur, Ausf\u00fchrung bis zu 4-lagigR-Vac Vakuumbeutel 13 x 22 cm 50 St\u00fcckF\u00fcr ein optimales Ergebnis empfehlen wir Ihnen stets die Original Lava Vakuumbeutel oder Endlosrollen zu verwenden, die Vorteile sprechen f\u00fcr sich: Die Lava Vakuumfolien sind 100 % luftundurchl\u00e4ssig, f\u00fcr Tiefk\u00fchltruhe und K\u00fchlschrank geeignet, lebensmittelecht, geschmacks- und geruchsneutral, [&hellip;]<\/p>\n","protected":false},"featured_media":3217,"template":"","meta":[],"product_brand":[],"product_cat":[127],"product_tag":[],"class_list":{"0":"post-5466","1":"product","2":"type-product","3":"status-publish","4":"has-post-thumbnail","6":"product_cat-vakuumirbeutel-und-rollen","7":"product_shipping_class-kleinkram","8":"pa_besonderheit-struktur-geriffelt","9":"pa_laenge-22-cm","11":"first","12":"instock","13":"taxable","14":"shipping-taxable","15":"purchasable","16":"product-type-simple"},"supplier_id":1327,"supplier_sku":"VL0018","barcode":null,"atum_controlled":true,"out_stock_date":null,"out_stock_threshold":null,"inheritable":false,"inbound_stock":8,"stock_on_hold":0,"sold_today":0,"sales_last_days":0,"reserved_stock":0,"customer_returns":0,"warehouse_damage":0,"lost_in_post":0,"other_logs":0,"out_stock_days":0,"lost_sales":0,"has_location":false,"update_date":"2026-04-07T08:31:22","atum_locations":[],"atum_stock_status":"instock","restock_status":false,"low_stock_amount":7,"sales_update_date":null,"calc_backorders":null,"_links":{"self":[{"href":"https:\/\/wordpress.famberg.de\/index.php\/wp-json\/wp\/v2\/product\/5466","targetHints":{"allow":["GET"]}}],"collection":[{"href":"https:\/\/wordpress.famberg.de\/index.php\/wp-json\/wp\/v2\/product"}],"about":[{"href":"https:\/\/wordpress.famberg.de\/index.php\/wp-json\/wp\/v2\/types\/product"}],"wp:featuredmedia":[{"embeddable":true,"href":"https:\/\/wordpress.famberg.de\/index.php\/wp-json\/wp\/v2\/media\/3217"}],"wp:attachment":[{"href":"https:\/\/wordpress.famberg.de\/index.php\/wp-json\/wp\/v2\/media?parent=5466"}],"wp:term":[{"taxonomy":"product_brand","embeddable":true,"href":"https:\/\/wordpress.famberg.de\/index.php\/wp-json\/wp\/v2\/product_brand?post=5466"},{"taxonomy":"product_cat","embeddable":true,"href":"https:\/\/wordpress.famberg.de\/index.php\/wp-json\/wp\/v2\/product_cat?post=5466"},{"taxonomy":"product_tag","embeddable":true,"href":"https:\/\/wordpress.famberg.de\/index.php\/wp-json\/wp\/v2\/product_tag?post=5466"}],"curies":[{"name":"wp","href":"https:\/\/api.w.org\/{rel}","templated":true}]}}