{"id":3159,"date":"2024-10-23T11:00:58","date_gmt":"2024-10-23T09:00:58","guid":{"rendered":"https:\/\/wordpress.famberg.de\/index.php\/produkt\/vakuum-druckregulierung-l-druckluftregulierung\/"},"modified":"2025-07-01T14:25:19","modified_gmt":"2025-07-01T12:25:19","slug":"vakuum-druckregulierung-l-druckluftregulierung","status":"publish","type":"product","link":"https:\/\/wordpress.famberg.de\/index.php\/produkt\/vakuum-druckregulierung-l-druckluftregulierung\/","title":{"rendered":"Lava Vakuum-Druckregulierung L+ Druckluftregulierung"},"content":{"rendered":"<p><!--b20baeb5a404822d--><\/p><div><strong>Das sanfte Vakuum &#8211; ideal bei empfinglichen Produkten.<\/strong><\/div><div><\/div><div>Die St\u00e4rke des Vakuums ist damit <strong>exakt<\/strong> einstellbar von <strong>0,2 bar<\/strong> bis <strong>max. Unterdruck<\/strong>. Ideal bei Produkten wie Brot, Gem\u00fcse, R\u00e4ucherfisch, Obst e.t.c&#8230;. Saucen und Suppen sollten immer im Beh\u00e4lter vakuumiert werden. Perfekt auch bei empfindlichen Produkten im Gewerbebereich.<\/div><div><\/div><div>Als Zubeh\u00f6r erh\u00e4ltlich f\u00fcr die Vakuumierger\u00e4t-Modelle V. 100 bis V. 200. Bei den Modellen V. 300 bis V. 500 bereits serienm\u00e4\u00dfig. <strong>Besonders empfehlenswert<\/strong> ist dieses Zubeh\u00f6r f\u00fcr die Lava Vakuumierger\u00e4te V. 300 bis V. 500, da hier der eingestellte Unterdruck am Manometer abzulesen ist.<\/div><div><\/div><div>Die Druckregulierung k\u00f6nnen Sie \u00fcbriges auch bei allen bisher gekauften Lava Vakuumierger\u00e4ten (V.100 \/ V. 200 \/ V. 300 \/ V. 333) ohne gro\u00dfen Aufwand selbst nachr\u00fcsten. Der Druckregler wird auf den Fl\u00fcssigkeitsabscheider gesetzt.<\/div><div><\/div><div>Lieferung: 1 St\u00fcck<\/div>","protected":false},"excerpt":{"rendered":"<p>Das sanfte Vakuum &#8211; ideal bei empfinglichen Produkten.Die St\u00e4rke des Vakuums ist damit exakt einstellbar von 0,2 bar bis max. Unterdruck. Ideal bei Produkten wie Brot, Gem\u00fcse, R\u00e4ucherfisch, Obst e.t.c&#8230;. Saucen und Suppen sollten immer im Beh\u00e4lter vakuumiert werden. Perfekt auch bei empfindlichen Produkten im Gewerbebereich.Als Zubeh\u00f6r erh\u00e4ltlich f\u00fcr die Vakuumierger\u00e4t-Modelle V. 100 bis V. [&hellip;]<\/p>\n","protected":false},"featured_media":3155,"template":"","meta":[],"product_brand":[],"product_cat":[129],"product_tag":[],"class_list":{"0":"post-3159","1":"product","2":"type-product","3":"status-publish","4":"has-post-thumbnail","6":"product_cat-ersatzteile-vakuumier-zubehoer","7":"product_shipping_class-kleinkram","9":"first","10":"instock","11":"taxable","12":"shipping-taxable","13":"purchasable","14":"product-type-simple"},"supplier_id":1327,"supplier_sku":"VL0098","barcode":null,"atum_controlled":true,"out_stock_date":null,"out_stock_threshold":null,"inheritable":false,"inbound_stock":0,"stock_on_hold":0,"sold_today":0,"sales_last_days":0,"reserved_stock":0,"customer_returns":0,"warehouse_damage":0,"lost_in_post":0,"other_logs":0,"out_stock_days":0,"lost_sales":0,"has_location":false,"update_date":"2026-03-27T08:16:23","atum_locations":[],"atum_stock_status":"instock","restock_status":false,"low_stock_amount":"","sales_update_date":"2026-03-27T08:16:23","calc_backorders":null,"_links":{"self":[{"href":"https:\/\/wordpress.famberg.de\/index.php\/wp-json\/wp\/v2\/product\/3159","targetHints":{"allow":["GET"]}}],"collection":[{"href":"https:\/\/wordpress.famberg.de\/index.php\/wp-json\/wp\/v2\/product"}],"about":[{"href":"https:\/\/wordpress.famberg.de\/index.php\/wp-json\/wp\/v2\/types\/product"}],"wp:featuredmedia":[{"embeddable":true,"href":"https:\/\/wordpress.famberg.de\/index.php\/wp-json\/wp\/v2\/media\/3155"}],"wp:attachment":[{"href":"https:\/\/wordpress.famberg.de\/index.php\/wp-json\/wp\/v2\/media?parent=3159"}],"wp:term":[{"taxonomy":"product_brand","embeddable":true,"href":"https:\/\/wordpress.famberg.de\/index.php\/wp-json\/wp\/v2\/product_brand?post=3159"},{"taxonomy":"product_cat","embeddable":true,"href":"https:\/\/wordpress.famberg.de\/index.php\/wp-json\/wp\/v2\/product_cat?post=3159"},{"taxonomy":"product_tag","embeddable":true,"href":"https:\/\/wordpress.famberg.de\/index.php\/wp-json\/wp\/v2\/product_tag?post=3159"}],"curies":[{"name":"wp","href":"https:\/\/api.w.org\/{rel}","templated":true}]}}