{"id":3111,"date":"2024-10-22T10:26:24","date_gmt":"2024-10-22T08:26:24","guid":{"rendered":"https:\/\/wordpress.famberg.de\/index.php\/produkt\/motorblock-typ-862-schwarz-mit-weiss-rohkostvorsatz-und-3-trommeln\/"},"modified":"2025-02-26T19:12:29","modified_gmt":"2025-02-26T18:12:29","slug":"motorblock-typ-862-schwarz-mit-weiss-rohkostvorsatz-und-3-trommeln","status":"publish","type":"product","link":"https:\/\/wordpress.famberg.de\/index.php\/produkt\/motorblock-typ-862-schwarz-mit-weiss-rohkostvorsatz-und-3-trommeln\/","title":{"rendered":"Jupiter Motorblock Typ 862 schwarz mit wei\u00df Rohkostvorsatz und 3 Trommeln"},"content":{"rendered":"<p><span style=\"font-size: medium;\">An den dreistufigen Jupiter Systemantrieb 862-160 mit Messerschmidt\/Jupiter Universal-Bajonettverschluss lassen sich verschiedene Vors\u00e4tze von Messerschmidt und Jupiter mit einer einfachen Vierteldrehung anschlie\u00dfen. Als Motor arbeitet ein Permanentmagnetmotor mit 200 Watt und MySystem-Systemantrieb mit aufgestecktem Timer.<\/span><\/p><p>Im Lieferumfang sind drei verschiedenfarbige Blenden enthalten (Wei\u00df, Rot und Anthrazit) &#8211; Sie w\u00e4hlen die Optik Ihres MySystem Systemantriebs also einfach selber aus. Mitgeliefert wird au\u00dferdem ein Timer, der sich bei Nichtnutzung Ihres Jupiter-Motorblocks auf den Bajonett-Anschluss aufstecken l\u00e4sst.<\/p><p><b>Technische Details<\/b>:<br \/>Motorleistung: 200 Watt mit \u00dcberlastsicherung<br \/>in drei Geschwindigkeiten schaltbar:<br \/>Stufe 1: 115 U\/min.<br \/>Stufe 2: 160 U\/min.<br \/>Stufe 3: 210 U\/min.<br \/>Anschlussleistung: 220-240V~\/50-60Hz<br \/>Gewicht: 2,28 kg<br \/>H\u00f6he-Breite-Tiefe: 225 &#8211; 150 &#8211; 260 mm<br \/>Geh\u00e4usematerial: schlagfester ABS-Kunststoff<br \/>Lieferumfang: Systemantrieb mit Kupplung, 3 austauschbare Blenden, steckbarer Timer<\/p><p>Herstellergarantie:<br \/>5 Jahre mit Produktregistrierung<br \/>2 Jahre ohne Produktregistrierung<\/p><p>&nbsp;<\/p><div><span style=\"font-size: medium;\">Die Jupiter GmbH gew\u00e4hrt auf dieses Produkt 2 Jahre Herstellergarantie und eine Garantieverl\u00e4ngerung um 3 Jahre bei Registrierung Ihres Produktes bei Fa. Jupiter. Diese Garantie umfasst alle Fertigungs- und Materialfehler. Durch die Garantie werden die gesetzlichen Rechte aus der Gew\u00e4hrleistung nicht eingeschr\u00e4nkt. Die Garantie wird getragen von Jupiter K\u00fcchenmaschinen GmbH, Raiffeisenstrasse 8, 73249 Wernau und gilt f\u00fcr Deutschland. Im Garantiefall wenden Sie sich direkt an Jupiter unter Tel. + 49 (0)7153 559300 oder Sie rufen uns einfach an.<\/span><\/div><div><span style=\"font-size: medium;\">\u00a0<\/span><\/div><div><span style=\"font-size: medium;\"><span style=\"font-size: medium;\"><span style=\"font-size: medium;\"><b>Trommelset mit 3 Trommeln &#8230;&#8230;..\u00a0 schneiden- reiben -raspeln mit Rohkostvorsatz<\/b><\/span><\/span><\/span>Mit<br \/>den 3 verschiedenen Trommeeins\u00e4tzen k\u00f6nnen Sie nach Bedarf ganz m\u00fchelos<br \/>Gem\u00fcse &#8211; wie Sellerie, Rote Bete, Kohlrabi, M\u00f6hren oder auch Obst &#8211; wie<br \/>\u00c4pfel, Birnen u.v.m. reiben, raspeln oder in Scheiben schneiden. Auch<br \/>N\u00fcsse, K\u00e4se wie Parmesan, Kuvert\u00fcre k\u00f6nnen einfach verarbeitet werden.Trommel Nr. 1: &#8211; raspelt fein<br \/>Trommel Nr. 2: &#8211; schneidet Scheiben<br \/>Trommel Nr. 3: &#8211; raspelt grob<b>Produktmerkmale:<\/b>Raffeltrommeln: Edelstahl<\/p><div><span style=\"font-size: medium;\">\u00a0\u00a0\u00a0 Trommeldurchmesser: 75 mm<\/span><\/div><p><span style=\"font-size: medium;\">\u00a0\u00a0\u00a0 Trommeln: Scheibentrommel, Grobraspeltrommel und Birchertrommel<br \/>Mit Stopfer<\/span><\/p><\/div>","protected":false},"excerpt":{"rendered":"<p>An den dreistufigen Jupiter Systemantrieb 862-160 mit Messerschmidt\/Jupiter Universal-Bajonettverschluss lassen sich verschiedene Vors\u00e4tze von Messerschmidt und Jupiter mit einer einfachen Vierteldrehung anschlie\u00dfen. Als Motor arbeitet ein Permanentmagnetmotor mit 200 Watt und MySystem-Systemantrieb mit aufgestecktem Timer.Im Lieferumfang sind drei verschiedenfarbige Blenden enthalten (Wei\u00df, Rot und Anthrazit) &#8211; Sie w\u00e4hlen die Optik Ihres MySystem Systemantriebs also einfach [&hellip;]<\/p>\n","protected":false},"featured_media":3109,"template":"","meta":[],"product_brand":[],"product_cat":[134],"product_tag":[],"class_list":{"0":"post-3111","1":"product","2":"type-product","3":"status-publish","4":"has-post-thumbnail","6":"product_cat-kuechengeraete","7":"product_shipping_class-direkt-luba","9":"first","10":"instock","11":"taxable","12":"shipping-taxable","13":"purchasable","14":"product-type-simple"},"supplier_id":1283,"supplier_sku":"862-160+862-300","barcode":null,"atum_controlled":true,"out_stock_date":null,"out_stock_threshold":null,"inheritable":false,"inbound_stock":0,"stock_on_hold":0,"sold_today":0,"sales_last_days":0,"reserved_stock":0,"customer_returns":0,"warehouse_damage":0,"lost_in_post":0,"other_logs":0,"out_stock_days":0,"lost_sales":0,"has_location":false,"update_date":"2026-03-27T08:16:23","atum_locations":[],"atum_stock_status":"instock","restock_status":false,"low_stock_amount":"","sales_update_date":"2026-03-27T08:16:23","calc_backorders":null,"_links":{"self":[{"href":"https:\/\/wordpress.famberg.de\/index.php\/wp-json\/wp\/v2\/product\/3111","targetHints":{"allow":["GET"]}}],"collection":[{"href":"https:\/\/wordpress.famberg.de\/index.php\/wp-json\/wp\/v2\/product"}],"about":[{"href":"https:\/\/wordpress.famberg.de\/index.php\/wp-json\/wp\/v2\/types\/product"}],"wp:featuredmedia":[{"embeddable":true,"href":"https:\/\/wordpress.famberg.de\/index.php\/wp-json\/wp\/v2\/media\/3109"}],"wp:attachment":[{"href":"https:\/\/wordpress.famberg.de\/index.php\/wp-json\/wp\/v2\/media?parent=3111"}],"wp:term":[{"taxonomy":"product_brand","embeddable":true,"href":"https:\/\/wordpress.famberg.de\/index.php\/wp-json\/wp\/v2\/product_brand?post=3111"},{"taxonomy":"product_cat","embeddable":true,"href":"https:\/\/wordpress.famberg.de\/index.php\/wp-json\/wp\/v2\/product_cat?post=3111"},{"taxonomy":"product_tag","embeddable":true,"href":"https:\/\/wordpress.famberg.de\/index.php\/wp-json\/wp\/v2\/product_tag?post=3111"}],"curies":[{"name":"wp","href":"https:\/\/api.w.org\/{rel}","templated":true}]}}