{"id":2940,"date":"2024-10-10T19:53:37","date_gmt":"2024-10-10T17:53:37","guid":{"rendered":"https:\/\/wordpress.famberg.de\/index.php\/produkt\/nudelmaschine-pasta-machine-verchromt-edelstahl\/"},"modified":"2024-10-24T13:52:50","modified_gmt":"2024-10-24T11:52:50","slug":"nudelmaschine-pasta-machine-verchromt-edelstahl","status":"publish","type":"product","link":"https:\/\/wordpress.famberg.de\/index.php\/produkt\/nudelmaschine-pasta-machine-verchromt-edelstahl\/","title":{"rendered":"Nudelmaschine Pasta Machine verchromt Edelstahl"},"content":{"rendered":"<div><p><span style=\"font-size: medium;\"><span style=\"font-size: 12pt; font-family: Arial;\"><b>Pastamaschine &#8211; Pasta Machine &#8222;IMPERIA&#8220; &#8211; hochwertige Nudelmaschine Made in Italy <\/b><br \/>Alle m\u00f6gen selbstgemachte Nudeln. Selbst gemachte Nudeln schmecken einfach besser. De Zubereitung ist ganz einfach. Sie ben\u00f6tigen nur eine kleine Nudelmaschine, 2 H\u00e4nde und das richtige Mehl.<\/span><\/span><\/p><p>Seit immer geh\u00f6ren Nudeln zu den 10 Lieblingsgerichten in Italien und augenblicklich auch in der ganzen Welt.<\/p><\/div><p><span style=\"font-size: medium;\"><span style=\"font-size: 12pt; font-family: Arial;\">Mit Ihrer Nudelmaschine IMPERIA k\u00f6nnen Sie selbst Ihre Nudeln frisch zubereiten. <\/span><span style=\"font-size: 12pt; font-family: Arial;\">IMPERIA wird in Italien hergestellt, in handwerklicher Tradition, f\u00fcr die Zubereitung ausgezeichneter frischer Nudeln f\u00fcr die ganze Familie. Einfach im Gebrauch macht es Spa\u00df, sie h\u00e4ufig zu benutzen. Eine weitere Zutat &#8211; au\u00dfer der IMPERIA &#8211; f\u00fcr k\u00f6stliche, selbstgemachte Nudeln ist ein bischen Phantasie.<\/span><\/span><span style=\"font-size: medium;\"><span style=\"font-size: 12pt; font-family: Arial;\"> Nudeln sind ein sehr vielseitiges Nahrungsmittel und k\u00f6nnen auch au\u00dfergew\u00f6hnliche Geschmacksrichtungen befriedigen: Sie k\u00f6nnen gekocht oder gebacken werden; kurz oder lang, geradlinig oder gelockt sein; mit einer herk\u00f6mmlichen oder pikanten So\u00dfe angerichtet werden, und sind stets nahrreich ung gutschmeckend.<\/span><\/span><span style=\"font-size: medium;\"><span style=\"font-size: 12pt; font-family: Arial;\"> Bei jeglicher beliebiger Nudelvaritation hilft IMPERIA mit ihrem Zubeh\u00f6r, Nudeln zu Hause selber zu machen.<\/span><\/span><\/p><p><span style=\"font-size: medium;\">\u00a0<\/span><\/p><div><span style=\"font-size: medium;\"><span style=\"font-size: 12pt; font-family: Arial;\"><strong>Nudelmaschinen Zubeh\u00f6r 5 teilig\u00a0 &#8211; mehr brauchen Sie nicht um gleich richtig loslegen zu k\u00f6nnen.<\/strong><\/span><\/span><\/div><p><span style=\"font-size: medium;\">\u00a0<\/span><\/p><ul><li><span style=\"font-size: medium;\"><span style=\"font-size: 12pt; font-family: Arial;\">Duplexaufsatz abnehmbar f\u00fcr 2 Nudelsorten<\/span><\/span><ul><li><span style=\"font-size: medium;\"><span style=\"font-size: 12pt; font-family: Arial;\">\u00a0Nudel Tagliatelle 2 mm Tagliatell<\/span><\/span><\/li><li><span style=\"font-size: medium;\"><span style=\"font-size: 12pt; font-family: Arial;\">\u00a0Nudel Fettuccine 6,5 mm<\/span><\/span><\/li><\/ul><\/li><li><span style=\"font-size: medium;\"><span style=\"font-size: 12pt; font-family: Arial;\">glatte Walze zum ausrollen von Lasagneplatten in 6 verschiedenen St\u00e4rken, verstellbar von 0,2 mm bis 3 mm<\/span><\/span><\/li><li><span style=\"font-size: medium;\"><span style=\"font-size: 12pt; font-family: Arial;\">Hand-Kurbel mit Holzgriff zur manuellen Bedienung (Motor gibt es optional)<\/span><\/span><\/li><li><span style=\"font-size: medium;\"><span style=\"font-size: 12pt; font-family: Arial;\"><strong>zus\u00e4tzliches Zuf\u00fchrblech zur Teigzuf\u00fchrung<\/strong>, dadurch wird das Arbeiten mit der Maschine wesentlich erleichtert.<br \/><\/span><span style=\"font-size: 12pt; font-family: Arial;\"><span style=\"font-size: 12pt; font-family: Arial;\">Mit der nun freien Hand lassen sich die gut durchgekneteten und ausgewellten Teigfladen m\u00fchelos unter der Wellwalze weg nehmen und zu Nudeln oder zu sonstigen Pasta-Spezialit\u00e4ten weiter verarbeiten. Es wird auf jeden Fall verhindert, dass die ausgewellten Teigfladen unter der Maschine auf den Tisch fallen und zusammen kleben.<\/span><span style=\"font-size: 12pt; font-family: Arial;\">Wie so oft sind es <\/span><span style=\"font-size: 12pt; font-family: Arial;\">&#8211; die kleinen Dinge die das Leben erleichtern<\/span><span style=\"font-family: Times New Roman;\">! <\/span><\/span><\/span><\/li><li><span style=\"font-size: medium;\"><span style=\"font-size: 12pt; font-family: Arial;\">Tischklammer zur sicheren Befestigung<\/span><\/span><\/li><\/ul><p><span style=\"font-size: medium;\">\u00a0<\/span><\/p><p><span style=\"font-size: medium;\"><strong style=\"font-size: 12pt; font-family: Arial;\">Technische Details der<\/strong><\/span><\/p><p><span style=\"font-size: medium;\">\u00a0<\/span><\/p><ul><li><span style=\"font-size: medium;\"><span style=\"font-size: 12pt; font-family: Arial;\">aus verchromtem Stahl mit Well- und Knetwalze<\/span><\/span><\/li><li><span style=\"font-size: medium;\"><span style=\"font-size: 12pt; font-family: Arial;\">Walzenbreite 150 mm<\/span><\/span><\/li><li><span style=\"font-size: medium;\"><span style=\"font-size: 12pt; font-family: Arial;\">verstellbar &#8211; 6 verschiedene St\u00e4rken<\/span><\/span><\/li><li><span style=\"font-size: medium;\"><span style=\"font-size: 12pt; font-family: Arial;\">mit Duplexvorsatz f\u00fcr 2 mm feine Nudeln (Tagliatelle) und 6,5 mm breite Nudeln [Fettuccine)<\/span><\/span><\/li><li><span style=\"font-size: medium;\"><span style=\"font-size: 12pt; font-family: Arial;\">Ma\u00dfe: 21 x 18,5x 17,5 cm<\/span><\/span><\/li><li><span style=\"font-size: medium;\"><span style=\"font-size: 12pt; font-family: Arial;\">Gewicht: 3.6 kg <\/span><\/span><\/li><\/ul><p><span style=\"font-size: medium;\"><span style=\"font-size: 12pt; font-family: Arial;\">Bei Bedarf k\u00f6nnen Sie Ihre Nudelmaschine aufr\u00fcsten. Viele optionale Zubeh\u00f6rteile haben wir auch im Sortiment. Wie zum Beispiel\u00a0Elektromotor, Vorsatz Ravioli, Gnocchi, Lasagnette &#8230;\u00a0<\/span><\/span><span style=\"font-size: medium;\"><br \/><\/span><\/p><div><span style=\"font-size: medium;\"><span style=\"font-size: 12pt; font-family: Arial;\">Selbst gemachte Nudeln schmecken einfach besser, Ihrer Phantasie sind keine Grenzen gesetzt.\u00a0Probieren Sie es doch einfach mal und \u00fcberraschen\u00a0Sie Ihre Familie mit selbstgemachter\u00a0Pasta,\u00a0einfach\u00a0lecker.\u00a0\u00a0<\/span><br \/><\/span><\/p><div><span style=\"font-size: medium;\"><span style=\"font-size: medium;\"><br \/>Sie haben auf das Ger\u00e4t 2 Jahre Herstellergarantie auf alle Fertigungs- und Materialfehler. Durch die Herstellergarantie werden die gesetzlichen Rechte aus der Gew\u00e4hrleistung nicht eingeschr\u00e4nkt. Die Herstellergarantie wird von Imperia Trading Srl, Scrivi una recensione, Corso Moncenisio 123, 10057 Sant&#8220;Ambrogio di Torino (Piemonte) und gilt wenn nicht anders angegeben in Deutschland.<\/span><\/span>Bei einem Garantiefall braucht die Maschine nicht nach Italien geschickt werden. F\u00fcr Deutschland gilt die Kundendienstadresse: GSD Haushaltsger\u00e4te, Neulandstra\u00dfe 14, D-78588 Denkingen. Weitere Information liegen Ihrem Ger\u00e4t bei. Gern helfen wir Ihnen auch weiter.<\/div><\/div><div><p>Garantie: 2 Jahre Garantie<br \/>\tGarantiebedingungen: <a href=\"https:\/\/wordpress.famberg.de\/wp-content\/uploads\/2024\/10\/24-42-T1.pdf\">https:\/\/wordpress.famberg.de\/wp-content\/uploads\/2024\/10\/24-42-T1.pdf<\/a><\/p><\/div><div><\/div>","protected":false},"excerpt":{"rendered":"<p>Pastamaschine &#8211; Pasta Machine &#8222;IMPERIA&#8220; &#8211; hochwertige Nudelmaschine Made in Italy Alle m\u00f6gen selbstgemachte Nudeln. Selbst gemachte Nudeln schmecken einfach besser. De Zubereitung ist ganz einfach. Sie ben\u00f6tigen nur eine kleine Nudelmaschine, 2 H\u00e4nde und das richtige Mehl.Seit immer geh\u00f6ren Nudeln zu den 10 Lieblingsgerichten in Italien und augenblicklich auch in der ganzen Welt.Mit Ihrer [&hellip;]<\/p>\n","protected":false},"featured_media":2935,"template":"","meta":[],"product_brand":[],"product_cat":[134],"product_tag":[],"class_list":{"0":"post-2940","1":"product","2":"type-product","3":"status-publish","4":"has-post-thumbnail","6":"product_cat-kuechengeraete","7":"product_shipping_class-gsd-direkt","9":"first","10":"instock","11":"taxable","12":"shipping-taxable","13":"purchasable","14":"product-type-simple"},"supplier_id":1305,"supplier_sku":"20600","barcode":null,"atum_controlled":true,"out_stock_date":null,"out_stock_threshold":null,"inheritable":false,"inbound_stock":0,"stock_on_hold":0,"sold_today":0,"sales_last_days":0,"reserved_stock":0,"customer_returns":0,"warehouse_damage":0,"lost_in_post":0,"other_logs":0,"out_stock_days":0,"lost_sales":0,"has_location":false,"update_date":"2026-03-27T08:16:23","atum_locations":[],"atum_stock_status":"instock","restock_status":false,"low_stock_amount":"","sales_update_date":"2026-03-27T08:16:23","calc_backorders":null,"_links":{"self":[{"href":"https:\/\/wordpress.famberg.de\/index.php\/wp-json\/wp\/v2\/product\/2940","targetHints":{"allow":["GET"]}}],"collection":[{"href":"https:\/\/wordpress.famberg.de\/index.php\/wp-json\/wp\/v2\/product"}],"about":[{"href":"https:\/\/wordpress.famberg.de\/index.php\/wp-json\/wp\/v2\/types\/product"}],"wp:featuredmedia":[{"embeddable":true,"href":"https:\/\/wordpress.famberg.de\/index.php\/wp-json\/wp\/v2\/media\/2935"}],"wp:attachment":[{"href":"https:\/\/wordpress.famberg.de\/index.php\/wp-json\/wp\/v2\/media?parent=2940"}],"wp:term":[{"taxonomy":"product_brand","embeddable":true,"href":"https:\/\/wordpress.famberg.de\/index.php\/wp-json\/wp\/v2\/product_brand?post=2940"},{"taxonomy":"product_cat","embeddable":true,"href":"https:\/\/wordpress.famberg.de\/index.php\/wp-json\/wp\/v2\/product_cat?post=2940"},{"taxonomy":"product_tag","embeddable":true,"href":"https:\/\/wordpress.famberg.de\/index.php\/wp-json\/wp\/v2\/product_tag?post=2940"}],"curies":[{"name":"wp","href":"https:\/\/api.w.org\/{rel}","templated":true}]}}