{"id":2655,"date":"2019-10-19T12:49:25","date_gmt":"2019-10-19T10:49:25","guid":{"rendered":"https:\/\/wordpress.famberg.de\/index.php\/produkt\/sahara-doerrautomat-doerrgeraet-klappbar-edelstahl-gratis-7-doerrfolien-ihrer-wahl\/"},"modified":"2025-06-19T13:49:36","modified_gmt":"2025-06-19T11:49:36","slug":"sahara-doerrautomat-doerrgeraet-klappbar-edelstahl-gratis-7-doerrfolien-ihrer-wahl","status":"publish","type":"product","link":"https:\/\/wordpress.famberg.de\/index.php\/produkt\/sahara-doerrautomat-doerrgeraet-klappbar-edelstahl-gratis-7-doerrfolien-ihrer-wahl\/","title":{"rendered":"SAHARA D\u00f6rrautomat D\u00f6rrger\u00e4t klappbar Edelstahl Gratis 7 D\u00f6rrfolien Ihrer Wahl"},"content":{"rendered":"<div><span style=\"font-size: medium;\"><b>SAHARA &#8211; Brod &amp; Taylor<\/b><\/span><\/div><p><span style=\"font-size: medium;\"><b>Der weltweit erste D\u00f6rrautomat,<\/b><\/span><span style=\"font-size: medium;\"><b> der zur Aufbewahrung auf 1\/3 seiner Gr\u00f6\u00dfe zusammengelegt werden kann. Sahara liefert \u00fcber 1 qm Trockenfl\u00e4che, digital gesteuerte 750W-Doppelheizungen, einen leisen und hocheffizienten Umluftstrom, gefilterten Lufteinlass, automatisierte Doppelzeit-\/Temperaturregler, Regale aus Edelstahl und Glast\u00fcren.<\/b><\/span><\/p><p>&nbsp;<\/p><div><span style=\"font-size: medium;\"><span style=\"color: #009900;\"><b>Gratis inklusive 7 D\u00f6rrfolien, Sie haben die Wahl:<\/b><\/span><\/span><span style=\"font-size: medium;\"><br \/><\/span><\/div><div><ul><li><span style=\"font-size: medium;\">Silikon D\u00f6rrfolie 440 x 250 mm f\u00fcr Saara im Wert von 66,43 Euro (UVP*) (eignen sich auch f\u00fcr Fruchtleder)<br \/><\/span><\/li><li><span style=\"font-size: medium;\">D\u00f6rrfolie d\u00fcnn T3 440 x 250 mm f\u00fcr Sahhara im Wert von 59,43 Euro (UVP*)<br \/><\/span><\/li><li><span style=\"font-size: medium;\">D\u00f6rrfolie stark T6 440 x 250 mm f\u00fcr Sahara im Wert von 59,43 Euro (UVP*)<br \/><\/span><span style=\"font-size: small;\">UVP*=Unverbindliche Preisempfehlung des\u00a0 Hersteller<\/span><\/li><\/ul><\/div><div><\/div><p><span style=\"font-size: medium;\"><b>Details<\/b><br \/><\/span><\/p><ul><li><span style=\"font-size: medium;\">Das exklusive 750 W Dual-Heizungsdesign schaltet automatisch auf niedrige Leistung um, um einen effizienteren Betrieb bei teilweiser Trocknung von Lebensmitteln oder bei niedrigeren Temperaturen bei der Trocknung von Rohstoffen zu gew\u00e4hrleisten.<\/span><\/li><li><span style=\"font-size: medium;\">Die einfach zu bedienende Dualzeit-\/Temperaturregelung erm\u00f6glicht es dem Anwender, zwei Zeiten und zwei Temperaturen f\u00fcr die kontrollierte Lebensmitteltrocknung zu programmieren.<\/span><\/li><li><span style=\"font-size: medium;\">Die Luftzirkulation erfolgt durch einen leisen, hocheffizienten Radialventilator, der ein Gemisch aus Frischluft und Umluft ausgleicht, um die Trocknung von Lebensmitteln und die Energieeffizienz zu optimieren.<\/span><\/li><\/ul><p><span style=\"font-size: medium;\"><br \/><b><br \/>Technische Details<\/b><br \/><\/span><\/p><ul><li><span style=\"font-size: medium;\">Gefaltet (LxBxH): 56 x 31 x 9.5cm<\/span><\/li><li><span style=\"font-size: medium;\">Offen (LxBxH): 56 x 36.5 x 28cm<\/span><\/li><li><span style=\"font-size: medium;\">Gewicht: 5.8kg (ohne Einsch\u00fcbe)<\/span><\/li><li><span style=\"font-size: medium;\">Gewicht der Edelstahl-Einsch\u00fcbe: 2.2 kg<\/span><\/li><li><span style=\"font-size: medium;\">EU Version: 220-240V~ 50Hz (690-820W<\/span><\/li><li><span style=\"font-size: medium;\">Material vom Geh\u00e4use: ABS Kunststoff (BPA Frei)<\/span><\/li><li><span style=\"font-size: medium;\">Material der Einsch\u00fcbe: Edelstahl<\/span><\/li><\/ul><p>&nbsp;<\/p><p><b>Temperatur und Timer<\/b><br \/>Der Dehydrator verf\u00fcgt \u00fcber 2 sequenzielle Zeitschaltuhren, die f\u00fcr die folgenden L\u00e4ngen ausgelegt werden k\u00f6nnen:<\/p><p>15 Minuten \u2013 99 Stunden (Time 1)<br \/>15 Minuten \u2013 99 Stunden (Time 2)<\/p><p>Sie k\u00f6nnen den \u201eVentilator\u201c-Modus ausw\u00e4hlen oder auf eine Temperatur zwischen 30-74 \u00b0C erw\u00e4rmen.<\/p><p><b>Lieferumfang<\/b><br \/>1 Dehydrator<br \/>1 Stromkabel<br \/>1 abnehmbare Auffangschale<br \/>1 Tasche mit Reisverschluss f\u00fcr die Einsch\u00fcbe<br \/>7 Einsch\u00fcbe aus Edelstahl<br \/>2 Ersatzluftfilter<br \/>1 Bedienungsanleitung (Englisch, Franz\u00f6sisch, Deutsch)<br \/>1 Einrichtungsanleitung<\/p><p>&nbsp;<\/p><p>Die 2-Jahres-Garantie gilt f\u00fcr alle auftretenden Material- und Verarbeitungsfehler und richtet sich nach Wahl des Importeurs auf Ersatz, Reparatur oder Erstattung. Sie umfasst nicht den Ersatz von Folgesch\u00e4den, gilt nicht bei Verlust oder bei nat\u00fcrlichem Verschlei\u00df oder bei Sch\u00e4den, die auf unsachgem\u00e4\u00dfem Gebrauch oder mangelnder oder unsachgem\u00e4\u00dfer Pflege beruhen.<br \/>Durch die Herstellergarantie werden die gesetzlichen Rechte aus der Gew\u00e4hrleistung nicht eingeschr\u00e4nkt.<\/p><p>Garantiegeber:<br \/>LUBA GmbH<br \/>Ober-Eschbacher Stra\u00dfe 37<br \/>61352 Bad Homburg<\/p><p>Die Garantie gilt, sofern nicht anders angegeben, f\u00fcr Deutschland. N\u00e4here Angaben finden Sie in Ihren Garantieunterlagen, welche dem Ger\u00e4t beigef\u00fcgt sind. Artikelpreis entspricht dem Nettodarlehensbetrag.<\/p>","protected":false},"excerpt":{"rendered":"<p>SAHARA &#8211; Brod &amp; TaylorDer weltweit erste D\u00f6rrautomat, der zur Aufbewahrung auf 1\/3 seiner Gr\u00f6\u00dfe zusammengelegt werden kann. Sahara liefert \u00fcber 1 qm Trockenfl\u00e4che, digital gesteuerte 750W-Doppelheizungen, einen leisen und hocheffizienten Umluftstrom, gefilterten Lufteinlass, automatisierte Doppelzeit-\/Temperaturregler, Regale aus Edelstahl und Glast\u00fcren.&nbsp;Gratis inklusive 7 D\u00f6rrfolien, Sie haben die Wahl:Silikon D\u00f6rrfolie 440 x 250 mm f\u00fcr Saara [&hellip;]<\/p>\n","protected":false},"featured_media":2656,"template":"","meta":[],"product_brand":[],"product_cat":[134],"product_tag":[],"class_list":{"0":"post-2655","1":"product","2":"type-product","3":"status-publish","4":"has-post-thumbnail","6":"product_cat-kuechengeraete","8":"first","9":"instock","10":"taxable","11":"shipping-taxable","12":"purchasable","13":"product-type-variable"},"supplier_id":null,"supplier_sku":"","barcode":null,"atum_controlled":true,"out_stock_date":null,"out_stock_threshold":null,"inheritable":true,"inbound_stock":0,"stock_on_hold":0,"sold_today":null,"sales_last_days":null,"reserved_stock":0,"customer_returns":0,"warehouse_damage":0,"lost_in_post":0,"other_logs":0,"out_stock_days":null,"lost_sales":null,"has_location":false,"update_date":"2025-06-19T11:49:37","atum_locations":[],"atum_stock_status":"instock","restock_status":false,"low_stock_amount":"","sales_update_date":"2024-10-23T14:02:48","calc_backorders":null,"_links":{"self":[{"href":"https:\/\/wordpress.famberg.de\/index.php\/wp-json\/wp\/v2\/product\/2655","targetHints":{"allow":["GET"]}}],"collection":[{"href":"https:\/\/wordpress.famberg.de\/index.php\/wp-json\/wp\/v2\/product"}],"about":[{"href":"https:\/\/wordpress.famberg.de\/index.php\/wp-json\/wp\/v2\/types\/product"}],"wp:featuredmedia":[{"embeddable":true,"href":"https:\/\/wordpress.famberg.de\/index.php\/wp-json\/wp\/v2\/media\/2656"}],"wp:attachment":[{"href":"https:\/\/wordpress.famberg.de\/index.php\/wp-json\/wp\/v2\/media?parent=2655"}],"wp:term":[{"taxonomy":"product_brand","embeddable":true,"href":"https:\/\/wordpress.famberg.de\/index.php\/wp-json\/wp\/v2\/product_brand?post=2655"},{"taxonomy":"product_cat","embeddable":true,"href":"https:\/\/wordpress.famberg.de\/index.php\/wp-json\/wp\/v2\/product_cat?post=2655"},{"taxonomy":"product_tag","embeddable":true,"href":"https:\/\/wordpress.famberg.de\/index.php\/wp-json\/wp\/v2\/product_tag?post=2655"}],"curies":[{"name":"wp","href":"https:\/\/api.w.org\/{rel}","templated":true}]}}