{"id":2630,"date":"2023-05-10T16:00:34","date_gmt":"2023-05-10T14:00:34","guid":{"rendered":"https:\/\/wordpress.famberg.de\/index.php\/produkt\/devries-gartenmoebel-gartenbank-teak-mendip-bank-hxbxt-94x140x54\/"},"modified":"2025-07-15T13:36:37","modified_gmt":"2025-07-15T11:36:37","slug":"devries-gartenmoebel-gartenbank-teak-mendip-bank-hxbxt-94x140x54","status":"publish","type":"product","link":"https:\/\/wordpress.famberg.de\/index.php\/produkt\/devries-gartenmoebel-gartenbank-teak-mendip-bank-hxbxt-94x140x54\/","title":{"rendered":"deVries Gartenm\u00f6bel Gartenbank Teak Mendip Bank HxBxT 94x140x54"},"content":{"rendered":"<p><span style=\"font-size: medium;\"><b>Gartenbank MENDIP Bank 140<\/b><br \/>Ein Schmuckst\u00fcck ist diese Teak Mendip Bank. Sie l\u00e4dt ein, an einem sch\u00f6nem Teich oder Biotop zu verweilen. Vielleicht auch in Ihrem Garten!<\/span><\/p><p>Bank aus echtem Teakholz, sehr hochwertig verarbeitet<br \/>Modell: Mendip Bank in 3 verschiedenen Gr\u00f6\u00dfen erh\u00e4ltlich<br \/>Hersteller: Dekovries<\/p><p>extrem massiv<br \/>ergonomisch geformte Sitz- und R\u00fcckenfl\u00e4che<br \/>ohne Schrauben<br \/>gezapft und ged\u00fcbelt f\u00fcr mehr Stabilit\u00e4t<\/p><p>Abmessungen (HxBxT) in cm:<br \/>Bank 140 ca. (94 x 140 x 54)<\/p><p>Wir beraten Sie sehr gern und erstellen Ihnen auf Wunsch Ihr ganz pers\u00f6nliches Angebot.<\/p><p>Teakholzm\u00f6bel der Marke DekoVries sind Schmuckst\u00fccke f\u00fcr jeden Garten &#8211; sch\u00f6ne und solide M\u00f6bel, die jeden Gartensitzplatz in einen gem\u00fctlichen Treffpunkt mit einzigartigem Ambiente verwandeln.<br \/>Das Holz f\u00fcr die Teakholzm\u00f6bel stammt ausschlie\u00dflich aus den Staatsplantagen Indonesiens, die von der Perhutani, der staatlichen Forstverwaltung, verwaltet werden. In diesen Plantagen wird seit ca. 100 Jahren Teak nach streng forstwirtschaftlichen Richtlinien an- und abgebaut, um das Gleichgewicht zwischen Holzgewinnung und Neuanpflanzung zu gew\u00e4hrleisten. Zur Fertigung der M\u00f6bel setzt DekoVries nur ofengetrocknetes Holz ein. Um die gute Qualit\u00e4t der M\u00f6bel zu gew\u00e4hrleisten, besch\u00e4ftigt DekoVries auf Java unter europ\u00e4ischer Leitung rund 300 Mitarbeiter, die ausschlie\u00dflich f\u00fcr die Endbearbeitung, Qualit\u00e4tskontrolle und Verpackung zust\u00e4ndig sind. Jedes M\u00f6belst\u00fcck wird so auf Verarbeitung und Funktion gepr\u00fcft.<\/p><p>Wie jedes Holz reagiert auch Teakholz auf Witterungseinfl\u00fcsse. Farbabweichungen sind ebenso normal wie Haarrisse. Diese beeintr\u00e4chtigen aber in keiner Weise die lange Haltbarkeit der M\u00f6belst\u00fccke. Im Freien aufgestellte Teakholzm\u00f6bel, die nicht behandelt werden, bekommen mit der Zeit eine silbergraue Patine, die von vielen Kunden sogar ausdr\u00fccklich gew\u00fcnscht wird. Sie k\u00f6nnen jedoch mit speziellen Pflegeprodukten, die wir auch anbieten,\u00a0 jederzeit den urspr\u00fcnglichen Farbton zur\u00fcck erhalten. Freuen Sie sich auf den Sommer und lassen Sie sich von unserem umfangreichen Sortiment inspirieren&#8230;<\/p><p>* deVries ist eine Marke der Dekovries GmbH<\/p>","protected":false},"excerpt":{"rendered":"<p>Gartenbank MENDIP Bank 140Ein Schmuckst\u00fcck ist diese Teak Mendip Bank. Sie l\u00e4dt ein, an einem sch\u00f6nem Teich oder Biotop zu verweilen. Vielleicht auch in Ihrem Garten!Bank aus echtem Teakholz, sehr hochwertig verarbeitetModell: Mendip Bank in 3 verschiedenen Gr\u00f6\u00dfen erh\u00e4ltlichHersteller: Dekovriesextrem massivergonomisch geformte Sitz- und R\u00fcckenfl\u00e4cheohne Schraubengezapft und ged\u00fcbelt f\u00fcr mehr Stabilit\u00e4tAbmessungen (HxBxT) in cm:Bank 140 [&hellip;]<\/p>\n","protected":false},"featured_media":2631,"template":"","meta":[],"product_brand":[],"product_cat":[110],"product_tag":[],"class_list":{"0":"post-2630","1":"product","2":"type-product","3":"status-publish","4":"has-post-thumbnail","6":"product_cat-gartenmoebel","7":"product_shipping_class-spedition","9":"first","10":"instock","11":"taxable","12":"shipping-taxable","13":"purchasable","14":"product-type-simple"},"supplier_id":1294,"supplier_sku":"61110C-x","barcode":null,"atum_controlled":true,"out_stock_date":null,"out_stock_threshold":null,"inheritable":false,"inbound_stock":0,"stock_on_hold":0,"sold_today":0,"sales_last_days":0,"reserved_stock":0,"customer_returns":0,"warehouse_damage":0,"lost_in_post":0,"other_logs":0,"out_stock_days":0,"lost_sales":0,"has_location":false,"update_date":"2025-07-15T11:36:40","atum_locations":[],"atum_stock_status":"instock","restock_status":false,"low_stock_amount":"","sales_update_date":"2024-10-23T14:02:47","calc_backorders":null,"_links":{"self":[{"href":"https:\/\/wordpress.famberg.de\/index.php\/wp-json\/wp\/v2\/product\/2630","targetHints":{"allow":["GET"]}}],"collection":[{"href":"https:\/\/wordpress.famberg.de\/index.php\/wp-json\/wp\/v2\/product"}],"about":[{"href":"https:\/\/wordpress.famberg.de\/index.php\/wp-json\/wp\/v2\/types\/product"}],"wp:featuredmedia":[{"embeddable":true,"href":"https:\/\/wordpress.famberg.de\/index.php\/wp-json\/wp\/v2\/media\/2631"}],"wp:attachment":[{"href":"https:\/\/wordpress.famberg.de\/index.php\/wp-json\/wp\/v2\/media?parent=2630"}],"wp:term":[{"taxonomy":"product_brand","embeddable":true,"href":"https:\/\/wordpress.famberg.de\/index.php\/wp-json\/wp\/v2\/product_brand?post=2630"},{"taxonomy":"product_cat","embeddable":true,"href":"https:\/\/wordpress.famberg.de\/index.php\/wp-json\/wp\/v2\/product_cat?post=2630"},{"taxonomy":"product_tag","embeddable":true,"href":"https:\/\/wordpress.famberg.de\/index.php\/wp-json\/wp\/v2\/product_tag?post=2630"}],"curies":[{"name":"wp","href":"https:\/\/api.w.org\/{rel}","templated":true}]}}