{"id":2574,"date":"2023-07-05T17:19:48","date_gmt":"2023-07-05T15:19:48","guid":{"rendered":"https:\/\/wordpress.famberg.de\/index.php\/produkt\/blendtec-standmixer-classic-575-gratis-das-grosse-blendtec-rezeptbuch-mixer\/"},"modified":"2026-04-01T13:18:55","modified_gmt":"2026-04-01T11:18:55","slug":"blendtec-standmixer-classic-575-gratis-das-grosse-blendtec-rezeptbuch-mixer","status":"publish","type":"product","link":"https:\/\/wordpress.famberg.de\/index.php\/produkt\/blendtec-standmixer-classic-575-gratis-das-grosse-blendtec-rezeptbuch-mixer\/","title":{"rendered":"Blendtec Standmixer Classic 575 Gratis mit gro\u00dfen Rezeptbuch"},"content":{"rendered":"<div><strong>Blendtec Classic 575 &#8211; der Superstar aus den USA mit Beh\u00e4lter FourSide Jar.<\/strong><\/div><div><strong>\u00a0<\/strong><\/div><div><strong>Das ultimative vielzeitig einsetzbare K\u00fcchenger\u00e4t\u00a0in schwarz<\/strong><strong>. <\/strong><\/div><div><strong>Gratis mit &#8222;Das gro\u00dfe Blendtec Rezeptbuch&#8220;<\/strong><strong>.<\/strong><\/div><div><strong><br \/><\/strong><b>Die Besonderheiten des Blendtec Mixers finden Sie <u><a title=\"Darstellung der Besonderheiten des Blendtec\" href=\"https:\/\/ebaylayout.famberg.de\/userfiles\/blendtec\/Blendtec Vorteile.pdf\" target=\"_blank\" rel=\"noopener\">hier in diesen PDF Dokument<\/a> <\/u>.<\/b> Achtung es \u00f6ffnet sich der Acrobat Reader.<\/div><div><\/div><div>Hochleistungsmixer im eleganten Design,<br \/>mit viel Power und einem Ergebnis, dass absolut professionell ist. Im<br \/>Handumdrehen k\u00f6nnen Sie Smoothies, Dips, Suppen, Desserts, Cocktails und<br \/>vieles mehr an frischen K\u00f6stlichkeiten herstellen. Das All-in-one Ger\u00e4t<br \/>mit seinem vorprogrammierten Abl\u00e4ufen macht es Ihnen wirklich leicht,<br \/>Ihre gesunde Lebensweise zu unterst\u00fctzen.Smoothies<br \/>sind die perfekte Art einer gesunden Ern\u00e4hrung.\u00a0Sie liefern<br \/>hochkonzentrierte Vitalstoffe in ihrer nat\u00fcrlichsten Form. Diese sind um<br \/>ein Vielfaches h\u00f6her als bei herk\u00f6mmlich zubereiteter Nahrung und versorgen Sie mit den lebenswichtigen N\u00e4hrstoffen. Durch<br \/>die vorprogrammierte Smoothie-Taste liefert der Hochleistungsmixer<br \/>Obst- und Gem\u00fcsesmoothies mit Leichtigkeit in der perfekten Konsistenz.<br \/>Einfach in der Handhabung und bestens geeignet zur Herstellung von<br \/>veganer Mandel-oder Nussmilch, selbstgemachtem Pesto aus frischen<br \/>Kr\u00e4utern, Zerkleinern von Getreide zu Mehl, Rohkost-Dips, Salsa, hei\u00dfe<br \/>Suppen oder auch frischer, gesunder Babykost.<strong>Was<br \/>alle Blendtec gemeinsam haben: Hochwertige Komponenten, die im<br \/>kommerziellen Bereich in Smoothie-Bars oder Coffee-Shops bereits seit<br \/>Jahren erfolgreich im Einsatz sind.<br \/><\/strong><\/p><ul><li>Stumpfe Sicherheitsklinge \u2013 pulverisiert Zutaten besser als eine scharfe, d\u00fcnne Klinge<\/li><li>Stahl-auf-Stahl-Kupplung \u2013 kein Plastik oder Sollbruchstellen<\/li><li>Einfache und \u00fcbersichtliche Bedienbarkeit des Tastenfeldes oder Touch-Screen<\/li><li>Beh\u00e4lter BPA-frei<\/li><li>Beh\u00e4lter sind untereinander austauschbar<\/li><li>Stopferloses arbeiten<\/li><li>Maximale Motorleistung, je nach Modell, ab 3 PS<\/li><li>2 Jahre Garantie<\/li><li>ultra Hochgeschwindigkeitsmotor<\/li><li>unzerbrechliche Antriebswelle<\/li><li>leichte Bedienung<\/li><li>strapazierf\u00e4hige Sicherheitsklinge<b> \u00a0<\/b><\/li><\/ul><p>In<br \/>einem Blendtec Mixer wird der Strom direkt vom leistungsstarken Motor<br \/>auf die Klinge \u00fcbertragen. Die dazwischenliegenden Teile sind alle<br \/>hochpr\u00e4zise aus Stahl hergestellt und passgenau eingebaut. Die<br \/>Stahl-auf-Stahl Verbindung minimiert die Vibration und sorgt so f\u00fcr<br \/>einen ger\u00e4uscharmen Programmablauf und erh\u00f6ht die Zuverl\u00e4ssigkeit ihres<br \/>Ger\u00e4tes. Damit Sie lange Zeit viel Freude mit Ihrem neuen Blendtec Mixer<br \/>haben.<\/p><\/div><div><\/div><div>3,0 PS Maximalleistung, 1560 Watt, 240 V4 vorprogrammierte Abl\u00e4ufe: Smoothie, Reinigung sowie 60- und 90- Sekunden lange Abl\u00e4ufe<\/div><div><p>H\u00f6he x Breite x Tiefe: 38,1 x 17,8 cm x 20,3 cm<\/p><ul><li>5 Ausw\u00e4hlbare Geschwindigkeitsstufen + Pulse FunktionBeleuchtetes<br \/>LCD-Display zeigt die Restlaufzeit des Vorgangs an Leistung 3PS\/1560<br \/>Watt<\/li><\/ul><p>Blendtec-Beh\u00e4lter haben einen<br \/>Spezialdeckel, ein L\u00fcftungsgitter erm\u00f6glicht das Entweichen von Dampf,<br \/>sodass Sie auch hei\u00dfe Zutaten gefahrlos verarbeiten k\u00f6nnen. Durch<br \/>spezielle \u00d6ffnungen k\u00f6nnen Sie aber auch Zutaten w\u00e4hrend des<br \/>Mixvorganges dazugeben, ohne das Programm zu unterbrechen<br \/><b><br \/>Bedienelemente:<\/b><b>\u00a0 <\/b><\/p><\/div><ul><li>Ein-\/Austaste<\/li><li>vorprogrammierte Smoothiefunktion<\/li><li>Reinigungsfunktion<\/li><li>je ein 60- und 90- Sekunden -Timer<\/li><li>5 Geschwindigkeitseinstellung je nach Zutaten<\/li><li>Pulse-Taste<\/li><li>digitale Anzeige der Programmdauer<\/li><\/ul><p><b>Der Mixbeh\u00e4lter FourSide welcher zum Lieferumgang geh\u00f6rt nutzt die Leistung ihres Blendtec effektiv.<\/b><\/p><p>Die stumpfe Sicherheitsklinge des Mixbeh\u00e4lters ist dicker und st\u00e4rker als andere Klingen auf dem Markt<br \/>Die Beh\u00e4lter ist aus schlagfestem, BPA-freiem Copolyester hergestellt<br \/>Kompatibel mit allen Blendtec Blendern.<\/p><p>Der FourSide ist ideal f\u00fcr: Eis,\u00a0 Mahlen von Getreide, Suppen, Smoothies, Dips und Ausbackteig<\/p><p>Die<br \/>quadratische Form des FourSide Jars mixt viel besser als traditionelle<br \/>runde Beh\u00e4lter. Das Gef\u00e4\u00df erzeugt auch mehr Reibung, welches zur<br \/>Erw\u00e4rmung von Suppen und hei\u00dfen Getr\u00e4nken hilfreich ist. Es ist auch<br \/>besonders gut zum Mahlen von Getreide und die Herstellung kleinerer<br \/>Mengen.<\/p><ul><li>Fassungsverm\u00f6gen: 2 L mit Strichen zur Messung bis zu 1 L.<\/li><li>Beh\u00e4lter Ma\u00dfe: H x B 23 x 14 cm (10 cm breit direkt \u00fcber der Basis)<\/li><li>Verpackungsma\u00dfe: HxBxT: 24 x 18 x 18 cm<\/li><li>Gewicht: 680 Gramm<\/li><li>2 Jahre Herstellergarantie<\/li><\/ul><p>&nbsp;<\/p><div><strong>Lieferumfang:<br \/><\/strong>Classic 575 Motorbasis mit Schallschutzhaube<br \/>FourSide Beh\u00e4lter (BPA Frei) mit ventiliertem Deckel<br \/>Schnellstart-Anleitung sowie Rezepte<br \/>Gratis Rezeptbuch S\u00e4fte &amp; Smoothies von Spierings<\/div><div><\/div><div><strong>Garantie<\/strong><\/div><div><p>Auf die Modelle bietet BLENDTEC eine Garantie von 2 Jahren auf das gesamte Mixger\u00e4t.<br \/>Die Herstellerarantie umfasst alle im Garantiezeitraum auftretenden Fertigungs- und Materialfehler, welche repariert, ersetzt oder erstattet werden. Voraussetzung f\u00fcr diese Garantie ist ein sachgem\u00e4\u00dfer Gebrauch und sachgem\u00e4\u00dfe Pflege gem\u00e4\u00df der Bedienungsanleitung. Von der Garantie ausgeschlossen sind Sch\u00e4den aus Verlust, aus grober Fahrl\u00e4ssigkeit, aus Verschlei\u00df und Folgesch\u00e4den. Die Garantie gilt nur in Deutschland.<br \/>Durch die Herstellergarantie werden die gesetzlichen Rechte aus der Gew\u00e4hrleistung nicht eingeschr\u00e4nkt.<\/p><p>Der Garantiegeber ist:<br \/>Luba GmbH, Ober-Eschbacher Stra\u00dfe 37, 61352 Bad Homburg<\/p><\/div>","protected":false},"excerpt":{"rendered":"<p>Blendtec Classic 575 &#8211; der Superstar aus den USA mit Beh\u00e4lter FourSide Jar.\u00a0Das ultimative vielzeitig einsetzbare K\u00fcchenger\u00e4t\u00a0in schwarz. Gratis mit &#8222;Das gro\u00dfe Blendtec Rezeptbuch&#8220;.Die Besonderheiten des Blendtec Mixers finden Sie hier in diesen PDF Dokument . Achtung es \u00f6ffnet sich der Acrobat Reader.Hochleistungsmixer im eleganten Design,mit viel Power und einem Ergebnis, dass absolut professionell ist. [&hellip;]<\/p>\n","protected":false},"featured_media":2575,"template":"","meta":[],"product_brand":[],"product_cat":[134],"product_tag":[],"class_list":{"0":"post-2574","1":"product","2":"type-product","3":"status-publish","4":"has-post-thumbnail","6":"product_cat-kuechengeraete","7":"product_shipping_class-direkt-luba","9":"first","10":"instock","11":"sale","12":"featured","13":"taxable","14":"shipping-taxable","15":"purchasable","16":"product-type-simple"},"supplier_id":1283,"supplier_sku":"","barcode":null,"atum_controlled":true,"out_stock_date":null,"out_stock_threshold":null,"inheritable":false,"inbound_stock":0,"stock_on_hold":0,"sold_today":0,"sales_last_days":1,"reserved_stock":0,"customer_returns":0,"warehouse_damage":0,"lost_in_post":0,"other_logs":0,"out_stock_days":0,"lost_sales":0,"has_location":false,"update_date":"2026-04-01T11:18:59","atum_locations":[],"atum_stock_status":"instock","restock_status":false,"low_stock_amount":"","sales_update_date":null,"calc_backorders":null,"_links":{"self":[{"href":"https:\/\/wordpress.famberg.de\/index.php\/wp-json\/wp\/v2\/product\/2574","targetHints":{"allow":["GET"]}}],"collection":[{"href":"https:\/\/wordpress.famberg.de\/index.php\/wp-json\/wp\/v2\/product"}],"about":[{"href":"https:\/\/wordpress.famberg.de\/index.php\/wp-json\/wp\/v2\/types\/product"}],"wp:featuredmedia":[{"embeddable":true,"href":"https:\/\/wordpress.famberg.de\/index.php\/wp-json\/wp\/v2\/media\/2575"}],"wp:attachment":[{"href":"https:\/\/wordpress.famberg.de\/index.php\/wp-json\/wp\/v2\/media?parent=2574"}],"wp:term":[{"taxonomy":"product_brand","embeddable":true,"href":"https:\/\/wordpress.famberg.de\/index.php\/wp-json\/wp\/v2\/product_brand?post=2574"},{"taxonomy":"product_cat","embeddable":true,"href":"https:\/\/wordpress.famberg.de\/index.php\/wp-json\/wp\/v2\/product_cat?post=2574"},{"taxonomy":"product_tag","embeddable":true,"href":"https:\/\/wordpress.famberg.de\/index.php\/wp-json\/wp\/v2\/product_tag?post=2574"}],"curies":[{"name":"wp","href":"https:\/\/api.w.org\/{rel}","templated":true}]}}