{"id":2528,"date":"2014-08-29T12:06:02","date_gmt":"2014-08-29T10:06:02","guid":{"rendered":"https:\/\/wordpress.famberg.de\/index.php\/produkt\/lava-profi-vakuumiergeraet-v300-white-starterset-70e-gratiszubehoer-auch-gewerbe\/"},"modified":"2025-11-03T14:24:38","modified_gmt":"2025-11-03T13:24:38","slug":"lava-profi-vakuumiergeraet-v300-white-starterset-70e-gratiszubehoer-auch-gewerbe","status":"publish","type":"product","link":"https:\/\/wordpress.famberg.de\/index.php\/produkt\/lava-profi-vakuumiergeraet-v300-white-starterset-70e-gratiszubehoer-auch-gewerbe\/","title":{"rendered":"Lava Profi Vakuumierger\u00e4t V300 White Starterset 70\u20ac Gratiszubeh\u00f6r auch Gewerbe"},"content":{"rendered":"<div><span style=\"font-size: medium;\"><b>Profi &#8211; Vakuumierger\u00e4t V300 White von LA.VA<br \/><span style=\"color: #006600;\">Jetzt inklusive Vakuum-Druckregulierung<br \/>Inklusive Absaugvorrichtung &amp; Beutel-Start-Set + Gratis Zubeh\u00f6r der aktuellen Aktion (siehe unten)<\/span><\/b><br \/>W\u00e4hlen Sie aus welches Set Sie w\u00fcnschen oder teilen Sie uns bitte sp\u00e4testens am Versandtag bis 12 Uhr mit, welches Gratis-Set. Wenn Sie uns nichts mitteilen schicken wir automatisch Set 3.<br \/><\/span><\/p><ul><li><span style=\"font-size: medium;\">NEU: 2-stufiges Filtersystem, verhindert zuverl\u00e4ssig das Ansaugen von Partikeln<\/span><\/li><li><span style=\"font-size: medium;\">NEU: Edelstahl- Zylinderdeckel f\u00fcr eine gleichbleibende hohe Leistung<\/span><\/li><li><span style=\"font-size: medium;\">2- fach kugelgelagerte Kolbenpumpe mit 0,96 bar Unterdruck<\/span><\/li><li><span style=\"font-size: medium;\">Nennleistung Pmax: 600 W<\/span><\/li><li><span style=\"font-size: medium;\">Besonders schnelles Arbeiten mit ca. 35 L\/min. Pumpenleistung<\/span><\/li><li><span style=\"font-size: medium;\">serienm\u00e4\u00dfig mit 2-facher Schwei\u00dfnaht<\/span><\/li><li><span style=\"font-size: medium;\">Schwei\u00dfbandl\u00e4nge: 340 mm<\/span><\/li><\/ul><p><span style=\"font-size: medium;\"><strong>Alle Ger\u00e4te aus der Lava-Produktpalette finden Anwendung<\/strong><\/span><\/p><ul><li><span style=\"font-size: medium;\">im Haushalt<\/span><\/li><li><span style=\"font-size: medium;\">in der Gastronomie- und Lebensmittelbranche<\/span><\/li><li><span style=\"font-size: medium;\">auf Reisen oder im Campingbereich<\/span><\/li><li><span style=\"font-size: medium;\">im Bereich Selbstvermarktung<\/span><\/li><li><span style=\"font-size: medium;\">im Jagd- und Fischereibereich<\/span><\/li><li><span style=\"font-size: medium;\">im Kleingewerbe bis hin zur produzierenden Industrie, wie Verpackungstechnik und Metallbearbeitung<\/span><\/li><\/ul><p><span style=\"font-size: medium;\">Ein Lava-Vakuumierger\u00e4t ist eine langfristige Investition und hat eine durchschnittliche Lebensdauer von 15 Jahren! Herstellergarantie von 2 Jahren.<\/span><\/p><p><span style=\"font-size: medium;\"><b>Hier im Shop optional erh\u00e4ltlich &#8211; Eine Garantieverl\u00e4ngerung auf 5 Jahre<\/b> ab 35,00 \u20ac. Wichtig: Garantie nur direkt beim Ger\u00e4tekauf abschlie\u00dfbar. G\u00fcltig nur mit der vollst\u00e4ndig ausgef\u00fcllten &#8222;Lava-5-Jahres-Garantiekarte&#8220;, welche jedem Produkt mit verl\u00e4ngerter Garantie beigef\u00fcgt ist (Fragen Sie unbedingt Ihren H\u00e4ndler). Ohne diese Garantiekarte ist die Anerkennung der 5-Jahres-Garantie nicht m\u00f6glich.<br \/><\/span><\/p><\/div><p><span style=\"font-size: medium;\"><img decoding=\"async\" src=\"https:\/\/ebaylayout.famberg.de\/userfiles\/LavaSets.png\" alt=\"Aktion\" align=\"none\" \/><\/span><\/p><div><span style=\"font-size: medium;\"><strong><span style=\"color: #ff0000;\">\u00a0<\/span><\/strong><\/span><\/div><p><span style=\"font-size: medium;\"><strong>Lieferumfang<\/strong><br \/><\/span><\/p><p><span style=\"font-size: medium;\">Das Profi &#8211; Vakuumierger\u00e4t wird geliefert in einem Start-Set, bestehend aus:<br \/>&#8211; Vakuumierger\u00e4t V.300 <strong>Farbe White<br \/><\/strong>&#8211; Gratiszugabe im Wert der Aktion (siehe oben)<br \/>&#8211; <span style=\"color: #009966;\"><strong>Jetzt inklusive Vakuum-Druckregulierung<\/strong><\/span><br \/>&#8211; Lava-Absaugvorrichtung f\u00fcr Beh\u00e4lter<br \/>&#8211; Startset verschiedener Vakuumbeutel<br \/>&#8211; Ausf\u00fchrliche Bedienungsanleitung mit Garantieschein<\/span><\/p><p><span style=\"font-size: medium;\"><strong>Besonders hervorzuheben ist die exakte Manometer-Anzeige, die vollautomatische Arbeitsweise und der maximal erreichbare Unterdruck von -0,90 bar. Das Vakuumierger\u00e4t kommt sowohl im Haushalts-, Gastronomie- und Kleingewerbebereich, als auch in der Industrie zum Einsatz.<\/strong><\/span><\/p><p><span style=\"font-size: medium;\"><strong>Hier die Qualit\u00e4tsmerkmale des Bestsellers V.300 White die auch Sie \u00fcberzeugen werden:<\/strong><\/span><\/p><ol><li><span style=\"font-size: medium;\">V.300 White ist geeignet f\u00fcr<strong> t\u00e4glichen Dauereinsatz<\/strong> in Privathaushalt, Gewerbe und Industrie<\/span><\/li><li><span style=\"font-size: medium;\">Herstellung von Folienbeuteln von individueller L\u00e4nge (Endlosrollen finden Sie in 3 Breiten im Lava Zubeh\u00f6rbereich)<\/span><\/li><li><span style=\"font-size: medium;\">Problemlose Verwendung glatter Siegelrand-Vakuumbeutel (ab 120 my St\u00e4rke)<\/span><\/li><li><span style=\"font-size: medium;\">Vakuumieren von allen Vakuumbeh\u00e4ltern, T\u00f6pfen, Einmachgl\u00e4sern und Twist-Off Gl\u00e4sern durch Absaugvorrichtung und Beh\u00e4lter<\/span><\/li><li><span style=\"font-size: medium;\">Individuell einstellbare Schwei\u00dfzeit &#8211; damit k\u00f6nnen Folien bis 200 m\u00b5 (Industriest\u00e4rke) mit einer Breite von bis zu 340 mm verschwei\u00dft werden<\/span><\/li><li><span style=\"font-size: medium;\">Vakuumieren und Verschwei\u00dfen von druckempfindlichen Lebensmitteln<\/span><\/li><li><span style=\"font-size: medium;\"><strong>Saugleistung: Echte 35 Liter pro Minute<\/strong><\/span><\/li><li><span style=\"font-size: medium;\">Maximaler Unterdruck: -0,90 bar<\/span><\/li><li><span style=\"font-size: medium;\">Schwei\u00dfbandl\u00e4nge: 340 mm<\/span><\/li><li><span style=\"font-size: medium;\">Max. Nennleistung: 600 Watt<\/span><\/li><li><span style=\"font-size: medium;\">Verwendung von Hochleistungs-Kolbenpumpe mit Kugellagern<\/span><\/li><li><span style=\"font-size: medium;\"><strong>Exakte Druckregulierung<\/strong> Gratis dabei. Nicht nur wie bei Billig-Ger\u00e4ten \u00fcber die Stopp-Taste<\/span><\/li><li><span style=\"font-size: medium;\">Serienm\u00e4\u00dfiger Fl\u00fcssigkeitsabscheider &#8211; sch\u00fctzt die Pumpe vor Fl\u00fcssigkeit<\/span><\/li><li><span style=\"font-size: medium;\">\u00dcberdimensional gro\u00dfe Schwei\u00dftrafos, dadurch keine \u00dcberhitzung des Ger\u00e4tes<\/span><\/li><li><span style=\"font-size: medium;\">Bis zu 1000 Schwei\u00dfn\u00e4hte am St\u00fcck oder stundenlanges Arbeiten m\u00f6glich<\/span><\/li><li><span style=\"font-size: medium;\">Stufenlos einstellbare Schwei\u00dfzeit serienm\u00e4\u00dfig, perfekt um versch. starke Folien zu verschwei\u00dfen (von einer d\u00fcnnen Chipst\u00fcte bis hin zum stabilen 200 m\u00b5-Beutel)<\/span><\/li><li><span style=\"font-size: medium;\">Verschwei\u00dfen von Folienbeuteln bis zu 200 m\u00b5 ohne zu vakuumieren<\/span><\/li><li><span style=\"font-size: medium;\">Alle Dichtungen sind nicht verklebt sondern nur gesteckt &#8211; einfacher Austausch m\u00f6glich.<\/span><\/li><li><span style=\"font-size: medium;\"><strong>Wartungsfreie Ausf\u00fchrung &#8211; keine Folgekosten!<\/strong><\/span><\/li><li><span style=\"font-size: medium;\">Abmessungen Ger\u00e4t: 410 x 210 x 98 mm (BxTxH)<\/span><\/li><li><span style=\"font-size: medium;\">Gewicht: 4,90 kg <\/span><\/li><\/ol><div><span style=\"font-size: medium;\">\u00a0<\/span><\/div><p><span style=\"font-size: medium;\"><b>5 Jahres Garantie bzw. Garantieverl\u00e4ngerung auf 5 Jahre<\/b><br \/><\/span><\/p><p><span style=\"font-size: medium;\"><br \/>Lava steht als Hersteller zu 100% hinter dem eigenen Produkt. Sie erhalten daher auf alle Vakuumierger\u00e4te bis zu 5 Jahre Herstellergarantie (in der aktuellen Sonderaktion ausw\u00e4hlbar im Set 1 oder au\u00dferhalb der Sonderaktion gegen Mehrpreis bei der Bestellung &#8211; Preise siehe hier unten). Diese verl\u00e4ngerte Herstellergarantie beinhaltet alle elektrischen, beweglichen Bauteile der Vakuumierger\u00e4te wie Pumpe, Trafo, Elektronikplatine oder auch Schalter. Verschlei\u00dfteile wie beispielsweise Dichtungen oder auch Teflonb\u00e4nder sind davon jedoch ausgenommen.<br \/><\/span><\/p><p><span style=\"font-size: medium;\">V.100 Premium\u00a0 X \u00a0 25,- Euro<br \/>V.200 Premium \u00a0 X\u00a0 25,- Euro<br \/>V.300 Premium X \u00a0\u00a0 25,- Euro<br \/>V.300 Black\/White \u00a0\u00a0 25,- Euro<br \/>V.333 Premium \u00a0 70,- Euro<br \/>V.333 Black \u00a0\u00a0\u00a0 70,- Euro<br \/>V.350 Premium \u00a0\u00a0\u00a0 90,- Euro<br \/>V.400 Premium \u00a0\u00a0\u00a0 90,- Euro<br \/>V.500 Premium \u00a0\u00a0\u00a0 150,- Euro<br \/>V.500 Premium XXL \u00a0\u00a0\u00a0 300,- Euro<br \/><b><\/b><\/span><span style=\"font-size: medium;\"><b>Hier finden Sie Anleitungsvideos bei Youtube.<\/b><\/span><\/p><p><span style=\"font-size: medium;\">Rehr\u00fccken und Wildbret vakuumieren: <a title=\"Rehr\u00fccken und Wildbret\" href=\"https:\/\/youtu.be\/yaf_L7C6N6U\" target=\"_blank\" rel=\"noopener\">https:\/\/youtu.be\/yaf_L7C6N6U<\/a><br \/><\/span><\/p><p><span style=\"font-size: medium;\">Chilli vakuumieren mit glatten Siegelrandbeuteln: <a title=\"Chilli vakuumieren\" href=\"https:\/\/youtu.be\/rmHiCfqTSJc\" target=\"_blank\" rel=\"noopener\">https:\/\/youtu.be\/rmHiCfqTSJc<\/a><br \/><\/span><\/p><p><span style=\"font-size: medium;\">Fisch vakuumieren: <a title=\"Fisch vakuumieren\" href=\"https:\/\/youtu.be\/f71F8kBnlbc\" target=\"_blank\" rel=\"noopener\">https:\/\/youtu.be\/f71F8kBnlbc<\/a><br \/><\/span><\/p><p><span style=\"font-size: medium;\">K\u00e4se vakuumieren: <a title=\"K\u00e4se Vakuumieren\" href=\"https:\/\/youtu.be\/WFt1dapyhvk\" target=\"_blank\" rel=\"noopener\">https:\/\/youtu.be\/WFt1dapy<\/a><\/span><\/p><p><span style=\"font-size: medium;\"><b>Warum Lava Vakuumierger\u00e4te? Das Lava Vakuumierger\u00e4t<\/b><br \/><\/span><\/p><ul><li><span style=\"font-size: medium;\">hat eine lange Lebensdauer,<\/span><\/li><li><span style=\"font-size: medium;\">ist gefertigt in Deutschland,<\/span><\/li><li><span style=\"font-size: medium;\">ist geeignet f\u00fcr Gastronomie und Gewerbe,<\/span><\/li><li><span style=\"font-size: medium;\">ist f\u00fcr den Einsatz mit Beuteln und Beh\u00e4ltern geeignet,<\/span><\/li><li><span style=\"font-size: medium;\">ist f\u00fcr den t\u00e4glichen Dauereinsatz konzipiert,<\/span><\/li><li><span style=\"font-size: medium;\">kann auch f\u00fcr druckempfindliche Lebensmittel eingesetzt werden.<\/span><\/li><\/ul><div><div align=\"left\"><span style=\"font-family: Arial, Helvetica, sans-serif; font-size: medium;\"><strong>Die La.Va Modellreihe &#8211; Qualit\u00e4t Made in Germany<\/strong><\/span><\/div><p align=\"left\"><span style=\"font-family: Arial, Helvetica, sans-serif; font-size: medium;\"><br \/><strong>LCS:<\/strong> Lava Close System, dem patentierten Verschlu\u00dfsystem muss die Vakuumklappe w\u00e4hrend des Unterdruck-Aufbaus nicht mehr gehalten oder eingerastet werden. Schnelleres Arbeiten &#8211; das Ger\u00e4t arbeitet alleine. Es kann sofort der n\u00e4chste Vakuumbeutel mit Ware gef\u00fcllt werden. Einfachere Bedienbarkeit, es entf\u00e4llt ein kompletter Arbeitsschrift.<\/span><span style=\"font-size: medium;\"><br \/><span style=\"font-family: Arial, Helvetica, sans-serif;\"><strong>LTP:<\/strong> Lava TurboPumpsystem passiert auf den aktuell angebotenen Premium-Modellen auf von Lava entwickelten leistungsstarken, 2-fach kugelgelagerten Kolbenpumpen mit 35 ltr.\/Minute Pumpenleistung und -0,90 bar Unterdruck. Und as alles bei ener gewoht hohen Laufruhe und Zuverl\u00e4ssigkeit im t\u00e4glichen Einsatz. Sekundenschnelles Vakuumieren selbst bei einem gro\u00dfen Vakuumbeutel.<\/span><\/span><\/p><\/div>","protected":false},"excerpt":{"rendered":"<p>Profi &#8211; Vakuumierger\u00e4t V300 White von LA.VAJetzt inklusive Vakuum-DruckregulierungInklusive Absaugvorrichtung &amp; Beutel-Start-Set + Gratis Zubeh\u00f6r der aktuellen Aktion (siehe unten)W\u00e4hlen Sie aus welches Set Sie w\u00fcnschen oder teilen Sie uns bitte sp\u00e4testens am Versandtag bis 12 Uhr mit, welches Gratis-Set. Wenn Sie uns nichts mitteilen schicken wir automatisch Set 3.NEU: 2-stufiges Filtersystem, verhindert zuverl\u00e4ssig das [&hellip;]<\/p>\n","protected":false},"featured_media":2529,"template":"","meta":[],"product_brand":[],"product_cat":[126],"product_tag":[],"class_list":{"0":"post-2528","1":"product","2":"type-product","3":"status-publish","4":"has-post-thumbnail","6":"product_cat-vakuumiergeraete","7":"product_shipping_class-direkt-lava","8":"pa_herstellungsland-deutschland","9":"pa_schweissnaht-zweifach","10":"pa_set-individuell","11":"pa_set-258","12":"pa_set-259","13":"pa_set-260","15":"first","16":"instock","17":"taxable","18":"shipping-taxable","19":"purchasable","20":"product-type-variable"},"supplier_id":null,"supplier_sku":"","barcode":null,"atum_controlled":true,"out_stock_date":null,"out_stock_threshold":null,"inheritable":true,"inbound_stock":null,"stock_on_hold":0,"sold_today":0,"sales_last_days":1,"reserved_stock":null,"customer_returns":null,"warehouse_damage":null,"lost_in_post":null,"other_logs":null,"out_stock_days":null,"lost_sales":0,"has_location":false,"update_date":"2025-11-04T16:51:24","atum_locations":[],"atum_stock_status":"instock","restock_status":false,"low_stock_amount":"","sales_update_date":null,"calc_backorders":null,"_links":{"self":[{"href":"https:\/\/wordpress.famberg.de\/index.php\/wp-json\/wp\/v2\/product\/2528","targetHints":{"allow":["GET"]}}],"collection":[{"href":"https:\/\/wordpress.famberg.de\/index.php\/wp-json\/wp\/v2\/product"}],"about":[{"href":"https:\/\/wordpress.famberg.de\/index.php\/wp-json\/wp\/v2\/types\/product"}],"wp:featuredmedia":[{"embeddable":true,"href":"https:\/\/wordpress.famberg.de\/index.php\/wp-json\/wp\/v2\/media\/2529"}],"wp:attachment":[{"href":"https:\/\/wordpress.famberg.de\/index.php\/wp-json\/wp\/v2\/media?parent=2528"}],"wp:term":[{"taxonomy":"product_brand","embeddable":true,"href":"https:\/\/wordpress.famberg.de\/index.php\/wp-json\/wp\/v2\/product_brand?post=2528"},{"taxonomy":"product_cat","embeddable":true,"href":"https:\/\/wordpress.famberg.de\/index.php\/wp-json\/wp\/v2\/product_cat?post=2528"},{"taxonomy":"product_tag","embeddable":true,"href":"https:\/\/wordpress.famberg.de\/index.php\/wp-json\/wp\/v2\/product_tag?post=2528"}],"curies":[{"name":"wp","href":"https:\/\/api.w.org\/{rel}","templated":true}]}}