{"id":2502,"date":"2015-03-27T17:06:06","date_gmt":"2015-03-27T16:06:06","guid":{"rendered":"https:\/\/wordpress.famberg.de\/index.php\/produkt\/lava-profi-vakuumiergeraet-v-500-premium-vakuumgeraet-profi-auch-fuer-gewerbe\/"},"modified":"2025-06-18T15:34:40","modified_gmt":"2025-06-18T13:34:40","slug":"lava-profi-vakuumiergeraet-v-500-premium-vakuumgeraet-profi-auch-fuer-gewerbe","status":"publish","type":"product","link":"https:\/\/wordpress.famberg.de\/index.php\/produkt\/lava-profi-vakuumiergeraet-v-500-premium-vakuumgeraet-profi-auch-fuer-gewerbe\/","title":{"rendered":"Lava Profi Vakuumierger\u00e4t V.500 Premium Vakuumger\u00e4t Profi auch f\u00fcr Gewerbe"},"content":{"rendered":"<p><span style=\"font-size: medium;\"><b>Profi Vakuumierger\u00e4t V.500 mit 3-fach Schwei\u00dfnaht<br \/>Inklusive Absaugvorrichtung &amp; Beutel-Start-Set + Gratiszugabe Zubeh\u00f6r im Wert &#8211; siehe unten aktuelle Aktion!<\/b><br \/><strong><br \/>Auf dem Markt der Vakuumverpackung gibt es viele Anbieter &#8211; hier erkl\u00e4ren wir Ihnen die grundlegegenden technischen Vorteile eines Lava Profi-Vakuumierger\u00e4tes. <\/strong><strong>Alle Ger\u00e4te aus der Lava-Produktpalette finden Anwendung<\/strong><\/span><\/p><ul><li><span style=\"font-size: medium;\">im Haushalt<\/span><\/li><li><span style=\"font-size: medium;\">in der Gastronomie- und Lebensmittelbranche<\/span><\/li><li><span style=\"font-size: medium;\">auf Reisen oder im Campingbereich<\/span><\/li><li><span style=\"font-size: medium;\">im Bereich Selbstvermarktung<\/span><\/li><li><span style=\"font-size: medium;\">im Jagd- und Fischereibereich<\/span><\/li><li><span style=\"font-size: medium;\">im Kleingewerbe bis hin zur produzierenden Industrie, wie Verpackungstechnik und Metallbearbeitung<\/span><\/li><\/ul><p><span style=\"font-size: medium;\">\u00a0 <b>Hier im Shop optional erh\u00e4ltlich &#8211; Eine Garantieverl\u00e4ngerung auf 5 Jahre<\/b> ab 25,00 \u20ac. Wichtig: Garantie nur direkt beim Ger\u00e4tekauf abschlie\u00dfbar. G\u00fcltig nur mit der vollst\u00e4ndig ausgef\u00fcllten &#8222;Lava-5-Jahres-Garantiekarte&#8220;,\u00a0 welche jedem Produkt mit verl\u00e4ngerter Garantie beigef\u00fcgt ist (Fragen Sie unbedingt Ihren H\u00e4ndler). Ohne diese Garantiekarte ist die Anerkennung der 5-Jahres-Garantie nicht m\u00f6glich.<\/span><\/p><p><span style=\"font-size: medium;\">Hier finden Sie die den Vergleich mit allen verf\u00fcgbaren Lava Vakuumierger\u00e4ten. Achtung es \u00f6ffnet sich der Adobe Reader im separaten Fenster: <a title=\"Technische Daten aller Lava Vakuumierger\u00e4te\" href=\"https:\/\/ebaylayout.famberg.de\/userfiles\/lava-produktuebersicht_2014-haendler.pdf\" target=\"_blank\" rel=\"noopener\">Vergleich hier klicken!<\/a><\/span><\/p><p><span style=\"font-size: medium;\"><img decoding=\"async\" src=\"https:\/\/ebaylayout.famberg.de\/userfiles\/LavaSets.png\" alt=\"Aktion\" align=\"none\" \/><\/span><\/p><p><span style=\"font-size: medium;\"><strong>Lieferumfang<\/strong><br \/>Das Profi &#8211; Vakuumierger\u00e4t wird geliefert in einem Start-Set, bestehend aus:<br \/>&#8211; Vakuumierger\u00e4t V.500 <strong>Farbe Grau\/blau<br \/><\/strong>&#8211; Gratiszugabe siehe aktuelle Aktion<br \/>&#8211; <span style=\"color: #006600;\"><strong>Aktion jetzt inklusive Vakuum-Druckregulierung L+<\/strong><\/span><br \/>&#8211; Lava-Absaugvorrichtung f\u00fcr Beh\u00e4lter<br \/>&#8211; Startset verschiedener Vakuumbeutel<br \/>&#8211; Ausf\u00fchrliche Bedienungsanleitung<\/span><\/p><p><span style=\"font-size: medium;\"> Durch die Herstellergarantie werden die gesetzlichen Rechte aus der Gew\u00e4hrleistung nicht eingeschr\u00e4nkt. Die Herstellergarantie wird von Manfred Landig Lava Vakuumverpackung, Valentinstra\u00dfe 35-1, 88348 Bad Saulgau getragen und gilt wenn nicht anders angegeben in Deutschland<\/span><\/p><div><p>Besonders hervorzuheben ist die exakte Manometer-Anzeige, die vollautomatische Arbeitsweise und der maximal erreichbare Unterdruck von -0,97 bar. Das Vakuumierger\u00e4t kommt sowohl im Haushalts-, Gastronomie- und Kleingewerbebereich, als auch in der Industrie zum Einsatz.<\/p><p>Hier die Qualit\u00e4tsmerkmale die auch Sie \u00fcberzeugen werden:<\/p><ol><li><span style=\"font-size: medium;\">V.500 ist geeignet f\u00fcr t\u00e4glichen Dauereinsatz in Privathaushalt, Gewerbe und Industrie<\/span><\/li><li><span style=\"font-size: medium;\">Herstellung von Folienbeuteln von individueller L\u00e4nge (Endlosrollen finden Sie in 3 Breiten im Lava Zubeh\u00f6rbereich)<\/span><\/li><li><span style=\"font-size: medium;\">Problemlose Verwendung glatter Siegelrand-Vakuumbeutel (ab 120 my St\u00e4rke)<\/span><\/li><li><span style=\"font-size: medium;\">Vakuumieren von allen Vakuumbeh\u00e4ltern, T\u00f6pfen, Einmachgl\u00e4sern und Twist-Off Gl\u00e4sern durch Absaugvorrichtung und Beh\u00e4lter<\/span><\/li><li><span style=\"font-size: medium;\">Individuell einstellbare Schwei\u00dfzeit &#8211; damit k\u00f6nnen Folien bis 200 m\u00b5 (Industriest\u00e4rke) mit einer Breite von bis zu 720 mm 3-fach verschwei\u00dft werden<\/span><\/li><li><span style=\"font-size: medium;\">Vakuumieren und Verschwei\u00dfen von druckempfindlichen Lebensmitteln<\/span><\/li><li><span style=\"font-size: medium;\">Saugleistung: Echte 60 Liter pro Minute<\/span><\/li><li><span style=\"font-size: medium;\">Maximaler Unterdruck: -0,97 bar<\/span><\/li><li><span style=\"font-size: medium;\">Schwei\u00dfbandl\u00e4nge: 720 mm<\/span><\/li><li><span style=\"font-size: medium;\">Max. Nennleistung: 1800 Watt<\/span><\/li><li><span style=\"font-size: medium;\">Verwendung von Hochleistungs-Kolbenpumpe mit Kugellagern<\/span><\/li><li><span style=\"font-size: medium;\">Exakte Druckregulierung\u00a0(gegen geringem Aufpreis)\u00a0m\u00f6glich. Nicht nur wie bei Billig-Ger\u00e4ten \u00fcber die Stopp-Taste<\/span><\/li><li><span style=\"font-size: medium;\">Gegen geringen Mehrpreis kann der Unterdruck eingestellt werden<\/span><\/li><li><span style=\"font-size: medium;\">Serienm\u00e4\u00dfiger Fl\u00fcssigkeitsabscheider &#8211; sch\u00fctzt die Pumpe vor Fl\u00fcssigkeit<\/span><\/li><li><span style=\"font-size: medium;\">\u00dcberdimensional gro\u00dfe Schwei\u00dftrafos, dadurch keine \u00dcberhitzung des Ger\u00e4tes<\/span><\/li><li><span style=\"font-size: medium;\">Bis zu 1000 Schwei\u00dfn\u00e4hte am St\u00fcck oder stundenlanges Arbeiten m\u00f6glich<\/span><\/li><li><span style=\"font-size: medium;\">Stufenlos einstellbare Schwei\u00dfzeit serienm\u00e4\u00dfig, perfekt um versch. starke Folien zu verschwei\u00dfen (von einer d\u00fcnnen Chipst\u00fcte bis hin zum stabilen 200 m\u00b5-Beutel)<\/span><\/li><li><span style=\"font-size: medium;\">Verschwei\u00dfen von Folienbeuteln bis zu 200 m\u00b5 ohne zu vakuumieren<\/span><\/li><li><span style=\"font-size: medium;\">Alle Dichtungen sind nicht verklebt sondern nur gesteckt &#8211; einfacher Austausch m\u00f6glich.<\/span><\/li><li><span style=\"font-size: medium;\">Wartungsfreie Ausf\u00fchrung &#8211; keine Folgekosten!<\/span><\/li><li><span style=\"font-size: medium;\">Abmessungen Ger\u00e4t: 827 x 280 x\u00a0115 mm (BxTxH)<\/span><\/li><li><span style=\"font-size: medium;\">Gewicht:\u00a020,5 kg <\/span><\/li><\/ol><p><b>5 Jahres Garantie bzw. Garantieverl\u00e4ngerung auf 5 Jahre<\/b><\/p><p>Lava steht als Hersteller zu 100% hinter dem eigenen Produkt. Sie erhalten daher auf alle Vakuumierger\u00e4te bis zu 5 Jahre Herstellergarantie (in der aktuellen Sonderaktion ausw\u00e4hlbar im Set 1 oder au\u00dferhalb der Sonderaktion gegen Mehrpreis bei der Bestellung &#8211; Preise siehe hier unten). Diese verl\u00e4ngerte Herstellergarantie beinhaltet alle elektrischen, beweglichen Bauteile der Vakuumierger\u00e4te wie Pumpe, Trafo, Elektronikplatine oder auch Schalter. Verschlei\u00dfteile wie beispielsweise Dichtungen oder auch Teflonb\u00e4nder sind davon jedoch ausgenommen.<\/p><p>V.100 Premium\u00a0 X \u00a0 25,- Euro<br \/>V.200 Premium \u00a0 X\u00a0 25,- Euro<br \/>V.300 Premium X \u00a0\u00a0 25,- Euro<br \/>V.300 Black\/White \u00a0\u00a0 25,- Euro<br \/>V.333 Premium \u00a0 70,- Euro<br \/>V.333 Black \u00a0\u00a0\u00a0 70,- Euro<br \/>V.350 Premium \u00a0\u00a0\u00a0 90,- Euro<br \/>V.400 Premium \u00a0\u00a0\u00a0 90,- Euro<br \/>V.500 Premium \u00a0\u00a0\u00a0 150,- Euro<br \/>V.500 Premium XXL \u00a0\u00a0\u00a0 300,- Euro<\/p><p><b><\/b><br \/><span style=\"font-size: medium;\"><b>Hier finden Sie Anleitungsvideos bei Youtube.<\/b><\/span><\/p><p><span style=\"font-size: medium;\">Rehr\u00fccken und Wildbret vakuumieren: <a title=\"Rehr\u00fccken und Wildbret\" href=\"https:\/\/youtu.be\/yaf_L7C6N6U\" target=\"_blank\" rel=\"noopener\">https:\/\/youtu.be\/yaf_L7C6N6U<\/a><br \/><\/span><\/p><p><span style=\"font-size: medium;\">Chilli vakuumieren mit glatten Siegelrandbeuteln: <a title=\"Chilli vakuumieren\" href=\"https:\/\/youtu.be\/rmHiCfqTSJc\" target=\"_blank\" rel=\"noopener\">https:\/\/youtu.be\/rmHiCfqTSJc<\/a><br \/><\/span><\/p><p><span style=\"font-size: medium;\">Fisch vakuumieren: <a title=\"Fisch vakuumieren\" href=\"https:\/\/youtu.be\/f71F8kBnlbc\" target=\"_blank\" rel=\"noopener\">https:\/\/youtu.be\/f71F8kBnlbc<\/a><br \/><\/span><\/p><p><span style=\"font-size: medium;\">K\u00e4se vakuumieren: <a title=\"K\u00e4se Vakuumieren\" href=\"https:\/\/youtu.be\/WFt1dapyhvk\" target=\"_blank\" rel=\"noopener\">https:\/\/youtu.be\/WFt1dapy<\/a><\/span><\/p><p><span style=\"font-size: medium;\"><b>Warum Lava Vakuumierger\u00e4te? <\/b><\/span><\/p><p><span style=\"font-size: medium;\">Das Lava Vakuumierger\u00e4t<br \/><\/span><\/p><ul><li><span style=\"font-size: medium;\">hat eine lange Lebensdauer,<\/span><\/li><li><span style=\"font-size: medium;\">ist gefertigt in Deutschland,<\/span><\/li><li><span style=\"font-size: medium;\">ist geeignet f\u00fcr Gastronomie und Gewerbe,<\/span><\/li><li><span style=\"font-size: medium;\">ist f\u00fcr den Einsatz mit Beuteln und Beh\u00e4ltern geeignet,<\/span><\/li><li><span style=\"font-size: medium;\">ist f\u00fcr den t\u00e4glichen Dauereinsatz konzipiert,<\/span><\/li><li><span style=\"font-size: medium;\">kann auch f\u00fcr druckempfindliche Lebensmittel eingesetzt werden.<\/span><\/li><\/ul><div align=\"left\"><span style=\"font-family: Arial, Helvetica, sans-serif; font-size: medium;\"><strong>Die La.Va Modellreihe &#8211; Qualit\u00e4t Made in Germany<\/strong><\/span><\/div><p align=\"left\"><span style=\"font-family: Arial, Helvetica, sans-serif; font-size: medium;\"><br \/><strong>LCS:<\/strong> Lava Close System, dem patentierten Verschlu\u00dfsystem muss die Vakuumklappe w\u00e4hrend des Unterdruck-Aufbaus nicht mehr gehalten oder eingerastet werden. Schnelleres Arbeiten &#8211; das Ger\u00e4t arbeitet alleine. Es kann sofort der n\u00e4chste Vakuumbeutel mit Ware gef\u00fcllt werden. Einfachere Bedienbarkeit, es entf\u00e4llt ein kompletter Arbeitsschrift.<\/span><span style=\"font-size: medium;\"><br \/><span style=\"font-family: Arial, Helvetica, sans-serif;\"><strong>LTP:<\/strong> Lava TurboPumpsystem passiert auf den aktuell angebotenen Premium-Modellen auf von Lava entwickelten leistungsstarken, 2-fach kugelgelagerten Kolbenpumpen mit 35 ltr.\/Minute Pumpenleistung und -0,90 bar Unterdruck. Und as alles bei ener gewoht hohen Laufruhe und Zuverl\u00e4ssigkeit im t\u00e4glichen Einsatz. Sekundenschnelles Vakuumieren selbst bei einem gro\u00dfen Vakuumbeutel.<\/span><\/span><\/p><\/div><div><\/div>","protected":false},"excerpt":{"rendered":"<p>Starterset + 70 \u20ac Gratiszubeh\u00f6r + Druckluftregulierung<\/p>\n","protected":false},"featured_media":2503,"template":"","meta":[],"product_brand":[],"product_cat":[126],"product_tag":[],"class_list":{"0":"post-2502","1":"product","2":"type-product","3":"status-publish","4":"has-post-thumbnail","6":"product_cat-vakuumiergeraete","7":"product_shipping_class-direkt-lava","8":"pa_set-individuell","9":"pa_set-set-1","10":"pa_set-set-2","11":"pa_set-set-3","13":"first","14":"instock","15":"taxable","16":"shipping-taxable","17":"purchasable","18":"product-type-variable"},"supplier_id":null,"supplier_sku":"","barcode":null,"atum_controlled":true,"out_stock_date":null,"out_stock_threshold":null,"inheritable":true,"inbound_stock":null,"stock_on_hold":null,"sold_today":null,"sales_last_days":null,"reserved_stock":null,"customer_returns":null,"warehouse_damage":null,"lost_in_post":null,"other_logs":null,"out_stock_days":null,"lost_sales":null,"has_location":false,"update_date":"2025-06-18T13:34:42","atum_locations":[],"atum_stock_status":"instock","restock_status":false,"low_stock_amount":"","sales_update_date":null,"calc_backorders":null,"_links":{"self":[{"href":"https:\/\/wordpress.famberg.de\/index.php\/wp-json\/wp\/v2\/product\/2502","targetHints":{"allow":["GET"]}}],"collection":[{"href":"https:\/\/wordpress.famberg.de\/index.php\/wp-json\/wp\/v2\/product"}],"about":[{"href":"https:\/\/wordpress.famberg.de\/index.php\/wp-json\/wp\/v2\/types\/product"}],"wp:featuredmedia":[{"embeddable":true,"href":"https:\/\/wordpress.famberg.de\/index.php\/wp-json\/wp\/v2\/media\/2503"}],"wp:attachment":[{"href":"https:\/\/wordpress.famberg.de\/index.php\/wp-json\/wp\/v2\/media?parent=2502"}],"wp:term":[{"taxonomy":"product_brand","embeddable":true,"href":"https:\/\/wordpress.famberg.de\/index.php\/wp-json\/wp\/v2\/product_brand?post=2502"},{"taxonomy":"product_cat","embeddable":true,"href":"https:\/\/wordpress.famberg.de\/index.php\/wp-json\/wp\/v2\/product_cat?post=2502"},{"taxonomy":"product_tag","embeddable":true,"href":"https:\/\/wordpress.famberg.de\/index.php\/wp-json\/wp\/v2\/product_tag?post=2502"}],"curies":[{"name":"wp","href":"https:\/\/api.w.org\/{rel}","templated":true}]}}