{"id":2362,"date":"2024-09-06T13:56:33","date_gmt":"2024-09-06T11:56:33","guid":{"rendered":"https:\/\/wordpress.famberg.de\/?post_type=product&#038;p=2362"},"modified":"2025-11-16T17:03:29","modified_gmt":"2025-11-16T16:03:29","slug":"easy-fit-adapter-von-bar-auf-twist-kat002me","status":"publish","type":"product","link":"https:\/\/wordpress.famberg.de\/index.php\/produkt\/easy-fit-adapter-von-bar-auf-twist-kat002me\/","title":{"rendered":"Easy Fit KAT002ME Adapter f\u00fcr Niedertourenanschlusses"},"content":{"rendered":"<p><strong>Hast du eine alte K\u00fcchenmaschine?<\/strong><\/p><p>Wenn du noch \u00e4ltere Zubeh\u00f6rteile f\u00fcr deine K\u00fcchenmaschine hast und k\u00fcrzlich deine Kenwood-K\u00fcchenmaschine erweitert hast, kannst du diese weiterhin nutzen, ohne sie ersetzen zu m\u00fcssen. Der Kenwood Chef Easy-Fit-Adapter KAT002ME erm\u00f6glicht es dir, deine alten Zubeh\u00f6rteile weiter zu verwenden. Mit dem Kenwood Adapter KAT002ME hast du die volle Flexibilit\u00e4t, mit nur einer K\u00fcchenmaschine eine Vielzahl k\u00f6stlicher Gerichte und Leckereien zuzubereiten.<\/p><p>Um deine alten Zubeh\u00f6rteile an der neuen Kenwood K\u00fcchenmaschine zu verwenden wird ganz einfach der Adapter an den Niedriggeschwindigkeitsanschluss angebracht.<\/p>","protected":false},"excerpt":{"rendered":"<p>Hast du eine alte K\u00fcchenmaschine?Wenn du noch \u00e4ltere Zubeh\u00f6rteile f\u00fcr deine K\u00fcchenmaschine hast und k\u00fcrzlich deine Kenwood-K\u00fcchenmaschine erweitert hast, kannst du diese weiterhin nutzen, ohne sie ersetzen zu m\u00fcssen. Der Kenwood Chef Easy-Fit-Adapter KAT002ME erm\u00f6glicht es dir, deine alten Zubeh\u00f6rteile weiter zu verwenden. Mit dem Kenwood Adapter KAT002ME hast du die volle Flexibilit\u00e4t, mit nur [&hellip;]<\/p>\n","protected":false},"featured_media":2366,"template":"","meta":[],"product_brand":[],"product_cat":[167],"product_tag":[],"class_list":{"0":"post-2362","1":"product","2":"type-product","3":"status-publish","4":"has-post-thumbnail","6":"product_cat-kuechengeraete-zubehoer","7":"product_shipping_class-paketversand","9":"first","10":"instock","11":"sale","12":"taxable","13":"shipping-taxable","14":"purchasable","15":"product-type-simple"},"supplier_id":null,"supplier_sku":"","barcode":null,"atum_controlled":true,"out_stock_date":null,"out_stock_threshold":null,"inheritable":false,"inbound_stock":0,"stock_on_hold":0,"sold_today":0,"sales_last_days":0,"reserved_stock":0,"customer_returns":0,"warehouse_damage":0,"lost_in_post":0,"other_logs":0,"out_stock_days":0,"lost_sales":0,"has_location":false,"update_date":"2025-12-11T04:58:22","atum_locations":[],"atum_stock_status":"instock","restock_status":false,"low_stock_amount":"","sales_update_date":"2025-12-11T04:58:22","calc_backorders":null,"_links":{"self":[{"href":"https:\/\/wordpress.famberg.de\/index.php\/wp-json\/wp\/v2\/product\/2362","targetHints":{"allow":["GET"]}}],"collection":[{"href":"https:\/\/wordpress.famberg.de\/index.php\/wp-json\/wp\/v2\/product"}],"about":[{"href":"https:\/\/wordpress.famberg.de\/index.php\/wp-json\/wp\/v2\/types\/product"}],"wp:featuredmedia":[{"embeddable":true,"href":"https:\/\/wordpress.famberg.de\/index.php\/wp-json\/wp\/v2\/media\/2366"}],"wp:attachment":[{"href":"https:\/\/wordpress.famberg.de\/index.php\/wp-json\/wp\/v2\/media?parent=2362"}],"wp:term":[{"taxonomy":"product_brand","embeddable":true,"href":"https:\/\/wordpress.famberg.de\/index.php\/wp-json\/wp\/v2\/product_brand?post=2362"},{"taxonomy":"product_cat","embeddable":true,"href":"https:\/\/wordpress.famberg.de\/index.php\/wp-json\/wp\/v2\/product_cat?post=2362"},{"taxonomy":"product_tag","embeddable":true,"href":"https:\/\/wordpress.famberg.de\/index.php\/wp-json\/wp\/v2\/product_tag?post=2362"}],"curies":[{"name":"wp","href":"https:\/\/api.w.org\/{rel}","templated":true}]}}