{"id":2339,"date":"2024-08-27T18:29:57","date_gmt":"2024-08-27T16:29:57","guid":{"rendered":"https:\/\/wordpress.famberg.de\/index.php\/produkt\/elektroantrieb-fuer-handmuehle-rotare\/"},"modified":"2024-10-24T13:52:50","modified_gmt":"2024-10-24T11:52:50","slug":"elektroantrieb-fuer-handmuehle-rotare","status":"publish","type":"product","link":"https:\/\/wordpress.famberg.de\/index.php\/produkt\/elektroantrieb-fuer-handmuehle-rotare\/","title":{"rendered":"Hawos Elektroantrieb f\u00fcr Handm\u00fchle Rotare"},"content":{"rendered":"<div><span style=\"font-size: medium;\"><b>Umr\u00fcsten von handbetrieben auf Elektroantrieb<\/b><\/span> <span style=\"font-size: medium;\"><br \/>&#8211; mit dem Motorteil f\u00fcr die Hawos Rotare ist dies \u00fcberall und jederzeit m\u00f6glich. Die starke Handm\u00fchle hawos Rotare erlaubt<br \/>den Einsatz unabh\u00e4ngig vom Stromnetz. Wenn jedoch gr\u00f6\u00dfere Mengen an<br \/>frisch gemahlenem Mehl ben\u00f6tigt werden, kann durch Anstecken des Niedrig-Watt-Motorteils die Handm\u00fchle an das Stromnetz mit 230 Volt angeschlossen werden. Mit nur wenigen Handgriffen wird die Kurbel durch die mitgelieferte Riemenscheibe ersetzt und das Motorgeh\u00e4use kann befestigt werden. <\/span><\/div><div><\/div><div><span style=\"font-size: medium;\">Motorleistung: 45 Watt &#8211;<\/span><span style=\"font-size: medium;\"><span style=\"font-size: medium;\"> Hawos hat an alle Eventualit\u00e4ten gedacht<br \/>und einen 45 Watt-Motor verwendet, da dieser auch mittels eines<br \/>Spannungswandlers von einer Autobatterie oder durch Solarenergie<br \/>angetrieben werden kann. So k\u00f6nnen auch, weiterhin unabh\u00e4ngig vom Stromnetz, gr\u00f6\u00dfere Mengen Getreide verarbeitet werden.<\/span><\/span>Hinweis: Sie erhalten hier den Umbausatz (Antrieb) f\u00fcr die Hawos Handm\u00fchle Rotare. Die M\u00fchle selbst ist nicht im Lieferumfang enthalten.<\/div><div><\/div><div><div id=\"divdguarantee\"><p>Hawos gew\u00e4hrt auf alle Getreidem\u00fchlen eine freiwillige Garantie auf alle Fertigungs- und Materialfehler.<br \/>Die Garantiezeit betr\u00e4gt 2 Jahre.<br \/>Hersteller Bring-In-Garantie. \u00a0Durch die Herstellergarantie werden die gesetzlichen Rechte aus der Gew\u00e4hrleistung nicht eingeschr\u00e4nkt.\u00a0 Die Herstellergarantie wird von hawos Kornm\u00fchlen GmbH, Ober-Eschbacher-Stra\u00dfe 37, 61352 Bad Homburg getragen und gilt wenn nicht anders angegeben in Deutschland. Die Kundendienstadresse ist abweichend,\u00a0n\u00e4here Informationen liegen Ihrem Ger\u00e4t bei.<\/p><\/div><\/div>","protected":false},"excerpt":{"rendered":"<p>Umr\u00fcsten von handbetrieben auf Elektroantrieb &#8211; mit dem Motorteil f\u00fcr die Hawos Rotare ist dies \u00fcberall und jederzeit m\u00f6glich. Die starke Handm\u00fchle hawos Rotare erlaubtden Einsatz unabh\u00e4ngig vom Stromnetz. Wenn jedoch gr\u00f6\u00dfere Mengen anfrisch gemahlenem Mehl ben\u00f6tigt werden, kann durch Anstecken des Niedrig-Watt-Motorteils die Handm\u00fchle an das Stromnetz mit 230 Volt angeschlossen werden. Mit nur [&hellip;]<\/p>\n","protected":false},"featured_media":2338,"template":"","meta":[],"product_brand":[],"product_cat":[167,200],"product_tag":[],"class_list":{"0":"post-2339","1":"product","2":"type-product","3":"status-publish","4":"has-post-thumbnail","6":"product_cat-kuechengeraete-zubehoer","7":"product_cat-ersatzteile-allerlei","8":"product_shipping_class-direkt-luba","10":"first","11":"instock","12":"taxable","13":"shipping-taxable","14":"purchasable","15":"product-type-simple"},"supplier_id":1283,"supplier_sku":"310-515","barcode":null,"atum_controlled":true,"out_stock_date":null,"out_stock_threshold":null,"inheritable":false,"inbound_stock":0,"stock_on_hold":0,"sold_today":0,"sales_last_days":0,"reserved_stock":0,"customer_returns":0,"warehouse_damage":0,"lost_in_post":0,"other_logs":0,"out_stock_days":0,"lost_sales":0,"has_location":false,"update_date":"2025-05-05T16:16:03","atum_locations":[],"atum_stock_status":"instock","restock_status":false,"low_stock_amount":"","sales_update_date":"2025-05-05T16:16:03","calc_backorders":null,"_links":{"self":[{"href":"https:\/\/wordpress.famberg.de\/index.php\/wp-json\/wp\/v2\/product\/2339","targetHints":{"allow":["GET"]}}],"collection":[{"href":"https:\/\/wordpress.famberg.de\/index.php\/wp-json\/wp\/v2\/product"}],"about":[{"href":"https:\/\/wordpress.famberg.de\/index.php\/wp-json\/wp\/v2\/types\/product"}],"wp:featuredmedia":[{"embeddable":true,"href":"https:\/\/wordpress.famberg.de\/index.php\/wp-json\/wp\/v2\/media\/2338"}],"wp:attachment":[{"href":"https:\/\/wordpress.famberg.de\/index.php\/wp-json\/wp\/v2\/media?parent=2339"}],"wp:term":[{"taxonomy":"product_brand","embeddable":true,"href":"https:\/\/wordpress.famberg.de\/index.php\/wp-json\/wp\/v2\/product_brand?post=2339"},{"taxonomy":"product_cat","embeddable":true,"href":"https:\/\/wordpress.famberg.de\/index.php\/wp-json\/wp\/v2\/product_cat?post=2339"},{"taxonomy":"product_tag","embeddable":true,"href":"https:\/\/wordpress.famberg.de\/index.php\/wp-json\/wp\/v2\/product_tag?post=2339"}],"curies":[{"name":"wp","href":"https:\/\/api.w.org\/{rel}","templated":true}]}}