{"id":2316,"date":"2024-08-14T15:39:37","date_gmt":"2024-08-14T13:39:37","guid":{"rendered":"https:\/\/wordpress.famberg.de\/index.php\/produkt\/zubehoer-xl-mixbecher-450-ccm-bpa-frei-fuer-alle-personal-blender\/"},"modified":"2026-01-31T15:42:10","modified_gmt":"2026-01-31T14:42:10","slug":"zubehoer-xl-mixbecher-450-ccm-bpa-frei-fuer-alle-personal-blender","status":"publish","type":"product","link":"https:\/\/wordpress.famberg.de\/index.php\/produkt\/zubehoer-xl-mixbecher-450-ccm-bpa-frei-fuer-alle-personal-blender\/","title":{"rendered":"Tribest Zubeh\u00f6r XL Mixbecher 450 ccm BPA frei f\u00fcr alle Personal Blender"},"content":{"rendered":"<p><span style=\"font-family: Frutiger-Italic; font-size: xx-small;\"><span style=\"font-family: Frutiger-Italic; font-size: xx-small;\"><span style=\"font-size: 10pt;\"><span style=\"font-size: 10pt;\"><span style=\"font-size: 10pt;\"><span style=\"font-size: 10pt;\"><span style=\"font-size: 10pt;\"><span style=\"font-size: 10pt;\"><span style=\"font-size: 10pt;\"><span style=\"font-size: 10pt;\"><span style=\"font-size: 10pt;\"><span style=\"font-size: 10pt;\"><span style=\"font-size: 10pt;\"><span style=\"font-size: 12pt;\">\u00a0<\/span><\/span><\/span><\/span><\/span><\/span><\/span><\/span><\/span><\/span><\/span><\/span><\/span><\/span><\/p><p><span style=\"font-family: Frutiger-Italic; font-size: xx-small;\"><span style=\"font-family: Frutiger-Italic; font-size: xx-small;\"><span style=\"font-size: 10pt;\"><span style=\"font-size: 10pt;\"><span style=\"font-size: 10pt;\"><span style=\"font-size: 10pt;\"><span style=\"font-size: 10pt;\"><span style=\"font-size: 10pt;\"><span style=\"font-size: 10pt;\"><span style=\"font-size: 10pt;\"><span style=\"font-size: 10pt;\"><span style=\"font-size: 10pt;\"><span style=\"font-size: 10pt;\"><span style=\"font-size: 12pt;\"><span style=\"font-size: medium;\">BPA- Frei &#8211; Zubeh\u00f6r XL Mixbeh\u00e4lter f\u00fcr alle Personal Blender PB 100, 150 &#8211; PB 200 &#8211; PB250 und PB350<\/span><br \/><\/span><\/span><\/span><\/span><\/span><\/span><\/span><\/span><\/span><\/span><\/span><\/span><\/span><\/span><\/p>","protected":false},"excerpt":{"rendered":"<p>\u00a0BPA- Frei &#8211; Zubeh\u00f6r XL Mixbeh\u00e4lter f\u00fcr alle Personal Blender PB 100, 150 &#8211; PB 200 &#8211; PB250 und PB350<\/p>\n","protected":false},"featured_media":2315,"template":"","meta":[],"product_brand":[],"product_cat":[200],"product_tag":[],"class_list":{"0":"post-2316","1":"product","2":"type-product","3":"status-publish","4":"has-post-thumbnail","6":"product_cat-ersatzteile-allerlei","7":"product_shipping_class-kleinkram","9":"first","10":"outofstock","11":"taxable","12":"shipping-taxable","13":"purchasable","14":"product-type-simple"},"supplier_id":1411,"supplier_sku":"54015","barcode":null,"atum_controlled":true,"out_stock_date":"2026-01-31 15:42:11","out_stock_threshold":null,"inheritable":false,"inbound_stock":0,"stock_on_hold":0,"sold_today":0,"sales_last_days":1,"reserved_stock":0,"customer_returns":0,"warehouse_damage":0,"lost_in_post":0,"other_logs":0,"out_stock_days":1,"lost_sales":1,"has_location":false,"update_date":"2026-02-01T18:10:59","atum_locations":[],"atum_stock_status":"outofstock","restock_status":false,"low_stock_amount":"","sales_update_date":"2026-02-01T18:10:59","calc_backorders":null,"_links":{"self":[{"href":"https:\/\/wordpress.famberg.de\/index.php\/wp-json\/wp\/v2\/product\/2316","targetHints":{"allow":["GET"]}}],"collection":[{"href":"https:\/\/wordpress.famberg.de\/index.php\/wp-json\/wp\/v2\/product"}],"about":[{"href":"https:\/\/wordpress.famberg.de\/index.php\/wp-json\/wp\/v2\/types\/product"}],"wp:featuredmedia":[{"embeddable":true,"href":"https:\/\/wordpress.famberg.de\/index.php\/wp-json\/wp\/v2\/media\/2315"}],"wp:attachment":[{"href":"https:\/\/wordpress.famberg.de\/index.php\/wp-json\/wp\/v2\/media?parent=2316"}],"wp:term":[{"taxonomy":"product_brand","embeddable":true,"href":"https:\/\/wordpress.famberg.de\/index.php\/wp-json\/wp\/v2\/product_brand?post=2316"},{"taxonomy":"product_cat","embeddable":true,"href":"https:\/\/wordpress.famberg.de\/index.php\/wp-json\/wp\/v2\/product_cat?post=2316"},{"taxonomy":"product_tag","embeddable":true,"href":"https:\/\/wordpress.famberg.de\/index.php\/wp-json\/wp\/v2\/product_tag?post=2316"}],"curies":[{"name":"wp","href":"https:\/\/api.w.org\/{rel}","templated":true}]}}