{"id":2264,"date":"2024-07-12T20:00:59","date_gmt":"2024-07-12T18:00:59","guid":{"rendered":"https:\/\/wordpress.famberg.de\/index.php\/produkt\/kornkraft-toscana-die-schnurlose-alternative-handmuehle\/"},"modified":"2025-01-08T16:57:06","modified_gmt":"2025-01-08T15:57:06","slug":"kornkraft-toscana-die-schnurlose-alternative-handmuehle","status":"publish","type":"product","link":"https:\/\/wordpress.famberg.de\/index.php\/produkt\/kornkraft-toscana-die-schnurlose-alternative-handmuehle\/","title":{"rendered":"Kornkraft Toscana die schnurlose Alternative Handm\u00fchle"},"content":{"rendered":"<p><span style=\"font-size: 20px;\"><strong><span style=\"color: #008080;\">Toscana die Starke<\/span><\/strong><\/span><\/p><p>Die sie<span style=\"font-weight: bold;\"> ohne Stromkabel<\/span> auskommt, k\u00f6nnen Sie sie dort aufbauen, wo sie gerade gebraucht wird &#8211; und sei es beim Fr\u00fchst\u00fcck in einem toscanischen Olivenhain.<\/p><p>W\u00e4hrend Sie dem Getreide zusehen, wie es beim Mahlen durch den Tricher rinnt, h\u00f6ren Sie statt dem Dr\u00f6hnen eines Motores lediglich das sanfte Reibeger\u00e4usch der Naturmalsteine.<\/p><p><span style=\"font-weight: bold;\">Leistung z\u00e4hlt:<\/span><\/p><p>Toscana ist der &#8222;Turbo&#8220; unter den<span style=\"font-weight: bold;\"> handgetriebenen M\u00fchlen<\/span> und beweist, da\u00df <span style=\"font-weight: bold;\">handwerklich solide Arbeit<\/span>, <span style=\"font-weight: bold;\">\u00f6kologischer<\/span> <span style=\"font-weight: bold;\">Anspruch<\/span>, ausgereifte Technik und Freude am Genie\u00dfen durchaus unter einen Hut zu bringen sind.<\/p><p><span style=\"font-weight: bold;\">Die h\u00e4lt was aus:<\/span><\/p><p>Kornkraft Getreidem\u00fchlen k\u00f6nnen ihre inneren Werte getrost auch mal nach au\u00dfen stellen: Das <span style=\"font-weight: bold;\">Mahlwerk aus Naturmaterialien <\/span>mahlt <span style=\"font-weight: bold;\">gleichm\u00e4\u00dfig und zuverl\u00e4ssig.<\/span> So kommen Sie im Handumdrehen zu Ihrer Mahlzeit<\/p><p><span style=\"font-weight: bold;\">Ganz nat\u00fcrlich:<\/span><\/p><p><span style=\"font-weight: bold;\">H\u00f6lzer aus heimischer Forstwirtschaft<\/span> geben der M\u00fchle den K\u00f6rper und auch auf ihre Haut kommt nur Natur.<\/p><p><span style=\"font-weight: bold;\">Da sind Sie flexibel:<\/span><\/p><p>Grob eingestellt macht sie aus <span style=\"font-weight: bold;\">Hafer auch mal feine Flocken<\/span>. Und der Kratzschutz unter der Stellfl\u00e4che sorgt daf\u00fcr, da\u00df Ihre K\u00fcche auch morgen noch aussieht, wie neu.<\/p><p>Mahlgut: \u00a0 \u00a0 \u00a0 \u00a0Alle Getreidearten au\u00dfer Mais<br \/>Leistung: \u00a0 \u00a0 \u00a0 \u00a0grob: 110 Gramm Weizen \/ Minute (entspricht drei Portionen M\u00fcsli)<br \/>fein: \u00a040 Gramm Weizen \/ Minute<br \/>Mahlfeinheit. stufenlos einstellbar von M\u00fcsli bis mehlfein<\/p><p>F\u00fcllmenge:\u00a0 \u00a0600 Gramm<br \/>Mahlstein: \u00a0 Naxos-Basalt in Magnesit &#8211; Salz &#8211; Bindung selbstzentrierendes und selbstsch\u00e4rfendes Mahlwerk<br \/>Kurbel: \u00a0 \u00a0\u00a0 \u00a0kugelgelagert (dadurch leichtg\u00e4ngig und wartungsfrei), linksdrehend (gegen den Urzeigersinn, dadurch beste Ausnutzung der Muskelkraft)<\/p><p>Geh\u00e4use: \u00a0 \u00a0 Buche<br \/>Oberfl\u00e4che: \u00a0mit biologischem Auro-Bienenwachsbalsam behandelt f\u00fcr seidigen Glanz<br \/>Beh\u00e4lter: \u00a0 \u00a0\u00a0 herausnehmbare, gro\u00dfe Schublade f\u00fcr Mehl und Schrot<\/p><p>Ma\u00dfe: \u00a0 \u00a0 \u00a0 \u00a0 23,2 x 22,5 x 23,5 cm (Korpus), 20,5 cm (Kurbelradius)<br \/>Gewicht: \u00a0 \u00a0 \u00a0ca. 4 kg<br \/>Zubeh\u00f6r: \u00a0 \u00a0 \u00a0zwei Tischhalter zur sicheren Montage auf Arbeitsfl\u00e4chen bis 4,5 cm St\u00e4rke<\/p><p>Die Firma Kornkraft gew\u00e4hrt auf dieses Produkt 10 Jahre Herstellergarantie. Diese Garantie umfasst alle Fertigungs- und Materialfehler, nicht aber Besch\u00e4digungen an zerbrechlichen Teilen durch den Benutzer. Durch die Garantie werden die gesetzlichen Rechte aus der Gew\u00e4hrleistung nicht eingeschr\u00e4nkt. Die Garantie wird getragen von Kornkraft Getreidem\u00fchlen, H\u00fcttenstra\u00dfe 6 &#8211; 7, 66839 Schmelz und gilt in Deutschland. Im Garantiefall wenden Sie sich direkt an Kornkraft Getreidem\u00fchlen unter Tel. 068871557 oder nat\u00fcrlich gerne an uns.<\/p><p><span style=\"color: #ffffff;\">Luba<\/span><\/p>","protected":false},"excerpt":{"rendered":"<p>Toscana die StarkeDie sie ohne Stromkabel auskommt, k\u00f6nnen Sie sie dort aufbauen, wo sie gerade gebraucht wird &#8211; und sei es beim Fr\u00fchst\u00fcck in einem toscanischen Olivenhain.W\u00e4hrend Sie dem Getreide zusehen, wie es beim Mahlen durch den Tricher rinnt, h\u00f6ren Sie statt dem Dr\u00f6hnen eines Motores lediglich das sanfte Reibeger\u00e4usch der Naturmalsteine.Leistung z\u00e4hlt:Toscana ist der [&hellip;]<\/p>\n","protected":false},"featured_media":2263,"template":"","meta":[],"product_brand":[],"product_cat":[182],"product_tag":[],"class_list":{"0":"post-2264","1":"product","2":"type-product","3":"status-publish","4":"has-post-thumbnail","6":"product_cat-handmuehlen","7":"product_shipping_class-direkt-luba","8":"pa_farbe-buche","10":"first","11":"instock","12":"taxable","13":"shipping-taxable","14":"purchasable","15":"product-type-simple"},"supplier_id":1283,"supplier_sku":"310-301","barcode":null,"atum_controlled":true,"out_stock_date":null,"out_stock_threshold":null,"inheritable":false,"inbound_stock":0,"stock_on_hold":0,"sold_today":0,"sales_last_days":0,"reserved_stock":0,"customer_returns":0,"warehouse_damage":0,"lost_in_post":0,"other_logs":0,"out_stock_days":0,"lost_sales":0,"has_location":false,"update_date":"2025-09-02T17:59:07","atum_locations":[],"atum_stock_status":"instock","restock_status":false,"low_stock_amount":"","sales_update_date":"2025-09-02T17:59:07","calc_backorders":null,"_links":{"self":[{"href":"https:\/\/wordpress.famberg.de\/index.php\/wp-json\/wp\/v2\/product\/2264","targetHints":{"allow":["GET"]}}],"collection":[{"href":"https:\/\/wordpress.famberg.de\/index.php\/wp-json\/wp\/v2\/product"}],"about":[{"href":"https:\/\/wordpress.famberg.de\/index.php\/wp-json\/wp\/v2\/types\/product"}],"wp:featuredmedia":[{"embeddable":true,"href":"https:\/\/wordpress.famberg.de\/index.php\/wp-json\/wp\/v2\/media\/2263"}],"wp:attachment":[{"href":"https:\/\/wordpress.famberg.de\/index.php\/wp-json\/wp\/v2\/media?parent=2264"}],"wp:term":[{"taxonomy":"product_brand","embeddable":true,"href":"https:\/\/wordpress.famberg.de\/index.php\/wp-json\/wp\/v2\/product_brand?post=2264"},{"taxonomy":"product_cat","embeddable":true,"href":"https:\/\/wordpress.famberg.de\/index.php\/wp-json\/wp\/v2\/product_cat?post=2264"},{"taxonomy":"product_tag","embeddable":true,"href":"https:\/\/wordpress.famberg.de\/index.php\/wp-json\/wp\/v2\/product_tag?post=2264"}],"curies":[{"name":"wp","href":"https:\/\/api.w.org\/{rel}","templated":true}]}}