{"id":2258,"date":"2024-07-10T13:39:54","date_gmt":"2024-07-10T11:39:54","guid":{"rendered":"https:\/\/wordpress.famberg.de\/index.php\/produkt\/gartenmoebel-2-stuehle-sessel-mendip-teak-2-stueck\/"},"modified":"2024-10-07T12:59:48","modified_gmt":"2024-10-07T10:59:48","slug":"gartenmoebel-2-stuehle-sessel-mendip-teak-2-stueck","status":"publish","type":"product","link":"https:\/\/wordpress.famberg.de\/index.php\/produkt\/gartenmoebel-2-stuehle-sessel-mendip-teak-2-stueck\/","title":{"rendered":"deVries Gartenm\u00f6bel 2 St\u00fchle Sessel Mendip Teak  2 St\u00fcck"},"content":{"rendered":"<p><!--b20baeb5a404822d--><\/p><div><span style=\"font-size: medium;\"><b>Gartenstuhl MENDIP passend zur Gartenbank MENDIP<\/b><\/span><\/div><div><span style=\"font-size: medium;\">\u00a0<\/span><\/div><div><p><span style=\"font-size: medium;\">Mit Teakholzm\u00f6beln von deVries* kommt in Ihrem Garten Sommer-Freude auf. Sie k\u00f6nnen mit diesen M\u00f6beln aber auch in Ihrem Wintergarten zu einem exotischen Pl\u00e4tzchen verwandeln.<\/span><span style=\"font-size: medium;\">aus echtem Teakholz, sehr hochwertig verarbeitet<\/span><\/p><ul><li><span style=\"font-size: medium;\">extrem massiv<\/span><\/li><li><span style=\"font-size: medium;\">ergonomisch geformte Sitz- und R\u00fcckenfl\u00e4che<\/span><\/li><li><span style=\"font-size: medium;\">ohne Schrauben<\/span><\/li><li><span style=\"font-size: medium;\">gezapft und ged\u00fcbelt f\u00fcr mehr Stabilit\u00e4t<\/span><\/li><\/ul><p><span style=\"font-size: medium;\">Hersteller: Dekovries<br \/>Abmessungen (HxBxT)\u00a0in cm: 94 x 61 x 54<\/span><\/p><p><b>Wir beraten Sie sehr gern.<\/b><br \/>Bitte beachten Sie: Die Serie von DekoVries ist ein Aktionsprogramm<br \/>mit eingeschr\u00e4nkter Verf\u00fcgbarkeit w\u00e4hrend der Saison. In der Regel sind alle<br \/>angegebenen Designs lieferbar. Es kann aber kurzfristig vorkommen das<br \/>vereinzelt ein Dessin nicht mehr geliefert werden kann, dann informieren wir<br \/>Sie nat\u00fcrlich sofort.<\/p><div>Teakholzm\u00f6bel der Marke DekoVries sind Schmuckst\u00fccke<br \/>f\u00fcr jeden Garten &#8211; sch\u00f6ne und solide M\u00f6bel, die jeden Gartensitzplatz in<br \/>einen gem\u00fctlichen Treffpunkt mit einzigartigem Ambiente verwandeln.<\/div><p>&nbsp;<\/p><div><span style=\"font-size: medium;\">Das Holz f\u00fcr die Teakholzm\u00f6bel stammt ausschlie\u00dflich aus den<br \/>Staatsplantagen Indonesiens, die von der Perhutani, der staatlichen<br \/>Forstverwaltung, verwaltet werden. In diesen Plantagen wird seit ca. 100<br \/>Jahren Teak nach streng forstwirtschaftlichen Richtlinien an- und<br \/>abgebaut, um das Gleichgewicht zwischen Holzgewinnung und Neuanpflanzung<br \/>zu gew\u00e4hrleisten. Zur Fertigung der M\u00f6bel setzt DekoVries nur<br \/>ofengetrocknetes Holz ein. Um die gute Qualit\u00e4t der M\u00f6bel zu<br \/>gew\u00e4hrleisten, besch\u00e4ftigt DekoVries auf Java unter europ\u00e4ischer Leitung<br \/>rund 300 Mitarbeiter, die ausschlie\u00dflich f\u00fcr die Endbearbeitung,<br \/>Qualit\u00e4tskontrolle und Verpackung zust\u00e4ndig sind. Jedes M\u00f6belst\u00fcck wird<br \/>so auf Verarbeitung und Funktion gepr\u00fcft.<\/span><\/div><div><span style=\"font-size: medium;\">\u00a0<\/span><\/div><div><span style=\"font-size: medium;\">Wie jedes Holz reagiert auch Teakholz auf Witterungseinfl\u00fcsse.<br \/>Farbabweichungen sind ebenso normal wie Haarrisse. Diese beeintr\u00e4chtigen<br \/>aber in keiner Weise die lange Haltbarkeit der M\u00f6belst\u00fccke. Im Freien<br \/>aufgestellte Teakholzm\u00f6bel, die nicht behandelt werden, bekommen mit der<br \/>Zeit eine silbergraue Patine, die von vielen Kunden sogar ausdr\u00fccklich<br \/>gew\u00fcnscht wird. Sie k\u00f6nnen jedoch mit speziellen Pflegeprodukten, die<br \/>wir auch anbieten,\u00a0 jederzeit den urspr\u00fcnglichen Farbton zur\u00fcck<br \/>erhalten. Freuen Sie sich auf den Sommer und lassen Sie sich von unserem<br \/>umfangreichen Sortiment inspirieren&#8230;<\/span><\/div><div><span style=\"font-size: medium;\">\u00a0<\/span><\/div><p><span style=\"font-size: medium;\">* deVries ist eine Marke der Dekovries GmbH<br \/><\/span><\/p><\/div><p><span style=\"font-size: medium;\">\u00a0<\/span><\/p>","protected":false},"excerpt":{"rendered":"<p>Gartenstuhl MENDIP passend zur Gartenbank MENDIP\u00a0Mit Teakholzm\u00f6beln von deVries* kommt in Ihrem Garten Sommer-Freude auf. Sie k\u00f6nnen mit diesen M\u00f6beln aber auch in Ihrem Wintergarten zu einem exotischen Pl\u00e4tzchen verwandeln.aus echtem Teakholz, sehr hochwertig verarbeitetextrem massivergonomisch geformte Sitz- und R\u00fcckenfl\u00e4cheohne Schraubengezapft und ged\u00fcbelt f\u00fcr mehr Stabilit\u00e4tHersteller: DekovriesAbmessungen (HxBxT)\u00a0in cm: 94 x 61 x 54Wir beraten [&hellip;]<\/p>\n","protected":false},"featured_media":2257,"template":"","meta":[],"product_brand":[],"product_cat":[110],"product_tag":[],"class_list":{"0":"post-2258","1":"product","2":"type-product","3":"status-publish","4":"has-post-thumbnail","6":"product_cat-gartenmoebel","7":"product_shipping_class-direkt-devries","9":"first","10":"instock","11":"sale","12":"taxable","13":"shipping-taxable","14":"purchasable","15":"product-type-simple"},"supplier_id":1294,"supplier_sku":"2x 63110C","barcode":null,"atum_controlled":true,"out_stock_date":null,"out_stock_threshold":null,"inheritable":false,"inbound_stock":0,"stock_on_hold":0,"sold_today":0,"sales_last_days":0,"reserved_stock":0,"customer_returns":0,"warehouse_damage":0,"lost_in_post":0,"other_logs":0,"out_stock_days":0,"lost_sales":0,"has_location":false,"update_date":"2024-12-09T17:35:50","atum_locations":[],"atum_stock_status":"instock","restock_status":false,"low_stock_amount":"","sales_update_date":"2024-12-09T17:35:50","calc_backorders":null,"_links":{"self":[{"href":"https:\/\/wordpress.famberg.de\/index.php\/wp-json\/wp\/v2\/product\/2258","targetHints":{"allow":["GET"]}}],"collection":[{"href":"https:\/\/wordpress.famberg.de\/index.php\/wp-json\/wp\/v2\/product"}],"about":[{"href":"https:\/\/wordpress.famberg.de\/index.php\/wp-json\/wp\/v2\/types\/product"}],"wp:featuredmedia":[{"embeddable":true,"href":"https:\/\/wordpress.famberg.de\/index.php\/wp-json\/wp\/v2\/media\/2257"}],"wp:attachment":[{"href":"https:\/\/wordpress.famberg.de\/index.php\/wp-json\/wp\/v2\/media?parent=2258"}],"wp:term":[{"taxonomy":"product_brand","embeddable":true,"href":"https:\/\/wordpress.famberg.de\/index.php\/wp-json\/wp\/v2\/product_brand?post=2258"},{"taxonomy":"product_cat","embeddable":true,"href":"https:\/\/wordpress.famberg.de\/index.php\/wp-json\/wp\/v2\/product_cat?post=2258"},{"taxonomy":"product_tag","embeddable":true,"href":"https:\/\/wordpress.famberg.de\/index.php\/wp-json\/wp\/v2\/product_tag?post=2258"}],"curies":[{"name":"wp","href":"https:\/\/api.w.org\/{rel}","templated":true}]}}