{"id":2136,"date":"2024-05-17T19:23:40","date_gmt":"2024-05-17T17:23:40","guid":{"rendered":"https:\/\/wordpress.famberg.de\/?post_type=product&#038;p=2136"},"modified":"2024-10-24T13:53:15","modified_gmt":"2024-10-24T11:53:15","slug":"devries-genua-diningsessel-rope-7-mm-rund-dark-grey","status":"publish","type":"product","link":"https:\/\/wordpress.famberg.de\/index.php\/produkt\/devries-genua-diningsessel-rope-7-mm-rund-dark-grey\/","title":{"rendered":"DeVries Genua Diningsessel Rope 7 mm rund dark grey"},"content":{"rendered":"<p>Die Rope-M\u00f6bel von dekoVries klingen wirklich vielseitig und praktisch. Ihre strapazierf\u00e4higen und witterungsbest\u00e4ndigen Eigenschaften machen sie perfekt f\u00fcr den Au\u00dfenbereich, w\u00e4hrend ihr modernes Design und die erstklassigen Materialien auch im Innenraum eine stilvolle Atmosph\u00e4re schaffen k\u00f6nnen. Ob auf der Terrasse, im Garten oder im Wohnzimmer \u2013 diese M\u00f6belst\u00fccke sind sicherlich eine Bereicherung!<\/p><p>Mengeneinheit St\u00fcck<br \/>Breite (cm) 58.00<br \/>H\u00f6he (cm) 78.00<br \/>Tiefe (cm) 63.00<br \/>Farbe dark grey, uni grey<br \/>Material Aluminium, Rope 7 mm<\/p><p><strong>Produkteigenschaften<\/strong><\/p><div class=\"grey\"><ul class=\"datenlisting\"><li>stabiler Aluminiumrahmen powder coated<\/li><li>inkl. Sitz- und R\u00fcckenkissen uni grey<\/li><li>Rope 7 mm rund dark grey<\/li><li>moderner Diningsessel mit hohem Komfort<\/li><\/ul><p><strong>Materialeigenschaften:<\/strong><br \/>M\u00f6bel aus Aluminium bieten mit ihren ausgesprochen positiven, witterungsbest\u00e4ndigen Materialeigenschaften, gerade im Au\u00dfeneinsatz, eine ideale Basis.<\/p><p>Unsere Rope-M\u00f6bel bestechen durch ihr junges und trendiges aussehen. Die besonders strapazierf\u00e4higen und witterungsbest\u00e4ndigen Rope Fasern sind ideal f\u00fcr den Outdoorbereich geeignet. Das Material trocknet schnell, ist pflegeleicht und formbest\u00e4ndig. Durch den ausgewogenen Materialmix wirken die M\u00f6bel innovativ und modern.<\/p><p>Die Auflagen bestehen aus 100% Polyester.<\/p><p>DeVries<\/p><\/div>","protected":false},"excerpt":{"rendered":"<p>Die Rope-M\u00f6bel von dekoVries klingen wirklich vielseitig und praktisch. Ihre strapazierf\u00e4higen und witterungsbest\u00e4ndigen Eigenschaften machen sie perfekt f\u00fcr den Au\u00dfenbereich, w\u00e4hrend ihr modernes Design und die erstklassigen Materialien auch im Innenraum eine stilvolle Atmosph\u00e4re schaffen k\u00f6nnen. Ob auf der Terrasse, im Garten oder im Wohnzimmer \u2013 diese M\u00f6belst\u00fccke sind sicherlich eine Bereicherung!Mengeneinheit St\u00fcckBreite (cm) 58.00H\u00f6he [&hellip;]<\/p>\n","protected":false},"featured_media":2143,"template":"","meta":[],"product_brand":[],"product_cat":[110],"product_tag":[207,212],"class_list":{"0":"post-2136","1":"product","2":"type-product","3":"status-publish","4":"has-post-thumbnail","6":"product_cat-gartenmoebel","7":"product_tag-207","8":"product_tag-212","9":"product_shipping_class-direkt-devries","11":"first","12":"instock","13":"taxable","14":"shipping-taxable","15":"purchasable","16":"product-type-variable"},"supplier_id":null,"supplier_sku":"","barcode":null,"atum_controlled":true,"out_stock_date":null,"out_stock_threshold":null,"inheritable":true,"inbound_stock":0,"stock_on_hold":0,"sold_today":0,"sales_last_days":0,"reserved_stock":0,"customer_returns":0,"warehouse_damage":0,"lost_in_post":0,"other_logs":0,"out_stock_days":0,"lost_sales":0,"has_location":false,"update_date":"2024-10-22T13:06:44","atum_locations":[],"atum_stock_status":"instock","restock_status":false,"low_stock_amount":"","sales_update_date":"2024-10-22T13:06:44","calc_backorders":null,"_links":{"self":[{"href":"https:\/\/wordpress.famberg.de\/index.php\/wp-json\/wp\/v2\/product\/2136","targetHints":{"allow":["GET"]}}],"collection":[{"href":"https:\/\/wordpress.famberg.de\/index.php\/wp-json\/wp\/v2\/product"}],"about":[{"href":"https:\/\/wordpress.famberg.de\/index.php\/wp-json\/wp\/v2\/types\/product"}],"wp:featuredmedia":[{"embeddable":true,"href":"https:\/\/wordpress.famberg.de\/index.php\/wp-json\/wp\/v2\/media\/2143"}],"wp:attachment":[{"href":"https:\/\/wordpress.famberg.de\/index.php\/wp-json\/wp\/v2\/media?parent=2136"}],"wp:term":[{"taxonomy":"product_brand","embeddable":true,"href":"https:\/\/wordpress.famberg.de\/index.php\/wp-json\/wp\/v2\/product_brand?post=2136"},{"taxonomy":"product_cat","embeddable":true,"href":"https:\/\/wordpress.famberg.de\/index.php\/wp-json\/wp\/v2\/product_cat?post=2136"},{"taxonomy":"product_tag","embeddable":true,"href":"https:\/\/wordpress.famberg.de\/index.php\/wp-json\/wp\/v2\/product_tag?post=2136"}],"curies":[{"name":"wp","href":"https:\/\/api.w.org\/{rel}","templated":true}]}}