{"id":2130,"date":"2024-05-14T09:18:25","date_gmt":"2024-05-14T07:18:25","guid":{"rendered":"https:\/\/wordpress.famberg.de\/index.php\/produkt\/windschutz-und-warmhalterost-fuer-classic-und-rundo\/"},"modified":"2025-03-07T12:59:26","modified_gmt":"2025-03-07T11:59:26","slug":"windschutz-und-warmhalterost-fuer-classic-und-rundo","status":"publish","type":"product","link":"https:\/\/wordpress.famberg.de\/index.php\/produkt\/windschutz-und-warmhalterost-fuer-classic-und-rundo\/","title":{"rendered":"Steiniger Windschutz und Warmhalterost f\u00fcr CLASSIC und RUNDO"},"content":{"rendered":"<p>Sonderzubeh\u00f6r f\u00fcr VogtlandGrill CLASSIC und RUNDO<\/p><p><span style=\"color: #ffffff;\">Steiniger<\/span><\/p>","protected":false},"excerpt":{"rendered":"<p>Sonderzubeh\u00f6r f\u00fcr VogtlandGrill CLASSIC und RUNDOSteiniger<\/p>\n","protected":false},"featured_media":2129,"template":"","meta":[],"product_brand":[],"product_cat":[189],"product_tag":[],"class_list":{"0":"post-2130","1":"product","2":"type-product","3":"status-publish","4":"has-post-thumbnail","6":"product_cat-ersatzteile-vogtlandgrill","7":"product_shipping_class-steininger-zubehoer","9":"first","10":"instock","11":"taxable","12":"shipping-taxable","13":"purchasable","14":"product-type-simple"},"supplier_id":1302,"supplier_sku":"Grill41","barcode":null,"atum_controlled":true,"out_stock_date":null,"out_stock_threshold":null,"inheritable":false,"inbound_stock":null,"stock_on_hold":0,"sold_today":0,"sales_last_days":0,"reserved_stock":null,"customer_returns":null,"warehouse_damage":null,"lost_in_post":null,"other_logs":null,"out_stock_days":0,"lost_sales":0,"has_location":false,"update_date":"2025-05-27T13:44:02","atum_locations":[],"atum_stock_status":"instock","restock_status":false,"low_stock_amount":"","sales_update_date":"2025-05-27T13:44:02","calc_backorders":null,"_links":{"self":[{"href":"https:\/\/wordpress.famberg.de\/index.php\/wp-json\/wp\/v2\/product\/2130","targetHints":{"allow":["GET"]}}],"collection":[{"href":"https:\/\/wordpress.famberg.de\/index.php\/wp-json\/wp\/v2\/product"}],"about":[{"href":"https:\/\/wordpress.famberg.de\/index.php\/wp-json\/wp\/v2\/types\/product"}],"wp:featuredmedia":[{"embeddable":true,"href":"https:\/\/wordpress.famberg.de\/index.php\/wp-json\/wp\/v2\/media\/2129"}],"wp:attachment":[{"href":"https:\/\/wordpress.famberg.de\/index.php\/wp-json\/wp\/v2\/media?parent=2130"}],"wp:term":[{"taxonomy":"product_brand","embeddable":true,"href":"https:\/\/wordpress.famberg.de\/index.php\/wp-json\/wp\/v2\/product_brand?post=2130"},{"taxonomy":"product_cat","embeddable":true,"href":"https:\/\/wordpress.famberg.de\/index.php\/wp-json\/wp\/v2\/product_cat?post=2130"},{"taxonomy":"product_tag","embeddable":true,"href":"https:\/\/wordpress.famberg.de\/index.php\/wp-json\/wp\/v2\/product_tag?post=2130"}],"curies":[{"name":"wp","href":"https:\/\/api.w.org\/{rel}","templated":true}]}}