{"id":2120,"date":"2024-05-06T12:38:46","date_gmt":"2024-05-06T10:38:46","guid":{"rendered":"https:\/\/wordpress.famberg.de\/?post_type=product&#038;p=2120"},"modified":"2024-10-24T13:52:52","modified_gmt":"2024-10-24T11:52:52","slug":"devries-strandkorb-pure-wave-xl-pe-grey-des-484","status":"publish","type":"product","link":"https:\/\/wordpress.famberg.de\/index.php\/produkt\/devries-strandkorb-pure-wave-xl-pe-grey-des-484\/","title":{"rendered":"deVries Strandkorb PURE\u00ae Wave XL PE grey Des. 484"},"content":{"rendered":"<p>Der\u00a0<strong>deVries PURE\u00ae Wave XL<\/strong>\u00a0ist ein Strandkorb, der maritimes Flair vermittelt und bequemes, gem\u00fctliches Entspannen in der Freizeit erm\u00f6glicht. Dieser exklusive Blickfang bietet ausreichend Platz f\u00fcr zwei erwachsene Personen. Obwohl er vielleicht keinen kompletten Urlaub mit Wasser, Wellen, Strand und Sonne ersetzen kann, verleiht er definitiv Strand- und Urlaubsflair. Hier sind einige Details zum\u00a0<strong>deVries PURE\u00ae Wave XL<\/strong>:<\/p><ul><li><strong>Korpus<\/strong>: Der Korpus besteht aus hochwertiger, umweltschonend abgebauter und verarbeiteter wetterfester Pinie. Er ist grau lasiert und garantiert Stabilit\u00e4t.<\/li><li><strong>Geflecht<\/strong>: Das 8 mm PE-Markengeflecht ist vollst\u00e4ndig recycelbar und beidseitig durchgeflochten. Durch den Verzicht auf einen textilen Innenausschlag wird das Problem der Bildung von Stockflecken vermieden.<\/li><li><strong>Ausstattung<\/strong>:<ul><li>Der Strandkorb verf\u00fcgt \u00fcber einen verstellbaren Neigungswinkel der R\u00fcckenlehne und h\u00f6henverstellbare Nackenkissen f\u00fcr maximalen Komfort.<\/li><li>Zwei Holz-Bullaugen im Oberkorb sorgen f\u00fcr einen stilvollen Look.<\/li><li>Serienm\u00e4\u00dfig sind zwei Klapptische vorhanden, um Getr\u00e4nke, Lesebrille, Zeitung oder Buch abzulegen.<\/li><li>Die Kissenausstattung ist komplett herausnehmbar und waschbar.<\/li><li>Eine leicht abnehmbare Markise bietet zus\u00e4tzlichen Schutz.<\/li><\/ul><\/li><li><a class=\"tooltip-target\" href=\"https:\/\/www.bing.com\/aclk?ld=e8ZIHMjE-oKr_Va3qWGQJJgjVUCUzv1-RinXYMrHu59VxPK-aUmZVYqhUcMYj2aget3I4AKSxzMBlrb7ZNo7oASJoaJzZqZ_4EKyhM75mM3umtY2xmFRQut6uJTXfw6ai6KhXnlLEY1092JUwNpUzahCU971Zq5QHkzmwypmdqBGrUUlf7&amp;u=aHR0cHMlM2ElMmYlMmZ3d3cuYmVuZS1saXZpbmcuZGUlMmZzdHJhbmRrb3JiJTJmZGV2cmllcyUzZm1zY2xraWQlM2QwNDU2NzZjZmRhNzYxN2M3ODNmYTEwZjc3NmVkYzgwMyUyNnV0bV9zb3VyY2UlM2RiaW5nJTI2dXRtX21lZGl1bSUzZGNwYyUyNnV0bV9jYW1wYWlnbiUzZERFJTI1MjAlMjU3QyUyNTIwZGVWcmllcyUyNnV0bV90ZXJtJTNkZGVWcmllcyUyNnV0bV9jb250ZW50JTNkZGVWcmllcyUyNTIwJTI1N0Nw&amp;rlid=045676cfda7617c783fa10f776edc803\" target=\"_blank\" rel=\"noopener\" data-citationid=\"da2912cd-0a3d-b097-a77e-263fdf8ec04c-20-group\"><strong>Empfehlung<\/strong>: Obwohl der\u00a0<strong>deVries PURE\u00ae Wave XL<\/strong>\u00a0f\u00fcr den Au\u00dfenbereich geeignet ist, wird dennoch eine Schutz\u00fclle empfohlen, um die Langlebigkeit des Gartenm\u00f6bels zu verl\u00e4ngern<\/a><\/li><\/ul><p>Breite (cm) 140.00<br \/>H\u00f6he (cm) 160.00<br \/>Tiefe (cm) 80.00<br \/>Farbe grey<br \/>Material Pinienholz<\/p><p><b>Korpus<\/b><\/p><ul class=\"datenlisting\"><li>Pinienholz, grau lasiert<\/li><li>7 mm PE-Markengeflecht, voll-recyclebar<\/li><li>Korpus beidseitig geflochten<\/li><li><strong>beidseitig geflochten (von innen + au\u00dfen), <\/strong><strong>inkl. dazwischenliegender<br \/>Schutzfolie als unsichtbarer Windschutz<\/strong><\/li><li>ohne textilen Innenausschlag<\/li><li>mehrfach verstellbar<\/li><li><b>XL &#8211; extra breite und tiefe Sitzfl\u00e4che<\/b><\/li><li>verzinkte Beschl\u00e4ge<\/li><li>Oberkorb mit Zopfleiste<\/li><li>zwei Holzbullaugen im Oberkorb<\/li><li>Markise leicht abnehmbar<\/li><li>ausschiebbare Fu\u00dfst\u00fct<\/li><\/ul><div class=\"grey\"><p><b>Ausstattung<\/b><\/p><ul class=\"datenlisting\"><li>inkl. zwei Klapptischen<\/li><li>Laufrollenmontage m\u00f6glich<\/li><\/ul><div class=\"grey\"><p><b>Kissenausstattung<\/b><\/p><ul class=\"datenlisting\"><li>Kissenausstattung komplett herausnehmbar<\/li><li>h\u00f6henverstellbare Nackenkissen<\/li><li>Kissenh\u00fclle mit Rei\u00dfverschluss, waschbar entsprechend Etikett<\/li><li>gepolsterte Fu\u00dfst\u00fctzen mit abnehmbaren Fu\u00dfkissen<\/li><li>zwei Knuffelkissen<\/li><\/ul><p><strong>Umweltbewusst!<\/strong>Die deVries-Produktionsst\u00e4tte ist von der indonesischen SUCOFINDO gepr\u00fcft und zertifiziert. Dies best\u00e4tigt, dass nur Holz aus legalem Anbau verwendet wird und somit die Bedingungen der EU-Holzverordnung erf\u00fcllt werden.<\/p><div class=\"grey\"><strong>Oeko-Tex\u00ae<\/strong>Oeko-Tex\u00ae steht f\u00fcr eine unabh\u00e4ngige Schadstoffpr\u00fcfung f\u00fcr gesundheitlich einwandfreie Textilprodukte aller Art.<br \/>Alle Stoffe, die f\u00fcr unsere Auflagen und Kissenausstattungen verwendet werden, sind in einer unabh\u00e4ngigen Schadstoffpr\u00fcfung nach Oeko-Tex\u00ae Standard gepr\u00fcft worden.<\/div><\/div><\/div>","protected":false},"excerpt":{"rendered":"<p>Der\u00a0deVries PURE\u00ae Wave XL\u00a0ist ein Strandkorb, der maritimes Flair vermittelt und bequemes, gem\u00fctliches Entspannen in der Freizeit erm\u00f6glicht. Dieser exklusive Blickfang bietet ausreichend Platz f\u00fcr zwei erwachsene Personen. Obwohl er vielleicht keinen kompletten Urlaub mit Wasser, Wellen, Strand und Sonne ersetzen kann, verleiht er definitiv Strand- und Urlaubsflair. Hier sind einige Details zum\u00a0deVries PURE\u00ae Wave [&hellip;]<\/p>\n","protected":false},"featured_media":2123,"template":"","meta":[],"product_brand":[],"product_cat":[109],"product_tag":[207,204],"class_list":{"0":"post-2120","1":"product","2":"type-product","3":"status-publish","4":"has-post-thumbnail","6":"product_cat-strandkoerbe","7":"product_tag-207","8":"product_tag-317154845p","9":"product_shipping_class-direkt-devries","11":"first","12":"instock","13":"taxable","14":"shipping-taxable","15":"purchasable","16":"product-type-simple"},"supplier_id":1294,"supplier_sku":"317154845P","barcode":null,"atum_controlled":true,"out_stock_date":null,"out_stock_threshold":null,"inheritable":false,"inbound_stock":0,"stock_on_hold":0,"sold_today":0,"sales_last_days":0,"reserved_stock":0,"customer_returns":0,"warehouse_damage":0,"lost_in_post":0,"other_logs":0,"out_stock_days":0,"lost_sales":0,"has_location":false,"update_date":"2024-10-24T11:52:52","atum_locations":[],"atum_stock_status":"instock","restock_status":false,"low_stock_amount":"","sales_update_date":"2024-10-21T12:27:28","calc_backorders":null,"_links":{"self":[{"href":"https:\/\/wordpress.famberg.de\/index.php\/wp-json\/wp\/v2\/product\/2120","targetHints":{"allow":["GET"]}}],"collection":[{"href":"https:\/\/wordpress.famberg.de\/index.php\/wp-json\/wp\/v2\/product"}],"about":[{"href":"https:\/\/wordpress.famberg.de\/index.php\/wp-json\/wp\/v2\/types\/product"}],"wp:featuredmedia":[{"embeddable":true,"href":"https:\/\/wordpress.famberg.de\/index.php\/wp-json\/wp\/v2\/media\/2123"}],"wp:attachment":[{"href":"https:\/\/wordpress.famberg.de\/index.php\/wp-json\/wp\/v2\/media?parent=2120"}],"wp:term":[{"taxonomy":"product_brand","embeddable":true,"href":"https:\/\/wordpress.famberg.de\/index.php\/wp-json\/wp\/v2\/product_brand?post=2120"},{"taxonomy":"product_cat","embeddable":true,"href":"https:\/\/wordpress.famberg.de\/index.php\/wp-json\/wp\/v2\/product_cat?post=2120"},{"taxonomy":"product_tag","embeddable":true,"href":"https:\/\/wordpress.famberg.de\/index.php\/wp-json\/wp\/v2\/product_tag?post=2120"}],"curies":[{"name":"wp","href":"https:\/\/api.w.org\/{rel}","templated":true}]}}