{"id":2094,"date":"2024-05-02T11:14:20","date_gmt":"2024-05-02T09:14:20","guid":{"rendered":"https:\/\/wordpress.famberg.de\/index.php\/produkt\/vakuumiergeraet-v350-premium-mit-starterset-70-e-zubehoer-gratis\/"},"modified":"2025-06-05T19:07:37","modified_gmt":"2025-06-05T17:07:37","slug":"vakuumiergeraet-v350-premium-mit-starterset-70-e-zubehoer-gratis","status":"publish","type":"product","link":"https:\/\/wordpress.famberg.de\/index.php\/produkt\/vakuumiergeraet-v350-premium-mit-starterset-70-e-zubehoer-gratis\/","title":{"rendered":"Vakuumierger\u00e4t V350 Premium mit Starterset 70 \u20ac Zubeh\u00f6r Gratis"},"content":{"rendered":"<div><h2><strong><span style=\"color: #ff0000;\"><span style=\"color: #009900; font-size: medium;\"><span style=\"color: #008000;\">Inklusive Absaugvorrichtung &amp; Beutel-Start-Set + Gratiszugabe Zubeh\u00f6r im Wert der aktuellen Aktion &#8211; siehe unten<\/span>!<\/span><br \/><\/span><span style=\"font-size: medium;\">Jetzt inklusive Vakuum-Druckregulierung L+<\/span><\/strong><\/h2><p><b><span style=\"font-size: large;\"><strong style=\"font-family: Arial;\">V.350<\/strong>\u00a0 <span style=\"font-family: Arial;\">Profi- Vakuumierger\u00e4t<\/span><\/span><\/b><\/p><\/div><div><span style=\"font-size: small;\"><span style=\"font-family: Arial;\">Das <\/span><span style=\"font-family: Arial;\">Profi &#8211; Vakuumierger\u00e4t V.350<sup>\u00ae<\/sup> Premium<\/span>, mit einer 36 cm Schwei\u00dfbandl\u00e4nge, ist das neue Vakuumierger\u00e4t im Bereich Gewerbemaschinen. Durch seine exakte Manometer-Anzeige,die M\u00f6glichkeit f\u00fcr Dreifachschwei\u00dfn\u00e4hte und em hochwertigen Edelstahlgeh\u00e4use komt es im Kleingewerbe, der Garstonomie sowie in der Industrie zum Einsatz.<span style=\"font-family: Arial;\">Ausger\u00fcstet mit\u00a0der neuen Lava Turbo Pumpe (LTP) erzeugt es einen Unterdruck von -0,9<\/span><span style=\"font-family: Arial;\"> bar bei starken\u00a0<\/span><span style=\"font-family: Arial;\">35 ltr.\/min. Pumpenleistung.\u00a0<\/span><\/span><\/div><p><span style=\"font-size: small;\"><br \/><b>Warum Lava Vakuumierger\u00e4te? <\/b><br \/>Das Lava Vakuumierger\u00e4t<br \/><\/span><\/p><ul><li><span style=\"font-size: small;\">hat eine lange Lebensdauer<\/span><\/li><li><span style=\"font-size: small;\">ist gefertigt in Deutschland<\/span><\/li><li><span style=\"font-size: small;\">ist geeignet f\u00fcr Gastronomie und Gewerbe<\/span><\/li><li><span style=\"font-size: small;\">ist f\u00fcr den Einsatz mit Beuteln und Beh\u00e4ltern geeignet<\/span><\/li><li><span style=\"font-size: small;\">ist f\u00fcr den t\u00e4glichen Dauereinsatz konzipiert<\/span><\/li><li><span style=\"font-size: small;\">kann auch f\u00fcr druckempfindliche Lebensmittel eingesetzt werden<\/span><\/li><\/ul><p><span style=\"font-size: medium;\"><span style=\"font-size: small;\">Ein Lava-Vakuumierger\u00e4t ist eine langfristige Investition und hat eine durchschnittliche Lebensdauer von 15 Jahren! Herstellergarantie von 2 Jahren.<b><br \/>Hier im Shop optional erh\u00e4ltlich &#8211; Eine Garantieverl\u00e4ngerung auf 5 Jahre<\/b><br \/>ab 25,00 \u20ac. Wichtig: Garantie nur direkt beim Ger\u00e4tekauf abschlie\u00dfbar. G\u00fcltig nur mit der vollst\u00e4ndig ausgef\u00fcllten\u00a0 &#8222;Lava-5-Jahres-Garantiekarte&#8220;, welche jedem Produkt mit verl\u00e4ngerter Garantie beigef\u00fcgt ist (Fragen Sie unbedingt Ihren H\u00e4ndler). Ohne diese Garantiekarte ist die Anerkennung der 5-Jahres-Garantie nicht m\u00f6glich.<br \/><\/span><br \/><\/span><\/p><div><strong style=\"font-size: 12pt; font-family: Arial;\"><span style=\"font-size: medium;\"><img decoding=\"async\" title=\"Vakuumierger\u00e4t V.350 Premium - Lava Profiger\u00e4t mit 3 Schwei\u00dfn\u00e4hten\" src=\"https:\/\/www.la-va.com\/templates\/xtc4\/img\/vergleich\/v350p.jpg\" alt=\"Das Vakuumierger\u00e4t V.350 Premium f\u00fcr Gewerbe und Industrie - Vakuumverpacken von ESD Beutel, ESD Vakuumbeutel, oder als Korrosionsschutz - neu, das V.350 Premium mit 36 cm Schwei\u00dfbandl\u00e4nge - ideal f\u00fcr J\u00e4ger, Angler und Gewerbe. Das Lava Vakuumierger\u00e4t im Edelstahlgeh\u00e4use\" \/><\/span><\/strong><\/div><div><strong style=\"font-size: 12pt; font-family: Arial;\"><strong><strong><br \/><\/strong><\/strong><\/strong><img decoding=\"async\" src=\"https:\/\/ebaylayout.famberg.de\/userfiles\/LavaSets.png\" alt=\"Aktion\" align=\"none\" \/><\/div><p><span style=\"font-size: medium;\">\u00a0<\/span><strong>Lieferumfang<\/strong><br \/>Das Profi &#8211; Vakuumierger\u00e4t wird geliefert in einem Start-Set, bestehend aus:<br \/>&#8211; Vakuumierger\u00e4t V.350 <strong>Farbe metall\/silber<br \/><\/strong>&#8211; Gratiszugabe im Wert der Aktion (siehe oben)<br \/>&#8211; <strong><span style=\"color: #ff0000;\">Jetzt<\/span><\/strong><strong><span style=\"color: #ff0000;\"> inklusive Vakuum-Druckregulierung L+\u00a0<\/span><\/strong><br \/>&#8211; Lava-Absaugvorrichtung f\u00fcr Beh\u00e4lter<br \/>&#8211; Startset verschiedener Vakuumbeutel<br \/>&#8211; Ausf\u00fchrliche Bedienungsanleitung mit Garantieschein<\/p><div><p><strong>Diese Qualit\u00e4tsmerkmale des V.350 Premium mit 3fach Schwei\u00dfnaht werden auch Sie \u00fcberzeugen<\/strong><\/p><ol><li>V.350 ist geeignet f\u00fcr<strong> t\u00e4glichen Dauereinsatz<\/strong> in Privathaushalt, Gewerbe und Industrie<\/li><li>Herstellung von Folienbeuteln von individueller L\u00e4nge (Endlosrollen finden Sie in 3 Breiten im Lava Zubeh\u00f6rbereich)<\/li><li>Problemlose Verwendung glatter Siegelrand-Vakuumbeutel (ab 120 my St\u00e4rke)<\/li><li>Vakuumieren von allen Vakuumbeh\u00e4ltern, T\u00f6pfen, Einmachgl\u00e4sern und Twist-Off Gl\u00e4sern durch Absaugvorrichtung und Beh\u00e4lter<\/li><li>Individuell einstellbare Schwei\u00dfzeit &#8211; damit k\u00f6nnen Folien bis 200 m\u00b5 (Industriest\u00e4rke) mit einer Breite von bis zu 360 mm verschwei\u00dft werden<\/li><li>Vakuumieren und Verschwei\u00dfen von druckempfindlichen Lebensmitteln<\/li><li><strong>Saugleistung: Echte 35 Liter pro Minute<\/strong><\/li><li>Maximaler Unterdruck: -0,90 bar<\/li><li>Schwei\u00dfbandl\u00e4nge: 360 mm<\/li><li>Max. Nennleistung: 900 Watt<\/li><li>Verwendung von Hochleistungs-Kolbenpumpe mit Kugellagern<\/li><li><strong>Exakte Druckregulierung<\/strong> (gegen geringen Mehrpreis) m\u00f6glich Nicht nur wie bei Billig-Ger\u00e4ten \u00fcber die Stopp-Taste<\/li><li>Gegen geringen Mehrpreis kann der Unterdruck eingestellt werden<\/li><li>Serienm\u00e4\u00dfiger Fl\u00fcssigkeitsabscheider &#8211; sch\u00fctzt die Pumpe vor Fl\u00fcssigkeit<\/li><li>\u00dcberdimensional gro\u00dfe Schwei\u00dftrafos, dadurch keine \u00dcberhitzung des Ger\u00e4tes<\/li><li>Bis zu 1000 Schwei\u00dfn\u00e4hte am St\u00fcck oder stundenlanges Arbeiten m\u00f6glich<\/li><li>Stufenlos einstellbare Schwei\u00dfzeit serienm\u00e4\u00dfig, perfekt um versch. starke Folien zu verschwei\u00dfen (von einer d\u00fcnnen Chipst\u00fcte bis hin zum stabilen 200 m\u00b5-Beutel)<\/li><li>Verschwei\u00dfen von Folienbeuteln bis zu 200 m\u00b5 ohne zu vakuumieren<\/li><li>Alle Dichtungen sind nicht verklebt sondern nur gesteckt &#8211; einfacher Austausch m\u00f6glich.<\/li><li><strong>Wartungsfreie Ausf\u00fchrung &#8211; keine Folgekosten!<\/strong><\/li><li>Abmessungen Ger\u00e4t: 470 x 280 x 115 mm (BxTxH)<\/li><li>Gewicht: 11,0 kg<\/li><\/ol><\/div><div style=\"text-align: center;\"><div><div align=\"left\"><span style=\"font-family: Arial, Helvetica, sans-serif; font-size: medium;\"><strong style=\"font-family: Arial; font-size: 12pt;\"><span style=\"font-family: Arial, Helvetica, sans-serif;\">Die LA<\/span>.Va Modellreihe &#8211; Qualit\u00e4t Made in Germany<\/strong><\/span><\/div><\/div><p align=\"left\"><span style=\"font-family: Arial, Helvetica, sans-serif;\"><strong style=\"font-family: Arial; font-size: 12pt;\">Legende: <\/strong><span style=\"font-size: small;\">\u2022<\/span> ja <span style=\"font-size: small;\">\u2013<\/span> nein<br \/><strong>LCS:<\/strong> Lava Close System, dem patentierten Verschlu\u00dfsystem muss die Vakuumklappe w\u00e4hrend des Unterdruck-Aufbaus nicht mehr gehalten oder eingerastet werden. Schnelleres Arbeiten &#8211; das Ger\u00e4t arbeitet alleine. Es kann sofort der n\u00e4chste Vakuumbeutel mit Ware gef\u00fcllt werden. Einfachere Bedienbarkeit, es entf\u00e4llt ein kompletter Arbeitsschrift.<\/span><br \/><span style=\"font-family: Arial, Helvetica, sans-serif;\"><strong style=\"font-family: Arial; font-size: 12pt;\">LTP:<\/strong> Lava TurboPumpsystem passiert auf den aktuell angebotenen Premium-Modellen auf von Lava entwickelten leistungsstarken, 2-fach kugelgelagerten Kolbenpumpen mit 35 ltr.\/Minute Pumpenleistung und -0,90 bar Unterdruck. Und as alles bei ener gewoht hohen Laufruhe und Zuverl\u00e4ssigkeit im t\u00e4glichen Einsatz. Sekundenschnelles Vakuumieren selbst bei einem gro\u00dfen Vakuumbeutel.<\/span><\/p><p style=\"text-align: left;\">Die Landig + Lava GmbH &amp; Co. KG (nachfolgend \u201eHersteller\u201c genannt) gew\u00e4hrt 2 Jahre Garantie (bzw. bis zu 5 Jahre Garantieverl\u00e4ngerung gegen Mehrpreis, Details im Angebot) auf die mit dem Garantieversprechen beworbene Ware. Die Frist f\u00fcr die Berechnung der Garantiedauer beginnt mit dem Lieferdatum zum Kunden. Die Garantieleistung des Herstellers erstreckt sich r\u00e4umlich auf das Land der Bundesrepublik Deutschland sowie allen L\u00e4ndern der Europ\u00e4ischen Union. Treten w\u00e4hrend dieses Zeitraums Material- oder Herstellungsfehler auf, gew\u00e4hrt der Hersteller als Garantiegeber im Rahmen der Garantie eine kostenfreie Reparatur der Ware. N\u00e4hre Angaben zur Garantie entnehmen Sie Ihre Unterlagen bei Lieferung.<br \/>Durch die Herstellergarantie werden die gesetzlichen Rechte aus der Gew\u00e4hrleistung nicht eingeschr\u00e4nkt.<\/p><p style=\"text-align: left;\">Bitte wenden Sie sich im Garantiefall an den Garantiegeber:<br \/>Landig + Lava GmbH &amp; Co. KG<br \/>Valentinstra\u00dfe 35-1<br \/>88348 Bad Saulgau<br \/>Gern k\u00f6nnen Sie sich auch an uns wenden.<\/p><\/div>","protected":false},"excerpt":{"rendered":"<p>Inklusive Absaugvorrichtung &amp; Beutel-Start-Set + Gratiszugabe Zubeh\u00f6r im Wert der aktuellen Aktion &#8211; siehe unten!Jetzt inklusive Vakuum-Druckregulierung L+V.350\u00a0 Profi- Vakuumierger\u00e4tDas Profi &#8211; Vakuumierger\u00e4t V.350\u00ae Premium, mit einer 36 cm Schwei\u00dfbandl\u00e4nge, ist das neue Vakuumierger\u00e4t im Bereich Gewerbemaschinen. Durch seine exakte Manometer-Anzeige,die M\u00f6glichkeit f\u00fcr Dreifachschwei\u00dfn\u00e4hte und em hochwertigen Edelstahlgeh\u00e4use komt es im Kleingewerbe, der Garstonomie sowie [&hellip;]<\/p>\n","protected":false},"featured_media":5339,"template":"","meta":[],"product_brand":[],"product_cat":[126],"product_tag":[],"class_list":{"0":"post-2094","1":"product","2":"type-product","3":"status-publish","4":"has-post-thumbnail","6":"product_cat-vakuumiergeraete","7":"product_shipping_class-direkt-lava","8":"pa_druckanzeige-manometer","9":"pa_gehaeusefarbe-silber","10":"pa_herstellungsland-deutschland","11":"pa_max-unterdruck-094-bar","12":"pa_pumpenanzahl-554","13":"pa_pumpenleistung-35-litter-pro-minute","14":"pa_schweissbandlaenge-360-mm","15":"pa_schweissnaht-dreifach","17":"first","18":"instock","19":"taxable","20":"shipping-taxable","21":"purchasable","22":"product-type-variable"},"supplier_id":null,"supplier_sku":"","barcode":null,"atum_controlled":true,"out_stock_date":null,"out_stock_threshold":null,"inheritable":true,"inbound_stock":0,"stock_on_hold":0,"sold_today":0,"sales_last_days":0,"reserved_stock":0,"customer_returns":0,"warehouse_damage":0,"lost_in_post":0,"other_logs":0,"out_stock_days":0,"lost_sales":0,"has_location":false,"update_date":"2025-06-05T17:07:38","atum_locations":[],"atum_stock_status":"instock","restock_status":false,"low_stock_amount":"","sales_update_date":"2024-09-24T09:53:11","calc_backorders":null,"_links":{"self":[{"href":"https:\/\/wordpress.famberg.de\/index.php\/wp-json\/wp\/v2\/product\/2094","targetHints":{"allow":["GET"]}}],"collection":[{"href":"https:\/\/wordpress.famberg.de\/index.php\/wp-json\/wp\/v2\/product"}],"about":[{"href":"https:\/\/wordpress.famberg.de\/index.php\/wp-json\/wp\/v2\/types\/product"}],"wp:featuredmedia":[{"embeddable":true,"href":"https:\/\/wordpress.famberg.de\/index.php\/wp-json\/wp\/v2\/media\/5339"}],"wp:attachment":[{"href":"https:\/\/wordpress.famberg.de\/index.php\/wp-json\/wp\/v2\/media?parent=2094"}],"wp:term":[{"taxonomy":"product_brand","embeddable":true,"href":"https:\/\/wordpress.famberg.de\/index.php\/wp-json\/wp\/v2\/product_brand?post=2094"},{"taxonomy":"product_cat","embeddable":true,"href":"https:\/\/wordpress.famberg.de\/index.php\/wp-json\/wp\/v2\/product_cat?post=2094"},{"taxonomy":"product_tag","embeddable":true,"href":"https:\/\/wordpress.famberg.de\/index.php\/wp-json\/wp\/v2\/product_tag?post=2094"}],"curies":[{"name":"wp","href":"https:\/\/api.w.org\/{rel}","templated":true}]}}