{"id":2076,"date":"2024-04-27T13:05:17","date_gmt":"2024-04-27T11:05:17","guid":{"rendered":"https:\/\/wordpress.famberg.de\/index.php\/produkt\/wokpfanne-feuer-wok-grill-holzgrill-feuerwok-made-germany-fuer-unterwegs\/"},"modified":"2026-02-18T12:29:52","modified_gmt":"2026-02-18T11:29:52","slug":"wokpfanne-feuer-wok-grill-holzgrill-feuerwok-made-germany-fuer-unterwegs","status":"publish","type":"product","link":"https:\/\/wordpress.famberg.de\/index.php\/produkt\/wokpfanne-feuer-wok-grill-holzgrill-feuerwok-made-germany-fuer-unterwegs\/","title":{"rendered":"Grips Feuer Wok Campinggrill Reisegrill, Made Germany, Outdoor Grill mit Holzbox"},"content":{"rendered":"<div class=\"Y3BBE\" data-sfc-cp=\"\" data-hveid=\"CAEIBxAA\" data-processed=\"true\" data-complete=\"true\">Erleben Sie die pure Picknick- und Lagerfeuer-Idylle mit dem original <strong class=\"Yjhzub\" data-complete=\"true\">Grips Feuer-Wok<\/strong>! Dieses einzigartige, transportable Grill-Set in der praktischen Holzbox revolutioniert das Grillen im Freien. Sammeln Sie einfach etwas trockenes Holz und es kann losgehen \u2013 das Ergebnis ist umwerfend gut und durch die direkte Befeuerung entf\u00e4llt langes Anheizen.<\/div><div class=\"Fsg96\" data-sfc-cp=\"\" data-complete=\"true\" data-processed=\"true\"><\/div><div class=\"AdPoic\" role=\"heading\" aria-level=\"3\" data-animation-nesting=\"\" data-sfc-cp=\"\" data-complete=\"true\" data-processed=\"true\" data-sae=\"\"><strong class=\"Yjhzub\" data-complete=\"true\">Gesund &amp; Lecker Grillen \u2013 Die Vorteile:<\/strong><\/div><ul class=\"KsbFXc U6u95\" data-complete=\"true\" data-processed=\"true\"><li data-hveid=\"CAEICRAA\" data-complete=\"true\" data-sae=\"\"><span class=\"T286Pc\" data-sfc-cp=\"\" data-complete=\"true\"><strong class=\"Yjhzub\" data-complete=\"true\">Kein tropfendes Fett:<\/strong> Das Grillgut liegt auf der Wok-Pfanne, die Flammen abweist, aber die Hitze durchl\u00e4sst. So garen Fleisch und Gem\u00fcse, ohne auszutrocknen. Fett tropft nicht ungesund ins Feuer.<\/span><\/li><li data-hveid=\"CAEICRAB\" data-complete=\"true\" data-sae=\"\"><span class=\"T286Pc\" data-sfc-cp=\"\" data-complete=\"true\"><strong class=\"Yjhzub\" data-complete=\"true\">Schnell einsatzbereit:<\/strong> Keine langwierige Glutbildung n\u00f6tig. Einfach aufbauen, befeuern und los geht&#8217;s \u2013 \u00fcberall verwendbar.<\/span><\/li><li data-hveid=\"CAEICRAC\" data-complete=\"true\" data-sae=\"\"><span class=\"T286Pc\" data-sfc-cp=\"\" data-complete=\"true\"><strong class=\"Yjhzub\" data-complete=\"true\">Vielseitig:<\/strong> Ideal f\u00fcr Gem\u00fcse, Fleisch, Reis und andere Speisen. Die W\u00f6lbung erm\u00f6glicht verschiedene Temperaturzonen.<\/span><\/li><li data-hveid=\"CAEICRAD\" data-complete=\"true\" data-sae=\"\"><span class=\"T286Pc\" data-sfc-cp=\"\" data-complete=\"true\"><strong class=\"Yjhzub\" data-complete=\"true\">Hochwertige Materialien:<\/strong> Grillplatte aus 3 mm dickem, unbehandeltem Stahl.<\/span><\/li><li data-hveid=\"CAEICRAE\" data-complete=\"true\" data-sae=\"\"><span class=\"T286Pc\" data-sfc-cp=\"\" data-complete=\"true\"><strong class=\"Yjhzub\" data-complete=\"true\">Deutsches Qualit\u00e4tsprodukt:<\/strong> Aus dem Hause Stefan Dehn.<\/span><\/li><li data-hveid=\"CAEICRAF\" data-complete=\"true\" data-sae=\"\"><span class=\"T286Pc\" data-sfc-cp=\"\" data-complete=\"true\"><strong class=\"Yjhzub\" data-complete=\"true\">Mobilit\u00e4t:<\/strong> Inklusive robuster Transportkiste aus unbehandeltem Weichholz (gefertigt in einer Lebenshilfe Einrichtung) mit Stauraum f\u00fcr Utensilien und Brennholz.<\/span><\/li><\/ul><div class=\"Fsg96\" data-sfc-cp=\"\" data-complete=\"true\" data-processed=\"true\"><\/div><div class=\"AdPoic\" role=\"heading\" aria-level=\"3\" data-animation-nesting=\"\" data-sfc-cp=\"\" data-complete=\"true\" data-processed=\"true\" data-sae=\"\"><strong class=\"Yjhzub\" data-complete=\"true\">Produktdetails &amp; Abmessungen:<\/strong><\/div><div class=\"Y3BBE\" data-sfc-cp=\"\" data-hveid=\"CAEICxAA\" data-complete=\"true\" data-processed=\"true\">Das Set besteht aus drei Komponenten:<\/div><ol class=\"IaGLZe VimKh\" data-complete=\"true\" data-processed=\"true\"><li data-hveid=\"CAEIDBAA\" data-complete=\"true\" data-sae=\"\"><span class=\"T286Pc\" data-sfc-cp=\"\" data-complete=\"true\"><strong class=\"Yjhzub\" data-complete=\"true\">Die Wok-Pfanne:<\/strong><\/span><ul class=\"KsbFXc U6u95\" data-complete=\"true\"><li data-hveid=\"CAEIDBAB\" data-complete=\"true\" data-sae=\"\"><span class=\"T286Pc\" data-sfc-cp=\"\" data-complete=\"true\">Material: Unbehandelter, 3 mm dicker Stahl mit sanfter W\u00f6lbung<\/span><\/li><li data-hveid=\"CAEIDBAC\" data-complete=\"true\" data-sae=\"\"><span class=\"T286Pc\" data-sfc-cp=\"\" data-complete=\"true\">Ma\u00dfe: H: 30 mm; Durchmesser: 475 mm<\/span><\/li><li data-hveid=\"CAEIDBAD\" data-complete=\"true\" data-sae=\"\"><span class=\"T286Pc\" data-sfc-cp=\"\" data-complete=\"true\">Ausgestattet mit zwei praktischen Handgriffen<\/span><\/li><\/ul><\/li><li data-hveid=\"CAEIDBAE\" data-complete=\"true\" data-sae=\"\"><span class=\"T286Pc\" data-sfc-cp=\"\" data-complete=\"true\"><strong class=\"Yjhzub\" data-complete=\"true\">Der Feuer-Kocher:<\/strong><\/span><ul class=\"KsbFXc U6u95\" data-complete=\"true\"><li data-hveid=\"CAEIDBAF\" data-complete=\"true\" data-sae=\"\"><span class=\"T286Pc\" data-sfc-cp=\"\" data-complete=\"true\">Kompaktiert das Feuer kleinster Holzsp\u00e4ne zu einer starken Flamme<\/span><\/li><li data-hveid=\"CAEIDBAG\" data-complete=\"true\" data-sae=\"\"><span class=\"T286Pc\" data-sfc-cp=\"\" data-complete=\"true\">Ma\u00dfe: H: 220 mm; Durchmesser: 200 mm<\/span><\/li><\/ul><\/li><li data-hveid=\"CAEIDBAH\" data-complete=\"true\" data-sae=\"\"><span class=\"T286Pc\" data-sfc-cp=\"\" data-complete=\"true\"><strong class=\"Yjhzub\" data-complete=\"true\">Die Transport-Kiste:<\/strong><\/span><ul class=\"KsbFXc U6u95\" data-complete=\"true\"><li data-hveid=\"CAEIDBAI\" data-complete=\"true\" data-sae=\"\"><span class=\"T286Pc\" data-sfc-cp=\"\" data-complete=\"true\">Material: Unbehandeltes Weichholz mit praktischem Schiebedeckel<\/span><\/li><li data-hveid=\"CAEIDBAJ\" data-complete=\"true\" data-sae=\"\"><span class=\"T286Pc\" data-sfc-cp=\"\" data-complete=\"true\">Bietet Platz f\u00fcr das Set, Grillutensilien und Brennholz<\/span><\/li><li data-hveid=\"CAEIDBAK\" data-complete=\"true\" data-sae=\"\"><span class=\"T286Pc\" data-sfc-cp=\"\" data-complete=\"true\">Ma\u00dfe: H: 280 mm; B: 515 mm; T: 520 mm<\/span><\/li><li data-hveid=\"CAEIDBAK\" data-complete=\"true\" data-sae=\"\"><span class=\"T286Pc\" data-sfc-cp=\"\" data-complete=\"true\"><strong class=\"Yjhzub\" data-complete=\"true\">Gesamtgewicht (inkl. Feuer-Wok):<\/strong> ca. 12 kg<\/span><\/li><\/ul><\/li><\/ol><div class=\"otQkpb\" role=\"heading\" aria-level=\"3\" data-animation-nesting=\"\" data-sfc-cp=\"\" data-complete=\"true\" data-processed=\"true\" data-sae=\"\"><strong class=\"Yjhzub\" data-complete=\"true\">Hinweise zur Bedienung (Wichtig!):<\/strong><\/div><ul class=\"KsbFXc U6u95\" data-complete=\"true\" data-processed=\"true\"><li data-hveid=\"CAEIEBAA\" data-complete=\"true\" data-sae=\"\"><span class=\"T286Pc\" data-sfc-cp=\"\" data-complete=\"true\"><strong class=\"Yjhzub\" data-complete=\"true\">Nur im Freien verwenden:<\/strong> Stellen Sie das Set ausschlie\u00dflich auf einem waagerechten, feuerfesten Untergrund auf.<\/span><\/li><li data-hveid=\"CAEIEBAB\" data-complete=\"true\" data-sae=\"\"><span class=\"T286Pc\" data-sfc-cp=\"\" data-complete=\"true\"><strong class=\"Yjhzub\" data-complete=\"true\">Erstinbetriebnahme (Einbrennen):<\/strong> Die leere Grillplatte auf den Kocher setzen und kr\u00e4ftig befeuern, bis sich das Metall in der Mitte blau verf\u00e4rbt. Nun ist die Oberfl\u00e4che geh\u00e4rtet und der Wok eingeweiht.<\/span><\/li><li data-hveid=\"CAEIEBAC\" data-complete=\"true\" data-sae=\"\"><span class=\"T286Pc\" data-sfc-cp=\"\" data-complete=\"true\"><strong class=\"Yjhzub\" data-complete=\"true\">Brennmaterial:<\/strong> Verwenden Sie nur d\u00fcrre \u00c4stchen, Holzsp\u00e4nchen oder Kistenholz. Je trockener das Holz, desto weniger Rauch. <strong class=\"Yjhzub\" data-complete=\"true\">KEINE HOLZKOHLE verwenden<\/strong>, da eine lodernde Flamme ben\u00f6tigt wird.<\/span><\/li><li data-hveid=\"CAEIEBAD\" data-complete=\"true\" data-sae=\"\"><span class=\"T286Pc\" data-sfc-cp=\"\" data-complete=\"true\"><strong class=\"Yjhzub\" data-complete=\"true\">Grillen:<\/strong> Stets 2\u20133 Essl\u00f6ffel hitzetaugliches Speise\u00f6l (z.B. Erdnuss\u00f6l, Traubenkern\u00f6l) verwenden. Grillgut in der Mitte scharf anbraten, dann zum Fertiggaren an den Rand schieben.<\/span><\/li><\/ul><hr class=\"j3tEEe\" data-serialized-params=\"[]\" data-complete=\"true\" data-processed=\"true\" data-sae=\"\" aria-owns=\"action-menu-parent-container\" \/>","protected":false},"excerpt":{"rendered":"<p>Sonderaktion bis 25.08.25 &#8211; jetzt zugreifen.<\/p>\n","protected":false},"featured_media":2075,"template":"","meta":[],"product_brand":[],"product_cat":[188],"product_tag":[],"class_list":{"0":"post-2076","1":"product","2":"type-product","3":"status-publish","4":"has-post-thumbnail","6":"product_cat-vogtlandgrill-gibs","7":"product_shipping_class-direkt-luba","8":"pa_besonderheiten-tragbar","9":"pa_besonderheiten-inkl-transportbox","10":"pa_besonderheiten-hitzebestaendig","11":"pa_betriebsart-holz","12":"pa_durchmesser-475-cm","13":"pa_farbe-metallisch","14":"pa_form-rund","15":"pa_herstellungsland-deutschland","16":"pa_montage-erforderlich-nein","18":"first","19":"instock","20":"taxable","21":"shipping-taxable","22":"purchasable","23":"product-type-simple"},"supplier_id":1283,"supplier_sku":"635-000","barcode":null,"atum_controlled":true,"out_stock_date":null,"out_stock_threshold":null,"inheritable":false,"inbound_stock":0,"stock_on_hold":0,"sold_today":0,"sales_last_days":0,"reserved_stock":0,"customer_returns":0,"warehouse_damage":0,"lost_in_post":0,"other_logs":0,"out_stock_days":0,"lost_sales":0,"has_location":false,"update_date":"2026-02-26T13:38:50","atum_locations":[],"atum_stock_status":"instock","restock_status":false,"low_stock_amount":"","sales_update_date":"2026-02-26T13:38:50","calc_backorders":null,"_links":{"self":[{"href":"https:\/\/wordpress.famberg.de\/index.php\/wp-json\/wp\/v2\/product\/2076","targetHints":{"allow":["GET"]}}],"collection":[{"href":"https:\/\/wordpress.famberg.de\/index.php\/wp-json\/wp\/v2\/product"}],"about":[{"href":"https:\/\/wordpress.famberg.de\/index.php\/wp-json\/wp\/v2\/types\/product"}],"wp:featuredmedia":[{"embeddable":true,"href":"https:\/\/wordpress.famberg.de\/index.php\/wp-json\/wp\/v2\/media\/2075"}],"wp:attachment":[{"href":"https:\/\/wordpress.famberg.de\/index.php\/wp-json\/wp\/v2\/media?parent=2076"}],"wp:term":[{"taxonomy":"product_brand","embeddable":true,"href":"https:\/\/wordpress.famberg.de\/index.php\/wp-json\/wp\/v2\/product_brand?post=2076"},{"taxonomy":"product_cat","embeddable":true,"href":"https:\/\/wordpress.famberg.de\/index.php\/wp-json\/wp\/v2\/product_cat?post=2076"},{"taxonomy":"product_tag","embeddable":true,"href":"https:\/\/wordpress.famberg.de\/index.php\/wp-json\/wp\/v2\/product_tag?post=2076"}],"curies":[{"name":"wp","href":"https:\/\/api.w.org\/{rel}","templated":true}]}}