{"id":2051,"date":"2024-04-24T11:20:48","date_gmt":"2024-04-24T09:20:48","guid":{"rendered":"https:\/\/wordpress.famberg.de\/index.php\/produkt\/fluessigkeitsstopp-30-cm-x-10-m-stoppt-fluessigkeiten\/"},"modified":"2025-07-01T14:24:50","modified_gmt":"2025-07-01T12:24:50","slug":"fluessigkeitsstopp-30-cm-x-10-m-stoppt-fluessigkeiten","status":"publish","type":"product","link":"https:\/\/wordpress.famberg.de\/index.php\/produkt\/fluessigkeitsstopp-30-cm-x-10-m-stoppt-fluessigkeiten\/","title":{"rendered":"Lava Fl\u00fcssigkeitsStopp\u00a9 30 cm x 10 m stoppt Fl\u00fcssigkeiten"},"content":{"rendered":"<p><strong>Schlu\u00df mit undichten Schwei\u00dfn\u00e4hten, Luftziehern oder hohe Mengen an Fl\u00fcssigkeiten im Ger\u00e4t.<\/strong><\/p><p><strong>Lieferumfang: 1 Rolle 30 cm x 10 m<\/strong><\/p><p>Vor allem bei Vakuumierger\u00e4ten mit 1-fach Schwei\u00dfnaht kann es vereinzelt vorkommen, dass durch einen erh\u00f6hten Fl\u00fcssigkeitsanteil an der Ware die Schwei\u00dfnaht nicht sauber wird und es deshalb zu gew\u00fcnschten Luftziehern kommt.<\/p><p>Lava pr\u00e4sentiert deshalb als weitere Neuentwicklung den Lava Fl\u00fcssigkeitsStopp\u00a9 welcher wie folgt angewendet wird:<\/p><ol><li>Von der <strong>30 cm breiten Rolle<\/strong> jeweils einen Streifen mit 2 cm herunterschneiden<\/li><li>Diesen Streifen oben direkt unterhalb des Schwei\u00dfbereichs einlegen<\/li><li>Wichtig dabei ist, dass <strong>die gesamte Beutelbreite<\/strong> abgedeckt wird<\/li><li>Die Fl\u00fcssigkeit sammelt sich nun beim Vakuumieren im Streifen<\/li><li>Die Schwei\u00dfnaht<strong> wird sauber<\/strong> und der Beutel <strong>bleicht dicht verschlossen<\/strong><\/li><li>Ausreichend bspw.<strong> f\u00fcr bis zu 500 Beutel der Breite 30 cm.<\/strong><\/li><\/ol><p>Der Lava Fl\u00fcssigkeitsStop\u00a9 besteht aus einem Spezial-Saugvlies (Zellstoffeinlage), welches durch Kaschieren &amp; Stanzen zwischen zwei PE-Folienschichten eingebettet ist. Dadurch entsteht keine Anhaftung am Vakuumiergut. Die gestanzte Seite dient der schnellen und effektiven Aufnahme von Restfl\u00fcssigkeiten welche sich in der Innen-Einlage sammelt. Die Saugf\u00e4higkeit betr\u00e4gt bis ca. 800 ml\/m\u00b2 +\/- 15 %.<\/p><p>Nat\u00fcrlich ist der Lava Fl\u00fcssigkeitsStopp\u00a9 uneingeschr\u00e4nkt f\u00fcr Lebensmittel geeignet (getestet gem\u00e4\u00df Richtlinie EN 1186-15 und Richtlinie 97\/48 IEG lebensmittelrechtlich bearbeitet (SQTS). <strong>Der Hersteller hat das Produkt patentrechtlich gesch\u00fctzt<\/strong> und f\u00fchrt zudem den Nachweis der Unbedenklichkeitserkl\u00e4rung gem\u00e4\u00df Methode \u00a735 LMBG sowie DIN-EN Normen der IFU GmbH.<\/p><p>Trotz Lava Fl\u00fcssigkeitsStopp\u00a9 k\u00f6nnen im Beutel keine \u00fcberm\u00e4\u00dfig hohen Mengen an Fl\u00fcssigkeiten oder auch nur Fl\u00fcssigkeiten vakuumiert werden. Bei der Vakuumierung von Fl\u00fcssigkeiten empfiehlt Lava einen Beh\u00e4lter einzusetzen oder die Fl\u00fcssigkeiten zu gefrieren.<\/p><p>Lava<\/p>","protected":false},"excerpt":{"rendered":"<p>Schlu\u00df mit undichten Schwei\u00dfn\u00e4hten, Luftziehern oder hohe Mengen an Fl\u00fcssigkeiten im Ger\u00e4t.Lieferumfang: 1 Rolle 30 cm x 10 mVor allem bei Vakuumierger\u00e4ten mit 1-fach Schwei\u00dfnaht kann es vereinzelt vorkommen, dass durch einen erh\u00f6hten Fl\u00fcssigkeitsanteil an der Ware die Schwei\u00dfnaht nicht sauber wird und es deshalb zu gew\u00fcnschten Luftziehern kommt.Lava pr\u00e4sentiert deshalb als weitere Neuentwicklung den [&hellip;]<\/p>\n","protected":false},"featured_media":2050,"template":"","meta":[],"product_brand":[],"product_cat":[129],"product_tag":[],"class_list":{"0":"post-2051","1":"product","2":"type-product","3":"status-publish","4":"has-post-thumbnail","6":"product_cat-ersatzteile-vakuumier-zubehoer","7":"product_shipping_class-kleinkram","9":"first","10":"instock","11":"taxable","12":"shipping-taxable","13":"purchasable","14":"product-type-simple"},"supplier_id":1327,"supplier_sku":"VL0002","barcode":null,"atum_controlled":true,"out_stock_date":null,"out_stock_threshold":null,"inheritable":false,"inbound_stock":0,"stock_on_hold":0,"sold_today":0,"sales_last_days":0,"reserved_stock":0,"customer_returns":0,"warehouse_damage":0,"lost_in_post":0,"other_logs":0,"out_stock_days":0,"lost_sales":0,"has_location":false,"update_date":"2025-11-09T20:07:42","atum_locations":[],"atum_stock_status":"instock","restock_status":false,"low_stock_amount":"","sales_update_date":"2025-11-09T20:07:42","calc_backorders":null,"_links":{"self":[{"href":"https:\/\/wordpress.famberg.de\/index.php\/wp-json\/wp\/v2\/product\/2051","targetHints":{"allow":["GET"]}}],"collection":[{"href":"https:\/\/wordpress.famberg.de\/index.php\/wp-json\/wp\/v2\/product"}],"about":[{"href":"https:\/\/wordpress.famberg.de\/index.php\/wp-json\/wp\/v2\/types\/product"}],"wp:featuredmedia":[{"embeddable":true,"href":"https:\/\/wordpress.famberg.de\/index.php\/wp-json\/wp\/v2\/media\/2050"}],"wp:attachment":[{"href":"https:\/\/wordpress.famberg.de\/index.php\/wp-json\/wp\/v2\/media?parent=2051"}],"wp:term":[{"taxonomy":"product_brand","embeddable":true,"href":"https:\/\/wordpress.famberg.de\/index.php\/wp-json\/wp\/v2\/product_brand?post=2051"},{"taxonomy":"product_cat","embeddable":true,"href":"https:\/\/wordpress.famberg.de\/index.php\/wp-json\/wp\/v2\/product_cat?post=2051"},{"taxonomy":"product_tag","embeddable":true,"href":"https:\/\/wordpress.famberg.de\/index.php\/wp-json\/wp\/v2\/product_tag?post=2051"}],"curies":[{"name":"wp","href":"https:\/\/api.w.org\/{rel}","templated":true}]}}