{"id":1982,"date":"2024-04-15T13:53:20","date_gmt":"2024-04-15T11:53:20","guid":{"rendered":"https:\/\/wordpress.famberg.de\/index.php\/produkt\/3-x-backferment-250g-dose-grundpreis-3120-e-pro-1-kg-3-dosen\/"},"modified":"2025-04-10T21:19:29","modified_gmt":"2025-04-10T19:19:29","slug":"3-x-backferment-250g-dose-grundpreis-3120-e-pro-1-kg-3-dosen","status":"publish","type":"product","link":"https:\/\/wordpress.famberg.de\/index.php\/produkt\/3-x-backferment-250g-dose-grundpreis-3120-e-pro-1-kg-3-dosen\/","title":{"rendered":"Sekowa 3 x Backferment 250g Dose Grundpreis 31,20 \u20ac pro 1 kg 3 Dosen"},"content":{"rendered":"<p><span style=\"font-size: medium;\">Grundpreis 31,20 \u20ac pro 1 kg<\/span><\/p><div><span style=\"font-size: medium;\">Backferment zu Herstellung eines Grundansatzes f\u00fcr Brot, Kuchen und vieles mehr. Es wird auf der Grundlage von hochwertigem Bl\u00fctenhonig, biologisch angebauten Erbsen und Weizen aus spontaner G\u00e4rung hergestellt. Durch die im Honig vorhandenen Nektarhefen und Fermente wird das Getreide auf eine nur dem Sekowa-Backferment eigenen Art aufgeschlossen. Dadurch wird das Geb\u00e4ck besonders gut im Geschmack.<\/span><\/div>","protected":false},"excerpt":{"rendered":"<p>Grundpreis 31,20 \u20ac pro 1 kgBackferment zu Herstellung eines Grundansatzes f\u00fcr Brot, Kuchen und vieles mehr. Es wird auf der Grundlage von hochwertigem Bl\u00fctenhonig, biologisch angebauten Erbsen und Weizen aus spontaner G\u00e4rung hergestellt. Durch die im Honig vorhandenen Nektarhefen und Fermente wird das Getreide auf eine nur dem Sekowa-Backferment eigenen Art aufgeschlossen. Dadurch wird das [&hellip;]<\/p>\n","protected":false},"featured_media":1981,"template":"","meta":[],"product_brand":[],"product_cat":[200],"product_tag":[],"class_list":{"0":"post-1982","1":"product","2":"type-product","3":"status-publish","4":"has-post-thumbnail","6":"product_cat-ersatzteile-allerlei","7":"product_shipping_class-kleinkram","9":"first","10":"instock","11":"taxable","12":"shipping-taxable","13":"purchasable","14":"product-type-simple"},"supplier_id":1283,"supplier_sku":"3 x 330-801","barcode":null,"atum_controlled":true,"out_stock_date":null,"out_stock_threshold":null,"inheritable":false,"inbound_stock":0,"stock_on_hold":0,"sold_today":0,"sales_last_days":0,"reserved_stock":0,"customer_returns":0,"warehouse_damage":0,"lost_in_post":0,"other_logs":0,"out_stock_days":0,"lost_sales":0,"has_location":false,"update_date":"2026-02-10T07:35:11","atum_locations":[],"atum_stock_status":"instock","restock_status":false,"low_stock_amount":"","sales_update_date":"2026-02-10T07:35:11","calc_backorders":null,"_links":{"self":[{"href":"https:\/\/wordpress.famberg.de\/index.php\/wp-json\/wp\/v2\/product\/1982","targetHints":{"allow":["GET"]}}],"collection":[{"href":"https:\/\/wordpress.famberg.de\/index.php\/wp-json\/wp\/v2\/product"}],"about":[{"href":"https:\/\/wordpress.famberg.de\/index.php\/wp-json\/wp\/v2\/types\/product"}],"wp:featuredmedia":[{"embeddable":true,"href":"https:\/\/wordpress.famberg.de\/index.php\/wp-json\/wp\/v2\/media\/1981"}],"wp:attachment":[{"href":"https:\/\/wordpress.famberg.de\/index.php\/wp-json\/wp\/v2\/media?parent=1982"}],"wp:term":[{"taxonomy":"product_brand","embeddable":true,"href":"https:\/\/wordpress.famberg.de\/index.php\/wp-json\/wp\/v2\/product_brand?post=1982"},{"taxonomy":"product_cat","embeddable":true,"href":"https:\/\/wordpress.famberg.de\/index.php\/wp-json\/wp\/v2\/product_cat?post=1982"},{"taxonomy":"product_tag","embeddable":true,"href":"https:\/\/wordpress.famberg.de\/index.php\/wp-json\/wp\/v2\/product_tag?post=1982"}],"curies":[{"name":"wp","href":"https:\/\/api.w.org\/{rel}","templated":true}]}}