{"id":1965,"date":"2024-04-12T14:37:50","date_gmt":"2024-04-12T12:37:50","guid":{"rendered":"https:\/\/wordpress.famberg.de\/index.php\/produkt\/vogtlandgrill-holzkohlegrill-holzgrill-classic-edelstahl-made-in-germany\/"},"modified":"2025-03-07T13:02:36","modified_gmt":"2025-03-07T12:02:36","slug":"vogtlandgrill-holzkohlegrill-holzgrill-classic-edelstahl-made-in-germany","status":"publish","type":"product","link":"https:\/\/wordpress.famberg.de\/index.php\/produkt\/vogtlandgrill-holzkohlegrill-holzgrill-classic-edelstahl-made-in-germany\/","title":{"rendered":"Steiniger Vogtlandgrill Holzkohlegrill Holzgrill CLASSIC Edelstahl Made in Germany"},"content":{"rendered":"<div><span style=\"font-family: Arial, Helvetica, sans-serif; font-size: medium;\"><strong style=\"font-size: 14pt;\">Top Markenqualit\u00e4t VogtlandGrill <span style=\"color: #ff0000;\">Classic<\/span><\/strong><br \/><\/span><span style=\"font-size: medium;\"><br \/><b>Nie wieder Grillanz\u00fcnder! &#8211; Durchmesser 43 cm &#8211; Made in Germany<br \/><\/b><\/span><\/div><div><span style=\"font-size: medium;\">Der Grill hat wie auf dem selbst fotografierten Vergleichsfoto Foto zu sehen 4 Beine.<br \/><\/span><\/div><p>&nbsp;<\/p><p><span style=\"font-size: medium;\">Hervorragende Heizleistung<br \/>mit wirklich nur ganz wenig Holzkohle &#8211; versprochen!<\/span><\/p><p><span style=\"font-family: Arial, Helvetica, sans-serif; font-size: medium;\">Zu denn Vogtlandsgrill Rundo, Classic und Jumbo gibt es bei Bedarf jederzeit auch <strong>optionales umfangreiches Sonderzubeh\u00f6r<\/strong>:<br \/>&#8211; Grillspie\u00df + Halterung + Antriebsmotor (nicht f\u00fcr Jumbo)<br \/>&#8211; Wok + Wok-Aufsatz<br \/>&#8211; Windschutz mit Warmhalterost<\/span><span style=\"font-size: medium;\">\u00a0<\/span><\/p><p><span style=\"font-family: Arial, Helvetica, sans-serif; font-size: medium;\">Falls Sie mal Ersatzteile f\u00fcr Ihren Vogtlandgrill brauchen, bekommen Sie diese auch bei uns. Hier kaufen Sie <strong>kein Wegwerfgrill!<\/strong><\/span><\/p><p><span style=\"font-size: medium;\">\u00a0<\/span><span style=\"font-family: Arial, Helvetica, sans-serif; font-size: medium;\">Der Multifunkionsgrill Vogtlandgrill aus dem Hause Steiniger ist ein umweltfreundlicher, sparsamer und nach dem neusten technischen Erkenntnissen zu <strong>100 % in Deutschland hergestellter Grill.<\/strong> Durch das umfangreiche Erweiterungsangebot, das nahezu allen Zubereitungsarten zul\u00e4sst, bleiben keine W\u00fcnsche mehr offen. Der gesamte Grill besteht aus<strong> lebensmittelechtem Edelstahl <\/strong>und die Grillauflage, zu besseren Reinigung, <strong>aus verchromten Stahl.<\/strong> Die ausgereifte Technologie, die optimale Funktionsweise und eine <strong>ideale Arbeitsh\u00f6he von 85 cm<\/strong> machen das Grillen mit dem Vogtlandgrill zur reinen Freude. Der Unterschied zwischen Vogtlandgrill CLASSIC und Vogtlandgrill RUNDO besteht in der Ausf\u00fchrung des Standfu\u00dfes. Zus\u00e4tzlich bieten wir zu beiden Modellen eine reichhaltige Palette an Erweiterungsm\u00f6glichkeiten an. <strong>Zum Anz\u00fcnden ben\u00f6tigen Sie nur eine doppelte Zeitungsseite<\/strong> (keine Illustrierte) und nach ca. 10 Minuten ist die Kohle durchgegl\u00fcht und der Grill bereit. Die ben\u00f6tigte Luftzufuhr l\u00e4sst sich stufenlos durch das Drehen des<strong> Luftregler <\/strong>einstellen.<\/span><\/p><p><span style=\"font-size: medium;\">\u00a0<\/span><\/p><p align=\"left\"><span style=\"font-family: Arial, Helvetica, sans-serif; font-size: medium;\"><strong>Vorteile des Vogtlandgrills im \u00dcberblick:<\/strong><\/span><\/p><p><span style=\"font-size: medium;\">\u00a0<\/span><\/p><ul><li><span style=\"font-family: Arial, Helvetica, sans-serif; font-size: medium;\">in <strong>15 Sekunden<\/strong> aufgebaut<\/span><\/li><li><span style=\"font-family: Arial, Helvetica, sans-serif; font-size: medium;\">Anz\u00fcnden ohne Chemie, nur mit 1 Doppelseite Zeitungspapier<\/span><\/li><li><span style=\"font-family: Arial, Helvetica, sans-serif; font-size: medium;\">sparsamer Holzkohleeinsatz, <strong>gro\u00dfe Grill-Leistung durchrunden konischen Grillk\u00f6rper<\/strong><\/span><\/li><li><span style=\"font-family: Arial, Helvetica, sans-serif; font-size: medium;\">leichte und wirksame Luftregulierung<\/span><\/li><li><span style=\"font-family: Arial, Helvetica, sans-serif; font-size: medium;\"><strong>funktioniert bei Windstille<\/strong><\/span><\/li><li><span style=\"font-family: Arial, Helvetica, sans-serif; font-size: medium;\">aus lebensmittelechtem Edelstahl, <strong>pflegeleicht<\/strong><\/span><\/li><li><span style=\"font-family: Arial, Helvetica, sans-serif; font-size: medium;\">zeitgem\u00e4\u00dfes Design, ergonomische H\u00f6he<\/span><\/li><li><span style=\"font-size: medium;\"><strong><span style=\"font-family: Arial, Helvetica, sans-serif;\">kurze Demontagezeit<\/span><\/strong><\/span><\/li><li><span style=\"font-family: Arial, Helvetica, sans-serif; font-size: medium;\">wenig Platzbedarf bei Lagerung<\/span><\/li><\/ul>","protected":false},"excerpt":{"rendered":"<h6>Steiniger<\/h6>\n","protected":false},"featured_media":1964,"template":"","meta":[],"product_brand":[],"product_cat":[188],"product_tag":[],"class_list":{"0":"post-1965","1":"product","2":"type-product","3":"status-publish","4":"has-post-thumbnail","6":"product_cat-vogtlandgrill-gibs","7":"product_shipping_class-direkt-steininger","9":"first","10":"instock","11":"taxable","12":"shipping-taxable","13":"purchasable","14":"product-type-simple"},"supplier_id":1302,"supplier_sku":"GRILL-Classic","barcode":null,"atum_controlled":true,"out_stock_date":null,"out_stock_threshold":null,"inheritable":false,"inbound_stock":0,"stock_on_hold":0,"sold_today":0,"sales_last_days":0,"reserved_stock":null,"customer_returns":null,"warehouse_damage":null,"lost_in_post":null,"other_logs":null,"out_stock_days":0,"lost_sales":0,"has_location":false,"update_date":"2026-04-19T15:26:35","atum_locations":[],"atum_stock_status":"instock","restock_status":false,"low_stock_amount":"","sales_update_date":"2026-04-19T15:26:35","calc_backorders":null,"_links":{"self":[{"href":"https:\/\/wordpress.famberg.de\/index.php\/wp-json\/wp\/v2\/product\/1965","targetHints":{"allow":["GET"]}}],"collection":[{"href":"https:\/\/wordpress.famberg.de\/index.php\/wp-json\/wp\/v2\/product"}],"about":[{"href":"https:\/\/wordpress.famberg.de\/index.php\/wp-json\/wp\/v2\/types\/product"}],"wp:featuredmedia":[{"embeddable":true,"href":"https:\/\/wordpress.famberg.de\/index.php\/wp-json\/wp\/v2\/media\/1964"}],"wp:attachment":[{"href":"https:\/\/wordpress.famberg.de\/index.php\/wp-json\/wp\/v2\/media?parent=1965"}],"wp:term":[{"taxonomy":"product_brand","embeddable":true,"href":"https:\/\/wordpress.famberg.de\/index.php\/wp-json\/wp\/v2\/product_brand?post=1965"},{"taxonomy":"product_cat","embeddable":true,"href":"https:\/\/wordpress.famberg.de\/index.php\/wp-json\/wp\/v2\/product_cat?post=1965"},{"taxonomy":"product_tag","embeddable":true,"href":"https:\/\/wordpress.famberg.de\/index.php\/wp-json\/wp\/v2\/product_tag?post=1965"}],"curies":[{"name":"wp","href":"https:\/\/api.w.org\/{rel}","templated":true}]}}