{"id":1945,"date":"2024-04-11T14:25:52","date_gmt":"2024-04-11T12:25:52","guid":{"rendered":"https:\/\/wordpress.famberg.de\/index.php\/produkt\/haushaltsmuehle-family-getreidemuehle-zirbe-lackiert\/"},"modified":"2026-02-23T10:49:40","modified_gmt":"2026-02-23T09:49:40","slug":"haushaltsmuehle-family-getreidemuehle-zirbe-lackiert","status":"publish","type":"product","link":"https:\/\/wordpress.famberg.de\/index.php\/produkt\/haushaltsmuehle-family-getreidemuehle-zirbe-lackiert\/","title":{"rendered":"Waldner Haushaltsm\u00fchle Family Getreidem\u00fchle Zirbe lackiert"},"content":{"rendered":"<div class=\"Stil9\"><div><div><span style=\"font-size: medium;\"><span style=\"color: #006600;\"><b>Waldner Family- <\/b><\/span><span style=\"color: #990000;\"><span style=\"color: #000000;\">Getreidem\u00fchle<\/span><\/span> aus Zirbenholz<br \/><\/span><span style=\"font-size: medium;\"><br \/>Die Waldner Getreidem\u00fchle Family im typischen Osttiroler Design verbreitet einen angenehmen Zirbenduft und \u00fcberzeugt durch<br \/>ihre gro\u00dfe Leistung. Ob volles Korn oder Frischkornm\u00fcsli, der 360 Watt Industriemotor und die extragro\u00dfen Mahlsteine verarbeiten m\u00fchelos alle Getreidearten auf Knopfdruck. Auch Speisemais kann sekundenschnell zu Maismehl verarbeitet werden. Ein Fest f\u00fcr jede Klein- oder Gro\u00dffamilie. <\/span><span style=\"font-size: medium;\"><span style=\"font-size: medium;\">Die integrierte Kindersicherung verhindert ein Anlaufen des Motors bei ge\u00f6ffneter Mahlkammer.<br \/>In den Trichter passen bis zu 1300 g Getreide, in einer Minute k\u00f6nnen Sie 170 g feinstes Mehl herstellen. Bei einer gr\u00f6beren Einstellung, z.B. bei der Herstellung von Schrot f\u00fcr Ihr M\u00fcsli, schafft die M\u00fchle eine gr\u00f6\u00dfere Menge. <\/span><\/span><\/div><div><span style=\"font-size: medium;\"><span style=\"font-size: medium;\">Den gew\u00fcnschten Feinheitsgrad stellen Sie stufenlos durch Drehen des Trichters ein.<\/span><\/span><span style=\"font-size: medium;\"><span style=\"font-size: medium;\">Zirbenholz: Die Zirbe w\u00e4chst sehr langsam nur im Hochgebirge und ist deswegen ein sehr &#8222;dichtes&#8220; und unempfindliches Holz. Frisches Zirbenholz kann sehr hell bis r\u00f6tlich sein, im Laufe der Jahre dunkelt die Zirbe nach und bekommt eine sch\u00f6ne Patina. Die Geh\u00e4useoberfl\u00e4che der Waldner Family ist pflegeleicht und mit Wasserlack behandelt. <\/span><\/span><\/div><p><span style=\"font-size: medium;\"><br \/><u><b>Produktmerkmale<\/b><\/u><br \/><\/span><\/p><ul><li><span style=\"font-size: medium;\">Industriemotor: 360 W<\/span><\/li><li><span style=\"font-size: medium;\">Mahlwerk: Korund\/Keramik<\/span><\/li><li><span style=\"font-size: medium;\">Durchmesser Mahlsteine: 100 mm<br \/><\/span><\/li><li><span style=\"font-size: medium;\">Mahlleistung je nach Einstellung: 170 g\/min (Feineinstellung)<\/span><\/li><li><span style=\"font-size: medium;\">Mahlgrad: stufenlos einstellbar<\/span><\/li><li><span style=\"font-size: medium;\">Mahlgut: alle Getreidearten, auch Mais<br \/><\/span><\/li><li><span style=\"font-size: medium;\">Trichterf\u00fcllmenge: 1300 g<br \/><\/span><\/li><li><span style=\"font-size: medium;\">Geh\u00e4use aus Zirbe Massivholz, lackiert<\/span><\/li><li><span style=\"font-size: medium;\">Gewicht: 9,0 kg<\/span><\/li><li><span style=\"font-size: medium;\">Ma\u00dfe<\/span><span style=\"font-size: medium;\"> (H x B x T): 365 x 245 x 245 mm<\/span><\/li><\/ul><p><span style=\"font-size: medium;\">Herstellergarantie: 5 Jahre<\/span><span style=\"font-size: medium;\">\u00a0 &#8211; Diese Garantie umfasst alle Fertigungs- und Materialfehler. <\/span><span style=\"font-size: medium;\">Besch\u00e4digungen an zerbrechlichen Teilen, z.B. am Geh\u00e4use oder am Auslauf durch den Benutzer sind nicht eingeschlossen.<\/span><span style=\"font-size: medium;\"><br \/><\/span><\/p><div><\/div><\/div><p>&nbsp;<\/p><\/div>","protected":false},"excerpt":{"rendered":"<h6>Waldner Luba<\/h6>\n","protected":false},"featured_media":1944,"template":"","meta":[],"product_brand":[],"product_cat":[107],"product_tag":[],"class_list":{"0":"post-1945","1":"product","2":"type-product","3":"status-publish","4":"has-post-thumbnail","6":"product_cat-eletrische-getreidemuehlen","8":"first","9":"instock","10":"taxable","11":"shipping-taxable","12":"purchasable","13":"product-type-simple"},"supplier_id":1283,"supplier_sku":"100-075","barcode":null,"atum_controlled":false,"out_stock_date":null,"out_stock_threshold":null,"inheritable":false,"inbound_stock":0,"stock_on_hold":0,"sold_today":0,"sales_last_days":0,"reserved_stock":0,"customer_returns":0,"warehouse_damage":0,"lost_in_post":0,"other_logs":0,"out_stock_days":0,"lost_sales":0,"has_location":false,"update_date":"2026-02-23T09:49:41","atum_locations":[],"atum_stock_status":"instock","restock_status":false,"low_stock_amount":"","sales_update_date":"2024-09-24T09:52:56","calc_backorders":null,"_links":{"self":[{"href":"https:\/\/wordpress.famberg.de\/index.php\/wp-json\/wp\/v2\/product\/1945","targetHints":{"allow":["GET"]}}],"collection":[{"href":"https:\/\/wordpress.famberg.de\/index.php\/wp-json\/wp\/v2\/product"}],"about":[{"href":"https:\/\/wordpress.famberg.de\/index.php\/wp-json\/wp\/v2\/types\/product"}],"wp:featuredmedia":[{"embeddable":true,"href":"https:\/\/wordpress.famberg.de\/index.php\/wp-json\/wp\/v2\/media\/1944"}],"wp:attachment":[{"href":"https:\/\/wordpress.famberg.de\/index.php\/wp-json\/wp\/v2\/media?parent=1945"}],"wp:term":[{"taxonomy":"product_brand","embeddable":true,"href":"https:\/\/wordpress.famberg.de\/index.php\/wp-json\/wp\/v2\/product_brand?post=1945"},{"taxonomy":"product_cat","embeddable":true,"href":"https:\/\/wordpress.famberg.de\/index.php\/wp-json\/wp\/v2\/product_cat?post=1945"},{"taxonomy":"product_tag","embeddable":true,"href":"https:\/\/wordpress.famberg.de\/index.php\/wp-json\/wp\/v2\/product_tag?post=1945"}],"curies":[{"name":"wp","href":"https:\/\/api.w.org\/{rel}","templated":true}]}}