{"id":1933,"date":"2024-04-10T20:28:07","date_gmt":"2024-04-10T18:28:07","guid":{"rendered":"https:\/\/wordpress.famberg.de\/index.php\/produkt\/getreidemuehle-easy-15-mal-15-cm-korund-keramik-mahlstein\/"},"modified":"2026-02-08T21:52:52","modified_gmt":"2026-02-08T20:52:52","slug":"getreidemuehle-easy-15-mal-15-cm-korund-keramik-mahlstein","status":"publish","type":"product","link":"https:\/\/wordpress.famberg.de\/index.php\/produkt\/getreidemuehle-easy-15-mal-15-cm-korund-keramik-mahlstein\/","title":{"rendered":"Hawos Easy Getreidem\u00fchle NEU OVP &#8211; 360W Kornm\u00fchle Buche Multiplex &#8211; 10J Garantie"},"content":{"rendered":"<div class=\"otQkpb\" role=\"heading\" aria-level=\"3\" data-animation-nesting=\"\" data-sfc-cp=\"\" data-complete=\"true\" data-processed=\"true\" data-sae=\"\">NEU &amp; OVP &#8211; hawos Easy Getreidem\u00fchle \u2013 Platzsparend &amp; Leistungsstark \u2013 10 Jahre Garantie bei privaten Gebrauch<\/div><div role=\"heading\" aria-level=\"3\" data-animation-nesting=\"\" data-sfc-cp=\"\" data-complete=\"true\" data-processed=\"true\" data-sae=\"\"><\/div><div class=\"Y3BBE\" data-sfc-cp=\"\" data-hveid=\"CAEIBhAA\" data-complete=\"true\" data-processed=\"true\">Sie bieten hier auf eine <strong class=\"Yjhzub\" data-complete=\"true\" data-processed=\"true\">nagelneue, originalverpackte (OVP)<\/strong> Getreidem\u00fchle des renommierten Herstellers <strong class=\"Yjhzub\" data-complete=\"true\" data-processed=\"true\">hawos<\/strong>. Die <strong class=\"Yjhzub\" data-complete=\"true\" data-processed=\"true\">hawos Easy<\/strong> ist die ideale, kompakte L\u00f6sung f\u00fcr alle, die Wert auf frisches, selbstgemahlenes Mehl legen, <strong>aber nur wenig Platz in der K\u00fcche haben<\/strong>.<\/div><div data-sfc-cp=\"\" data-hveid=\"CAEIBhAA\" data-complete=\"true\" data-processed=\"true\"><\/div><div data-sfc-cp=\"\" data-hveid=\"CAEIBhAA\" data-complete=\"true\" data-processed=\"true\"><strong>Hinweis f\u00fcr Allergiker:<\/strong> Alle hawos-M\u00fchlen sind glutenfrei eingemahlen!<\/div><div class=\"Fsg96\" data-sfc-cp=\"\" data-complete=\"true\" data-processed=\"true\"><\/div><div class=\"otQkpb\" role=\"heading\" aria-level=\"3\" data-animation-nesting=\"\" data-sfc-cp=\"\" data-complete=\"true\" data-processed=\"true\" data-sae=\"\"><strong>Die Vorteile der Hawos Easy:<\/strong><\/div><ul class=\"KsbFXc U6u95\" data-complete=\"true\" data-processed=\"true\"><li data-hveid=\"CAEICBAA\" data-complete=\"true\" data-sae=\"\"><span class=\"T286Pc\" data-sfc-cp=\"\" data-complete=\"true\"><strong class=\"Yjhzub\" data-complete=\"true\">Kompaktes Design:<\/strong> Ben\u00f6tigt nur eine Stellfl\u00e4che von 15 x 15 cm und passt so in jede K\u00fcche.<\/span><\/li><li data-hveid=\"CAEICBAB\" data-complete=\"true\" data-sae=\"\"><span class=\"T286Pc\" data-sfc-cp=\"\" data-complete=\"true\"><strong class=\"Yjhzub\" data-complete=\"true\">Einfachste Bedienung:<\/strong> An- und Ausschalten per Kippschalter, Mahlgradverstellung durch Drehen des Trichters \u2013 einfacher geht es nicht.<\/span><\/li><li data-hveid=\"CAEICBAC\" data-complete=\"true\" data-sae=\"\"><span class=\"T286Pc\" data-sfc-cp=\"\" data-complete=\"true\"><strong class=\"Yjhzub\" data-complete=\"true\">Robust &amp; Langlebig:<\/strong> Geh\u00e4use aus massivem, ge\u00f6ltem Buche-Multiplex mit abgerundeten Ecken, in solider Handarbeit gefertigt.<\/span><\/li><li data-hveid=\"CAEICBAD\" data-complete=\"true\" data-sae=\"\"><span class=\"T286Pc\" data-sfc-cp=\"\" data-complete=\"true\"><strong class=\"Yjhzub\" data-complete=\"true\">Volle Power:<\/strong> Der starke 360-Watt-Industriemotor mahlt zuverl\u00e4ssig alle Getreidesorten, von Weizen bis hin zu hartem Mais.<\/span><span class=\"uJ19be notranslate\" data-wiz-uids=\"HR7nrb_1j,HR7nrb_1k\" data-complete=\"true\"><span class=\"vKEkVd\" data-animation-atomic=\"\" data-wiz-attrbind=\"class=HR7nrb_1i\/TKHnVd\" data-sae=\"\"><span aria-hidden=\"true\">\u00a0<\/span><\/span><\/span><\/li><\/ul><div class=\"Fsg96\" data-sfc-cp=\"\" data-complete=\"true\" data-processed=\"true\"><\/div><div class=\"otQkpb\" role=\"heading\" aria-level=\"3\" data-animation-nesting=\"\" data-sfc-cp=\"\" data-complete=\"true\" data-processed=\"true\" data-sae=\"\"><strong>Technische Details im \u00dcberblick:<\/strong><\/div><ul class=\"KsbFXc U6u95\" data-complete=\"true\" data-processed=\"true\"><li data-hveid=\"CAEIChAA\" data-complete=\"true\" data-sae=\"\"><span class=\"T286Pc\" data-sfc-cp=\"\" data-complete=\"true\"><strong class=\"Yjhzub\" data-complete=\"true\">Mahlleistung Weizen: <\/strong>\u00a0fein ca. 100 g\/min &#8211; grob ca. 250 g\/min<\/span><\/li><li data-hveid=\"CAEIChAB\" data-complete=\"true\" data-sae=\"\"><span class=\"T286Pc\" data-sfc-cp=\"\" data-complete=\"true\"><strong class=\"Yjhzub\" data-complete=\"true\">Mahlwerk:<\/strong> Extrem harte Korund-Keramik-Mahlsteine.<\/span><\/li><li data-hveid=\"CAEIChAB\" data-complete=\"true\" data-sae=\"\"><strong>Mahlstein \u00f8 (Korund Keramik Steine): <\/strong>70 mm<\/li><li data-hveid=\"CAEIChAC\" data-complete=\"true\" data-sae=\"\"><span class=\"T286Pc\" data-sfc-cp=\"\" data-complete=\"true\"><strong class=\"Yjhzub\" data-complete=\"true\">Motor:<\/strong> 360 Watt Industriemotor.<\/span><\/li><li data-hveid=\"CAEIChAD\" data-complete=\"true\" data-sae=\"\"><span class=\"T286Pc\" data-sfc-cp=\"\" data-complete=\"true\"><strong class=\"Yjhzub\" data-complete=\"true\">Trichterf\u00fcllmenge:<\/strong> ca. 560 g (Weizen).<\/span><\/li><li data-hveid=\"CAEIChAE\" data-complete=\"true\" data-sae=\"\"><span class=\"T286Pc\" data-sfc-cp=\"\" data-complete=\"true\"><strong class=\"Yjhzub\" data-complete=\"true\">Ma\u00dfe (HxBxT):<\/strong> ca. 33 cm x 15 cm x 15 cm.<\/span><\/li><li data-hveid=\"CAEIChAF\" data-complete=\"true\" data-sae=\"\"><span class=\"T286Pc\" data-sfc-cp=\"\" data-complete=\"true\"><strong class=\"Yjhzub\" data-complete=\"true\">Gewicht:<\/strong> ca. 7,9 kg.<\/span><span class=\"uJ19be notranslate\" data-wiz-uids=\"HR7nrb_2d,HR7nrb_2e\" data-complete=\"true\"><span class=\"vKEkVd\" data-animation-atomic=\"\" data-wiz-attrbind=\"class=HR7nrb_2c\/TKHnVd\" data-sae=\"\"><span aria-hidden=\"true\" aria-owns=\"action-menu-parent-container\">\u00a0<\/span><\/span><\/span><\/li><li data-hveid=\"CAEIChAF\" data-complete=\"true\" data-sae=\"\"><strong>Geh\u00e4use:<\/strong> Buche Multiplex<\/li><li data-hveid=\"CAEIChAF\" data-complete=\"true\" data-sae=\"\"><strong>Netzspannung:<\/strong> 230 V<\/li><li data-hveid=\"CAEIChAF\" data-complete=\"true\" data-sae=\"\"><strong>Unterstellh\u00f6he f\u00fcr Sch\u00fcssel<\/strong>: 14 cm<\/li><li data-hveid=\"CAEIChAF\" data-complete=\"true\" data-sae=\"\"><strong>Oberfl\u00e4chenbehandlung<\/strong>: Lein\u00f6lfirnis<\/li><li data-hveid=\"CAEIChAF\" data-complete=\"true\" data-sae=\"\"><strong>Besonderheiten:<\/strong> Einhandbedienung &#8211; Mahlkammer zu 100% Plastikfrei<\/li><\/ul><p>Ralf Pigge, Gesch\u00e4ftsf\u00fchrer der hawos kornm\u00fchlen GmbH ist \u00fcberzeugt, Qualit\u00e4t hat Zukunft! Deshalb vergoldet ab sofort eine Garantiezeit von 10 JAHREN, alle Haushalts-Getreidem\u00fchlen aus der hawos kornm\u00fchlen GmbH<\/p><p>Hawos gew\u00e4hrt auf alle Getreidem\u00fchlen eine freiwillige Garantie auf alle Fertigungs- und Materialfehler. Die Garantiezeit betr\u00e4gt 10 Jahre bei privater und 2 Jahre bei gewerblicher Nutzung, Hersteller Bring-In-Garantie. \u00a0Durch die Herstellergarantie werden die gesetzlichen Rechte aus der Gew\u00e4hrleistung nicht eingeschr\u00e4nkt.\u00a0 Die Herstellergarantie wird von hawos Kornm\u00fchlen GmbH, Ober-Eschbacher-Stra\u00dfe 37, 61352 Bad Homburg getragen und gilt wenn nicht anders angegeben in Deutschland. Die Kundendienstadresse ist.<\/p>","protected":false},"excerpt":{"rendered":"<p>NEU &amp; OVP &#8211; hawos Easy Getreidem\u00fchle \u2013 Platzsparend &amp; Leistungsstark \u2013 10 Jahre Garantie bei privaten GebrauchSie bieten hier auf eine nagelneue, originalverpackte (OVP) Getreidem\u00fchle des renommierten Herstellers hawos. Die hawos Easy ist die ideale, kompakte L\u00f6sung f\u00fcr alle, die Wert auf frisches, selbstgemahlenes Mehl legen, aber nur wenig Platz in der K\u00fcche haben.Hinweis [&hellip;]<\/p>\n","protected":false},"featured_media":1932,"template":"","meta":[],"product_brand":[],"product_cat":[107],"product_tag":[197],"class_list":{"0":"post-1933","1":"product","2":"type-product","3":"status-publish","4":"has-post-thumbnail","6":"product_cat-eletrische-getreidemuehlen","7":"product_tag-luba","8":"product_shipping_class-direkt-luba","9":"pa_besonderheit-einhandbedienung","10":"pa_farbe-buche","11":"pa_mahlleistung-fein-100-g-min","12":"pa_mahlleistung-grob-250-g-min","13":"pa_mahlstein-70-mm","15":"first","16":"instock","17":"taxable","18":"shipping-taxable","19":"purchasable","20":"product-type-variable"},"supplier_id":null,"supplier_sku":"","barcode":null,"atum_controlled":true,"out_stock_date":"2024-04-15 13:23:01","out_stock_threshold":null,"inheritable":true,"inbound_stock":0,"stock_on_hold":0,"sold_today":1,"sales_last_days":1,"reserved_stock":null,"customer_returns":null,"warehouse_damage":null,"lost_in_post":null,"other_logs":null,"out_stock_days":664,"lost_sales":0,"has_location":false,"update_date":"2026-03-15T18:19:27","atum_locations":[],"atum_stock_status":"instock","restock_status":false,"low_stock_amount":"","sales_update_date":"2024-09-24T09:52:58","calc_backorders":null,"_links":{"self":[{"href":"https:\/\/wordpress.famberg.de\/index.php\/wp-json\/wp\/v2\/product\/1933","targetHints":{"allow":["GET"]}}],"collection":[{"href":"https:\/\/wordpress.famberg.de\/index.php\/wp-json\/wp\/v2\/product"}],"about":[{"href":"https:\/\/wordpress.famberg.de\/index.php\/wp-json\/wp\/v2\/types\/product"}],"wp:featuredmedia":[{"embeddable":true,"href":"https:\/\/wordpress.famberg.de\/index.php\/wp-json\/wp\/v2\/media\/1932"}],"wp:attachment":[{"href":"https:\/\/wordpress.famberg.de\/index.php\/wp-json\/wp\/v2\/media?parent=1933"}],"wp:term":[{"taxonomy":"product_brand","embeddable":true,"href":"https:\/\/wordpress.famberg.de\/index.php\/wp-json\/wp\/v2\/product_brand?post=1933"},{"taxonomy":"product_cat","embeddable":true,"href":"https:\/\/wordpress.famberg.de\/index.php\/wp-json\/wp\/v2\/product_cat?post=1933"},{"taxonomy":"product_tag","embeddable":true,"href":"https:\/\/wordpress.famberg.de\/index.php\/wp-json\/wp\/v2\/product_tag?post=1933"}],"curies":[{"name":"wp","href":"https:\/\/api.w.org\/{rel}","templated":true}]}}