{"id":1855,"date":"2024-03-24T17:59:57","date_gmt":"2024-03-24T16:59:57","guid":{"rendered":"https:\/\/wordpress.famberg.de\/index.php\/produkt\/siebplatte-grob-fuer-entsafter-saftpresse-champion\/"},"modified":"2024-10-24T13:53:15","modified_gmt":"2024-10-24T11:53:15","slug":"siebplatte-grob-fuer-entsafter-saftpresse-champion","status":"publish","type":"product","link":"https:\/\/wordpress.famberg.de\/index.php\/produkt\/siebplatte-grob-fuer-entsafter-saftpresse-champion\/","title":{"rendered":"Siebplatte &#8211; grob f\u00fcr Entsafter Saftpresse Champion"},"content":{"rendered":"<div><strong>Zus\u00e4tzliches Zubeh\u00f6r<\/strong> f\u00fcr die Saftpresse Champion<\/div><div><\/div><div>Grobes Sieb.<\/div><div><\/div><div>Luba<\/div>","protected":false},"excerpt":{"rendered":"<p>Zus\u00e4tzliches Zubeh\u00f6r f\u00fcr die Saftpresse ChampionGrobes Sieb.Luba<\/p>\n","protected":false},"featured_media":1854,"template":"","meta":[],"product_brand":[],"product_cat":[200,130],"product_tag":[],"class_list":{"0":"post-1855","1":"product","2":"type-product","3":"status-publish","4":"has-post-thumbnail","6":"product_cat-ersatzteile-allerlei","7":"product_cat-ersatzteile","8":"product_shipping_class-kleinkram","10":"first","11":"instock","12":"taxable","13":"shipping-taxable","14":"purchasable","15":"product-type-variable"},"supplier_id":null,"supplier_sku":"","barcode":null,"atum_controlled":true,"out_stock_date":null,"out_stock_threshold":null,"inheritable":true,"inbound_stock":0,"stock_on_hold":0,"sold_today":0,"sales_last_days":0,"reserved_stock":0,"customer_returns":0,"warehouse_damage":0,"lost_in_post":0,"other_logs":0,"out_stock_days":0,"lost_sales":0,"has_location":false,"update_date":"2024-09-24T09:52:57","atum_locations":[],"atum_stock_status":"instock","restock_status":false,"low_stock_amount":"","sales_update_date":"2024-09-24T09:52:57","calc_backorders":null,"_links":{"self":[{"href":"https:\/\/wordpress.famberg.de\/index.php\/wp-json\/wp\/v2\/product\/1855","targetHints":{"allow":["GET"]}}],"collection":[{"href":"https:\/\/wordpress.famberg.de\/index.php\/wp-json\/wp\/v2\/product"}],"about":[{"href":"https:\/\/wordpress.famberg.de\/index.php\/wp-json\/wp\/v2\/types\/product"}],"wp:featuredmedia":[{"embeddable":true,"href":"https:\/\/wordpress.famberg.de\/index.php\/wp-json\/wp\/v2\/media\/1854"}],"wp:attachment":[{"href":"https:\/\/wordpress.famberg.de\/index.php\/wp-json\/wp\/v2\/media?parent=1855"}],"wp:term":[{"taxonomy":"product_brand","embeddable":true,"href":"https:\/\/wordpress.famberg.de\/index.php\/wp-json\/wp\/v2\/product_brand?post=1855"},{"taxonomy":"product_cat","embeddable":true,"href":"https:\/\/wordpress.famberg.de\/index.php\/wp-json\/wp\/v2\/product_cat?post=1855"},{"taxonomy":"product_tag","embeddable":true,"href":"https:\/\/wordpress.famberg.de\/index.php\/wp-json\/wp\/v2\/product_tag?post=1855"}],"curies":[{"name":"wp","href":"https:\/\/api.w.org\/{rel}","templated":true}]}}