{"id":1853,"date":"2024-03-24T17:58:35","date_gmt":"2024-03-24T16:58:35","guid":{"rendered":"https:\/\/wordpress.famberg.de\/index.php\/produkt\/wahlumsetzer-iwv-mfv-konverter-voip-oder-isdn-anlage\/"},"modified":"2025-09-22T14:00:12","modified_gmt":"2025-09-22T12:00:12","slug":"wahlumsetzer-iwv-mfv-konverter-voip-oder-isdn-anlage","status":"publish","type":"product","link":"https:\/\/wordpress.famberg.de\/index.php\/produkt\/wahlumsetzer-iwv-mfv-konverter-voip-oder-isdn-anlage\/","title":{"rendered":"Telmar Wahlumsetzer IWV\/MFV Konverter VoIP- oder ISDN-Anlage"},"content":{"rendered":"<div><b>Hiermit k\u00f6nnen Sie W\u00e4hlscheiben-Telefone am <\/b><b>VoIP- oder ISDN-Anschluss anschlie\u00dfen.<\/b><\/div><div><\/div><div><p>Dieser Wahlumsetzer wandelt IWV- in MFV-Signale um und erm\u00f6glicht damit das Anschlie\u00dfen alter W\u00e4hlscheiben-Telefone mit Impulswahlverfahren.<\/p><\/div><div>Der Konverter dient dazu die W\u00e4hlimpulse der nostagischen W\u00e4hlscheibentelefone in das moderene Tonwahlverfahren umzuwandeln. So k\u00f6nnen Ihre alten Telefefone auch an moderenen Telefonanlagen betrieben werden.<\/div><div><\/div><div>Eigenschaften<\/div><div><ul><li>Einfache Einrichtung und Installation<\/li><li>Ben\u00f6tigt keine \u00c4ndereungen an Ihrem Telefon<\/li><li>Alle W\u00e4hlscheiben-Telefone werden unterst\u00fctzt<\/li><li>Konvertiert IWV zu MFV an Router, Fritztbox, Kabel u.\u00e4.<\/li><li>Alle Zifffern von 0-9<\/li><li>Funktioniert weltweit<\/li><\/ul><div>W\u00e4hlscheibentelefone verwenden das Impulswahlverfahren (IWV) moderene Telefone das Mehrfrequenszwahlverfahren (MFV).<\/div><div>Vielen moderene Anschl\u00fcsse verstehen das alte Wahlverfahren nicht mehr. Hiermit kommt der Konverter ins Spiel, er \u00fcbersetzt die Impulse in f\u00fcr Ihre VoIP- oder ISDN-Anlage verst\u00e4ndlichen MFV-Signale.<\/div><\/div><div><\/div><div><\/div>","protected":false},"excerpt":{"rendered":"<p>Hiermit k\u00f6nnen Sie W\u00e4hlscheiben-Telefone am VoIP- oder ISDN-Anschluss anschlie\u00dfen.Dieser Wahlumsetzer wandelt IWV- in MFV-Signale um und erm\u00f6glicht damit das Anschlie\u00dfen alter W\u00e4hlscheiben-Telefone mit Impulswahlverfahren.Der Konverter dient dazu die W\u00e4hlimpulse der nostagischen W\u00e4hlscheibentelefone in das moderene Tonwahlverfahren umzuwandeln. So k\u00f6nnen Ihre alten Telefefone auch an moderenen Telefonanlagen betrieben werden.EigenschaftenEinfache Einrichtung und InstallationBen\u00f6tigt keine \u00c4ndereungen an Ihrem [&hellip;]<\/p>\n","protected":false},"featured_media":1852,"template":"","meta":[],"product_brand":[],"product_cat":[200],"product_tag":[],"class_list":{"0":"post-1853","1":"product","2":"type-product","3":"status-publish","4":"has-post-thumbnail","6":"product_cat-ersatzteile-allerlei","7":"product_shipping_class-kleinkram","9":"first","10":"outofstock","11":"taxable","12":"shipping-taxable","13":"purchasable","14":"product-type-simple"},"supplier_id":1851,"supplier_sku":"Wandler","barcode":null,"atum_controlled":false,"out_stock_date":null,"out_stock_threshold":null,"inheritable":false,"inbound_stock":null,"stock_on_hold":0,"sold_today":0,"sales_last_days":1,"reserved_stock":null,"customer_returns":null,"warehouse_damage":null,"lost_in_post":null,"other_logs":null,"out_stock_days":0,"lost_sales":0,"has_location":false,"update_date":"2025-09-23T07:20:35","atum_locations":[],"atum_stock_status":"outofstock","restock_status":false,"low_stock_amount":"","sales_update_date":"2025-09-23T07:20:35","calc_backorders":null,"_links":{"self":[{"href":"https:\/\/wordpress.famberg.de\/index.php\/wp-json\/wp\/v2\/product\/1853","targetHints":{"allow":["GET"]}}],"collection":[{"href":"https:\/\/wordpress.famberg.de\/index.php\/wp-json\/wp\/v2\/product"}],"about":[{"href":"https:\/\/wordpress.famberg.de\/index.php\/wp-json\/wp\/v2\/types\/product"}],"wp:featuredmedia":[{"embeddable":true,"href":"https:\/\/wordpress.famberg.de\/index.php\/wp-json\/wp\/v2\/media\/1852"}],"wp:attachment":[{"href":"https:\/\/wordpress.famberg.de\/index.php\/wp-json\/wp\/v2\/media?parent=1853"}],"wp:term":[{"taxonomy":"product_brand","embeddable":true,"href":"https:\/\/wordpress.famberg.de\/index.php\/wp-json\/wp\/v2\/product_brand?post=1853"},{"taxonomy":"product_cat","embeddable":true,"href":"https:\/\/wordpress.famberg.de\/index.php\/wp-json\/wp\/v2\/product_cat?post=1853"},{"taxonomy":"product_tag","embeddable":true,"href":"https:\/\/wordpress.famberg.de\/index.php\/wp-json\/wp\/v2\/product_tag?post=1853"}],"curies":[{"name":"wp","href":"https:\/\/api.w.org\/{rel}","templated":true}]}}