{"id":1795,"date":"2024-03-18T20:13:59","date_gmt":"2024-03-18T19:13:59","guid":{"rendered":"https:\/\/wordpress.famberg.de\/index.php\/produkt\/pizzastein-delizia-oder-napoletana-fuer-pizzaofen\/"},"modified":"2026-03-26T16:05:14","modified_gmt":"2026-03-26T15:05:14","slug":"pizzastein-delizia-oder-napoletana-fuer-pizzaofen","status":"publish","type":"product","link":"https:\/\/wordpress.famberg.de\/index.php\/produkt\/pizzastein-delizia-oder-napoletana-fuer-pizzaofen\/","title":{"rendered":"G3 Ferrari Pizzastein Delizia oder Napoletana f\u00fcr Pizzaofen"},"content":{"rendered":"<div>Ersatzteil G3 Ferrari Pizzastein f\u00fcr Pizzaofen Delizia G10006, welcher nur 1 Stein unten hat.<\/div><div><\/div><div>Ersatzteil f\u00fcr Napoletana G10032, G3 Ferrari Pizzastein f\u00fcr unten oder oben.<\/div><div>Der Napoletana hat 2 Pizzasteine 1 oben und 1 unten.<\/div>","protected":false},"excerpt":{"rendered":"<p>Ersatzteil G3 Ferrari Pizzastein f\u00fcr Pizzaofen Delizia G10006, welcher nur 1 Stein unten hat.Ersatzteil f\u00fcr Napoletana G10032, G3 Ferrari Pizzastein f\u00fcr unten oder oben.Der Napoletana hat 2 Pizzasteine 1 oben und 1 unten.<\/p>\n","protected":false},"featured_media":1794,"template":"","meta":[],"product_brand":[],"product_cat":[200],"product_tag":[],"class_list":{"0":"post-1795","1":"product","2":"type-product","3":"status-publish","4":"has-post-thumbnail","6":"product_cat-ersatzteile-allerlei","7":"product_shipping_class-kleinkram","9":"first","10":"instock","11":"taxable","12":"shipping-taxable","13":"purchasable","14":"product-type-variable"},"supplier_id":null,"supplier_sku":"","barcode":null,"atum_controlled":true,"out_stock_date":null,"out_stock_threshold":null,"inheritable":true,"inbound_stock":0,"stock_on_hold":0,"sold_today":1,"sales_last_days":3,"reserved_stock":0,"customer_returns":0,"warehouse_damage":0,"lost_in_post":0,"other_logs":0,"out_stock_days":0,"lost_sales":0,"has_location":false,"update_date":"2026-03-26T23:02:21","atum_locations":[],"atum_stock_status":"instock","restock_status":false,"low_stock_amount":"","sales_update_date":"2024-09-24T09:53:12","calc_backorders":null,"_links":{"self":[{"href":"https:\/\/wordpress.famberg.de\/index.php\/wp-json\/wp\/v2\/product\/1795","targetHints":{"allow":["GET"]}}],"collection":[{"href":"https:\/\/wordpress.famberg.de\/index.php\/wp-json\/wp\/v2\/product"}],"about":[{"href":"https:\/\/wordpress.famberg.de\/index.php\/wp-json\/wp\/v2\/types\/product"}],"wp:featuredmedia":[{"embeddable":true,"href":"https:\/\/wordpress.famberg.de\/index.php\/wp-json\/wp\/v2\/media\/1794"}],"wp:attachment":[{"href":"https:\/\/wordpress.famberg.de\/index.php\/wp-json\/wp\/v2\/media?parent=1795"}],"wp:term":[{"taxonomy":"product_brand","embeddable":true,"href":"https:\/\/wordpress.famberg.de\/index.php\/wp-json\/wp\/v2\/product_brand?post=1795"},{"taxonomy":"product_cat","embeddable":true,"href":"https:\/\/wordpress.famberg.de\/index.php\/wp-json\/wp\/v2\/product_cat?post=1795"},{"taxonomy":"product_tag","embeddable":true,"href":"https:\/\/wordpress.famberg.de\/index.php\/wp-json\/wp\/v2\/product_tag?post=1795"}],"curies":[{"name":"wp","href":"https:\/\/api.w.org\/{rel}","templated":true}]}}