{"id":1784,"date":"2024-03-18T20:06:38","date_gmt":"2024-03-18T19:06:38","guid":{"rendered":"https:\/\/wordpress.famberg.de\/index.php\/produkt\/vakuumbeutel-r-vac-100-stueck-20-cm-breit\/"},"modified":"2025-10-07T14:09:39","modified_gmt":"2025-10-07T12:09:39","slug":"vakuumbeutel-r-vac-100-stueck-20-cm-breit","status":"publish","type":"product","link":"https:\/\/wordpress.famberg.de\/index.php\/produkt\/vakuumbeutel-r-vac-100-stueck-20-cm-breit\/","title":{"rendered":"Lava Vakuumbeutel R-Vac 50 St\u00fcck &#8211; 20 cm breit lang von 20 bis 60 cm"},"content":{"rendered":"<h2><strong><span style=\"color: #006600; font-size: medium;\">Lava Vakuumbeutel R-Vac (strukturiert) Das Original<\/span><\/strong><\/h2><p><span style=\"font-size: medium;\">Diese strukturierten \/ geriffelten Lava R-Vac Vakuumbeutel sind in vielen Gr\u00f6\u00dfen lieferbar und perfekt geeignet f\u00fcr Ihr Lava- Vakuumierger\u00e4t-<\/span><span style=\"font-size: medium;\"><span style=\"font-size: medium;\"> sowie jedes andere <\/span>Fabrikat, auch bei Kammerger\u00e4ten.<br \/>Schauen Sie auch in unserem Shop f\u00fcr weitere Gr\u00f6\u00dfen!<\/span><\/p><p><span style=\"font-size: medium;\">Ausf\u00fchrung und Produktvorteile<\/span><span style=\"font-size: medium;\">\u00a0<\/span><\/p><ul><li style=\"list-style-type: none;\"><ul><li><span style=\"font-size: medium;\">Geriffelte \/ strukturierte Ausf\u00fchrung<\/span><\/li><li><span style=\"font-size: medium;\">Lieferung als (VE) zu 50 St\u00fcck<\/span><\/li><li><span style=\"font-size: medium;\">s<\/span><span style=\"font-size: medium;\">uper stark, rei\u00dffest, bis zu 4-lagig &amp; luftundurchl\u00e4ssig<\/span><\/li><li><span style=\"font-size: medium;\">F\u00fcr Ihre Lebensmittel nur das Beste &#8211; Qualit\u00e4t Made in Switzerland<\/span><\/li><li><span style=\"font-size: medium;\">Besonders lange Haltbarkeit garantiert <\/span><\/li><li><span style=\"font-size: medium;\">E<\/span><span style=\"font-size: medium;\">xtra feine Struktur (Saft wird nur langsam nach oben gesaugt)<\/span><\/li><li><span style=\"font-size: medium;\">Geeignet f\u00fcr Lagerung in K\u00fchlung und Tiefk\u00fchlung f\u00fcr mehrere Jahre<\/span><\/li><li><span style=\"font-size: medium;\">Mikrowellen- und kochbeuteltauglich bis 95 \u00b0C<\/span><\/li><li><span style=\"font-size: medium;\">Perfekt f\u00fcr die Sous-Vide K\u00fcche geeignet<\/span><\/li><li><span style=\"font-size: medium;\">Sp\u00fclmaschinenfest und damit wiederverwendbar <\/span><\/li><\/ul><\/li><\/ul><p><span style=\"font-size: medium;\">Lava empfiehlt bei Verwendung eines Lava Vakuumierger\u00e4tes stets Lava Original-Folien einzusetzen, diese sind optimal f\u00fcr Ihr Vakuumierger\u00e4t ausgelegt &amp; garantieren eine lange Haltbarkeit Ihrer Produkte.<\/span><\/p>","protected":false},"excerpt":{"rendered":"<p>Lava Vakuumbeutel R-Vac (strukturiert) Das OriginalDiese strukturierten \/ geriffelten Lava R-Vac Vakuumbeutel sind in vielen Gr\u00f6\u00dfen lieferbar und perfekt geeignet f\u00fcr Ihr Lava- Vakuumierger\u00e4t- sowie jedes andere Fabrikat, auch bei Kammerger\u00e4ten.Schauen Sie auch in unserem Shop f\u00fcr weitere Gr\u00f6\u00dfen!Ausf\u00fchrung und Produktvorteile\u00a0Geriffelte \/ strukturierte Ausf\u00fchrungLieferung als (VE) zu 50 St\u00fccksuper stark, rei\u00dffest, bis zu 4-lagig &amp; [&hellip;]<\/p>\n","protected":false},"featured_media":1783,"template":"","meta":[],"product_brand":[],"product_cat":[127],"product_tag":[],"class_list":{"0":"post-1784","1":"product","2":"type-product","3":"status-publish","4":"has-post-thumbnail","6":"product_cat-vakuumirbeutel-und-rollen","7":"product_shipping_class-kleinkram","8":"pa_besonderheit-struktur-geriffelt","9":"pa_laenge-20-cm","10":"pa_laenge-30-cm","11":"pa_laenge-40-cm","12":"pa_laenge-50-cm","13":"pa_laenge-60-cm","15":"first","16":"instock","17":"taxable","18":"shipping-taxable","19":"purchasable","20":"product-type-variable","21":"has-default-attributes"},"supplier_id":null,"supplier_sku":"","barcode":null,"atum_controlled":true,"out_stock_date":null,"out_stock_threshold":null,"inheritable":true,"inbound_stock":4,"stock_on_hold":0,"sold_today":0,"sales_last_days":2,"reserved_stock":0,"customer_returns":0,"warehouse_damage":0,"lost_in_post":0,"other_logs":0,"out_stock_days":0,"lost_sales":0,"has_location":false,"update_date":"2026-04-01T11:36:17","atum_locations":[],"atum_stock_status":"instock","restock_status":false,"low_stock_amount":"","sales_update_date":"2024-09-29T08:03:25","calc_backorders":null,"_links":{"self":[{"href":"https:\/\/wordpress.famberg.de\/index.php\/wp-json\/wp\/v2\/product\/1784","targetHints":{"allow":["GET"]}}],"collection":[{"href":"https:\/\/wordpress.famberg.de\/index.php\/wp-json\/wp\/v2\/product"}],"about":[{"href":"https:\/\/wordpress.famberg.de\/index.php\/wp-json\/wp\/v2\/types\/product"}],"wp:featuredmedia":[{"embeddable":true,"href":"https:\/\/wordpress.famberg.de\/index.php\/wp-json\/wp\/v2\/media\/1783"}],"wp:attachment":[{"href":"https:\/\/wordpress.famberg.de\/index.php\/wp-json\/wp\/v2\/media?parent=1784"}],"wp:term":[{"taxonomy":"product_brand","embeddable":true,"href":"https:\/\/wordpress.famberg.de\/index.php\/wp-json\/wp\/v2\/product_brand?post=1784"},{"taxonomy":"product_cat","embeddable":true,"href":"https:\/\/wordpress.famberg.de\/index.php\/wp-json\/wp\/v2\/product_cat?post=1784"},{"taxonomy":"product_tag","embeddable":true,"href":"https:\/\/wordpress.famberg.de\/index.php\/wp-json\/wp\/v2\/product_tag?post=1784"}],"curies":[{"name":"wp","href":"https:\/\/api.w.org\/{rel}","templated":true}]}}