{"id":1776,"date":"2024-03-18T20:05:03","date_gmt":"2024-03-18T19:05:03","guid":{"rendered":"https:\/\/wordpress.famberg.de\/index.php\/produkt\/vakuumbeutel-r-vac-50-stueck-10-cm-breit-lang-von-15-80\/"},"modified":"2026-03-30T17:34:22","modified_gmt":"2026-03-30T15:34:22","slug":"vakuumbeutel-r-vac-50-stueck-10-cm-breit-lang-von-15-80","status":"publish","type":"product","link":"https:\/\/wordpress.famberg.de\/index.php\/produkt\/vakuumbeutel-r-vac-50-stueck-10-cm-breit-lang-von-15-80\/","title":{"rendered":"Lava Vakuumbeutel R-Vac 50 St\u00fcck 10 cm breit lang von 15-80"},"content":{"rendered":"<h2><span style=\"color: #006600; font-size: medium;\">Vakuumbeutel R-Vac (strukturiert) Das Original<\/span><\/h2><p><span style=\"font-size: medium;\">Diese strukturierten \/ geriffelten Lava R-Vac Vakuumbeutel sind in vielen Gr\u00f6\u00dfen lieferbar und perfekt geeignet f\u00fcr Ihr Lava sowie jedes andere Vakuumierger\u00e4t-Fabrikat, auch bei Kammerger\u00e4ten.<br \/>Schauen Sie auch in unserem Shop f\u00fcr weitere Gr\u00f6\u00dfen!<\/span><\/p><p><span style=\"font-size: medium;\">\u00a0<\/span><span style=\"font-size: medium;\">Ausf\u00fchrung und Produktvorteile<\/span><\/p><ul><li style=\"list-style-type: none;\"><ul><li><span style=\"font-size: medium;\">Geriffelte \/ strukturierte Ausf\u00fchrung<\/span><\/li><li><span style=\"font-size: medium;\">Lieferung als (VE) 50 St\u00fcck<\/span><\/li><li><span style=\"font-size: medium;\">Super stark, rei\u00dffest, bis zu 4-lagig &amp; luftundurchl\u00e4ssig<\/span><\/li><li><span style=\"font-size: medium;\">F\u00fcr Ihre Lebensmittel nur das Beste &#8211; Qualit\u00e4t Made in Switzerland<\/span><\/li><li><span style=\"font-size: medium;\">Besonders lange Haltbarkeit garantiert, siehe Haltbarkeitstabelle<\/span><\/li><li><span style=\"font-size: medium;\">Extra feine Struktur (Saft wird nur langsam nach oben gesaugt)<\/span><\/li><li><span style=\"font-size: medium;\">Geeignet f\u00fcr Lagerung in K\u00fchlung und Tiefk\u00fchlung f\u00fcr mehrere Jahre<\/span><\/li><li><span style=\"font-size: medium;\">Lebensmittelecht, geschmacks- und geruchsneutral<\/span><\/li><li><span style=\"font-size: medium;\">Mikrowellen- und kochbeuteltauglich bis 95 \u00b0C<\/span><\/li><li><span style=\"font-size: medium;\">Perfekt f\u00fcr die Sous-Vide K\u00fcche geeignet<\/span><\/li><li><span style=\"font-size: medium;\">Sp\u00fclmaschinenfest und damit wiederverwendbar <\/span><\/li><\/ul><\/li><\/ul><ul><li style=\"list-style-type: none;\"><\/li><\/ul><p><span style=\"font-size: medium;\">Lava empfiehlt bei Verwendung eines Lava Vakuumierger\u00e4tes stets Lava Original-Folien einzusetzen, diese sind optimal f\u00fcr Ihr Vakuumierger\u00e4t ausgelegt &amp; garantieren eine lange Haltbarkeit Ihrer Produkte.<\/span><\/p>","protected":false},"excerpt":{"rendered":"<p>Vakuumbeutel R-Vac (strukturiert) Das OriginalDiese strukturierten \/ geriffelten Lava R-Vac Vakuumbeutel sind in vielen Gr\u00f6\u00dfen lieferbar und perfekt geeignet f\u00fcr Ihr Lava sowie jedes andere Vakuumierger\u00e4t-Fabrikat, auch bei Kammerger\u00e4ten.Schauen Sie auch in unserem Shop f\u00fcr weitere Gr\u00f6\u00dfen!\u00a0Ausf\u00fchrung und ProduktvorteileGeriffelte \/ strukturierte Ausf\u00fchrungLieferung als (VE) 50 St\u00fcckSuper stark, rei\u00dffest, bis zu 4-lagig &amp; luftundurchl\u00e4ssigF\u00fcr Ihre Lebensmittel [&hellip;]<\/p>\n","protected":false},"featured_media":1775,"template":"","meta":[],"product_brand":[],"product_cat":[127],"product_tag":[],"class_list":{"0":"post-1776","1":"product","2":"type-product","3":"status-publish","4":"has-post-thumbnail","6":"product_cat-vakuumirbeutel-und-rollen","7":"product_shipping_class-kleinkram","8":"pa_besonderheit-struktur-geriffelt","10":"first","11":"instock","12":"taxable","13":"shipping-taxable","14":"purchasable","15":"product-type-variable"},"supplier_id":null,"supplier_sku":"","barcode":null,"atum_controlled":true,"out_stock_date":null,"out_stock_threshold":null,"inheritable":true,"inbound_stock":4,"stock_on_hold":0,"sold_today":0,"sales_last_days":4,"reserved_stock":0,"customer_returns":0,"warehouse_damage":0,"lost_in_post":0,"other_logs":0,"out_stock_days":0,"lost_sales":0,"has_location":false,"update_date":"2026-04-01T11:32:48","atum_locations":[],"atum_stock_status":"instock","restock_status":false,"low_stock_amount":"","sales_update_date":"2024-09-29T08:03:25","calc_backorders":null,"_links":{"self":[{"href":"https:\/\/wordpress.famberg.de\/index.php\/wp-json\/wp\/v2\/product\/1776","targetHints":{"allow":["GET"]}}],"collection":[{"href":"https:\/\/wordpress.famberg.de\/index.php\/wp-json\/wp\/v2\/product"}],"about":[{"href":"https:\/\/wordpress.famberg.de\/index.php\/wp-json\/wp\/v2\/types\/product"}],"wp:featuredmedia":[{"embeddable":true,"href":"https:\/\/wordpress.famberg.de\/index.php\/wp-json\/wp\/v2\/media\/1775"}],"wp:attachment":[{"href":"https:\/\/wordpress.famberg.de\/index.php\/wp-json\/wp\/v2\/media?parent=1776"}],"wp:term":[{"taxonomy":"product_brand","embeddable":true,"href":"https:\/\/wordpress.famberg.de\/index.php\/wp-json\/wp\/v2\/product_brand?post=1776"},{"taxonomy":"product_cat","embeddable":true,"href":"https:\/\/wordpress.famberg.de\/index.php\/wp-json\/wp\/v2\/product_cat?post=1776"},{"taxonomy":"product_tag","embeddable":true,"href":"https:\/\/wordpress.famberg.de\/index.php\/wp-json\/wp\/v2\/product_tag?post=1776"}],"curies":[{"name":"wp","href":"https:\/\/api.w.org\/{rel}","templated":true}]}}