{"id":1766,"date":"2024-03-18T19:21:10","date_gmt":"2024-03-18T18:21:10","guid":{"rendered":"https:\/\/wordpress.famberg.de\/index.php\/produkt\/e-vac-vakuumrollen-strukturiert-6-m-lang\/"},"modified":"2025-11-03T14:24:38","modified_gmt":"2025-11-03T13:24:38","slug":"e-vac-vakuumrollen-strukturiert-6-m-lang","status":"publish","type":"product","link":"https:\/\/wordpress.famberg.de\/index.php\/produkt\/e-vac-vakuumrollen-strukturiert-6-m-lang\/","title":{"rendered":"Lava E-Vac Vakuumrollen (strukturiert) 6 m lang"},"content":{"rendered":"<h2><span style=\"font-size: medium;\">Vakuumrollen E-Vac (strukturiert) Das Original<\/span><\/h2><p><span style=\"font-size: medium;\">\u00a0Die Vakuum-Folienrollen sind in 6 verschiedenen Gr\u00f6\u00dfen lieferbar und perfekt geeignet f\u00fcr Ihr Lava sowie jedes andere Vakuumierger\u00e4t-Fabrikat, auch bei Kammerger\u00e4ten.<\/span><\/p><p><span style=\"font-size: medium;\">Ausf\u00fchrung und Produktvorteile<\/span><\/p><ul><li><span style=\"font-size: medium;\">Erh\u00e4ltlich als Spar-Sets in den Breiten: 4 Rollen je 15 cm oder 2 Rollen je 20 \/ 25 \/ 30 \/ 45 \/ 60 cm<\/span><\/li><li><span style=\"font-size: medium;\">Jede Vakuumrolle hat eine L\u00e4nge von 6 Meter<\/span><\/li><li><span style=\"font-size: medium;\">Extra feine Struktur (Saft wird nur langsam nach oben gesaugt)<\/span><\/li><li><span style=\"font-size: medium;\">Hinweis: Bitte die Schwei\u00dfbreite Ihres Ger\u00e4tes beachten!<\/span><\/li><li><span style=\"font-size: medium;\">Luftundurchl\u00e4ssig, super stark &amp; rei\u00dffest, bis zu 4-lagige Spezialfolie<\/span><\/li><li><span style=\"font-size: medium;\">F\u00fcr Ihre Lebensmittel nur das Beste &#8211; Qualit\u00e4t Made in Switzerland\/EU<\/span><\/li><li><span style=\"font-size: medium;\">Besonders lange Haltbarkeit garantiert, siehe Haltbarkeitstabelle<\/span><\/li><li><span style=\"font-size: medium;\">Geeignet f\u00fcr Lagerung in K\u00fchlung und Tiefk\u00fchlung f\u00fcr mehrere Jahre<\/span><\/li><li><span style=\"font-size: medium;\">Lebensmittelecht, geschmacks- und geruchsneutral<\/span><\/li><li><span style=\"font-size: medium;\">Mikrowellen- und kochbeuteltauglich bis 95 \u00b0C<\/span><\/li><li><span style=\"font-size: medium;\">Perfekt f\u00fcr die Sous-Vide K\u00fcche geeignet<\/span><\/li><li><span style=\"font-size: medium;\">Sp\u00fclmaschinenfest und damit wiederverwendbar<\/span><span style=\"font-size: medium;\"><br \/><\/span><\/li><\/ul><p><span style=\"font-size: medium;\">Anwendung der Vakuum-Folienrollen:<\/span><\/p><p><span style=\"font-size: medium;\">Die Lava E-Vac Vakuumrollen sind bereits seitlich verschwei\u00dft, als erster Schritt die Vakuumrolle auf die gew\u00fcnschte L\u00e4nge abschneiden. Nun eine Seite mit dem Vakuumierger\u00e4t schwei\u00dfen, hierbei beachten: Die Folie nur auf das Schwei\u00dfband legen und nicht bis in den Vakuum- bereich. Nun manuell oder automatisch schwei\u00dfen. Nach dem Schwei\u00dfen der Bodennaht den nun fertigen Vakuumbeutel bef\u00fcllen und vakuumieren. <\/span><\/p>","protected":false},"excerpt":{"rendered":"<p>Vakuumrollen E-Vac (strukturiert) Das Original\u00a0Die Vakuum-Folienrollen sind in 6 verschiedenen Gr\u00f6\u00dfen lieferbar und perfekt geeignet f\u00fcr Ihr Lava sowie jedes andere Vakuumierger\u00e4t-Fabrikat, auch bei Kammerger\u00e4ten.Ausf\u00fchrung und ProduktvorteileErh\u00e4ltlich als Spar-Sets in den Breiten: 4 Rollen je 15 cm oder 2 Rollen je 20 \/ 25 \/ 30 \/ 45 \/ 60 cmJede Vakuumrolle hat eine L\u00e4nge [&hellip;]<\/p>\n","protected":false},"featured_media":1765,"template":"","meta":[],"product_brand":[],"product_cat":[127],"product_tag":[],"class_list":{"0":"post-1766","1":"product","2":"type-product","3":"status-publish","4":"has-post-thumbnail","6":"product_cat-vakuumirbeutel-und-rollen","7":"product_shipping_class-kleinkram","8":"pa_laenge-600-cm","9":"pa_struktur-geriffelt","11":"first","12":"instock","13":"taxable","14":"shipping-taxable","15":"purchasable","16":"product-type-variable"},"supplier_id":null,"supplier_sku":"","barcode":null,"atum_controlled":true,"out_stock_date":null,"out_stock_threshold":null,"inheritable":true,"inbound_stock":0,"stock_on_hold":0,"sold_today":0,"sales_last_days":7,"reserved_stock":null,"customer_returns":null,"warehouse_damage":null,"lost_in_post":null,"other_logs":null,"out_stock_days":0,"lost_sales":0,"has_location":false,"update_date":"2025-11-04T16:51:24","atum_locations":[],"atum_stock_status":"instock","restock_status":false,"low_stock_amount":"","sales_update_date":"2024-09-24T09:53:07","calc_backorders":null,"_links":{"self":[{"href":"https:\/\/wordpress.famberg.de\/index.php\/wp-json\/wp\/v2\/product\/1766","targetHints":{"allow":["GET"]}}],"collection":[{"href":"https:\/\/wordpress.famberg.de\/index.php\/wp-json\/wp\/v2\/product"}],"about":[{"href":"https:\/\/wordpress.famberg.de\/index.php\/wp-json\/wp\/v2\/types\/product"}],"wp:featuredmedia":[{"embeddable":true,"href":"https:\/\/wordpress.famberg.de\/index.php\/wp-json\/wp\/v2\/media\/1765"}],"wp:attachment":[{"href":"https:\/\/wordpress.famberg.de\/index.php\/wp-json\/wp\/v2\/media?parent=1766"}],"wp:term":[{"taxonomy":"product_brand","embeddable":true,"href":"https:\/\/wordpress.famberg.de\/index.php\/wp-json\/wp\/v2\/product_brand?post=1766"},{"taxonomy":"product_cat","embeddable":true,"href":"https:\/\/wordpress.famberg.de\/index.php\/wp-json\/wp\/v2\/product_cat?post=1766"},{"taxonomy":"product_tag","embeddable":true,"href":"https:\/\/wordpress.famberg.de\/index.php\/wp-json\/wp\/v2\/product_tag?post=1766"}],"curies":[{"name":"wp","href":"https:\/\/api.w.org\/{rel}","templated":true}]}}