{"id":1632,"date":"2024-02-24T11:31:46","date_gmt":"2024-02-24T10:31:46","guid":{"rendered":"https:\/\/wordpress.famberg.de\/index.php\/produkt\/strandkorb-trend-45-akazienholz-walnut-dessin-751-bullaugen\/"},"modified":"2025-07-15T18:46:00","modified_gmt":"2025-07-15T16:46:00","slug":"strandkorb-trend-45-akazienholz-walnut-dessin-751-bullaugen","status":"publish","type":"product","link":"https:\/\/wordpress.famberg.de\/index.php\/produkt\/strandkorb-trend-45-akazienholz-walnut-dessin-751-bullaugen\/","title":{"rendered":"deVries Strandkorb  Trend 45 Akazienholz walnut Dessin 751 Bullaugen"},"content":{"rendered":"<div><span style=\"color: #0000ff;\"><strong>Erst wieder in der n\u00e4chsten Saison 2026 lieferbar.<\/strong><\/span><\/div><div><\/div><div><span style=\"font-size: medium;\"><b>DeVries* Strandkorb Strandkorb Trend 45 Akazienholz Dessin 751 Bullaugen<\/b> &#8211;<b> <span style=\"color: #cc0000;\">Bilder mit Bullaugen entspricht der Geflechtfarbe walnut<\/span><\/b><br \/>Zerlegbarer Strandkorb, zur Selbstmontage auch an schwer zug\u00e4nglichen Pl\u00e4tzen, mit einem attraktivem Preis-Leistungsverh\u00e4ltnis.<br \/><\/span><\/div><div><span style=\"font-size: medium;\">Die Kissenausstattungen k\u00f6nnen komplett entnommen werden. Bullaugen in den Oberkorbseitenteilen<br \/><\/span><\/div><div><span style=\"font-size: medium;\">\u00a0<\/span><\/div><div><span style=\"font-size: medium;\">H\u00f6he (cm) 155.00<br \/>Breite (cm) 120.00<br \/>Tiefe (cm) 80.00<br \/>Material<br \/><span class=\"value\">Akazienholz 100% nachhaltiges Holz<\/span><\/span><\/div><div><p><span style=\"font-size: medium;\">Farbe walnut<br \/><\/span><\/p><div class=\"grey\"><span style=\"font-size: medium;\"><b>\u00a0<\/b><\/span><\/div><div class=\"grey\"><p><span style=\"font-size: medium;\"><b>Korpus<\/b><\/span><span style=\"font-size: medium;\"><br \/><\/span><\/p><div class=\"grey\"><ul class=\"datenlisting\"><li><span style=\"font-size: medium;\">Akazie FSC\u00ae 100%<\/span><\/li><li><span style=\"font-size: medium;\">voll recycelbares PE-Geflecht<\/span><\/li><li><span style=\"font-size: medium;\">aufwendig geflochtenes Sonnenmuster<\/span><\/li><li><span style=\"font-size: medium;\">mehrfach verstellbar<\/span><\/li><li><span style=\"font-size: medium;\">verzinkte Beschl\u00e4ge<\/span><\/li><li><span style=\"font-size: medium;\">Oberkorb mit Zopfleiste<\/span><\/li><li><span style=\"font-size: medium;\">h\u00f6henverstellbare und ausziehbare Fu\u00dfst\u00fctzen<\/span><\/li><\/ul><\/div><\/div><\/div><div class=\"grey\"><span style=\"font-size: medium;\"><b>Ausstattung<\/b><br \/><\/span><\/div><div class=\"grey\"><ul class=\"datenlisting\"><li><span style=\"font-size: medium;\">zwei Bullaugen im Oberkorb mit Holzrahmen<\/span><\/li><li><span style=\"font-size: medium;\">serienm\u00e4\u00dfig mit einem Klapptisch<\/span><\/li><li><span style=\"font-size: medium;\">Laufrollenmontage m\u00f6glich<\/span><\/li><\/ul><\/div><div class=\"grey\"><div><div class=\"grey\"><div class=\"grey\"><span style=\"font-size: medium;\"><b>\u00a0<\/b><\/span><\/div><div class=\"grey\"><p><span style=\"font-size: medium;\"><b>Kissenausstattung<\/b><\/span><\/p><ul class=\"datenlisting\"><li><span style=\"font-size: medium;\">100% Polyester<\/span><\/li><li><span style=\"font-size: medium;\">komplett herausnehmbar<\/span><\/li><li><span style=\"font-size: medium;\">mit Rei\u00dfverschluss und waschbar entsprechend Etikett<\/span><\/li><li><span style=\"font-size: medium;\">abnehmbare dick gepolsterte Fu\u00dfkissen<\/span><\/li><li><span style=\"font-size: medium;\">inkl. zwei Knuffelkissen<\/span><\/li><\/ul><div><div class=\"grey\"><span style=\"font-size: medium;\"><b>Aus nachhaltiger Waldwirtschaft<\/b><\/span><\/div><div class=\"grey\"><span style=\"font-size: medium;\"><b>\u00a0<\/b><\/span><\/div><div class=\"grey\"><span style=\"font-size: medium;\">Es ist DeVries wichtig, dass Ihr Holz aus Gebieten stammt in denen nicht gegen traditionelle oder b\u00fcrgerliche Rechte versto\u00dfen werden, die unter keinem besonderen Schutz stehen und deren Best\u00e4nde nicht gef\u00e4hrdet sind, deren B\u00e4ume einen nat\u00fcrlichen Ursprung haben und nicht genetisch ver\u00e4ndert wurden.<br \/>DeVries hofft, durch die F\u00f6rderung der legalen Holzernte, Naturw\u00e4lder zu sch\u00fctzen. Hiermit m\u00f6chte DeVries einen wichtigen Teil dazu beitragen, diese Philosophie im gesamten Markt verankern zu k\u00f6nnen.<br \/><\/span><\/div><div class=\"grey\"><p><span style=\"font-size: medium;\">\u00a0<\/span><\/p><div class=\"grey\"><p><span style=\"font-size: medium;\"><b>Oeko-Tex\u00ae<\/b><\/span><\/p><p><span style=\"font-size: medium;\">Oeko-Tex\u00ae steht f\u00fcr eine unabh\u00e4ngige Schadstoffpr\u00fcfung f\u00fcr gesundheitlich einwandfreie Textilprodukte aller Art.<br \/>Alle Stoffe, die f\u00fcr unsere Auflagen und Kissenausstattungen verwendet<br \/>werden, sind in einer unabh\u00e4ngigen Schadstoffpr\u00fcfung nach Oeko-Tex\u00ae<br \/>Standard gepr\u00fcft wurden.<\/span><\/p><\/div><\/div><\/div><\/div><div><div class=\"grey\"><div class=\"grey\"><div class=\"grey\"><p><span style=\"font-size: medium;\"><b>M\u00f6bel aus Holz<\/b><\/span><\/p><p><span style=\"font-size: medium;\">F\u00fcr alle, die Holz wegen seiner Haptik lieben, modernes Design sch\u00e4tzen<br \/>und zeitlose Gem\u00fctlichkeit suchen. Wir schaffen mit unserer<br \/>Sortimentsrange die Kombination aus Trends und Qualit\u00e4t, Zeitlosigkeit<br \/>und neuen Ideen. Das weckt auch in Ihnen den deVries Holzm\u00f6belliebhaber.<\/span><\/p><p>&nbsp;<\/p><\/div><\/div><\/div><\/div><\/div><\/div><\/div><div><p><span style=\"font-size: medium;\">* deVries ist eine Marke der Dekovries GmbH<br \/><\/span><\/p><div><span style=\"font-size: medium;\">\u00a0<\/span><\/div><\/div>","protected":false},"excerpt":{"rendered":"<p>Erst wieder in der n\u00e4chsten Saison 2026 lieferbar.DeVries* Strandkorb Strandkorb Trend 45 Akazienholz Dessin 751 Bullaugen &#8211; Bilder mit Bullaugen entspricht der Geflechtfarbe walnutZerlegbarer Strandkorb, zur Selbstmontage auch an schwer zug\u00e4nglichen Pl\u00e4tzen, mit einem attraktivem Preis-Leistungsverh\u00e4ltnis.Die Kissenausstattungen k\u00f6nnen komplett entnommen werden. Bullaugen in den Oberkorbseitenteilen\u00a0H\u00f6he (cm) 155.00Breite (cm) 120.00Tiefe (cm) 80.00MaterialAkazienholz 100% nachhaltiges HolzFarbe walnut\u00a0KorpusAkazie [&hellip;]<\/p>\n","protected":false},"featured_media":849,"template":"","meta":[],"product_brand":[],"product_cat":[109],"product_tag":[206,207],"class_list":{"0":"post-1632","1":"product","2":"type-product","3":"status-publish","4":"has-post-thumbnail","6":"product_cat-strandkoerbe","7":"product_tag-3574575120af","8":"product_tag-207","9":"product_shipping_class-spedition","10":"pa_besonderheiten-2-bullaugen-im-oberkorb","11":"pa_farbe-walnut","12":"pa_montage-erforderlich-ja","14":"first","15":"outofstock","16":"taxable","17":"shipping-taxable","18":"purchasable","19":"product-type-simple"},"supplier_id":1294,"supplier_sku":"3574575120AF","barcode":null,"atum_controlled":true,"out_stock_date":"2025-07-15 18:45:17","out_stock_threshold":null,"inheritable":false,"inbound_stock":0,"stock_on_hold":0,"sold_today":0,"sales_last_days":0,"reserved_stock":0,"customer_returns":0,"warehouse_damage":0,"lost_in_post":0,"other_logs":0,"out_stock_days":0,"lost_sales":0,"has_location":false,"update_date":"2025-07-15T16:46:01","atum_locations":[],"atum_stock_status":"outofstock","restock_status":false,"low_stock_amount":"","sales_update_date":"2025-06-22T14:48:25","calc_backorders":null,"_links":{"self":[{"href":"https:\/\/wordpress.famberg.de\/index.php\/wp-json\/wp\/v2\/product\/1632","targetHints":{"allow":["GET"]}}],"collection":[{"href":"https:\/\/wordpress.famberg.de\/index.php\/wp-json\/wp\/v2\/product"}],"about":[{"href":"https:\/\/wordpress.famberg.de\/index.php\/wp-json\/wp\/v2\/types\/product"}],"wp:featuredmedia":[{"embeddable":true,"href":"https:\/\/wordpress.famberg.de\/index.php\/wp-json\/wp\/v2\/media\/849"}],"wp:attachment":[{"href":"https:\/\/wordpress.famberg.de\/index.php\/wp-json\/wp\/v2\/media?parent=1632"}],"wp:term":[{"taxonomy":"product_brand","embeddable":true,"href":"https:\/\/wordpress.famberg.de\/index.php\/wp-json\/wp\/v2\/product_brand?post=1632"},{"taxonomy":"product_cat","embeddable":true,"href":"https:\/\/wordpress.famberg.de\/index.php\/wp-json\/wp\/v2\/product_cat?post=1632"},{"taxonomy":"product_tag","embeddable":true,"href":"https:\/\/wordpress.famberg.de\/index.php\/wp-json\/wp\/v2\/product_tag?post=1632"}],"curies":[{"name":"wp","href":"https:\/\/api.w.org\/{rel}","templated":true}]}}