{"id":1626,"date":"2024-02-24T11:31:37","date_gmt":"2024-02-24T10:31:37","guid":{"rendered":"https:\/\/wordpress.famberg.de\/index.php\/produkt\/strandkorb-schutzhaube-premium-atmungsaktiv-xxlxl-und-l-xxl\/"},"modified":"2025-07-03T14:53:42","modified_gmt":"2025-07-03T12:53:42","slug":"strandkorb-schutzhaube-premium-atmungsaktiv-xxlxl-und-l-xxl","status":"publish","type":"product","link":"https:\/\/wordpress.famberg.de\/index.php\/produkt\/strandkorb-schutzhaube-premium-atmungsaktiv-xxlxl-und-l-xxl\/","title":{"rendered":"Strandkorb Schutzhaube Premium atmungsaktiv XXL &#8211; 152 cm"},"content":{"rendered":"<div style=\"width: 200px;\"><\/div><p><b><span style=\"font-size: medium;\">Bei der Gr\u00f6\u00dfe welche Sie hier kaufen, bitte die Titelzeile beachten.<\/span><\/b><\/p><p><span style=\"font-size: medium;\">Hier die allerneusten <span style=\"color: #6600cc;\">atmungsaktiven <\/span>Schutzhauben von DeVries f\u00fcr Ihren Strandkorb!<\/span><\/p><div class=\"grey\"><ul><li><span style=\"font-size: medium;\">Polyester-Gewebe (atmungsaktiv) f\u00fcr einen optimalen Schutz gegen Witterunseinfl\u00fcsse, Ausbleichen und Schmutz<\/span><\/li><li><span style=\"font-size: medium;\">Verl\u00e4ngert die Lebensdauer Ihres Strandkorbes<\/span><\/li><li><span style=\"font-size: medium;\">Mit Zugband inklusive Stopper am unteren Rannd<\/span><\/li><li><span style=\"font-size: medium;\">Mit zwei Rei\u00dfverschl\u00fcssen f\u00fcr einen bequemen \u00dcberwurf<\/span><\/li><li><span style=\"font-size: medium;\">Reinigung ausschlie\u00dflich mit Wasser<\/span><span style=\"font-size: medium;\">\u00a0<\/span><\/li><\/ul><\/div><div><span style=\"font-size: medium;\"><strong>Ganzjahreshaube! Diese hochwertige<\/strong><\/span><span style=\"font-size: medium;\"><span style=\"color: #6600cc;\"><strong> atmungsaktiven <\/strong><\/span><\/span><span style=\"font-size: medium;\"><strong>Schutzhaube ist f\u00fcr Sommer und Winter geeignet.<\/strong><\/span><\/div><p><span style=\"font-size: medium;\"><b>Gr\u00f6\u00dfe &#8222;L&#8220;<\/b><b>\u00a0\u00a0 <\/b>passend zum Beispiel f\u00fcr folgende Strandk\u00f6rbe<\/span><\/p><ul><li><div class=\"grey\"><span style=\"font-size: medium;\">Twin Compact<\/span><\/div><\/li><li><div class=\"grey\"><span style=\"font-size: medium;\">Twin Hiddensee<\/span><\/div><\/li><li><div class=\"grey\"><span style=\"font-size: medium;\">Trend 40<\/span><\/div><\/li><li><div class=\"grey\"><span style=\"font-size: medium;\">TRENDY PURE Eco<\/span><\/div><\/li><li><div class=\"grey\"><span style=\"font-size: medium;\">TRENDY PURE Standard<\/span><\/div><\/li><li><div class=\"grey\"><span style=\"font-size: medium;\">TRENDY PURE Greenline 120<\/span><\/div><\/li><li><div class=\"grey\"><p><span style=\"font-size: medium;\">usw.<\/span><\/p><p>Breite 128 cm &#8211; Tief 95 &#8211; Hoch 165<br \/>Polyester-Gewebe, atmungsaktiv, dunkgelgrau<\/p><\/div><\/li><\/ul><p><span style=\"font-size: medium;\"><b>Gr\u00f6\u00dfe &#8222;XL&#8220;\u00a0<\/b>\u00a0 passend zum Beispiel f\u00fcr folgende Strandk\u00f6rbe<\/span><\/p><ul class=\"datenlisting\"><li><span style=\"font-size: medium;\">TRENDY PURE Classic XL Sun<\/span><\/li><li><span style=\"font-size: medium;\">TRENDY PURE Greenline 140 XL<\/span><\/li><li><span style=\"font-size: medium;\">PURE Greenline 170 XL<\/span><\/li><li><span style=\"font-size: medium;\">PURE Comfort XL<\/span><\/li><li><span style=\"font-size: medium;\">PURE Friesland XL<\/span><\/li><li><span style=\"font-size: medium;\">PURE Sailor XL<\/span><\/li><li><span style=\"font-size: medium;\">usw.<br \/><\/span><\/li><\/ul><p><span style=\"font-size: medium;\">\u00a0\u00a0\u00a0\u00a0\u00a0\u00a0\u00a0\u00a0\u00a0\u00a0\u00a0\u00a0 Breite 135 cm &#8211; Tief 95 &#8211; Hoch 165<br \/>Polyester-Gewebe, atmungsaktiv, dunkelgrau<\/span><\/p><p><b>Gr\u00f6\u00dfe &#8222;XXL&#8220;<\/b><b>\u00a0<\/b>\u00a0\u00a0 passend zum Beispiel f\u00fcr folgende Strandk\u00f6rbe<\/p><ul><li><span style=\"font-size: medium;\">PURE Friesland XXL<\/span><\/li><li><span style=\"font-size: medium;\">PURE Nautic XXL<\/span><\/li><li><span style=\"font-size: medium;\">PURE Baltic XXL<\/span><\/li><li><span style=\"font-size: medium;\">usw.<br \/><\/span><\/li><\/ul><p><span style=\"font-size: medium;\">\u00a0\u00a0\u00a0\u00a0\u00a0\u00a0\u00a0\u00a0\u00a0 Breite 152 cm &#8211; Tief 95 &#8211; Hoch 165<br \/><\/span><\/p><p><span style=\"font-size: medium;\">\u00a0\u00a0\u00a0\u00a0\u00a0\u00a0\u00a0\u00a0\u00a0 Polyester-Gewebe, atmungsaktiv, dunkelgrau<br \/><\/span><\/p><p><span style=\"font-size: medium;\">\u00a0<\/span><\/p><p><b><span style=\"font-size: medium;\">Hinweise zur Verwendung:<\/span><\/b><\/p><p><span style=\"font-size: medium;\">Schutzhaube bitte nur auf einen trockenen Strandkorb aufziehen. Um Stockflecken und Schimmelbefall zu vermeiden, unbedingt f\u00fcr gute Luftzirkulation des Strandkorbes sorgen. Zur \u00dcberwinderung lose Kissen herausnehmen und den Strandkorb zum Beispiel mit Steinen aufbocken, um Staun\u00e4sse zu vermeiden. An sonnigen Tagen (im Sommer und im Winter) Strandkorb komplett l\u00fcften.<\/span><\/p><p>Um die Lebensdauer Ihre Schutzhaube zu verl\u00e4ngern, legen Sie ein Handtuch zwischen Schutzhaube und die oberen Ecken des Strandkorbs.<\/p><p><span style=\"font-size: medium;\">\u00a0<\/span><\/p><div><span style=\"font-size: medium;\">* deVries ist eine Marke der Dekovries GmbH<br \/><\/span><\/div>","protected":false},"excerpt":{"rendered":"<p>Bei der Gr\u00f6\u00dfe welche Sie hier kaufen, bitte die Titelzeile beachten.Hier die allerneusten atmungsaktiven Schutzhauben von DeVries f\u00fcr Ihren Strandkorb!Polyester-Gewebe (atmungsaktiv) f\u00fcr einen optimalen Schutz gegen Witterunseinfl\u00fcsse, Ausbleichen und SchmutzVerl\u00e4ngert die Lebensdauer Ihres StrandkorbesMit Zugband inklusive Stopper am unteren RanndMit zwei Rei\u00dfverschl\u00fcssen f\u00fcr einen bequemen \u00dcberwurfReinigung ausschlie\u00dflich mit Wasser\u00a0Ganzjahreshaube! Diese hochwertige atmungsaktiven Schutzhaube ist f\u00fcr [&hellip;]<\/p>\n","protected":false},"featured_media":1058,"template":"","meta":[],"product_brand":[],"product_cat":[108],"product_tag":[],"class_list":{"0":"post-1626","1":"product","2":"type-product","3":"status-publish","4":"has-post-thumbnail","6":"product_cat-gartenzubehoer","7":"product_shipping_class-direkt-devries","9":"first","10":"instock","11":"taxable","12":"shipping-taxable","13":"purchasable","14":"product-type-simple"},"supplier_id":1294,"supplier_sku":"15129","barcode":null,"atum_controlled":true,"out_stock_date":null,"out_stock_threshold":null,"inheritable":false,"inbound_stock":0,"stock_on_hold":0,"sold_today":0,"sales_last_days":1,"reserved_stock":0,"customer_returns":0,"warehouse_damage":0,"lost_in_post":0,"other_logs":0,"out_stock_days":0,"lost_sales":0,"has_location":false,"update_date":"2025-07-03T12:53:43","atum_locations":[],"atum_stock_status":"instock","restock_status":false,"low_stock_amount":"","sales_update_date":null,"calc_backorders":null,"_links":{"self":[{"href":"https:\/\/wordpress.famberg.de\/index.php\/wp-json\/wp\/v2\/product\/1626","targetHints":{"allow":["GET"]}}],"collection":[{"href":"https:\/\/wordpress.famberg.de\/index.php\/wp-json\/wp\/v2\/product"}],"about":[{"href":"https:\/\/wordpress.famberg.de\/index.php\/wp-json\/wp\/v2\/types\/product"}],"wp:featuredmedia":[{"embeddable":true,"href":"https:\/\/wordpress.famberg.de\/index.php\/wp-json\/wp\/v2\/media\/1058"}],"wp:attachment":[{"href":"https:\/\/wordpress.famberg.de\/index.php\/wp-json\/wp\/v2\/media?parent=1626"}],"wp:term":[{"taxonomy":"product_brand","embeddable":true,"href":"https:\/\/wordpress.famberg.de\/index.php\/wp-json\/wp\/v2\/product_brand?post=1626"},{"taxonomy":"product_cat","embeddable":true,"href":"https:\/\/wordpress.famberg.de\/index.php\/wp-json\/wp\/v2\/product_cat?post=1626"},{"taxonomy":"product_tag","embeddable":true,"href":"https:\/\/wordpress.famberg.de\/index.php\/wp-json\/wp\/v2\/product_tag?post=1626"}],"curies":[{"name":"wp","href":"https:\/\/api.w.org\/{rel}","templated":true}]}}