{"id":1623,"date":"2024-02-24T11:31:32","date_gmt":"2024-02-24T10:31:32","guid":{"rendered":"https:\/\/wordpress.famberg.de\/index.php\/produkt\/strandkorb-trendy-pure-standard-pe-grey-dessin-478\/"},"modified":"2025-07-15T18:50:03","modified_gmt":"2025-07-15T16:50:03","slug":"strandkorb-trendy-pure-standard-pe-grey-dessin-478","status":"publish","type":"product","link":"https:\/\/wordpress.famberg.de\/index.php\/produkt\/strandkorb-trendy-pure-standard-pe-grey-dessin-478\/","title":{"rendered":"deVries Strandkorb TRENDY PURE Standard PE grey Dessin 478"},"content":{"rendered":"<div><strong>Erst wieder Anfang September 2025 lieferbar<\/strong><\/div><div><span style=\"font-size: medium;\"><b>Strandkorb TRENDY PURE Standard PE grey Dessin 478.<\/b><br \/>Zerlegbarer Strandkorb, zur Selbstmontage auch an schwer zug\u00e4nglichen Pl\u00e4tzen, mit einem attraktivem Preis-Leistungsverh\u00e4ltnis.<br \/><\/span><\/div><div><span style=\"font-size: medium;\">\u00a0<\/span><\/div><div><p><span style=\"font-size: medium;\">H\u00f6he (cm) 160.00<br \/>Breite (cm) 120.00<br \/>Tiefe (cm) 80.00<br \/>Material Pinienholz, Geflecht 8 mm<br \/>Farbe grey<br \/><\/span><\/p><div class=\"grey\"><span style=\"font-size: medium;\"><b>\u00a0<\/b><\/span><\/div><div class=\"grey\"><p><span style=\"font-size: medium;\"><b>Korpus<br \/><\/b><\/span><\/p><ul class=\"datenlisting\"><li><span style=\"font-size: medium;\">Pinienholz, grau lasiert<\/span><\/li><li><span style=\"font-size: medium;\">8 mm PE-Markengeflecht, voll-recyclebar<\/span><\/li><li><span style=\"font-size: medium;\">Korpus beidseitig geflochten<\/span><\/li><li><span style=\"font-size: medium;\"><b>unsichtbarer Windschutz &#8211; Schutzfolie zwischen der inneren und \u00e4u\u00dferen Flechtung<\/b><\/span><\/li><li><span style=\"font-size: medium;\">ohne textilen Innenausschlag<\/span><\/li><li><span style=\"font-size: medium;\">mehrfach verstellbar<\/span><\/li><li><span style=\"font-size: medium;\"><b>XL &#8211; extra breite und tiefe Sitzfl\u00e4che<\/b><\/span><\/li><li><span style=\"font-size: medium;\">verzinkte Beschl\u00e4ge<\/span><\/li><li><span style=\"font-size: medium;\">Oberkorb mit Zopfleiste<\/span><\/li><li><span style=\"font-size: medium;\"><span style=\"font-size: medium;\">ausschiebbare Fu\u00dfst\u00fctzen<\/span><\/span><\/li><\/ul><\/div><\/div><div class=\"grey\"><span style=\"font-size: medium;\"><b>Ausstattung<\/b><br \/><\/span><\/div><div class=\"grey\"><span style=\"font-size: medium;\">inkl. zwei Klapptische<br \/>Laufrollenmontage m\u00f6glich<\/span><\/div><div class=\"grey\"><div><div class=\"grey\"><div class=\"grey\"><span style=\"font-size: medium;\"><b>\u00a0<\/b><\/span><\/div><div class=\"grey\"><p><span style=\"font-size: medium;\"><b>Kissenausstattung<\/b><\/span><\/p><ul class=\"datenlisting\"><li><span style=\"font-size: medium;\">Kissenausstattung komplett herausnehmbar<\/span><\/li><li><span style=\"font-size: medium;\">h\u00f6henverstellbare Nackenkissen<\/span><\/li><li><span style=\"font-size: medium;\">Kissenh\u00fclle mit Rei\u00dfverschluss, waschbar entsprechend Etikett<\/span><\/li><li><span style=\"font-size: medium;\">abnehmbare gepolsterte Fusskissen<\/span><\/li><li><span style=\"font-size: medium;\">Markise leicht abnehmbar<\/span><\/li><li><span style=\"font-size: medium;\">Auflagen &amp; Kissen bestehen aus 100% Polyester.<br \/><\/span><\/li><\/ul><div><\/div><\/div><div><div class=\"grey\"><div class=\"grey\"><div class=\"grey\"><p><span style=\"font-size: medium;\"><b>Umweltbewusst!<\/b> <img loading=\"lazy\" decoding=\"async\" class=\"float-right\" title=\"Indonesian Legal Wood\" src=\"https:\/\/www.devries-group.de\/webshop\/media\/import\/logo\/indonesian-legal-wood\/logo-indonesian-legal-wood_beschnitten.png\" alt=\"Indonesian Legal Wood;\" width=\"100\" height=\"71\" \/><\/span><\/p><p><span style=\"font-size: medium;\">Es wurde nur indonesisches Holz aus legalem Anbau verwendet, welches somit die Bedingungen der EU-Holzverordnung erf\u00fcllt. So einfach k\u00f6nnen Sie die Umwelt sch\u00fctzen.<\/span><\/p><p><span style=\"font-size: medium;\">\u00a0<\/span><\/p><div class=\"grey\"><p><span style=\"font-size: medium;\"><b>Oeko-Tex\u00ae<\/b><\/span><\/p><p><span style=\"font-size: medium;\">Oeko-Tex\u00ae steht f\u00fcr eine unabh\u00e4ngige Schadstoffpr\u00fcfung f\u00fcr gesundheitlich einwandfreie Textilprodukte aller Art.<br \/>Alle Stoffe, die f\u00fcr unsere Auflagen und Kissenausstattungen verwendet werden, sind in einer unabh\u00e4ngigen Schadstoffpr\u00fcfung nach Oeko-Tex\u00ae Standard gepr\u00fcft wurden.<\/span><\/p><\/div><\/div><\/div><div class=\"grey\"><div class=\"grey\"><p><span style=\"font-size: medium;\"><b>M\u00f6bel aus Holz<\/b><\/span><\/p><p><span style=\"font-size: medium;\">F\u00fcr alle, die Holz wegen seiner Haptik lieben, modernes Design sch\u00e4tzen und zeitlose Gem\u00fctlichkeit suchen. Wir schaffen mit unserer Sortimentsrange die Kombination aus Trends und Qualit\u00e4t, Zeitlosigkeit und neuen Ideen. Das weckt auch in Ihnen den deVries Holzm\u00f6belliebhaber.<\/span><\/p><\/div><\/div><\/div><\/div><\/div><\/div><\/div><div><span style=\"font-size: medium;\">* deVries ist eine Marke der Dekovries GmbH<\/span><\/div><div><span style=\"font-size: medium;\"><br \/>&#8211; Lieferung erfolgt per Spediton als Paket<br \/><\/span><\/div><div><span style=\"font-size: medium;\">&#8211; Selbstmontage, Lieferung erfolgt zerlegt in einem Karton.<br \/>&#8211; Paketma\u00df: L 115 cm x B 92 cm x H 38 cm<\/span><\/div><div><span style=\"font-size: medium;\">&#8211; R\u00fccksendekosten eines Strandkorbes belaufen sich auf 90 Euro.<br \/><\/span><\/div>","protected":false},"excerpt":{"rendered":"<p>Erst wieder Anfang September 2025 lieferbarStrandkorb TRENDY PURE Standard PE grey Dessin 478.Zerlegbarer Strandkorb, zur Selbstmontage auch an schwer zug\u00e4nglichen Pl\u00e4tzen, mit einem attraktivem Preis-Leistungsverh\u00e4ltnis.\u00a0H\u00f6he (cm) 160.00Breite (cm) 120.00Tiefe (cm) 80.00Material Pinienholz, Geflecht 8 mmFarbe grey\u00a0KorpusPinienholz, grau lasiert8 mm PE-Markengeflecht, voll-recyclebarKorpus beidseitig geflochtenunsichtbarer Windschutz &#8211; Schutzfolie zwischen der inneren und \u00e4u\u00dferen Flechtungohne textilen Innenausschlagmehrfach verstellbarXL [&hellip;]<\/p>\n","protected":false},"featured_media":843,"template":"","meta":[],"product_brand":[],"product_cat":[109],"product_tag":[209,207],"class_list":{"0":"post-1623","1":"product","2":"type-product","3":"status-publish","4":"has-post-thumbnail","6":"product_cat-strandkoerbe","7":"product_tag-316154785p","8":"product_tag-207","9":"product_shipping_class-spedition","11":"first","12":"instock","13":"taxable","14":"shipping-taxable","15":"purchasable","16":"product-type-simple"},"supplier_id":1294,"supplier_sku":"316154785P","barcode":null,"atum_controlled":true,"out_stock_date":null,"out_stock_threshold":null,"inheritable":false,"inbound_stock":0,"stock_on_hold":0,"sold_today":0,"sales_last_days":0,"reserved_stock":0,"customer_returns":0,"warehouse_damage":0,"lost_in_post":0,"other_logs":0,"out_stock_days":0,"lost_sales":0,"has_location":false,"update_date":"2025-07-15T16:50:05","atum_locations":[],"atum_stock_status":"instock","restock_status":false,"low_stock_amount":"","sales_update_date":"2024-09-24T09:53:10","calc_backorders":null,"_links":{"self":[{"href":"https:\/\/wordpress.famberg.de\/index.php\/wp-json\/wp\/v2\/product\/1623","targetHints":{"allow":["GET"]}}],"collection":[{"href":"https:\/\/wordpress.famberg.de\/index.php\/wp-json\/wp\/v2\/product"}],"about":[{"href":"https:\/\/wordpress.famberg.de\/index.php\/wp-json\/wp\/v2\/types\/product"}],"wp:featuredmedia":[{"embeddable":true,"href":"https:\/\/wordpress.famberg.de\/index.php\/wp-json\/wp\/v2\/media\/843"}],"wp:attachment":[{"href":"https:\/\/wordpress.famberg.de\/index.php\/wp-json\/wp\/v2\/media?parent=1623"}],"wp:term":[{"taxonomy":"product_brand","embeddable":true,"href":"https:\/\/wordpress.famberg.de\/index.php\/wp-json\/wp\/v2\/product_brand?post=1623"},{"taxonomy":"product_cat","embeddable":true,"href":"https:\/\/wordpress.famberg.de\/index.php\/wp-json\/wp\/v2\/product_cat?post=1623"},{"taxonomy":"product_tag","embeddable":true,"href":"https:\/\/wordpress.famberg.de\/index.php\/wp-json\/wp\/v2\/product_tag?post=1623"}],"curies":[{"name":"wp","href":"https:\/\/api.w.org\/{rel}","templated":true}]}}