{"id":1619,"date":"2024-02-24T11:31:27","date_gmt":"2024-02-24T10:31:27","guid":{"rendered":"https:\/\/wordpress.famberg.de\/index.php\/produkt\/hochleistungsmixer-total-blender-in-3-farben-schwarz\/"},"modified":"2025-01-16T17:32:14","modified_gmt":"2025-01-16T16:32:14","slug":"hochleistungsmixer-total-blender-in-3-farben-schwarz","status":"publish","type":"product","link":"https:\/\/wordpress.famberg.de\/index.php\/produkt\/hochleistungsmixer-total-blender-in-3-farben-schwarz\/","title":{"rendered":"Blendtec Hochleistungsmixer Total Blender in 3 Farben schwarz"},"content":{"rendered":"<div><span style=\"color: #6600cc; font-size: medium;\"><strong><span style=\"color: #009900; font-size: large;\"><span style=\"font-size: medium;\"><span style=\"color: #000000;\">Blendtec Total Blender das neuste Modell. Der Blendtec wird seit 1975 in den USA von einen Familienunternehmen hergestellt.<br \/><\/span><\/span><\/span><\/strong><\/span><\/div><div><span style=\"color: #6600cc; font-size: medium;\"><strong><span style=\"color: #009900; font-size: large;\"><span style=\"font-size: medium;\"><span style=\"color: #000000;\">\u00a0<\/span><\/span><\/span><\/strong><\/span><\/div><p><span style=\"font-size: medium;\">Ich selbst bin begeistert von diesen Standmixer. Er macht wirklich super<br \/>Smoothies. Ich wollte aber mehr machen als nur Smoothies. Bei mir ist<br \/>der Total Blender t\u00e4glich im Einsatz, er macht leckeres Eis und f\u00fcr<br \/>meine Salate die Dressings. Mit dem kleinen zus\u00e4tzlichen Beh\u00e4lter<br \/>Twister <b>(optional erh\u00e4ltlich<\/b> &#8211; Blendtec im Set mit Twister Jar finden Sie <a title=\"Total Blender im Set\" href=\"https:\/\/www.ebay.de\/sch\/m.html?_odkw=total+blender&amp;nma=true&amp;_ssn=famberg-shopping&amp;item=360494566001&amp;orig_cvip=true&amp;_osacat=0&amp;si=rhlC5NWqOIkXPvvdLW%2BT2FNCv8M%3D&amp;_from=R40&amp;_trksid=m570.l1313&amp;_nkw=total+blender+im+Set&amp;_sacat=0\" target=\"_blank\" rel=\"noopener\">hier-LINK<\/a>) k\u00f6nnen Sie kleine Mengen Nussmus wie Cashewmus oder auch Brei machen, Dank des patentierten Deckel geht das wunderbar.<br \/>Der Total Blender ist ein Allrounder f\u00fcr den t\u00e4glichen Einsatz<strong>.<\/strong><\/span><\/p><p>&nbsp;<\/p><div><span style=\"color: #006633; font-size: medium;\"><span style=\"font-size: medium;\"><span style=\"font-size: large;\"><span style=\"font-size: medium;\">D<span style=\"color: #990000;\">er Total Blender Classic bringt professionelle Leistung und Power in Ihr<br \/>Zuhause. Er \u00fcberzeugt mit den beliebtesten vorprogrammierten<br \/>Mischzyklen, um das Zubereiten Ihrer Lieblingsspeise so einfach wie<br \/>m\u00f6glich zu gestalten. Lieferbar in 3 aktuellen Farben<\/span><\/span><\/span><\/span><strong style=\"font-size: medium;\"><span style=\"font-size: large;\"><span style=\"font-size: medium;\"><span style=\"color: #990000;\"> + <\/span><\/span><\/span><\/strong><span style=\"color: #990000;\"><strong>Gratis<br \/>NEU mit &#8222;Das gro\u00dfe Blendtec Rezeptbuch&#8220;. Darin sind viele leckere<br \/>Rezepte wie z.B. Dressing &amp; Marinaden, Smoothies &amp;Smoothiebowls,<br \/>Aufstriche, Dips &amp; Saucen, Eiscreme &amp; Popsicles, Getr\u00e4nke &amp;<br \/>Cocktails, Geb\u00e4ck &amp; Dessert<\/strong><\/span><\/span><\/div><div><span style=\"color: #6600cc; font-size: medium;\"><span style=\"color: #6600cc; font-size: medium;\"><strong><br \/><\/strong><span style=\"color: #000000;\"><b>Die Besonderheiten des Blendtec Mixers finden Sie <u><a title=\"Darstellung der Besonderheiten des Blendtec\" href=\"https:\/\/ebaylayout.famberg.de\/userfiles\/blendtec\/Blendtec Vorteile.pdf\" target=\"_blank\" rel=\"noopener\">hier in diesen PDF Dokument<\/a> <\/u>.<\/b> Achtung es \u00f6ffnet sich der Acrobat Reader.<\/span><\/span><\/span>Hochleistungsmixer im eleganten Design<span style=\"font-size: medium;\"><span style=\"font-size: medium;\">,<br \/>mit viel Power und einem Ergebnis, dass absolut professionell ist. Im<br \/>Handumdrehen k\u00f6nnen Sie Smoothies, Dips, Suppen, Desserts, Cocktails und<br \/>vieles mehr an frischen K\u00f6stlichkeiten herstellen. Das All-in-one Ger\u00e4t<br \/>mit seinem vorprogrammierten Abl\u00e4ufen macht es Ihnen wirklich leicht,<br \/>Ihre gesunde Lebensweise zu unterst\u00fctzen.<\/span><\/span>Der Total Blender verf\u00fcgt \u00fcber sechs vorprogrammierte Zyklen: Crushed Ice,<br \/>Smoothie, hei\u00dfe Suppe, Eis, Saft aus ganzen Fr\u00fcchten und Teig. Diese<br \/>exklusive Mischzyklus-Technologie schafft die perfekte Mischung mit<br \/>einem Knopfdruck. Einfach in der Handhabung und bestens geeignet<br \/>zur Herstellung von veganer Mandel-oder Nussmilch, selbstgemachtem Pesto<br \/>aus frischen Kr\u00e4utern, Zerkleinern von Getreide zu Mehl, Rohkost-Dips,<br \/>Salsa, hei\u00dfe Suppen oder auch frischer, gesunder Babykost.<\/p><\/div><div><\/div><div><\/div><div><span style=\"font-size: medium;\"><span style=\"color: #009900;\"><strong><span style=\"color: #000000;\">\u00a0<\/span><\/strong><\/span><\/span><\/div><div><span style=\"font-size: medium;\"><span style=\"color: #009900;\"><strong><span style=\"color: #000000;\">Was alle Blendtec gemeinsam haben: Hochwertige Komponenten, die im<br \/>kommerziellen Bereich in Smoothie-Bars oder Coffee-Shops bereits seit<br \/>Jahren erfolgreich im Einsatz sind.<\/span><br \/><\/strong><\/span><\/span><\/p><ul><li><span style=\"color: #009900; font-size: medium;\"><span style=\"color: #000000;\">Stumpfe Sicherheitsklinge \u2013 pulverisiert Zutaten besser als eine scharfe, d\u00fcnne Klinge<\/span><\/span><\/li><li><span style=\"color: #009900; font-size: medium;\"><span style=\"color: #000000;\">Stahl-auf-Stahl-Kupplung \u2013 kein Plastik oder Sollbruchstellen<\/span><\/span><\/li><li><span style=\"color: #009900; font-size: medium;\"><span style=\"color: #000000;\">Einfache und \u00fcbersichtliche Bedienbarkeit des Tastenfeldes oder Touch-Screen<\/span><\/span><\/li><li><span style=\"color: #009900; font-size: medium;\"><span style=\"color: #000000;\">Beh\u00e4lter BPA-frei<\/span><\/span><\/li><li><span style=\"color: #009900; font-size: medium;\"><span style=\"color: #000000;\">Beh\u00e4lter sind untereinander austauschbar<\/span><\/span><\/li><li><span style=\"color: #009900; font-size: medium;\"><span style=\"color: #000000;\">Stopferloses arbeiten<\/span><\/span><\/li><li><span style=\"color: #009900; font-size: medium;\"><span style=\"color: #000000;\">Maximale Motorleistung, je nach Modell, ab 3 PS<\/span><\/span><\/li><li><span style=\"color: #009900; font-size: medium;\"><span style=\"color: #000000;\">2 Jahre Garantie<\/span><\/span><\/li><li><span style=\"font-size: medium;\">ultra Hochgeschwindigkeitsmotor\u00a0<\/span><\/li><li><span style=\"font-size: medium;\">unzerbrechliche Antriebswelle<\/span><\/li><li><span style=\"font-size: medium;\">leichte Bedienung<\/span><\/li><li><span style=\"font-size: medium;\">strapazierf\u00e4hige Sicherheitsklinge<b> \u00a0<\/b> \u00a0 <\/span><\/li><\/ul><p><span style=\"font-size: medium;\">In einem Blendtec Mixer wird der Strom direkt vom leistungsstarken Motor<br \/>auf die Klinge \u00fcbertragen. Die dazwischenliegenden Teile sind alle<br \/>hochpr\u00e4zise aus Stahl hergestellt und passgenau eingebaut. Die<br \/>Stahl-auf-Stahl Verbindung minimiert die Vibration und sorgt so f\u00fcr<br \/>einen ger\u00e4uscharmen Programmablauf und erh\u00f6ht die Zuverl\u00e4ssigkeit ihres<br \/>Ger\u00e4tes. Damit Sie lange Zeit viel Freude mit Ihrem neuen Blendtec Mixer<br \/>haben.<br \/><\/span><\/p><\/div><div><span style=\"font-size: medium;\">\u00a0<\/span><\/div><p><span style=\"font-size: medium;\"><b>Features des Total Blender:<\/b><\/span><\/p><div><ul><li><span style=\"font-size: medium;\">3,0 PS Maximalleistung, 1560 Watt, 240 V<\/span><\/li><li><span style=\"font-size: medium;\">Komplett versiegelte Tasten-Bedienelemente<\/span><\/li><li><span style=\"font-size: medium;\">Einfach zu bedienende und reinigende Druckkn\u00f6pfe<\/span><\/li><li><span style=\"font-size: medium;\">Vorprogrammierte Zyklen: Smoothie, Teig, hei\u00dfe Suppe, Saft aus ganzen Fr\u00fcchten, Eis, Crushed Ice<\/span><\/li><li><span style=\"font-size: medium;\">10 Ausw\u00e4hlbare Geschwindigkeitsstufen + Pulse-Funktion<\/span><\/li><li><span style=\"font-size: medium;\">H\u00f6he x Breite x Tiefe: 38 x 18 cm x 20 cm<\/span><\/li><li><span style=\"font-size: medium;\">Beleuchtetes LCD-Display zeigt die Restlaufzeit des Vorgangs an<\/span><\/li><li><span style=\"font-size: medium;\">2 Jahre Garantie<\/span><\/li><\/ul><\/div><p><span style=\"font-size: medium;\"><b>Der Mixbeh\u00e4lter WildSide+ welcher zum Lieferumgang geh\u00f6rt nutzt die Leistung ihres Blendtec effektiv.<\/b><br \/><\/span><\/p><ul><li><span style=\"font-size: medium;\">Erh\u00f6ht die Mischeffektivit\u00e4t gefrorener Zutaten um 25%<\/span><\/li><li><span style=\"font-size: medium;\">Stumpfe Sicherheitsklingen sind bis zu 80% dicker und 10 mal stabiler als andere Klingen<\/span><\/li><li><span style=\"font-size: medium;\">Die patentierte schmale f\u00fcnfte Seite erm\u00f6glicht es schneller, gr\u00f6\u00dfere Mengen zu verarbeiten<\/span><\/li><li><span style=\"font-size: medium;\">Gefertigt aus stabilem, BPA-freiem Copolyester<\/span><\/li><li><span style=\"font-size: medium;\">Kompatibel mit allen Blendtec Haushalts Blendern<\/span><\/li><\/ul><p>&nbsp;<\/p><div><span style=\"font-size: medium;\">Der WildSide+ ist perfekt geeignet f\u00fcr:<\/span><span style=\"font-size: medium;\"><br \/><\/span><\/div><div><ul><li><span style=\"font-size: medium;\">Gr\u00f6\u00dfere Mengen<\/span><span style=\"font-size: medium;\">\u00a0\u00a0\u00a0 Volumin\u00f6se Rezepte<\/span><\/li><li><span style=\"font-size: medium;\">Brotteig<\/span><\/li><li><span style=\"font-size: medium;\">Smoothies<\/span><\/li><li><span style=\"font-size: medium;\">Dips und Teig<\/span><\/li><\/ul><\/div><div><span style=\"font-size: medium;\">Der patentierte WildSide+ bietet eine extraweite Form f\u00fcr mehr Volumen. Die<br \/>schmale f\u00fcnfte Seite sowie die zwei vertikalen Stege auf der Innenseite<br \/>st\u00f6ren den nat\u00fcrlichen Fluss der Mixtur und sorgen somit f\u00fcr maximale<br \/>Mixleistung, selbst bei gr\u00f6\u00dferen Mengen und gefrorenen Zutaten.<\/span><\/div><div><ul><li><span style=\"font-size: medium;\">Fassungsverm\u00f6gen: 2,6 L, mit Mess-Strichen bis 1.1 L<\/span><\/li><li><span style=\"font-size: medium;\">Beh\u00e4lter Ma\u00dfe: HxBxT: 23 x 14 x 14 cm (12 cm Breit\/Tief\u00a0 \u00fcber der Basis)<\/span><\/li><li><span style=\"font-size: medium;\">Verpackungs Ma\u00dfe: HxBxT: 24 x 18 x 18 cm<\/span><\/li><li><span style=\"font-size: medium;\">Gewicht: 680 Gramm<\/span><\/li><li><span style=\"font-size: medium;\">2 Jahre Garantie<\/span><\/li><\/ul><\/div><div><span style=\"font-size: medium;\">Lieferumfang:<br \/>WildSide+\u00ae Beh\u00e4lter &amp; ventilierter Gripper\u2122 Deckel. Der WildSide+<br \/>Beh\u00e4lter ist kompatibel mit allen Blendtec Blender Modellen.<\/span><\/div><div><span style=\"font-size: medium;\">\u00a0<\/span><\/div><div><\/div><div><span style=\"font-size: medium;\"><strong>Lieferumfang:<br \/><\/strong>Total Blender Motorbasis<br \/>WildSide+ Beh\u00e4lter (BPA Frei) mit ventiliertem <\/span><span style=\"font-size: medium;\"><span style=\"font-size: medium;\">Gripper\u2122<\/span><\/span><\/div><div><span style=\"font-size: medium;\">Schnellstart-Anleitung sowie Rezepte<br \/>Gratis zus\u00e4tzlich das Buch &#8222;Das gro\u00dfe Blendec Rezeptbuch&#8220;<br \/><\/span><\/div><div><\/div><div><p>Auf die Modelle bietet BLENDTEC eine Garantie von 2 Jahren auf das gesamte Mixger\u00e4t.<br \/>Die Herstellerarantie umfasst alle im Garantiezeitraum auftretenden Fertigungs- und Materialfehler, welche repariert, ersetzt oder erstattet werden. Voraussetzung f\u00fcr diese Garantie ist ein sachgem\u00e4\u00dfer Gebrauch und sachgem\u00e4\u00dfe Pflege gem\u00e4\u00df der Bedienungsanleitung. Von der Garantie ausgeschlossen sind Sch\u00e4den aus Verlust, aus grober Fahrl\u00e4ssigkeit, aus Verschlei\u00df und Folgesch\u00e4den. Die Garantie gilt nur in Deutschland.<br \/>Durch die Herstellergarantie werden die gesetzlichen Rechte aus der Gew\u00e4hrleistung nicht eingeschr\u00e4nkt.<\/p><\/div>","protected":false},"excerpt":{"rendered":"<p>Blendtec Total Blender das neuste Modell. Der Blendtec wird seit 1975 in den USA von einen Familienunternehmen hergestellt.\u00a0Ich selbst bin begeistert von diesen Standmixer. Er macht wirklich superSmoothies. Ich wollte aber mehr machen als nur Smoothies. Bei mir istder Total Blender t\u00e4glich im Einsatz, er macht leckeres Eis und f\u00fcrmeine Salate die Dressings. Mit dem [&hellip;]<\/p>\n","protected":false},"featured_media":824,"template":"","meta":[],"product_brand":[],"product_cat":[134],"product_tag":[],"class_list":{"0":"post-1619","1":"product","2":"type-product","3":"status-publish","4":"has-post-thumbnail","6":"product_cat-kuechengeraete","7":"product_shipping_class-direkt-luba","9":"first","10":"instock","11":"featured","12":"taxable","13":"shipping-taxable","14":"purchasable","15":"product-type-simple"},"supplier_id":1283,"supplier_sku":"900501+003010","barcode":null,"atum_controlled":true,"out_stock_date":null,"out_stock_threshold":null,"inheritable":false,"inbound_stock":0,"stock_on_hold":0,"sold_today":1,"sales_last_days":1,"reserved_stock":null,"customer_returns":null,"warehouse_damage":null,"lost_in_post":null,"other_logs":null,"out_stock_days":0,"lost_sales":0,"has_location":false,"update_date":"2025-01-16T16:32:16","atum_locations":[],"atum_stock_status":"instock","restock_status":false,"low_stock_amount":"","sales_update_date":"2025-01-16T16:29:53","calc_backorders":null,"_links":{"self":[{"href":"https:\/\/wordpress.famberg.de\/index.php\/wp-json\/wp\/v2\/product\/1619","targetHints":{"allow":["GET"]}}],"collection":[{"href":"https:\/\/wordpress.famberg.de\/index.php\/wp-json\/wp\/v2\/product"}],"about":[{"href":"https:\/\/wordpress.famberg.de\/index.php\/wp-json\/wp\/v2\/types\/product"}],"wp:featuredmedia":[{"embeddable":true,"href":"https:\/\/wordpress.famberg.de\/index.php\/wp-json\/wp\/v2\/media\/824"}],"wp:attachment":[{"href":"https:\/\/wordpress.famberg.de\/index.php\/wp-json\/wp\/v2\/media?parent=1619"}],"wp:term":[{"taxonomy":"product_brand","embeddable":true,"href":"https:\/\/wordpress.famberg.de\/index.php\/wp-json\/wp\/v2\/product_brand?post=1619"},{"taxonomy":"product_cat","embeddable":true,"href":"https:\/\/wordpress.famberg.de\/index.php\/wp-json\/wp\/v2\/product_cat?post=1619"},{"taxonomy":"product_tag","embeddable":true,"href":"https:\/\/wordpress.famberg.de\/index.php\/wp-json\/wp\/v2\/product_tag?post=1619"}],"curies":[{"name":"wp","href":"https:\/\/api.w.org\/{rel}","templated":true}]}}