{"id":1610,"date":"2024-02-24T11:31:13","date_gmt":"2024-02-24T10:31:13","guid":{"rendered":"https:\/\/wordpress.famberg.de\/index.php\/produkt\/standmixer-total-blender-3-farben-set-mit-2-behaelter-twister-rot\/"},"modified":"2024-10-07T12:59:51","modified_gmt":"2024-10-07T10:59:51","slug":"standmixer-total-blender-3-farben-set-mit-2-behaelter-twister-rot","status":"publish","type":"product","link":"https:\/\/wordpress.famberg.de\/index.php\/produkt\/standmixer-total-blender-3-farben-set-mit-2-behaelter-twister-rot\/","title":{"rendered":"Blendtec Standmixer Total Blender 3 Farben Set mit 2 Beh\u00e4lter Twister rot"},"content":{"rendered":"<\/p><p><font style=\"font-size: small\"><span style=\"font-size: small\"><span style=\"font-size: small\"><\/p><div><span style=\"font-size: 12pt;color: red\"><\/span><\/div><p><\/span><\/span><\/font><\/p><div style=\"font-size: small\"> <\/div><div><font size=\"3\" color=\"#6600CC\"><strong><font size=\"4\" color=\"#009900\"><font size=\"3\"><font color=\"#000000\"><br \/><\/font><\/font><\/font><\/strong><\/font><\/div><div><font size=\"3\" color=\"#6600CC\"><strong><font size=\"4\" color=\"#009900\"><font size=\"3\"><font color=\"#000000\">Blendtec Total Blender das neuste Modell. Der Blendtec wird seit 1975 in den USA von einen Familienunternehmen hergestellt.<br \/><\/font><\/font><\/font><\/strong><\/font><\/div><div><font size=\"3\" color=\"#6600CC\"><strong><font size=\"4\" color=\"#009900\"><font size=\"3\"><font color=\"#000000\"><br \/><\/font><\/font><\/font><\/strong><\/font><\/div><div><font size=\"3\">Ich<br \/> selbst bin begeistert von diesen Standmixer. Er macht<br \/> wirklich super Smoothies. Ich wollte aber mehr machen als nur<br \/>Smoothies. Bei mir ist der Total Blender t\u00e4glich im Einsatz, er macht<br \/>leckeres Eis und f\u00fcr meine Salate die Dressings. Mit dem kleinen<br \/>zus\u00e4tzlichen Beh\u00e4lter Twister k\u00f6nnen Sie kleine Mengen Nussmus wie<br \/>Cashewmus oder auch Brei machen, Dank des patentierten Deckel geht das<br \/>wunderbar. <br \/>Der Total Blender ist ein Allrounder f\u00fcr den t\u00e4glichen Einsatz ideal im Set mit dem kleinen Twister Beh\u00e4lter<strong>.<\/strong><\/font><strong><font size=\"3\"><\/p><p><\/font><\/strong><font size=\"3\" color=\"#006633\"><span style=\"font-size: medium\"><font size=\"4\"><font size=\"3\">D<font color=\"#990000\">er<br \/> Total Blender Classic bringt professionelle Leistung und Power in Ihr<br \/>Zuhause. Er \u00fcberzeugt mit den beliebtesten vorprogrammierten<br \/>Mischzyklen, um das Zubereiten Ihrer Lieblingsspeise so einfach wie<br \/>m\u00f6glich zu gestalten. Lieferbar in 3 aktuellen Farben<\/font><\/font><\/font><\/span><strong style=\"font-size: medium\"><font size=\"4\"><font size=\"3\"><font color=\"#990000\"> + <\/font><\/font><\/font><\/strong><font color=\"#990000\"><strong>Gratis<br \/> NEU mit &#8222;Das gro\u00dfe Blendtec Rezeptbuch&#8220;. Darin sind viele leckere<br \/>Rezepte wie z.B. Dressing &amp; Marinaden, Smoothies &amp;Smoothiebowls,<br \/> Aufstriche, Dips &amp; Saucen, Eiscreme &amp; Popsicles, Getr\u00e4nke &amp;<br \/> Cocktails, Geb\u00e4ck &amp; Dessert<\/strong><\/font><\/font><font color=\"#990000\"><strong style=\"font-size: medium\"><\/strong><\/font><\/div><div><font color=\"#009900\"><strong style=\"font-size: medium\"><\/strong><\/font><font size=\"3\" color=\"#6600CC\"><strong><br \/><\/strong><font color=\"#000000\"><b>Die Besonderheiten des Blendtec Mixers finden Sie <u><a href=\"https:\/\/ebaylayout.famberg.de\/userfiles\/blendtec\/Blendtec Vorteile.pdf\" title=\"Darstellung der Besonderheiten des Blendtec\" target=\"_blank\" rel=\"noopener\">hier in diesen PDF Dokument<\/a> <\/u>.<\/b> Achtung es \u00f6ffnet sich der Acrobat Reader.<\/p><p>Hochleistungsmixer im eleganten Design<\/font><\/font><font size=\"3\">,<br \/> mit viel Power und einem Ergebnis, dass absolut professionell ist. Im<br \/>Handumdrehen k\u00f6nnen Sie Smoothies, Dips, Suppen, Desserts, Cocktails und<br \/> vieles mehr an frischen K\u00f6stlichkeiten herstellen. Das All-in-one Ger\u00e4t<br \/> mit seinem vorprogrammierten Abl\u00e4ufen macht es Ihnen wirklich leicht,<br \/>Ihre gesunde Lebensweise zu unterst\u00fctzen. <span><\/p><p>Der<br \/> Total Blender verf\u00fcgt \u00fcber sechs vorprogrammierte Zyklen: Crushed Ice,<br \/>Smoothie, hei\u00dfe Suppe, Eis, Saft aus ganzen Fr\u00fcchten und Teig. Diese<br \/>exklusive Mischzyklus-Technologie schafft die perfekte Mischung mit<br \/>einem Knopfdruck.<\/span> Einfach in der Handhabung und bestens geeignet<br \/>zur Herstellung von veganer Mandel-oder Nussmilch, selbstgemachtem Pesto<br \/> aus frischen Kr\u00e4utern, Zerkleinern von Getreide zu Mehl, Rohkost-Dips,<br \/>Salsa, hei\u00dfe Suppen oder auch frischer, gesunder Babykost.<\/p><p><font color=\"#009900\"><strong><font color=\"#000000\">Was<br \/> alle Blendtec gemeinsam haben: Hochwertige Komponenten, die im<br \/>kommerziellen Bereich in Smoothie-Bars oder Coffee-Shops bereits seit<br \/>Jahren erfolgreich im Einsatz sind.<\/font><br \/><\/strong><\/font><\/font><\/p><ul><li><font size=\"3\" color=\"#009900\"><font color=\"#000000\">Stumpfe Sicherheitsklinge \u2013 pulverisiert Zutaten besser als eine scharfe, d\u00fcnne Klinge<\/font><\/font><\/li><li><font size=\"3\" color=\"#009900\"><font color=\"#000000\">Stahl-auf-Stahl-Kupplung \u2013 kein Plastik oder Sollbruchstellen<\/font><\/font><\/li><li><font size=\"3\" color=\"#009900\"><font color=\"#000000\">Einfache und \u00fcbersichtliche Bedienbarkeit des Tastenfeldes oder Touch-Screen<\/font><\/font><\/li><li><font size=\"3\" color=\"#009900\"><font color=\"#000000\">Beh\u00e4lter BPA-frei<\/font><\/font><\/li><li><font size=\"3\" color=\"#009900\"><font color=\"#000000\">Beh\u00e4lter sind untereinander austauschbar<\/font><\/font><\/li><li><font size=\"3\" color=\"#009900\"><font color=\"#000000\">Stopferloses arbeiten<\/font><\/font><\/li><li><font size=\"3\" color=\"#009900\"><font color=\"#000000\">Maximale Motorleistung, je nach Modell, ab 3 PS<\/font><\/font><\/li><li><font size=\"3\" color=\"#009900\"><font color=\"#000000\">2 Jahre Garantie<\/font><\/font><\/li><li><font size=\"3\">ultra Hochgeschwindigkeitsmotor&nbsp;<\/font><\/li><li><font size=\"3\">unzerbrechliche Antriebswelle<\/font><\/li><li><font size=\"3\">leichte Bedienung<\/font><\/li><li><font size=\"3\">strapazierf\u00e4hige Sicherheitsklinge<b> &nbsp;<\/b> &nbsp; <\/font><\/li><\/ul><p><font size=\"3\">In<br \/> einem Blendtec Mixer wird der Strom direkt vom leistungsstarken Motor<br \/>auf die Klinge \u00fcbertragen. Die dazwischenliegenden Teile sind alle<br \/>hochpr\u00e4zise aus Stahl hergestellt und passgenau eingebaut. Die<br \/>Stahl-auf-Stahl Verbindung minimiert die Vibration und sorgt so f\u00fcr<br \/>einen ger\u00e4uscharmen Programmablauf und erh\u00f6ht die Zuverl\u00e4ssigkeit ihres<br \/>Ger\u00e4tes. Damit Sie lange Zeit viel Freude mit Ihrem neuen Blendtec Mixer<br \/> haben. &nbsp; <br \/><\/font><\/div><div><font size=\"3\"><br \/><\/font><\/div><p><font size=\"3\"><b>Features des Total Blender:<\/b><\/font><\/p><div><ul><li><font size=\"3\">3,0 PS Maximalleistung, 1560 Watt, 240 V<\/font><\/li><li><font size=\"3\">Komplett versiegelte Tasten-Bedienelemente<\/font><\/li><li><font size=\"3\">Einfach zu bedienende und reinigende Druckkn\u00f6pfe<\/font><\/li><li><font size=\"3\">Vorprogrammierte Zyklen: Smoothie, Teig, hei\u00dfe Suppe, Saft aus ganzen Fr\u00fcchten, Eis, Crushed Ice<\/font><\/li><li><font size=\"3\">10 Ausw\u00e4hlbare Geschwindigkeitsstufen + Pulse-Funktion<\/font><\/li><li><font size=\"3\">H\u00f6he x Breite x Tiefe: 38 x 18 cm x 20 cm<\/font><\/li><li><font size=\"3\">Beleuchtetes LCD-Display zeigt die Restlaufzeit des Vorgangs an<\/font><\/li><li><font size=\"3\">2 Jahre Garantie<\/font><\/li><\/ul><\/div><p><font size=\"3\"><strong style=\"font-family:\"><\/strong><b>Der Mixbeh\u00e4lter WildSide+ welcher zum Lieferumgang geh\u00f6rt nutzt die Leistung ihres Blendtec effektiv.<\/b><br \/><\/font><\/p><ul><li><font size=\"3\">Erh\u00f6ht die Mischeffektivit\u00e4t gefrorener Zutaten um 25%<\/font><\/li><li><font size=\"3\">Stumpfe Sicherheitsklingen sind bis zu 80% dicker und 10 mal stabiler als andere Klingen<\/font><\/li><li><font size=\"3\">Die patentierte schmale f\u00fcnfte Seite erm\u00f6glicht es schneller, gr\u00f6\u00dfere Mengen zu verarbeiten<\/font><\/li><li><font size=\"3\">Gefertigt aus stabilem, BPA-freiem Copolyester<\/font><\/li><li><font size=\"3\">Kompatibel mit allen Blendtec Haushalts Blendern<\/font><\/li><\/ul><p><font size=\"3\"><\/font><\/p><div><font size=\"3\">Der WildSide+ ist perfekt geeignet f\u00fcr:<\/font><font size=\"3\"><br \/><\/font><\/div><div><ul><li><font size=\"3\">Gr\u00f6\u00dfere Mengen<\/font><font size=\"3\">&nbsp;&nbsp;&nbsp; Volumin\u00f6se Rezepte<\/font><\/li><li><font size=\"3\">Brotteig<\/font><\/li><li><font size=\"3\">Smoothies<\/font><\/li><li><font size=\"3\">Dips und Teig<\/font><\/li><\/ul><\/div><div><font size=\"3\">Der<br \/> patentierte WildSide+ bietet eine extraweite Form f\u00fcr mehr Volumen. Die<br \/> schmale f\u00fcnfte Seite sowie die zwei vertikalen Stege auf der Innenseite<br \/> st\u00f6ren den nat\u00fcrlichen Fluss der Mixtur und sorgen somit f\u00fcr maximale<br \/>Mixleistung, selbst bei gr\u00f6\u00dferen Mengen und gefrorenen Zutaten.<\/font><\/div><div><ul><li><font size=\"3\">Fassungsverm\u00f6gen: 2,6 L, mit Mess-Strichen bis 1.1 L<\/font><\/li><li><font size=\"3\">Beh\u00e4lter Ma\u00dfe: HxBxT: 23 x 14 x 14 cm (12 cm Breit\/Tief&nbsp; \u00fcber der Basis)<\/font><\/li><li><font size=\"3\">Verpackungs Ma\u00dfe: HxBxT: 24 x 18 x 18 cm<\/font><\/li><li><font size=\"3\">Gewicht: 680 Gramm<\/font><\/li><li><font size=\"3\">2 Jahre Garantie<\/font><\/li><\/ul><\/div><div><font size=\"3\">Lieferumfang:<br \/> WildSide+\u00ae Beh\u00e4lter &amp; ventilierter Gripper\u2122 Deckel. Der WildSide+<br \/>Beh\u00e4lter ist kompatibel mit allen Blendtec Blender Modellen.<\/font><\/div><div><font size=\"3\"><br \/><\/font><\/div><div><font size=\"3\"><font size=\"3\"><b>Die perfekte Erg\u00e4nzung zu Ihrem Blendtec Mixer hier im Set dabei der Mixbeh\u00e4lter Twister Jar mit folgenden Besonderheiten.<\/b><br \/><\/font><\/font><\/p><ul><li><font size=\"3\"><font size=\"3\">Extra-starke patentierte Klinge<\/font><\/font><\/li><li><font size=\"3\"><font size=\"3\">Einfach abzulesene Makierungen am Beh\u00e4lter<\/font><\/font><\/li><li><font size=\"3\"><font size=\"3\">Gefertigt aus Stabilem, BPA freiem, Copolyester<\/font><\/font><\/li><li><font size=\"3\"><font size=\"3\">Kompatibel mit allen Blendtec Haushalts Blendern <\/font><\/font><\/li><\/ul><p><font size=\"3\"><font size=\"3\">Die<br \/> Bedienung ist ganz einfach.&nbsp; Zutaten hinzuf\u00fcgen, Blender einschalten<br \/>und den Twister Deckel gegen den Uhrzeigersinn drehen bis die gew\u00fcnschte<br \/> Konsistenz erreicht ist.&nbsp; Diese Drehbewegung dr\u00e4ngt die Zutaten von den<br \/> Beh\u00e4lterw\u00e4nden zur\u00fcck zur Klinge f\u00fcr ein perfektes Ergebnis.&nbsp; Auch<br \/>inbegriffen ist ein Spectacula\u2122 Schaber\u2014speziell entwickelt f\u00fcr den<br \/>Twister Jar. Der Spatula hat genau die richtige L\u00e4nge und Form um die<br \/>fertige Mixtur bequem aus dem Beh\u00e4lter zu bekommen.<br \/><\/font><\/font><\/p><ul><li><font size=\"3\"><font size=\"3\">Fassungsverm\u00f6gen: 1 L, mit Strichen zur Messung bis zu 500 mL.<\/font><\/font><\/li><li><font size=\"3\"><font size=\"3\">Beh\u00e4lter Ma\u00dfe: HxBxT: 19 x 14.5 x 14.5 cm (17.8 cm Breit mit Auslauf und Griff)<\/font><\/font><\/li><li><font size=\"3\"><font size=\"3\">Gewicht: 590 Gramm<\/font><\/font><\/li><li><font size=\"3\"><font size=\"3\">2 Jahre Garantie<\/font><\/font><\/li><\/ul><p><font size=\"3\"><font size=\"3\">Lieferumfang:<\/font><\/font><font size=\"3\"><font size=\"3\"><br \/><\/font><\/font><\/div><div><ul><li><font size=\"3\"><font size=\"3\">Twister Beh\u00e4lter<\/font><\/font><font size=\"3\"><font size=\"3\">&nbsp;&nbsp;&nbsp; Patentierter Twister Deckel<\/font><\/font><\/li><li><font size=\"3\"><font size=\"3\">Mini Gripper\u2122Deckel f\u00fcr normales Mixen<\/font><\/font><\/li><li><font size=\"3\"><font size=\"3\">Spectacula\u2122 Schaber<\/font><\/font><\/li><\/ul><p><font size=\"3\"><font size=\"3\">Der Twister Jar passt bei allen Blendtec Modellen.<\/font><\/font><\/div><div><font size=\"3\"><strong style=\"font-family:\"><\/strong><\/font><\/div><div><font size=\"3\"><strong style=\"font-family:\">Lieferumfang:<br \/><\/strong><span style=\"font-family:\">Total Blender Motorbasis<br \/>WildSide+ Beh\u00e4lter (BPA Frei) mit ventiliertem <\/span><\/font><font size=\"3\"><span style=\"font-family:\"><font size=\"3\">Gripper\u2122<\/font><\/span><\/font><\/div><div><font size=\"3\"><span style=\"font-family:\"><font size=\"3\">Twister Beh\u00e4lter mit Patendierten Twister Deckel und min Gripper und <\/font><\/span><\/font><font size=\"3\"><span style=\"font-family:\"><font size=\"3\"><font size=\"3\"><font size=\"3\">Spectacula\u2122<\/font><\/font> Schaber<br \/><\/font><\/span><\/font><\/div><div><font size=\"3\"><span style=\"font-family:\"><font size=\"3\"><\/font>Schnellstart-Anleitung sowie Rezepte<br \/>Gratis Das gro\u00dfe Blendtec Rezeptbuch<br \/><\/span><\/font><\/div>","protected":false},"excerpt":{"rendered":"<p>Blendtec Total Blender das neuste Modell. Der Blendtec wird seit 1975 in den USA von einen Familienunternehmen hergestellt.Ich selbst bin begeistert von diesen Standmixer. Er macht wirklich super Smoothies. Ich wollte aber mehr machen als nurSmoothies. Bei mir ist der Total Blender t\u00e4glich im Einsatz, er machtleckeres Eis und f\u00fcr meine Salate die Dressings. Mit [&hellip;]<\/p>\n","protected":false},"featured_media":805,"template":"","meta":[],"product_brand":[],"product_cat":[134],"product_tag":[],"class_list":{"0":"post-1610","1":"product","2":"type-product","3":"status-publish","4":"has-post-thumbnail","6":"product_cat-kuechengeraete","8":"first","9":"instock","10":"taxable","11":"shipping-taxable","12":"purchasable","13":"product-type-simple"},"supplier_id":1283,"supplier_sku":"900504+902394+003010","barcode":null,"atum_controlled":false,"out_stock_date":null,"out_stock_threshold":null,"inheritable":false,"inbound_stock":0,"stock_on_hold":0,"sold_today":0,"sales_last_days":1,"reserved_stock":null,"customer_returns":null,"warehouse_damage":null,"lost_in_post":null,"other_logs":null,"out_stock_days":0,"lost_sales":0,"has_location":null,"update_date":"2025-12-17T20:19:01","atum_locations":[],"atum_stock_status":"instock","restock_status":false,"low_stock_amount":"","sales_update_date":"2025-12-17T20:19:01","calc_backorders":null,"_links":{"self":[{"href":"https:\/\/wordpress.famberg.de\/index.php\/wp-json\/wp\/v2\/product\/1610","targetHints":{"allow":["GET"]}}],"collection":[{"href":"https:\/\/wordpress.famberg.de\/index.php\/wp-json\/wp\/v2\/product"}],"about":[{"href":"https:\/\/wordpress.famberg.de\/index.php\/wp-json\/wp\/v2\/types\/product"}],"wp:featuredmedia":[{"embeddable":true,"href":"https:\/\/wordpress.famberg.de\/index.php\/wp-json\/wp\/v2\/media\/805"}],"wp:attachment":[{"href":"https:\/\/wordpress.famberg.de\/index.php\/wp-json\/wp\/v2\/media?parent=1610"}],"wp:term":[{"taxonomy":"product_brand","embeddable":true,"href":"https:\/\/wordpress.famberg.de\/index.php\/wp-json\/wp\/v2\/product_brand?post=1610"},{"taxonomy":"product_cat","embeddable":true,"href":"https:\/\/wordpress.famberg.de\/index.php\/wp-json\/wp\/v2\/product_cat?post=1610"},{"taxonomy":"product_tag","embeddable":true,"href":"https:\/\/wordpress.famberg.de\/index.php\/wp-json\/wp\/v2\/product_tag?post=1610"}],"curies":[{"name":"wp","href":"https:\/\/api.w.org\/{rel}","templated":true}]}}