{"id":1608,"date":"2024-02-24T11:31:10","date_gmt":"2024-02-24T10:31:10","guid":{"rendered":"https:\/\/wordpress.famberg.de\/index.php\/produkt\/oelpresse-elektrisch\/"},"modified":"2024-10-07T12:59:51","modified_gmt":"2024-10-07T10:59:51","slug":"oelpresse-elektrisch","status":"publish","type":"product","link":"https:\/\/wordpress.famberg.de\/index.php\/produkt\/oelpresse-elektrisch\/","title":{"rendered":"Yden \u00d6lpresse elektrisch"},"content":{"rendered":"<p><span style=\"font-size: medium;\"><b><span style=\"color: #006600;\">Yden Elektrische \u00d6lpresse <\/span><\/b><\/span><\/p><p><span style=\"font-size: medium;\">Gesundes Kochen beginnt zu Hause. Verfeinern Sie Ihre Mahlzeiten mit ihrem hausgemachten \u00d6l selbstgepresst, frisch und nat\u00fcrlich. Das \u00d6l wird sanft bei niedrigen Temperaturen gepresst. Kaltgepresste \u00d6le haben nat\u00fcrliche N\u00e4hrstoffe, enthalten gesunde Fette und Sie k\u00f6nnen den frischen Geschmack in Salaten, kalten Speisen oder Saucen genie\u00dfen.<br \/>Diese \u00d6lpresse ist leicht zu bedienen und nach Gebrauch einfach zu reinigen. W\u00e4hlen Sie ihr Saat oder auch N\u00fcsse und bef\u00fcllen Sie den Trichter. Der Kaltpress-Prozess geht ganz schnell und einfach. Kaltgepresste \u00d6le sind bek\u00f6mmlich, reich an Aromen und mild im Geschmack. Kommerziell hergestellten \u00d6len werden oft bei Temperaturen von bis zu 300\u00b0 gepresst, um die gr\u00f6\u00dftm\u00f6gliche Menge zu erhalten. Bei so hohen Temperaturen k\u00f6nnen Schadstoffe entstehen. Gesunde \u00d6le werden daher bei niedrigen Temperaturen gepresst.<\/p><p>Mit dieser \u00d6lpresse stellen Sie einfach auf Knopfdruck, Ihre eigenen \u00d6le her, ganz nach Belieben aus \u00d6lsaaten wie Leinsamen oder auch aus N\u00fcssen z.B. Walnuss\u00f6l. Genie\u00dfen Sie Ihr frisches Lein\u00f6l, Hanf\u00f6l, Chia\u00f6l, Sesam- oder auch Sonnenblumen\u00f6l. F\u00fcgen Sie getrockneten Kr\u00e4uter hinzu, um aromatisierte \u00d6le zu erhalten. Am Besten lagern Sie ihr \u00d6l k\u00fchl und trocken in luftdichten, dunklen Flaschen oder Gl\u00e4sern.<\/p><p>Auch Mandeln k\u00f6nnen verarbeitet werden. Dabei ist folgendes zu beachten. Die Mandeln m\u00fcssen zerkleinert werden (in etwas Erdnussgr\u00f6\u00dfe) aber nicht zu klein da sonst das \u00d6l schon austritt. Es geht, aber halt nicht so einfach wie die anderen Saaten.<\/p><p>Sowohl durch leichte als auch sichere Handhabung zeichnet sich diese \u00d6lpresse aus. <\/span><span style=\"font-size: medium;\"><span style=\"font-size: medium;\">\u00d6ffnen Sie den Deckel, stoppt das Ger\u00e4t automatisch.<\/span> Die Transportschnecke und auch der Zylinder bestehen aus Edelstahl. Der Auffangbeh\u00e4lter hat Inhaltsangaben in Milliliter.<\/p><p>Klares und modernes Design: Die \u00d6lpresse ist eine elegante und sch\u00f6ne Erg\u00e4nzung f\u00fcr Ihre K\u00fcche und f\u00fcr Ihre Gesundheit.<\/p><p><b>Lieferumfang:<\/b><br \/><\/span><\/p><ul><li><span style=\"font-size: medium;\">Motorblock<\/span><\/li><li><span style=\"font-size: medium;\">Einf\u00fclltrichter mit Deckel<\/span><\/li><li><span style=\"font-size: medium;\">Presswerk aus Edelstahl<\/span><\/li><li><span style=\"font-size: medium;\">Auffangbeh\u00e4lter f\u00fcr das \u00d6l<\/span><\/li><li><span style=\"font-size: medium;\">Auffangbeh\u00e4lter f\u00fcr den Trester (Pressr\u00fcckstand)<br \/><\/span><\/li><li><span style=\"font-size: medium;\">Sieb f\u00fcr Auffangbeh\u00e4lter<\/span><\/li><li><span style=\"font-size: medium;\">Reinigungsb\u00fcrste<\/span><\/li><\/ul><p><span style=\"font-size: medium;\"><b>Technische Daten:<\/b><br \/><\/span><\/p><ul><li><span style=\"font-size: medium;\">Leistung: 650 Watt<\/span><\/li><li><span style=\"font-size: medium;\">Spannung: 220-240 Volt<\/span><\/li><li><span style=\"font-size: medium;\">Kapazit\u00e4t: 2 kg\/h<br \/><\/span><\/li><li><span style=\"font-size: medium;\">Gewicht: 4,8 kg<\/span><\/li><li><span style=\"font-size: medium;\">Material Geh\u00e4use: Kunststoff<\/span><\/li><li><span style=\"font-size: medium;\">Material Presswerk, Zylinder, Transportschnecke: Edelstahl<br \/><\/span><\/li><li><span style=\"font-size: medium;\">Ma\u00dfe (BxTxH): 18x30x35 cm<\/span><\/li><li><span style=\"font-size: medium;\">Garantie: 2 Jahre<\/span><\/li><\/ul>","protected":false},"excerpt":{"rendered":"<p>Yden Elektrische \u00d6lpresse Gesundes Kochen beginnt zu Hause. Verfeinern Sie Ihre Mahlzeiten mit ihrem hausgemachten \u00d6l selbstgepresst, frisch und nat\u00fcrlich. Das \u00d6l wird sanft bei niedrigen Temperaturen gepresst. Kaltgepresste \u00d6le haben nat\u00fcrliche N\u00e4hrstoffe, enthalten gesunde Fette und Sie k\u00f6nnen den frischen Geschmack in Salaten, kalten Speisen oder Saucen genie\u00dfen.Diese \u00d6lpresse ist leicht zu bedienen und [&hellip;]<\/p>\n","protected":false},"featured_media":800,"template":"","meta":[],"product_brand":[],"product_cat":[134],"product_tag":[],"class_list":{"0":"post-1608","1":"product","2":"type-product","3":"status-publish","4":"has-post-thumbnail","6":"product_cat-kuechengeraete","7":"product_shipping_class-direkt-luba","9":"first","10":"instock","11":"taxable","12":"shipping-taxable","13":"purchasable","14":"product-type-simple"},"supplier_id":1283,"supplier_sku":"900-100","barcode":null,"atum_controlled":false,"out_stock_date":null,"out_stock_threshold":null,"inheritable":false,"inbound_stock":null,"stock_on_hold":0,"sold_today":0,"sales_last_days":0,"reserved_stock":null,"customer_returns":null,"warehouse_damage":null,"lost_in_post":null,"other_logs":null,"out_stock_days":0,"lost_sales":0,"has_location":false,"update_date":"2025-07-05T08:03:38","atum_locations":[],"atum_stock_status":"instock","restock_status":false,"low_stock_amount":"","sales_update_date":"2025-07-05T08:03:38","calc_backorders":null,"_links":{"self":[{"href":"https:\/\/wordpress.famberg.de\/index.php\/wp-json\/wp\/v2\/product\/1608","targetHints":{"allow":["GET"]}}],"collection":[{"href":"https:\/\/wordpress.famberg.de\/index.php\/wp-json\/wp\/v2\/product"}],"about":[{"href":"https:\/\/wordpress.famberg.de\/index.php\/wp-json\/wp\/v2\/types\/product"}],"wp:featuredmedia":[{"embeddable":true,"href":"https:\/\/wordpress.famberg.de\/index.php\/wp-json\/wp\/v2\/media\/800"}],"wp:attachment":[{"href":"https:\/\/wordpress.famberg.de\/index.php\/wp-json\/wp\/v2\/media?parent=1608"}],"wp:term":[{"taxonomy":"product_brand","embeddable":true,"href":"https:\/\/wordpress.famberg.de\/index.php\/wp-json\/wp\/v2\/product_brand?post=1608"},{"taxonomy":"product_cat","embeddable":true,"href":"https:\/\/wordpress.famberg.de\/index.php\/wp-json\/wp\/v2\/product_cat?post=1608"},{"taxonomy":"product_tag","embeddable":true,"href":"https:\/\/wordpress.famberg.de\/index.php\/wp-json\/wp\/v2\/product_tag?post=1608"}],"curies":[{"name":"wp","href":"https:\/\/api.w.org\/{rel}","templated":true}]}}