{"id":1606,"date":"2024-02-24T11:31:07","date_gmt":"2024-02-24T10:31:07","guid":{"rendered":"https:\/\/wordpress.famberg.de\/index.php\/produkt\/standmixer-classic-575-in-schwarz-im-set-twister-jar-und-rezeptbuch\/"},"modified":"2024-10-24T13:53:00","modified_gmt":"2024-10-24T11:53:00","slug":"standmixer-classic-575-in-schwarz-im-set-twister-jar-und-rezeptbuch","status":"publish","type":"product","link":"https:\/\/wordpress.famberg.de\/index.php\/produkt\/standmixer-classic-575-in-schwarz-im-set-twister-jar-und-rezeptbuch\/","title":{"rendered":"Blendtec Standmixer Classic 575 in schwarz im Set Twister Jar und Rezeptbuch"},"content":{"rendered":"<div><span style=\"color: #006600; font-size: medium;\"><strong><span style=\"color: #006600; font-size: medium;\"><strong>Blendtec,<br \/>seit 1975 ein US-amerikanisches Familienunternehmen, bestrebt den<br \/>besten Mixer in h\u00f6chster Qualit\u00e4t zu entwickeln und zu produzieren &#8211;<\/strong><\/span><\/strong><span style=\"color: #006600; font-size: medium;\"> <b><span style=\"color: #cc0000;\"><br \/><\/span><\/b><\/span><\/span><\/div><div><span style=\"color: #006600; font-size: medium;\"><span style=\"color: #006600; font-size: medium;\"><b><span style=\"color: #cc0000;\">mit 2 Mix &#8211; Beh\u00e4lter<\/span><\/b><\/span><strong><span style=\"color: #6600cc; font-size: medium;\"><strong><span style=\"color: #009900;\"><br \/><\/span><\/strong><\/span><\/strong><\/span><\/div><div><b><span style=\"font-size: medium;\">Blendtec Classic 575 in schwarz.<\/span><\/b><span style=\"color: #009900; font-size: medium;\"><strong><br \/><\/strong><\/span><span style=\"font-size: medium;\"><b>Gratis<\/b><br \/>NEU mit &#8222;Das gro\u00dfe Blendtec Rezeptbuch&#8220;. Darin sind viele leckere<br \/>Rezepte wie z.B. Dressing &amp; Marinaden, Smoothies &amp;Smoothiebowls,<br \/>Aufstriche, Dips &amp; Saucen, Eiscreme &amp; Popsicles, Getr\u00e4nke &amp;<br \/>Cocktails, Geb\u00e4ck &amp; Dessert<\/span><span style=\"color: #6600cc; font-size: medium;\"><strong><br \/><\/strong><span style=\"color: #000000;\"><b><br \/><\/b><\/span><\/span><\/div><div><p><span style=\"color: #6600cc; font-size: medium;\"><span style=\"color: #000000;\"><b>Die Besonderheiten des Blendtec Mixers finden Sie <u><a title=\"Darstellung der Besonderheiten des Blendtec\" href=\"https:\/\/ebaylayout.famberg.de\/userfiles\/blendtec\/Blendtec Vorteile.pdf\" target=\"_blank\" rel=\"noopener\">hier in diesen PDF Dokument<\/a> <\/u>.<\/b> Achtung es \u00f6ffnet sich der Acrobat Reader.<\/span><\/span><\/p><p>Hochleistungsmixer im eleganten Design<span style=\"font-size: medium;\">,<br \/>mit viel Power und einem Ergebnis, dass absolut professionell ist. Im<br \/>Handumdrehen k\u00f6nnen Sie Smoothies, Dips, Suppen, Desserts, Cocktails und<br \/>vieles mehr an frischen K\u00f6stlichkeiten herstellen. Das All-in-one Ger\u00e4t<br \/>mit seinem vorprogrammierten Abl\u00e4ufen macht es Ihnen wirklich leicht,<br \/>Ihre gesunde Lebensweise zu unterst\u00fctzen.<\/span><\/p><p>Smoothies<br \/>sind die perfekte Art einer gesunden Ern\u00e4hrung.\u00a0Sie liefern<br \/>hochkonzentrierte Vitalstoffe in ihrer nat\u00fcrlichsten Form. Diese sind um<br \/>ein Vielfaches h\u00f6her als bei herk\u00f6mmlich zubereiteter Nahrung und <span style=\"line-height: 17px; font-size: 12pt;\">versorgen Sie mit den lebenswichtigen N\u00e4hrstoffen. <\/span>Durch<br \/>die vorprogrammierte Smoothie-Taste liefert der Hochleistungsmixer<br \/>Obst- und Gem\u00fcsesmoothies mit Leichtigkeit in der perfekten Konsistenz.<br \/>Einfach in der Handhabung und bestens geeignet zur Herstellung von<br \/>veganer Mandel-oder Nussmilch, selbstgemachtem Pesto aus frischen<br \/>Kr\u00e4utern, Zerkleinern von Getreide zu Mehl, Rohkost-Dips, Salsa, hei\u00dfe<br \/>Suppen oder auch frischer, gesunder Babykost.<\/p><p><b>Was alle<br \/>Blendtec gemeinsam haben: Hochwertige Komponenten, die im kommerziellen<br \/>Bereich in Smoothie-Bars oder Coffee-Shops bereits seit Jahren<br \/>erfolgreich im Einsatz sind.<\/b><\/p><ul><li><span style=\"color: #009900; font-size: medium;\"><span style=\"color: #000000;\">Stumpfe Sicherheitsklinge \u2013 pulverisiert Zutaten besser als eine scharfe, d\u00fcnne Klinge<\/span><\/span><\/li><li><span style=\"color: #009900; font-size: medium;\"><span style=\"color: #000000;\">Stahl-auf-Stahl-Kupplung \u2013 kein Plastik oder Sollbruchstellen<\/span><\/span><\/li><li><span style=\"color: #009900; font-size: medium;\"><span style=\"color: #000000;\">Einfache und \u00fcbersichtliche Bedienbarkeit des Tastenfeldes oder Touch-Screen<\/span><\/span><\/li><li><span style=\"color: #009900; font-size: medium;\"><span style=\"color: #000000;\">Beh\u00e4lter BPA-frei<\/span><\/span><\/li><li><span style=\"color: #009900; font-size: medium;\"><span style=\"color: #000000;\">Beh\u00e4lter sind untereinander austauschbar<\/span><\/span><\/li><li><span style=\"color: #009900; font-size: medium;\"><span style=\"color: #000000;\">Stopferloses arbeiten<\/span><\/span><\/li><li><span style=\"color: #009900; font-size: medium;\"><span style=\"color: #000000;\">Maximale Motorleistung, je nach Modell, ab 3 PS<\/span><\/span><\/li><li><span style=\"color: #009900; font-size: medium;\"><span style=\"color: #000000;\">2 Jahre Garantie<\/span><\/span><\/li><li><span style=\"font-size: medium;\">ultra Hochgeschwindigkeitsmotor\u00a0<\/span><\/li><li><span style=\"font-size: medium;\">unzerbrechliche Antriebswelle<\/span><\/li><li><span style=\"font-size: medium;\">leichte Bedienung<\/span><\/li><li><span style=\"font-size: medium;\">strapazierf\u00e4hige Sicherheitsklinge<b> \u00a0<\/b><br \/><\/span><\/li><\/ul><p><span style=\"font-size: medium;\">In<br \/>einem Blendtec Mixer wird der Strom direkt vom leistungsstarken Motor<br \/>auf die Klinge \u00fcbertragen. Die dazwischenliegenden Teile sind alle<br \/>hochpr\u00e4zise aus Stahl hergestellt und passgenau eingebaut. Die<br \/>Stahl-auf-Stahl Verbindung minimiert die Vibration und sorgt so f\u00fcr<br \/>einen ger\u00e4uscharmen Programmablauf und erh\u00f6ht die Zuverl\u00e4ssigkeit ihres<br \/>Ger\u00e4tes. Damit Sie lange Zeit viel Freude mit Ihrem neuen Blendtec Mixer<br \/>haben. \u00a0 <b><br \/><\/b><\/span><\/p><\/div><div><span style=\"font-size: medium;\"><b>\u00a0<\/b><\/span><\/div><div><span style=\"font-size: medium;\"><b>Ausstattung Classic 575<\/b><br \/><\/span><\/div><div><span style=\"font-size: medium;\">3,0 PS Maximalleistung, 1560 Watt, 240 V<br \/><\/span><\/div><div><span style=\"font-size: medium;\">Einfach zu bedienende und reinigende Druckkn\u00f6pfe<\/span><\/div><div><span style=\"font-size: medium;\">4 vorprogrammierte Abl\u00e4ufe: Smoothie,<br \/><\/span><\/div><div><span style=\"font-size: medium;\">Reinigung sowie 60- und 90- Sekunden lange Abl\u00e4ufe<br \/><\/span><\/div><div><span style=\"font-size: medium;\">H\u00f6he x Breite x Tiefe: 38,1 x 17,8 cm x 20,3 cm<br \/><\/span><\/div><div><span style=\"font-size: medium;\">5 Ausw\u00e4hlbare Geschwindigkeitsstufen + Pulse FunktionBeleuchtetes<br \/><\/span><\/div><div><span style=\"font-size: medium;\">LCD-Display zeigt die Restlaufzeit des Vorgangs an<\/span><\/div><div><p><span style=\"font-size: medium;\">Leistung 3PS\/1560 Watt<\/span><\/p><ul><li><span style=\"font-size: medium;\">2 Jahre Garantie<br \/><\/span><\/li><\/ul><p><span style=\"font-size: medium;\">Blendtec-Beh\u00e4lter<br \/>haben einen Spezialdeckel, ein L\u00fcftungsgitter erm\u00f6glicht das Entweichen<br \/>von Dampf, sodass Sie auch hei\u00dfe Zutaten gefahrlos verarbeiten k\u00f6nnen.<br \/>Durch spezielle \u00d6ffnungen k\u00f6nnen Sie aber auch Zutaten w\u00e4hrend des<br \/>Mixvorganges dazugeben, ohne das Programm zu unterbrechen<b><b><b><br \/><b><br \/><\/b><\/b><\/b>Bedienelemente:\u00a0 <\/b><br \/><\/span><\/p><\/div><ul><li><span style=\"font-size: medium;\">Ein-\/Austaste<\/span><\/li><li><span style=\"font-size: medium;\">vorprogrammierte Smoothiefunktion<\/span><\/li><li><span style=\"font-size: medium;\">Reinigungsfunktion<\/span><\/li><li><span style=\"font-size: medium;\">je ein 60- und 90- Sekunden -Timer<\/span><\/li><li><span style=\"font-size: medium;\">5 Geschwindigkeitseinstellung je nach Zutaten<\/span><\/li><li><span style=\"font-size: medium;\">Pulse-Taste<\/span><\/li><li><span style=\"font-size: medium;\">digitale Anzeige der Programmdauer<br \/><\/span><\/li><\/ul><p><span style=\"font-size: medium;\">Der Mixbeh\u00e4lter FourSide welcher zum Lieferumgang geh\u00f6rt nutzt die Leistung ihres Blendtec effektiv.<b><b><\/b><\/b><\/span><\/p><p>Die stumpfe Sicherheitsklinge des Mixbeh\u00e4lters ist dicker und st\u00e4rker als andere Klingen auf dem Markt<br \/>Die Beh\u00e4lter ist aus schlagfestem, BPA-freiem Copolyester hergestellt<br \/>Kompatibel mit allen Blendtec Blendern.<b><b><\/b><\/b><\/p><p>Der FourSide ist ideal f\u00fcr: Eis,\u00a0 Mahlen von Getreide, Suppen, Smoothies, Dips und Ausbackteig<\/p><p>Die<br \/>quadratische Form des FourSide Jars mixt viel besser als traditionelle<br \/>runde Beh\u00e4lter. Das Gef\u00e4\u00df erzeugt auch mehr Reibung, welches zur<br \/>Erw\u00e4rmung von Suppen und hei\u00dfen Getr\u00e4nken hilfreich ist. Es ist auch<br \/>besonders gut zum Mahlen von Getreide und die Herstellung kleinerer<br \/>Mengen.<\/p><ul><li><span style=\"font-size: medium;\">Fassungsverm\u00f6gen: 2 L mit Strichen zur Messung bis zu 1 L.<\/span><\/li><li><span style=\"font-size: medium;\">Beh\u00e4lter Ma\u00dfe: H x B 23 x 14 cm (10 cm breit direkt \u00fcber der Basis)Verpackungsma\u00dfe: HxBxT: 24 x 18 x 18 cmGewicht: 680 Gramm<\/span><\/li><li><span style=\"font-size: medium;\">2 Jahre Herstellergarantie<\/span><\/li><\/ul><p><span style=\"font-size: medium;\"><b>Die perfekte Erg\u00e4nzung zu Ihrem Blendtec Mixer hier im Set dabei der Mixbeh\u00e4lter Twister Jar<\/b><br \/>Ideal<br \/>f\u00fcr die Zubereitung von dickfl\u00fcssigen Mixturen wie z.B. Nussmus,<br \/>Hummus, Paniermehl, Pesto, Speiseeis, Shakes, Dressings oder<br \/>Babynahrung. Auch die Verarbeitung von festen und trockenen Gew\u00fcrzen,<br \/>Cookies-Kr\u00fcmmel oder Kaffeebohnen ist problemlos gew\u00e4hrleistet.<br \/>Der<br \/>Twister Jar ist der erste Beh\u00e4lter seiner Art. Die patentierten Schaber<br \/>helfen, durch einfaches Drehen des Deckels w\u00e4hrend des Mixvorganges,<br \/>die Zutaten von der Gef\u00e4sswand zur Klinge zu bringen. So bleibt<br \/>garantiert nichts am Rand kleben, alle Zutaten werden zur Beh\u00e4ltermitte<br \/>geleitet und gleichm\u00e4\u00dfig verarbeitet. br&gt;<\/span><\/p><ul><li><span style=\"font-size: medium;\">Einf\u00fcllmenge: 500 ml (Fl\u00fcssigkeiten)<\/span><\/li><li><span style=\"font-size: medium;\">Gesamtf\u00fcllmenge: 900 ml<\/span><\/li><li><span style=\"font-size: medium;\">Makierungen bis 500 ml<\/span><\/li><li><span style=\"font-size: medium;\">2 Edelstahlmesser<u> <\/u><\/span><\/li><li><span style=\"font-size: medium;\">Abmessungen (TxBxH) in cm: 14,5 x 17,8 x 19<\/span><\/li><li><span style=\"font-size: medium;\">Gewicht: 590 g<\/span><\/li><li><span style=\"font-size: medium;\">2 Jahre Garantie<\/span><\/li><\/ul><p>&nbsp;<\/p><div><span style=\"font-size: medium;\"><b>Lieferumfang:<\/b><br \/>Classic 575 Motorbasis mit Schallschutzhaube<br \/>FourSide Beh\u00e4lter (BPA Frei) mit ventiliertem Deckel<br \/><span style=\"color: #cc0000;\">zus\u00e4tzlich: Mixbeh\u00e4lter Twister Jar<\/span> mit patentiertem Drehdeckel mit 2 Fl\u00fcgeln<br \/>Schnellstart-Anleitung sowie Rezepte<br \/><span style=\"color: #cc0000;\">zus\u00e4tzlich: Rezeptbuch &#8222;Das gro\u00dfe Blendtec Rezeptbuch!&#8220;<\/span><\/span><\/div><div><\/div><div><p>Auf die Modelle bietet BLENDTEC eine Garantie von 2 Jahren auf das gesamte Mixger\u00e4t.<br \/>Die Herstellerarantie umfasst alle im Garantiezeitraum auftretenden Fertigungs- und Materialfehler, welche repariert, ersetzt oder erstattet werden. Voraussetzung f\u00fcr diese Garantie ist ein sachgem\u00e4\u00dfer Gebrauch und sachgem\u00e4\u00dfe Pflege gem\u00e4\u00df der Bedienungsanleitung. Von der Garantie ausgeschlossen sind Sch\u00e4den aus Verlust, aus grober Fahrl\u00e4ssigkeit, aus Verschlei\u00df und Folgesch\u00e4den. Die Garantie gilt nur in Deutschland.<br \/>Durch die Herstellergarantie werden die gesetzlichen Rechte aus der Gew\u00e4hrleistung nicht eingeschr\u00e4nkt.<\/p><p>Der Garantiegeber ist:<br \/>Luba GmbH, Ober-Eschbacher Stra\u00dfe 37, 61352 Bad Homburg<\/p><\/div>","protected":false},"excerpt":{"rendered":"<p>Blendtec,seit 1975 ein US-amerikanisches Familienunternehmen, bestrebt denbesten Mixer in h\u00f6chster Qualit\u00e4t zu entwickeln und zu produzieren &#8211; mit 2 Mix &#8211; Beh\u00e4lterBlendtec Classic 575 in schwarz.GratisNEU mit &#8222;Das gro\u00dfe Blendtec Rezeptbuch&#8220;. Darin sind viele leckereRezepte wie z.B. Dressing &amp; Marinaden, Smoothies &amp;Smoothiebowls,Aufstriche, Dips &amp; Saucen, Eiscreme &amp; Popsicles, Getr\u00e4nke &amp;Cocktails, Geb\u00e4ck &amp; DessertDie Besonderheiten des [&hellip;]<\/p>\n","protected":false},"featured_media":788,"template":"","meta":[],"product_brand":[],"product_cat":[134],"product_tag":[],"class_list":{"0":"post-1606","1":"product","2":"type-product","3":"status-publish","4":"has-post-thumbnail","6":"product_cat-kuechengeraete","7":"product_shipping_class-direkt-luba","9":"first","10":"instock","11":"taxable","12":"shipping-taxable","13":"purchasable","14":"product-type-simple"},"supplier_id":1283,"supplier_sku":"905751+902394+003010","barcode":null,"atum_controlled":true,"out_stock_date":null,"out_stock_threshold":null,"inheritable":false,"inbound_stock":null,"stock_on_hold":0,"sold_today":0,"sales_last_days":0,"reserved_stock":null,"customer_returns":null,"warehouse_damage":null,"lost_in_post":null,"other_logs":null,"out_stock_days":0,"lost_sales":0,"has_location":false,"update_date":"2025-07-24T17:44:28","atum_locations":[],"atum_stock_status":"instock","restock_status":false,"low_stock_amount":"","sales_update_date":"2025-07-24T17:44:28","calc_backorders":null,"_links":{"self":[{"href":"https:\/\/wordpress.famberg.de\/index.php\/wp-json\/wp\/v2\/product\/1606","targetHints":{"allow":["GET"]}}],"collection":[{"href":"https:\/\/wordpress.famberg.de\/index.php\/wp-json\/wp\/v2\/product"}],"about":[{"href":"https:\/\/wordpress.famberg.de\/index.php\/wp-json\/wp\/v2\/types\/product"}],"wp:featuredmedia":[{"embeddable":true,"href":"https:\/\/wordpress.famberg.de\/index.php\/wp-json\/wp\/v2\/media\/788"}],"wp:attachment":[{"href":"https:\/\/wordpress.famberg.de\/index.php\/wp-json\/wp\/v2\/media?parent=1606"}],"wp:term":[{"taxonomy":"product_brand","embeddable":true,"href":"https:\/\/wordpress.famberg.de\/index.php\/wp-json\/wp\/v2\/product_brand?post=1606"},{"taxonomy":"product_cat","embeddable":true,"href":"https:\/\/wordpress.famberg.de\/index.php\/wp-json\/wp\/v2\/product_cat?post=1606"},{"taxonomy":"product_tag","embeddable":true,"href":"https:\/\/wordpress.famberg.de\/index.php\/wp-json\/wp\/v2\/product_tag?post=1606"}],"curies":[{"name":"wp","href":"https:\/\/api.w.org\/{rel}","templated":true}]}}