{"id":1603,"date":"2024-02-24T11:31:03","date_gmt":"2024-02-24T10:31:03","guid":{"rendered":"https:\/\/wordpress.famberg.de\/index.php\/produkt\/brotbeutel-tasche-brot-leinen-naturleinen-100-prozent-1-stueck\/"},"modified":"2026-04-06T14:49:52","modified_gmt":"2026-04-06T12:49:52","slug":"brotbeutel-tasche-brot-leinen-naturleinen-100-prozent-1-stueck","status":"publish","type":"product","link":"https:\/\/wordpress.famberg.de\/index.php\/produkt\/brotbeutel-tasche-brot-leinen-naturleinen-100-prozent-1-stueck\/","title":{"rendered":"Kerler GmbH Brotbeutel Br\u00f6tchenbeutel Brotsack 100% Naturleinen"},"content":{"rendered":"<div style=\"width: 200px;\"><\/div><p><b>Kerler <\/b><b><span style=\"font-size: medium;\">Brotbeutel aus<\/span><span style=\"font-size: medium;\"> 100 % Naturleinen, <\/span><\/b><span style=\"font-size: medium;\"><b>ungebleicht und naturbelassen<\/b><\/span><\/p><p><span style=\"font-size: medium;\">Aufbereitet wird die Flachsfaser im offenen Taur\u00f6steverfahren, bei dem allein nat\u00fcrlich vorkommende Bodenorganismen den Flachs aufschlie\u00dfen. Die Abbauprodukte werden dem Boden wieder zugef\u00fchrt.<\/span><\/p><p>Leinen nimmt bis zu 35 % seines Eigengewichtes an Luftfeuchtigkeit auf, die schnell wieder abgegeben wird. Es ist stark schmutzabweisend, unempfindlich, atmungsaktiv und bakterienhemmend. Dank dieser hervorragenden Eigenschaften ist Leinen Ideal f\u00fcr die Lagerung von Brot. Der Brotbeutel hat eine Sackleinen-Optik und wird nach dem waschen sch\u00f6n weich.<\/p><p>Pflegehinweise<br \/>Waschen bis 40 \u00b0 C mit milden Waschmitteln z.B. Neutralseife<br \/>Nicht bleichen \u2013 Nicht oder nur gering schleudern \u2013 Nicht chemisch reinigen \u2013 Nicht Trocknergeeignet<\/p><p>Ma\u00dfe: 35 x 42 cm<\/p><p><span style=\"color: #ffffff;\">Luba Kerler<\/span><\/p>","protected":false},"excerpt":{"rendered":"<p>Kerler Brotbeutel aus 100 % Naturleinen, ungebleicht und naturbelassenAufbereitet wird die Flachsfaser im offenen Taur\u00f6steverfahren, bei dem allein nat\u00fcrlich vorkommende Bodenorganismen den Flachs aufschlie\u00dfen. Die Abbauprodukte werden dem Boden wieder zugef\u00fchrt.Leinen nimmt bis zu 35 % seines Eigengewichtes an Luftfeuchtigkeit auf, die schnell wieder abgegeben wird. Es ist stark schmutzabweisend, unempfindlich, atmungsaktiv und bakterienhemmend. Dank [&hellip;]<\/p>\n","protected":false},"featured_media":777,"template":"","meta":[],"product_brand":[],"product_cat":[133],"product_tag":[],"class_list":{"0":"post-1603","1":"product","2":"type-product","3":"status-publish","4":"has-post-thumbnail","6":"product_cat-kuechenhelfer","7":"product_shipping_class-briefversand","9":"first","10":"outofstock","11":"featured","12":"taxable","13":"shipping-taxable","14":"purchasable","15":"product-type-simple"},"supplier_id":1283,"supplier_sku":"330-030","barcode":null,"atum_controlled":true,"out_stock_date":"2026-04-06 14:49:53","out_stock_threshold":null,"inheritable":false,"inbound_stock":0,"stock_on_hold":0,"sold_today":2,"sales_last_days":4,"reserved_stock":0,"customer_returns":0,"warehouse_damage":0,"lost_in_post":0,"other_logs":0,"out_stock_days":0,"lost_sales":0,"has_location":false,"update_date":"2026-04-06T23:19:28","atum_locations":[],"atum_stock_status":"outofstock","restock_status":false,"low_stock_amount":"","sales_update_date":"2026-04-06T23:19:28","calc_backorders":null,"_links":{"self":[{"href":"https:\/\/wordpress.famberg.de\/index.php\/wp-json\/wp\/v2\/product\/1603","targetHints":{"allow":["GET"]}}],"collection":[{"href":"https:\/\/wordpress.famberg.de\/index.php\/wp-json\/wp\/v2\/product"}],"about":[{"href":"https:\/\/wordpress.famberg.de\/index.php\/wp-json\/wp\/v2\/types\/product"}],"wp:featuredmedia":[{"embeddable":true,"href":"https:\/\/wordpress.famberg.de\/index.php\/wp-json\/wp\/v2\/media\/777"}],"wp:attachment":[{"href":"https:\/\/wordpress.famberg.de\/index.php\/wp-json\/wp\/v2\/media?parent=1603"}],"wp:term":[{"taxonomy":"product_brand","embeddable":true,"href":"https:\/\/wordpress.famberg.de\/index.php\/wp-json\/wp\/v2\/product_brand?post=1603"},{"taxonomy":"product_cat","embeddable":true,"href":"https:\/\/wordpress.famberg.de\/index.php\/wp-json\/wp\/v2\/product_cat?post=1603"},{"taxonomy":"product_tag","embeddable":true,"href":"https:\/\/wordpress.famberg.de\/index.php\/wp-json\/wp\/v2\/product_tag?post=1603"}],"curies":[{"name":"wp","href":"https:\/\/api.w.org\/{rel}","templated":true}]}}