{"id":1598,"date":"2024-02-24T11:30:56","date_gmt":"2024-02-24T10:30:56","guid":{"rendered":"https:\/\/wordpress.famberg.de\/index.php\/produkt\/flockenbar-vorsatz-fuer-kitchen-aid-2\/"},"modified":"2026-02-03T13:19:06","modified_gmt":"2026-02-03T12:19:06","slug":"flockenbar-vorsatz-fuer-kitchen-aid-2","status":"publish","type":"product","link":"https:\/\/wordpress.famberg.de\/index.php\/produkt\/flockenbar-vorsatz-fuer-kitchen-aid-2\/","title":{"rendered":"Messerschmidt Flockenbar Vorsatz f\u00fcr Kitchen Aid"},"content":{"rendered":"<div><div><div><b>Messerschmidt Flockenbar-Vorsatz passend f\u00fcr die Kitchen Aid braucht keinen zus\u00e4tzlichen Adapter<br \/><\/b><\/div><div><b>\u00a0<\/b><\/div><div>Ein weiterer Beitrag des Messerschmidt-Systems f\u00fcr Ihre kreative K\u00fcche. Der Flocker f\u00fcr Ihr M\u00fcsli. Flockt Getreide und \u00d6lsaaten &#8211; und auch Gew\u00fcrze. Fenchel, K\u00fcmmel oder Koriander zum Beispiel entfalten durch die Verarbeitung mit dem Flocker ihr volles Aroma.<\/div><div><\/div><div>Eine einfach Bedienung und der gro\u00dfe Trichter liefern Ihnen in kurzer Zeit Ihre frisch gequetschten (Fr\u00fchst\u00fccks-) Flocken.<\/div><div><\/div><div>Flockleistung: 100 g \/ Minute<\/div><div>Flockgut: alle Getreide (au\u00dfer Mais), \u00d6lsaaten und Gew\u00fcrze<\/div><div>Trichterf\u00fcllmenge: 1250 g<\/div><div>Flockenwerk: geh\u00e4rtete R\u00e4ndelwalze, Stahlkeil<\/div><div>Walzendurchmesser: 32 mm<\/div><div>Gewicht: 0,700 kg<\/div><div>H\u00f6he \/ Breite \/ Tiefe: 210 \/ 160 \/ 190 mm<\/div><div>Geh\u00e4usematerial: Kunststoff<\/div><div><\/div><div>Dieser Flockenvorsatz erg\u00e4nzt und erweitert die Einsatzm\u00f6glichkeiten ihrer KitchenAid-K\u00fcchenmaschine, er passt f\u00fcr den Jupiter-Motorblock und den Messerschmidt- Handantrieb.<\/div><\/div><p>&nbsp;<\/p><p>LUBA GmbH gew\u00e4hrt eine freiwillige 2 Jahre Monate Herstellergarantie bei privater Nutzung auf alle Material- und Produktionsfehler. Durch die Herstellergarantie werden die gesetzlichen Rechte aus der Gew\u00e4hrleistung nicht eingeschr\u00e4nkt. Die Herstellergarantie wird von LUBA GmbH, Ober-Eschbacher Stra\u00dfe 37, 61352 Bad Homburg, Deutschland getragen und gilt wenn nicht anders angegeben in Deutschland. Alle n\u00e4heren Informationen liegen ausf\u00fchrlich Ihrem Ger\u00e4t bei.<br \/>Der Garantiegeber ist:<br \/>Luba GmbH, Ober-Eschbacher Stra\u00dfe 37, 61352 Bad Homburg<br \/><span style=\"color: #ffffff;\">Luba Messerschmidt<\/span><\/p><\/div>","protected":false},"excerpt":{"rendered":"<p>Messerschmidt Flockenbar-Vorsatz passend f\u00fcr die Kitchen Aid braucht keinen zus\u00e4tzlichen Adapter\u00a0Ein weiterer Beitrag des Messerschmidt-Systems f\u00fcr Ihre kreative K\u00fcche. Der Flocker f\u00fcr Ihr M\u00fcsli. Flockt Getreide und \u00d6lsaaten &#8211; und auch Gew\u00fcrze. Fenchel, K\u00fcmmel oder Koriander zum Beispiel entfalten durch die Verarbeitung mit dem Flocker ihr volles Aroma.Eine einfach Bedienung und der gro\u00dfe Trichter liefern [&hellip;]<\/p>\n","protected":false},"featured_media":770,"template":"","meta":[],"product_brand":[],"product_cat":[167],"product_tag":[],"class_list":{"0":"post-1598","1":"product","2":"type-product","3":"status-publish","4":"has-post-thumbnail","6":"product_cat-kuechengeraete-zubehoer","7":"product_shipping_class-direkt-luba","9":"first","10":"instock","11":"taxable","12":"shipping-taxable","13":"purchasable","14":"product-type-simple"},"supplier_id":1283,"supplier_sku":"591-711","barcode":null,"atum_controlled":true,"out_stock_date":null,"out_stock_threshold":null,"inheritable":false,"inbound_stock":0,"stock_on_hold":1,"sold_today":1,"sales_last_days":1,"reserved_stock":null,"customer_returns":null,"warehouse_damage":null,"lost_in_post":null,"other_logs":null,"out_stock_days":0,"lost_sales":0,"has_location":false,"update_date":"2026-04-07T08:34:44","atum_locations":[],"atum_stock_status":"instock","restock_status":false,"low_stock_amount":"","sales_update_date":"2026-04-07T08:34:44","calc_backorders":null,"_links":{"self":[{"href":"https:\/\/wordpress.famberg.de\/index.php\/wp-json\/wp\/v2\/product\/1598","targetHints":{"allow":["GET"]}}],"collection":[{"href":"https:\/\/wordpress.famberg.de\/index.php\/wp-json\/wp\/v2\/product"}],"about":[{"href":"https:\/\/wordpress.famberg.de\/index.php\/wp-json\/wp\/v2\/types\/product"}],"wp:featuredmedia":[{"embeddable":true,"href":"https:\/\/wordpress.famberg.de\/index.php\/wp-json\/wp\/v2\/media\/770"}],"wp:attachment":[{"href":"https:\/\/wordpress.famberg.de\/index.php\/wp-json\/wp\/v2\/media?parent=1598"}],"wp:term":[{"taxonomy":"product_brand","embeddable":true,"href":"https:\/\/wordpress.famberg.de\/index.php\/wp-json\/wp\/v2\/product_brand?post=1598"},{"taxonomy":"product_cat","embeddable":true,"href":"https:\/\/wordpress.famberg.de\/index.php\/wp-json\/wp\/v2\/product_cat?post=1598"},{"taxonomy":"product_tag","embeddable":true,"href":"https:\/\/wordpress.famberg.de\/index.php\/wp-json\/wp\/v2\/product_tag?post=1598"}],"curies":[{"name":"wp","href":"https:\/\/api.w.org\/{rel}","templated":true}]}}