{"id":1595,"date":"2024-02-24T11:30:50","date_gmt":"2024-02-24T10:30:50","guid":{"rendered":"https:\/\/wordpress.famberg.de\/index.php\/produkt\/raclettegeraet-set-1-2-kaeselaib-raclettemesser-raclette-profi-messer\/"},"modified":"2025-10-16T14:33:17","modified_gmt":"2025-10-16T12:33:17","slug":"raclettegeraet-set-1-2-kaeselaib-raclettemesser-raclette-profi-messer","status":"publish","type":"product","link":"https:\/\/wordpress.famberg.de\/index.php\/produkt\/raclettegeraet-set-1-2-kaeselaib-raclettemesser-raclette-profi-messer\/","title":{"rendered":"TTM Racletteger\u00e4t Ambiance f\u00fcr 1\/2 K\u00e4selaib Set Profi Raclettemesser"},"content":{"rendered":"<div><span style=\"font-size: medium;\"><strong><strong><span style=\"color: #990000;\"><span style=\"color: #009900;\">Racletteger\u00e4t Ambiance f\u00fcr 1\/2 K\u00e4selaib<\/span><\/span><\/strong><span style=\"color: #009900;\"> plus <\/span><\/strong><strong><strong><strong><span style=\"color: #990000;\"><span style=\"color: #009900;\">Profi Raclettemesser<\/span><br \/><\/span><\/strong><\/strong>Spezialit\u00e4ten am Tisch zubereitet &#8211; Stressfrei und gem\u00fctlich &#8211; k\u00f6stliche\u00a0Leckereien f\u00fcr Freunde oder Familie zubereiten &#8211; ein K\u00e4seraclette schafft eine gem\u00fctliche und kommunikative Atmosph\u00e4re. <\/strong>Holen Sie sich den Zauber der Berge nach Hause.<br \/><\/span><\/div><div><span style=\"font-size: medium;\"><br \/>Der Klassiker aus der Schweiz f\u00fcr einen stimmungsvollen Abend. Original Raclette zum Abstreichen. Eignet sich ab 4-5 Personen. 1\/2 K\u00e4selaib auf dem Halter befestigen, unter die Heizplatte schieben und den geschmolzenen K\u00e4se genie\u00dfen. Das Racletteger\u00e4t Ambiance ist ein elektronischer Ofen aus thermolackiertem Stahlblech und f\u00fcr halbe eckige oder runde K\u00e4seleibe geeignet. Er l\u00e4sst sich leicht zusammen bauen und ist einfach zu reinigen. Durch das patentierte Hebe- und Senksystem sowie die Einspann- und Abkippvorrichtung ist eine flexible und auch sichere Bedienung m\u00f6glich.<br \/><\/span><\/div><div><\/div><div><span style=\"font-size: medium;\"><span style=\"font-size: medium;\">Mit dem sch\u00f6nen Raclettemesser k\u00f6nnen Sie perfekt den s\u00e4mig geschmolzenen K\u00e4se auf dem Brot oder auf dem vorgew\u00e4rmten Teller abstreichen. Mit der gezackten Kante ist die K\u00e4serinde sehr einfach abzuschneiden. Ein Muss f\u00fcr jeden Racletteliebhaber.<\/span><\/span><\/div><div><\/div><div><u>Technische Daten des Racletteger\u00e4tes<\/u><\/div><ul><li><span style=\"font-size: medium;\">Leistung: 1000 Watt<\/span><\/li><li><span style=\"font-size: medium;\">Spannung: 230 V<br \/><\/span><\/li><li><span style=\"font-size: medium;\">Gewicht: 6,0 kg<br \/><\/span><\/li><li><span style=\"font-size: medium;\">Abmessungen: ca. 48,5 x 28 x 32 cm<\/span><\/li><\/ul><p><span style=\"font-size: medium;\"><u>Produktmerkmale des Profi Raclettemessers<\/u><br \/><\/span><\/p><ul><li><span style=\"font-size: medium;\">Schneidstahl mit 13% Chromanteil<br \/><\/span><\/li><li><span style=\"font-size: medium;\">Klingenl\u00e4nge: 14,0 cm<br \/><\/span><\/li><li><span style=\"font-size: medium;\">Klingenbreite:\u00a0\u00a0 4,5 cm<br \/><\/span><\/li><li><span style=\"font-size: medium;\">Gesamtl\u00e4nge: 26,0 cm<br \/><\/span><\/li><li><span style=\"font-size: medium;\">Gewicht: 100 g<br \/><\/span><\/li><\/ul><div><span style=\"font-size: medium;\">\u00a0<\/span><\/div><div><strong><span style=\"font-size: medium;\">Lieferumfang: Raclettegr\u00e4t und Raclettemesser<\/span><\/strong><\/div><div><strong><span style=\"font-size: medium;\">Ohne K\u00e4selaib und Dekration<\/span><\/strong><\/div><div><span style=\"font-size: medium;\">\u00a0<\/span><\/div><div><p>Die 2-Jahres-Garantie gilt f\u00fcr alle auftretenden Material- und Verarbeitungsfehler und richtet sich nach Wahl des Importeurs auf Ersatz, Reparatur oder Erstattung. Sie umfasst nicht den Ersatz von Folgesch\u00e4den, gilt nicht bei Verlust oder bei nat\u00fcrlichem Verschlei\u00df oder bei Sch\u00e4den, die auf unsachgem\u00e4\u00dfem Gebrauch oder mangelnder oder unsachgem\u00e4\u00dfer Pflege beruhen.<br \/>Durch die Herstellergarantie werden die gesetzlichen Rechte aus der Gew\u00e4hrleistung nicht eingeschr\u00e4nkt.<\/p><p>Garantiegeber:<br \/>LUBA GmbH<br \/>Ober-Eschbacher Stra\u00dfe 37<br \/>61352 Bad Homburg<\/p><p>Die Garantie gilt, sofern nicht anders angegeben, f\u00fcr Deutschland. N\u00e4here Angaben finden Sie in Ihren Garantieunterlagen, welche dem Ger\u00e4t beigef\u00fcgt sind.<\/p><\/div>","protected":false},"excerpt":{"rendered":"<p>Racletteger\u00e4t Ambiance f\u00fcr 1\/2 K\u00e4selaib plus Profi RaclettemesserSpezialit\u00e4ten am Tisch zubereitet &#8211; Stressfrei und gem\u00fctlich &#8211; k\u00f6stliche\u00a0Leckereien f\u00fcr Freunde oder Familie zubereiten &#8211; ein K\u00e4seraclette schafft eine gem\u00fctliche und kommunikative Atmosph\u00e4re. Holen Sie sich den Zauber der Berge nach Hause.Der Klassiker aus der Schweiz f\u00fcr einen stimmungsvollen Abend. Original Raclette zum Abstreichen. Eignet sich ab [&hellip;]<\/p>\n","protected":false},"featured_media":755,"template":"","meta":[],"product_brand":[],"product_cat":[134],"product_tag":[],"class_list":{"0":"post-1595","1":"product","2":"type-product","3":"status-publish","4":"has-post-thumbnail","6":"product_cat-kuechengeraete","7":"product_shipping_class-direkt-luba","8":"pa_besonderheit-fuer-ein-1-2-kaeselaib","10":"first","11":"instock","12":"taxable","13":"shipping-taxable","14":"purchasable","15":"product-type-simple"},"supplier_id":1283,"supplier_sku":"810-003 + 810-006","barcode":null,"atum_controlled":true,"out_stock_date":"2025-09-08 19:07:47","out_stock_threshold":null,"inheritable":false,"inbound_stock":0,"stock_on_hold":0,"sold_today":0,"sales_last_days":2,"reserved_stock":null,"customer_returns":null,"warehouse_damage":null,"lost_in_post":null,"other_logs":null,"out_stock_days":93,"lost_sales":8210,"has_location":false,"update_date":"2025-12-11T13:18:35","atum_locations":[],"atum_stock_status":"instock","restock_status":false,"low_stock_amount":"","sales_update_date":"2025-12-11T13:18:35","calc_backorders":null,"_links":{"self":[{"href":"https:\/\/wordpress.famberg.de\/index.php\/wp-json\/wp\/v2\/product\/1595","targetHints":{"allow":["GET"]}}],"collection":[{"href":"https:\/\/wordpress.famberg.de\/index.php\/wp-json\/wp\/v2\/product"}],"about":[{"href":"https:\/\/wordpress.famberg.de\/index.php\/wp-json\/wp\/v2\/types\/product"}],"wp:featuredmedia":[{"embeddable":true,"href":"https:\/\/wordpress.famberg.de\/index.php\/wp-json\/wp\/v2\/media\/755"}],"wp:attachment":[{"href":"https:\/\/wordpress.famberg.de\/index.php\/wp-json\/wp\/v2\/media?parent=1595"}],"wp:term":[{"taxonomy":"product_brand","embeddable":true,"href":"https:\/\/wordpress.famberg.de\/index.php\/wp-json\/wp\/v2\/product_brand?post=1595"},{"taxonomy":"product_cat","embeddable":true,"href":"https:\/\/wordpress.famberg.de\/index.php\/wp-json\/wp\/v2\/product_cat?post=1595"},{"taxonomy":"product_tag","embeddable":true,"href":"https:\/\/wordpress.famberg.de\/index.php\/wp-json\/wp\/v2\/product_tag?post=1595"}],"curies":[{"name":"wp","href":"https:\/\/api.w.org\/{rel}","templated":true}]}}