{"id":1593,"date":"2024-02-24T11:30:48","date_gmt":"2024-02-24T10:30:48","guid":{"rendered":"https:\/\/wordpress.famberg.de\/index.php\/produkt\/raclettegeraet-kaeseraclette-1-oder-2-halbe-kaeselaibe-raclette\/"},"modified":"2025-09-12T08:55:37","modified_gmt":"2025-09-12T06:55:37","slug":"raclettegeraet-kaeseraclette-1-oder-2-halbe-kaeselaibe-raclette","status":"publish","type":"product","link":"https:\/\/wordpress.famberg.de\/index.php\/produkt\/raclettegeraet-kaeseraclette-1-oder-2-halbe-kaeselaibe-raclette\/","title":{"rendered":"TTM Racletteger\u00e4t Super K\u00e4seraclette 1 oder 2 halbe K\u00e4selaibe"},"content":{"rendered":"<div><span style=\"font-size: medium;\"><span style=\"color: #006600;\"><strong>Racletteger\u00e4t Super f\u00fcr 1 oder 2 halbe K\u00e4selaibe<\/strong><\/span><br \/><\/span><\/div><div><span style=\"font-size: medium;\">Der Klassiker aus der Schweiz f\u00fcr einen stimmungsvollen Abend.\u00a0Original Raclette zum Abstreichen. Eignet sich ab 4-5 Personen. 1\/2 K\u00e4selaib auf dem Halter befestigen, unter die Heizplatte schieben und den geschmolzenen K\u00e4se genie\u00dfen.<strong> Spezialit\u00e4ten am Tisch zubereitet &#8211; Stressfrei und gem\u00fctlich &#8211;<br \/>k\u00f6stliche\u00a0Leckereien f\u00fcr Freunde oder Familie zubereiten &#8211; ein<br \/>K\u00e4seraclette schafft eine gem\u00fctliche und kommunikative Atmosph\u00e4re. <\/strong>Genie\u00dfen Sie an langen Winterabenden in geselliger Runde den geschmolzenen K\u00e4se. Ob direkt auf das Baguette geschabt oder zu Kartoffeln, Gem\u00fcse oder auch Obst- es ist beinah alles m\u00f6glich.<br \/><\/span><\/div><div><span style=\"font-size: medium;\"><span style=\"font-size: medium;\"><br \/>Dieses komfortable Ger\u00e4t ist f\u00fcr 2 runde K\u00e4seh\u00e4lften, f\u00fcr 8-10 Personen, gedacht. Die Grundplatte besteht aus Aluguss und ist mit Natursteineinlage versehen. Der K\u00e4sehalter ist kipp- und schwenkbar, die Distanz zwischen den K\u00e4sen ist mit einer Varianz von 2 cm einstellbar und die H\u00f6he durch drehen um die Spindel zu regulieren.<\/span><\/span><\/div><div><p><span style=\"font-size: medium;\">Technische Daten:<br \/><\/span><\/p><ul><li><span style=\"font-size: medium;\">Leistung: 1000 Watt<\/span><\/li><li><span style=\"font-size: medium;\">Spannung: 230\/115V<br \/><\/span><\/li><li><span style=\"font-size: medium;\">Abmessung: 52 x 28 x 33 cm <\/span><\/li><li><span style=\"font-size: medium;\">Gewicht: 12 kg<br \/><\/span><\/li><\/ul><div><span style=\"font-size: medium;\">Lieferumfang: Racletteger\u00e4t<\/span><\/div><\/div><div><span style=\"font-size: medium;\">Ohne K\u00e4selaib und Dekoration<\/span><\/div><p>&nbsp;<\/p><p>Die 2-Jahres-Garantie gilt f\u00fcr alle auftretenden Material- und Verarbeitungsfehler und richtet sich nach Wahl des Importeurs auf Ersatz, Reparatur oder Erstattung. Sie umfasst nicht den Ersatz von Folgesch\u00e4den, gilt nicht bei Verlust oder bei nat\u00fcrlichem Verschlei\u00df oder bei Sch\u00e4den, die auf unsachgem\u00e4\u00dfem Gebrauch oder mangelnder oder unsachgem\u00e4\u00dfer Pflege beruhen.<br \/>Durch die Herstellergarantie werden die gesetzlichen Rechte aus der Gew\u00e4hrleistung nicht eingeschr\u00e4nkt.<\/p><p>Garantiegeber:<br \/>LUBA GmbH<br \/>Ober-Eschbacher Stra\u00dfe 37<br \/>61352 Bad Homburg<\/p><p>Die Garantie gilt, sofern nicht anders angegeben, f\u00fcr Deutschland. N\u00e4here Angaben finden Sie in Ihren Garantieunterlagen, welche dem Ger\u00e4t beigef\u00fcgt sind.<\/p>","protected":false},"excerpt":{"rendered":"<p>Racletteger\u00e4t Super f\u00fcr 1 oder 2 halbe K\u00e4selaibeDer Klassiker aus der Schweiz f\u00fcr einen stimmungsvollen Abend.\u00a0Original Raclette zum Abstreichen. Eignet sich ab 4-5 Personen. 1\/2 K\u00e4selaib auf dem Halter befestigen, unter die Heizplatte schieben und den geschmolzenen K\u00e4se genie\u00dfen. Spezialit\u00e4ten am Tisch zubereitet &#8211; Stressfrei und gem\u00fctlich &#8211;k\u00f6stliche\u00a0Leckereien f\u00fcr Freunde oder Familie zubereiten &#8211; einK\u00e4seraclette [&hellip;]<\/p>\n","protected":false},"featured_media":749,"template":"","meta":[],"product_brand":[],"product_cat":[134],"product_tag":[],"class_list":{"0":"post-1593","1":"product","2":"type-product","3":"status-publish","4":"has-post-thumbnail","6":"product_cat-kuechengeraete","7":"product_shipping_class-direkt-luba","9":"first","10":"instock","11":"taxable","12":"shipping-taxable","13":"purchasable","14":"product-type-simple"},"supplier_id":1283,"supplier_sku":"810-005","barcode":null,"atum_controlled":true,"out_stock_date":null,"out_stock_threshold":null,"inheritable":false,"inbound_stock":0,"stock_on_hold":0,"sold_today":0,"sales_last_days":2,"reserved_stock":0,"customer_returns":0,"warehouse_damage":0,"lost_in_post":0,"other_logs":0,"out_stock_days":0,"lost_sales":0,"has_location":false,"update_date":"2025-12-18T12:18:43","atum_locations":[],"atum_stock_status":"instock","restock_status":false,"low_stock_amount":"","sales_update_date":"2025-12-18T12:18:43","calc_backorders":null,"_links":{"self":[{"href":"https:\/\/wordpress.famberg.de\/index.php\/wp-json\/wp\/v2\/product\/1593","targetHints":{"allow":["GET"]}}],"collection":[{"href":"https:\/\/wordpress.famberg.de\/index.php\/wp-json\/wp\/v2\/product"}],"about":[{"href":"https:\/\/wordpress.famberg.de\/index.php\/wp-json\/wp\/v2\/types\/product"}],"wp:featuredmedia":[{"embeddable":true,"href":"https:\/\/wordpress.famberg.de\/index.php\/wp-json\/wp\/v2\/media\/749"}],"wp:attachment":[{"href":"https:\/\/wordpress.famberg.de\/index.php\/wp-json\/wp\/v2\/media?parent=1593"}],"wp:term":[{"taxonomy":"product_brand","embeddable":true,"href":"https:\/\/wordpress.famberg.de\/index.php\/wp-json\/wp\/v2\/product_brand?post=1593"},{"taxonomy":"product_cat","embeddable":true,"href":"https:\/\/wordpress.famberg.de\/index.php\/wp-json\/wp\/v2\/product_cat?post=1593"},{"taxonomy":"product_tag","embeddable":true,"href":"https:\/\/wordpress.famberg.de\/index.php\/wp-json\/wp\/v2\/product_tag?post=1593"}],"curies":[{"name":"wp","href":"https:\/\/api.w.org\/{rel}","templated":true}]}}