{"id":1589,"date":"2024-02-24T11:30:42","date_gmt":"2024-02-24T10:30:42","guid":{"rendered":"https:\/\/wordpress.famberg.de\/index.php\/produkt\/kornquetsche-flocker-flockenquetsche-set-mit-trichterdeckel\/"},"modified":"2026-01-12T21:04:58","modified_gmt":"2026-01-12T20:04:58","slug":"kornquetsche-flocker-flockenquetsche-set-mit-trichterdeckel","status":"publish","type":"product","link":"https:\/\/wordpress.famberg.de\/index.php\/produkt\/kornquetsche-flocker-flockenquetsche-set-mit-trichterdeckel\/","title":{"rendered":"Eschenfelder Kornquetsche Flocker Flockenquetsche Set mit Trichterdeckel"},"content":{"rendered":"<p><!--b20baeb5a404822d--><\/p><p><span style=\"color: #006600; font-size: medium;\"><span style=\"font-weight: bold;\">Im Set die Eschenfelder Kornquetsche mit passendem Trichterdeckel<br \/><\/span><\/span><\/p><p><span style=\"font-size: medium;\"><br \/>Frisch geflocktes Getreide enth\u00e4lt noch die wertvollen Vitamine, Mineralien und Ballaststoffe des Getreidekorns. Sobald es aufgebrochen bzw. gequetscht ist, setzt ein wertmindernder Oxidationsprozess ein. In frischen Flocken bleiben die Wertstoffe weitestgehend erhalten. Auch Gew\u00fcrze wie Fenchel, K\u00fcmmel oder Koriander lassen sich hervorragend mit dem Flocker verarbeiten. <b><span style=\"color: #006600;\">Frische Vielfalt, die begeistert!<\/span><\/b><\/span><\/p><p><span style=\"font-size: medium;\"><span style=\"font-weight: bold;\">\u00a0<\/span><\/span><\/p><p><span style=\"font-size: medium;\"><span style=\"font-weight: bold;\">Eschenfelder Kornquetschen mit einem Geh\u00e4use aus massiver, ged\u00e4mpfter Buche sowie Walzen und Kurbel aus nickelfreiem Edelstahl erm\u00f6glichen eine <\/span><span style=\"font-weight: bold;\">stufenlos einstellbare Flocken- und Mehlst\u00e4rke f\u00fcr Getreide wie Dinkel, Gerste, Gr\u00fcnkern oder Reis. Auch Gew\u00fcrze, \u00d6lsaaten, Keimlinge, Linsen, gehackte <\/span><span style=\"font-weight: bold;\">N\u00fcsse oder Tee werden bedarfsgerecht zerkleinert &#8211; f\u00fcr eine optimale aromatische und itaminreiche Weiterverarbeitung. Durch ihre offene Bauweise sind <\/span><span style=\"font-weight: bold;\">Eschenfelder Kornquetschen besonders einfach zu reinigen. Tischmodelle werden inklusive Schraubenzwinge geliefert.<br \/><\/span><\/span><\/p><p><span style=\"font-size: medium;\">\u00a0<\/span><\/p><p><span style=\"font-size: medium;\"><span style=\"font-style: italic;\">Quetschen Sie<\/span>:<br \/><\/span><\/p><p><span style=\"font-size: medium;\">\u00a0<\/span><\/p><ul><li><span style=\"font-size: medium;\">Getreide zu Flocken: Hafer, Dinkel, Gerste, Gr\u00fcnkern, Reis&#8230;.<\/span><\/li><li><span style=\"font-size: medium;\">Flocken zu Mehl: Weizen, Roggen, Buchweizen, Hirse&#8230;.<\/span><\/li><li><span style=\"font-size: medium;\">Gew\u00fcrze: K\u00fcmmel, Fenchel, Anis, Pfeffer, Sternanis, Koreander, Ingwer, Bockshornklee, Zimt&#8230;<\/span><\/li><li><span style=\"font-size: medium;\">\u00d6lsaaten: Sesam, Mohn, Senf, Hanf, Leinsamen, Sonnenblumenkerne&#8230;.<\/span><\/li><li><span style=\"font-size: medium;\">und vieles Mehr: Keimlinge, Linsen, gehackte N\u00fcsse, Erdn\u00fcsse, Tee, Rosinen als Zugabe, Kokosflocken&#8230;.<\/span><\/li><\/ul><p><span style=\"font-size: medium;\"><span style=\"font-style: italic;\">Wissenswertes zu den Korn-Quetschen:<\/span><br \/><\/span><\/p><ul><li><span style=\"font-size: medium;\">stufenlos einstellbare Flockenst\u00e4rke<\/span><\/li><li><span style=\"font-size: medium;\">einfache Reinigung durch offene Bauweise<\/span><\/li><li><span style=\"font-size: medium;\">formstabil aus massiver, ged\u00e4mpfter Buche<\/span><\/li><li><span style=\"font-size: medium;\">Walzen und Kurbel aus nickelfreiem Edelstahl <\/span><\/li><li><span style=\"font-size: medium;\">Flocken\/Minute: 150g (durch mehrfaches Quetschen kann Mehl gewonnen werden)<\/span><\/li><li><span style=\"font-size: medium;\">Trichterf\u00fcllmenge: 200 g<\/span><\/li><li><span style=\"font-size: medium;\">Unterstellh\u00f6he f\u00fcr Sch\u00fcssel: 60 mm<\/span><\/li><li><span style=\"font-size: medium;\">quetscht alle Getreidearten au\u00dfer Mais, aber auch \u00d6lsaaten und Gew\u00fcrze<\/span><\/li><li><span style=\"font-size: medium;\">Flockenwerk: Edelstahlwalzen stufenlos verstellbar<\/span><\/li><li><span style=\"font-size: medium;\">alle Holzteile: aus massive Buche ged\u00e4mpft &amp; mit Lein\u00f6l ge\u00f6lt<\/span><\/li><li><span style=\"font-size: medium;\">Kurbel, Sch\u00fctte und Walzen: nickelfreier Edelstahl<\/span><\/li><li><span style=\"font-size: medium;\">Gewicht: 2,2 kg<\/span><\/li><li><span style=\"font-size: medium;\">Ma\u00dfe inkl. Trichter: H\u00f6he \/ Breite \/ Tiefe: 245 \/ 122 \/ 90 mm<\/span><\/li><li><span style=\"font-size: medium;\">mit Tischhalterung f\u00fcr Tischplatten bis max. 5 cm St\u00e4rke, Tiefe des Tisch\u00fcberstandes: min. 4 cm<br \/><\/span><\/li><\/ul><div><div><p><span style=\"font-size: medium;\">Lieferumfang:<\/span><\/p><ul><li><span style=\"font-size: medium;\">Eschenfleder Kornquetsche Tischmodell mit Holztrichter<\/span><\/li><li><b><span style=\"font-size: medium;\">passender Trichterdeckel (Laut Information des Lieferanten sind die Deckel nicht so passgenau. Dieser Deckel ist die beste Auswahl die als Abdeckung geeignet ist. Leider bietet der Hersteller selbst keine Deckel dazu an.<\/span><\/b><\/li><\/ul><p>Die Firma Eschenfelder gew\u00e4hrt auf dieses Ger\u00e4t 24 Monate Garantie ab Kaufdatum. (Der Kaufbeleg ist Garantienachweis*). Die Garantie beinhaltet M\u00e4ngel, die auf Material- oder Herstellungsfehler zur\u00fcckzuf\u00fchren sind. Keine Garantie gew\u00e4hrt die Firma Eschenfelder auf Sch\u00e4den, die durch normalen Verschlei\u00df, unsachgem\u00e4\u00dfe Behandlung oder Eingriffe (z.B. Demontage des Quetschwerkes) verursacht wurden, sowie auf geringf\u00fcgige M\u00e4ngel, die die Gebrauchsf\u00e4higkeit oder den Wert des Ger\u00e4tes unerheblich mindern. Durch die Herstellergarantie werden die gesetzlichen Rechte aus der Gew\u00e4hrleistung nicht eingeschr\u00e4nkt.<\/p><p>Garantiegeber:<br \/>Eschenfelder GmbH &amp; Co KG<br \/>Turnstra\u00dfe 30<br \/>76846 Hauenstein<\/p><p>Die Garantie gilt, sofern nicht anders angegeben, f\u00fcr Deutschland. N\u00e4here Angaben finden Sie in Ihren Garantieunterlagen, welche dem Ger\u00e4t beigef\u00fcgt sind.<\/p><p><span style=\"color: #ffffff;\">Luba<\/span><\/p><\/div><\/div>","protected":false},"excerpt":{"rendered":"<p>Im Set die Eschenfelder Kornquetsche mit passendem TrichterdeckelFrisch geflocktes Getreide enth\u00e4lt noch die wertvollen Vitamine, Mineralien und Ballaststoffe des Getreidekorns. Sobald es aufgebrochen bzw. gequetscht ist, setzt ein wertmindernder Oxidationsprozess ein. In frischen Flocken bleiben die Wertstoffe weitestgehend erhalten. Auch Gew\u00fcrze wie Fenchel, K\u00fcmmel oder Koriander lassen sich hervorragend mit dem Flocker verarbeiten. Frische Vielfalt, [&hellip;]<\/p>\n","protected":false},"featured_media":729,"template":"","meta":[],"product_brand":[],"product_cat":[111],"product_tag":[],"class_list":{"0":"post-1589","1":"product","2":"type-product","3":"status-publish","4":"has-post-thumbnail","6":"product_cat-flocker","7":"product_shipping_class-direkt-luba","9":"first","10":"instock","11":"taxable","12":"shipping-taxable","13":"purchasable","14":"product-type-simple"},"supplier_id":1283,"supplier_sku":"115-110 + 545-001","barcode":null,"atum_controlled":true,"out_stock_date":null,"out_stock_threshold":null,"inheritable":false,"inbound_stock":0,"stock_on_hold":0,"sold_today":0,"sales_last_days":1,"reserved_stock":null,"customer_returns":null,"warehouse_damage":null,"lost_in_post":null,"other_logs":null,"out_stock_days":0,"lost_sales":0,"has_location":false,"update_date":"2026-01-12T20:05:00","atum_locations":[],"atum_stock_status":"instock","restock_status":false,"low_stock_amount":"","sales_update_date":null,"calc_backorders":null,"_links":{"self":[{"href":"https:\/\/wordpress.famberg.de\/index.php\/wp-json\/wp\/v2\/product\/1589","targetHints":{"allow":["GET"]}}],"collection":[{"href":"https:\/\/wordpress.famberg.de\/index.php\/wp-json\/wp\/v2\/product"}],"about":[{"href":"https:\/\/wordpress.famberg.de\/index.php\/wp-json\/wp\/v2\/types\/product"}],"wp:featuredmedia":[{"embeddable":true,"href":"https:\/\/wordpress.famberg.de\/index.php\/wp-json\/wp\/v2\/media\/729"}],"wp:attachment":[{"href":"https:\/\/wordpress.famberg.de\/index.php\/wp-json\/wp\/v2\/media?parent=1589"}],"wp:term":[{"taxonomy":"product_brand","embeddable":true,"href":"https:\/\/wordpress.famberg.de\/index.php\/wp-json\/wp\/v2\/product_brand?post=1589"},{"taxonomy":"product_cat","embeddable":true,"href":"https:\/\/wordpress.famberg.de\/index.php\/wp-json\/wp\/v2\/product_cat?post=1589"},{"taxonomy":"product_tag","embeddable":true,"href":"https:\/\/wordpress.famberg.de\/index.php\/wp-json\/wp\/v2\/product_tag?post=1589"}],"curies":[{"name":"wp","href":"https:\/\/api.w.org\/{rel}","templated":true}]}}