{"id":1588,"date":"2024-02-24T11:30:41","date_gmt":"2024-02-24T10:30:41","guid":{"rendered":"https:\/\/wordpress.famberg.de\/index.php\/produkt\/zusatzgitter-gaerbox-slow-cooker-gaerautomat-joghurtbereiter-zubehoer\/"},"modified":"2025-12-23T11:04:34","modified_gmt":"2025-12-23T10:04:34","slug":"zusatzgitter-gaerbox-slow-cooker-gaerautomat-joghurtbereiter-zubehoer","status":"publish","type":"product","link":"https:\/\/wordpress.famberg.de\/index.php\/produkt\/zusatzgitter-gaerbox-slow-cooker-gaerautomat-joghurtbereiter-zubehoer\/","title":{"rendered":"Brod Taylor Zusatzgitter G\u00e4rbox Slow Cooker G\u00e4rautomat Joghurtbereiter Zubeh\u00f6r"},"content":{"rendered":"<p><span style=\"font-size: medium;\">Einlegegitter (Zusatzgitter) mit Halterung<br \/>f\u00fcr G\u00e4rautomat\/ Joghurtbereiter von Brod &amp; Taylor<br \/>Professionelle Ergebnisse in Ihrer K\u00fcche<\/span><\/p><p>Der G\u00e4r- Automat ist in unserem Shop erh\u00e4ltlich.<\/p><p>Das Zusatzgitter verdoppelt die Kapazit\u00e4t Ihres Brod&amp;Taylor G\u00e4rautomaten durch eine zweite Etage.<br \/>Das Gitter ist aus Edelstahl, die zwei Einh\u00e4ngevorrichtungen aus Aluminium<\/p><p><span style=\"color: #ffffff;\">Brod Taylor Luba<\/span><\/p>","protected":false},"excerpt":{"rendered":"<p>Einlegegitter (Zusatzgitter) mit Halterungf\u00fcr G\u00e4rautomat\/ Joghurtbereiter von Brod &amp; TaylorProfessionelle Ergebnisse in Ihrer K\u00fccheDer G\u00e4r- Automat ist in unserem Shop erh\u00e4ltlich.Das Zusatzgitter verdoppelt die Kapazit\u00e4t Ihres Brod&amp;Taylor G\u00e4rautomaten durch eine zweite Etage.Das Gitter ist aus Edelstahl, die zwei Einh\u00e4ngevorrichtungen aus AluminiumBrod Taylor Luba<\/p>\n","protected":false},"featured_media":726,"template":"","meta":[],"product_brand":[],"product_cat":[167],"product_tag":[],"class_list":{"0":"post-1588","1":"product","2":"type-product","3":"status-publish","4":"has-post-thumbnail","6":"product_cat-kuechengeraete-zubehoer","7":"product_shipping_class-direkt-luba","9":"first","10":"instock","11":"taxable","12":"shipping-taxable","13":"purchasable","14":"product-type-simple"},"supplier_id":1283,"supplier_sku":"008-433","barcode":null,"atum_controlled":true,"out_stock_date":null,"out_stock_threshold":null,"inheritable":false,"inbound_stock":null,"stock_on_hold":0,"sold_today":0,"sales_last_days":0,"reserved_stock":null,"customer_returns":null,"warehouse_damage":null,"lost_in_post":null,"other_logs":null,"out_stock_days":0,"lost_sales":0,"has_location":false,"update_date":"2025-12-23T10:04:35","atum_locations":[],"atum_stock_status":"instock","restock_status":false,"low_stock_amount":"","sales_update_date":"2025-05-24T16:48:36","calc_backorders":null,"_links":{"self":[{"href":"https:\/\/wordpress.famberg.de\/index.php\/wp-json\/wp\/v2\/product\/1588","targetHints":{"allow":["GET"]}}],"collection":[{"href":"https:\/\/wordpress.famberg.de\/index.php\/wp-json\/wp\/v2\/product"}],"about":[{"href":"https:\/\/wordpress.famberg.de\/index.php\/wp-json\/wp\/v2\/types\/product"}],"wp:featuredmedia":[{"embeddable":true,"href":"https:\/\/wordpress.famberg.de\/index.php\/wp-json\/wp\/v2\/media\/726"}],"wp:attachment":[{"href":"https:\/\/wordpress.famberg.de\/index.php\/wp-json\/wp\/v2\/media?parent=1588"}],"wp:term":[{"taxonomy":"product_brand","embeddable":true,"href":"https:\/\/wordpress.famberg.de\/index.php\/wp-json\/wp\/v2\/product_brand?post=1588"},{"taxonomy":"product_cat","embeddable":true,"href":"https:\/\/wordpress.famberg.de\/index.php\/wp-json\/wp\/v2\/product_cat?post=1588"},{"taxonomy":"product_tag","embeddable":true,"href":"https:\/\/wordpress.famberg.de\/index.php\/wp-json\/wp\/v2\/product_tag?post=1588"}],"curies":[{"name":"wp","href":"https:\/\/api.w.org\/{rel}","templated":true}]}}