{"id":1587,"date":"2024-02-24T11:30:40","date_gmt":"2024-02-24T10:30:40","guid":{"rendered":"https:\/\/wordpress.famberg.de\/index.php\/produkt\/gaerautomat-gaerbox-slow-cooker-joghurtgeraet-temperatur-21-bis-90-grad\/"},"modified":"2026-02-09T14:01:36","modified_gmt":"2026-02-09T13:01:36","slug":"gaerautomat-gaerbox-slow-cooker-joghurtgeraet-temperatur-21-bis-90-grad","status":"publish","type":"product","link":"https:\/\/wordpress.famberg.de\/index.php\/produkt\/gaerautomat-gaerbox-slow-cooker-joghurtgeraet-temperatur-21-bis-90-grad\/","title":{"rendered":"Brod &#038; Taylor FP-205 G\u00e4rautomat G\u00e4rbox Slow Cooker Joghurtbereiter 21-90 Grad"},"content":{"rendered":"<div class=\"Y3BBE\" data-sfc-cp=\"\" data-hveid=\"CAEIBhAA\" data-complete=\"true\" data-processed=\"true\"><strong class=\"Yjhzub\" data-complete=\"true\" data-processed=\"true\">Zum Verkauf steht ein brandneuer, unbenutzter und originalverpackter Br\u00f8d &amp; Taylor FP-205 Faltbarer G\u00e4rautomat &amp; Schongarer.<\/strong><\/div><div data-sfc-cp=\"\" data-hveid=\"CAEIBxAA\" data-complete=\"true\" data-processed=\"true\"><\/div><div class=\"Y3BBE\" data-sfc-cp=\"\" data-hveid=\"CAEIBxAA\" data-complete=\"true\" data-processed=\"true\">Dieses Ger\u00e4t ist ein absolutes Must-Have f\u00fcr jeden, der seine Back- und Kochergebnisse auf das n\u00e4chste Level heben m\u00f6chte \u2013 von perfekten Sauerteigbroten bis hin zu cremigem Joghurt und zartem Schongaren. Es ist das ideale Werkzeug f\u00fcr pr\u00e4zise, reproduzierbare Ergebnisse in der K\u00fcche.<\/div><div class=\"Y3BBE\" data-sfc-cp=\"\" data-hveid=\"CAEICBAA\" data-complete=\"true\" data-processed=\"true\"><strong class=\"Yjhzub\" data-complete=\"true\" data-processed=\"true\">Warum der Br\u00f8d &amp; Taylor FP-205 \u00fcberzeugt:<\/strong><\/div><ul class=\"KsbFXc U6u95\" data-complete=\"true\" data-processed=\"true\"><li data-hveid=\"CAEICRAA\" data-complete=\"true\" data-sae=\"\"><span class=\"T286Pc\" data-sfc-cp=\"\" data-complete=\"true\"><strong class=\"Yjhzub\" data-complete=\"true\">Pr\u00e4zise Temperaturkontrolle:<\/strong> <strong>Digitale Steuerung von 21 \u00b0C bis 90 \u00b0C in 1-Grad-Schritten<\/strong>. Ideal f\u00fcr das exakte Gehenlassen von Hefe- und Sauerteigen, unabh\u00e4ngig von der Raumtemperatur.<\/span><\/li><li data-hveid=\"CAEICRAB\" data-complete=\"true\" data-sae=\"\"><span class=\"T286Pc\" data-sfc-cp=\"\" data-complete=\"true\"><strong class=\"Yjhzub\" data-complete=\"true\">Perfekte Feuchtigkeit:<\/strong> Die integrierte Aluminium-Wasserschale erzeugt die n\u00f6tige Luftfeuchtigkeit (ca. 60-80 %), um das Austrocknen des Teigs zu verhindern und eine optimale Fermentation zu gew\u00e4hrleisten.<\/span><\/li><li data-hveid=\"CAEICRAC\" data-complete=\"true\" data-sae=\"\"><span class=\"T286Pc\" data-sfc-cp=\"\" data-complete=\"true\"><strong class=\"Yjhzub\" data-complete=\"true\">Multifunktionalit\u00e4t:<\/strong> Ein echtes Multitalent. Nutzen Sie es als G\u00e4rautomat, f\u00fcr Slow Cooking, zur Joghurt- oder K\u00e4seherstellung, zum Schokolade schmelzen, Fermentieren oder sogar f\u00fcr das Sous-vide-Garen im Topf.<\/span><\/li><li data-hveid=\"CAEICRAD\" data-complete=\"true\" data-sae=\"\"><span class=\"T286Pc\" data-sfc-cp=\"\" data-complete=\"true\"><strong class=\"Yjhzub\" data-complete=\"true\">Platzsparendes Design:<\/strong> Einzigartig faltbar! Bei Nichtgebrauch l\u00e4sst sich das Ger\u00e4t flach auf nur 8 cm H\u00f6he zusammenfalten und leicht verstauen \u2013 perfekt f\u00fcr jede K\u00fcche.<\/span><\/li><li data-hveid=\"CAEICRAE\" data-complete=\"true\" data-sae=\"\"><span class=\"T286Pc\" data-sfc-cp=\"\" data-complete=\"true\" aria-owns=\"action-menu-parent-container\"><strong class=\"Yjhzub\" data-complete=\"true\">Einfache Beobachtung:<\/strong> Dank des klaren Sichtfensters im Deckel k\u00f6nnen Sie den Fortschritt beobachten, ohne das Klima im Inneren zu st\u00f6ren.<\/span><\/li><\/ul><div class=\"Y3BBE\" data-sfc-cp=\"\" data-hveid=\"CAEIDBAA\" data-complete=\"true\" data-processed=\"true\"><strong class=\"Yjhzub\" data-complete=\"true\" data-processed=\"true\">Lieferumfang:<\/strong><\/div><ul class=\"KsbFXc U6u95\" data-complete=\"true\" data-processed=\"true\"><li data-hveid=\"CAEIDRAA\" data-complete=\"true\" data-sae=\"\"><span class=\"T286Pc\" data-sfc-cp=\"\" data-complete=\"true\">1x Br\u00f8d &amp; Taylor FP-205 G\u00e4rautomat (mit US-Stecker, Adapter f\u00fcr EU-Steckdosen ist jedoch enthalten)<\/span><\/li><li data-hveid=\"CAEIDRAB\" data-complete=\"true\" data-sae=\"\"><span class=\"T286Pc\" data-sfc-cp=\"\" data-complete=\"true\">1x Wasserschale<\/span><\/li><li data-hveid=\"CAEIDRAC\" data-complete=\"true\" data-sae=\"\"><span class=\"T286Pc\" data-sfc-cp=\"\" data-complete=\"true\" aria-owns=\"action-menu-parent-container\">1x Bedienungsanleitung<\/span><\/li><\/ul><p><span style=\"color: #006600;\"><b>Das Geheimnis vieler Verfahren in der K\u00fcche, liegt in der exakten Temperaturkontrolle des Prozesses. Bis zum heutigen Zeitpunkt ist kein vergleichbares Produkt f\u00fcr Heimanwender verf\u00fcgbar. Ob Joghurt herstellen, hausgemachtes Brot genie\u00dfen, Superfoods zubereiten, Slow Cooking oder Schokolade perfekt schmelzen, all dies leistet der zusammenklappbare G\u00e4rautomat<\/b><\/span>.<\/p><p><strong>Kapazit\u00e4tshinweise<\/strong><br \/>T\u00f6pfe\/Beh\u00e4lter: Es passen Schongart\u00f6pfe bis zu einer H\u00f6he von ca. 21,6 cm oder Joghurtgl\u00e4ser bis zu 20 cm hinein.<br \/>Zusatzgitter: Falls Sie das optionale Zusatzgitter f\u00fcr eine zweite Ebene nutzen, sollten die unteren Backformen idealerweise ca. 8 cm hoch sein, damit das Brot auf der unteren Ebene noch bis zu 10 cm Gesamth\u00f6he aufgehen kann.<\/p><p><strong>Kapazit\u00e4t f\u00fcr Gl\u00e4ser<\/strong><br \/>Dank der Grundfl\u00e4che von 38 x 32 cm bietet das Ger\u00e4t viel Platz:<br \/>Joghurtgl\u00e4ser: Sie k\u00f6nnen bis zu 8 Gl\u00e4ser \u00e0 250 ml gleichzeitig hineinstellen. Bei kleineren Gl\u00e4sern (ca. 125 ml) passen sogar bis zu 12 bis 15 St\u00fcck hinein.<br \/>Gro\u00dfe Einmachgl\u00e4ser: Ein typisches 1-Liter-Weckglas oder Mason-Jar passt mit einer H\u00f6he von meist unter 18 cm problemlos stehend hinein.<br \/>F\u00fcr den Sauerteig-Starter eignen sich besonders Weckgl\u00e4ser oder Pint-Mason-Jars, da diese die W\u00e4rme gut leiten und leicht zu reinigen sind.<\/p><p><strong>Alle Produktmerkmale auf einen Blick<\/strong><\/p><ul><li>mit wenigen Handgriffen einsatzf\u00e4hig<\/li><li>Modell: FB-205<\/li><li>platzsparrend zusammenklappbar<\/li><li>Geh\u00e4usematerial: Verst\u00e4rkter Polypropylenk\u00f6rper mit gro\u00dfem Sichtfenster<\/li><li>Wasserbeh\u00e4lter aus Aluminium<\/li><li>Feuchtigkeitsbereich: 60- 80%<\/li><li>Temperaturbreich: 21\u00b0-49\u00ba C im G\u00e4rmodus und bis zu 90\u00ba C im Schongarmodus<\/li><li>elektronische Temperaturregelung<\/li><li>entfernbare Teile sp\u00fclmaschinenfest<\/li><li>Leistung: 180-220 Watt<\/li><li>Innenma\u00df (ge\u00f6ffnet) BxTxH:: 38 x 32 x 20 cm<\/li><li>Au\u00dfenma\u00df (ge\u00f6ffnet) BxTxH: 46 x 37 x 27 cm<\/li><li>Au\u00dfenma\u00df (gefaltet) BxTxH: 46 x 37 x 8 cm<\/li><li>Bedienanleitung mit Rezeptheft<\/li><li>Spannung: 220-240 V, 60 Hz (200 Watt)<\/li><li>Gewicht: 3,2 kg)<\/li><\/ul><p><b>Anwendungsbespiele:<br \/><\/b><b>Zum Gehenlassen von Teig<br \/><\/b>Brotteig zubereiten wie ein Profi. Auf Knoopfdruck die ideale kostante G\u00e4rtemperatur und dabei zusehen, wie der Teigling w\u00e4chst. Sie erhalten gleichbleibend gute Ergebnisse bei sauerteig, Vollkornbrot und sogar glutenfreies Brot. Machen Sie Pizzateig so lecker wie beim Italiener. Passen Sie den G\u00e4rvorgang Ihrem Zietplan an. Es lohnt sich zu warten- eine langsame, kontrolierte G\u00e4rung erzeugt die besten Aromen.<br \/><b>Als Joghurtger\u00e4t<br \/><\/b>Verwenden Sie Ihre eigenen Gef\u00e4\u00dfe um cremigen Joghurt in beliebiger Menge herzustellen. Joghurt zu Hause zuzubereiten ist nicht nur g\u00fcnstig. Sie k\u00f6nnen Ihre Lieblingsmilch verwenden, auf Zusatzstoffe verzichten und den Zuckergehalt reduzieren. Die einzigartige Hoch-niedrig-Methode ben\u00f6tigt nur 4 Stunden f\u00fcr die Herstellung von bis zu 4,5 Litern Joghurt mit einer feinen cremigen Textur. Auch geeignet f\u00fcr die Joghurtherstellung aus Ziegenmilch oder vegan aus Soja- oder Kokosmilch.<br \/>Die meisten Joghurtger\u00e4te verwenden Plastikbeh\u00e4lter. Der G\u00e4rautomat von Brod&amp;Taylor erm\u00f6glicht den Einsatz eigener Glasbeh\u00e4lter. Plastikfreie Produktion- somit wird der Abfall verringert und die Joghurtproduktion plastikfrei.<b><br \/>Zum Schmelzen von Schokolade<\/b><br \/>Genie\u00dfen Sie, wie einfach und zuverl\u00e4ssig Schokolade geschmolzen wird &#8211; ohne Anbrennen, keine Kl\u00fcmpchen oder Ver\u00e4nderungen der Farbe. Ideal zum Verzieren, zum Dippen f\u00fcr Desserts.<br \/><b>Zur Herstellung von Frischk\u00e4se, Butter<\/b><br \/>Entdecken Sie, wie mit dem G\u00e4rautomaten k\u00f6stlicher Weichk\u00e4se zubereitet werden kann.Durch ideale Temperaturregelung, der f\u00fcr verschiedene K\u00e4sekulturen n\u00f6tigen Reifezeit und ausgew\u00e4hlten Zutaten, erhalten Sie die richtige Konsistenz und volles Aroma. Butter selbst gemacht- kein Problem. Der rahm der Milch setzt sich, durch die perfekte und gleichbleibende Temperaturregelung, ab und l\u00e4sst sich m\u00fchelos weiterverarbeiten. Entscheiden Sie selbst wie das Ergebnis schmecken soll, z.B. durch die Zugabe von Kr\u00e4utern.<br \/><b>NEU mit Slow Cook Mode<\/b><br \/>Die faltbare Slow Cooker im Slow Cook-Modus wird f\u00fcr traditionelles langsames Kochen. Es eignet sich f\u00fcr die Herstellung von schwarzen Knoblauch und Sous Vide garen. Es ist \u00fcber die \u201eKochtopftaste\u201c einzuschalten. Die Temperatur kann in 5\u00b0 Stufen von 30\u00b0 bis 90\u00b0 im Schongarprogramm reguliert werden. Der Slow Cooker gart auf niedriger Temperatur, sodass weder etwas brodelt, verkocht oder anbrennt. So haben die Gerichte Zeit s\u00e4mtliche Aromen und Gew\u00fcrze zu entfalten und einzuziehen.<br \/><b>Zur Herstellung von Buttermilch, Kefir, Tempeh, Kombucha, Energieriegel<\/b><br \/><span class=\"st\">Kombucha- Stellen Sie diesen prickelnden, k\u00f6stliche probiotische Tee selbst her. Ideal auch f\u00fcr andere fermentierte Lebensmittel und Getr\u00e4nke wie zum Beispiel Kefir und Tempeh.<\/span><span class=\"st\"><span style=\"font-size: medium;\"><em> Tempeh<\/em> kennen Sie nicht? H\u00f6chste Zeit, das zu \u00e4ndern, denn die Fleischalternative aus Soja hat viel zu bieten.<br \/>Kreieren Sie Ihre ganz eigenen Energieriegel nach Ihren Ern\u00e4hrungsw\u00fcnschen. Vollgepackt mit reichhaltigen, energiereichen und\/ oder leicht verdaulichen N\u00e4hrstoffen &#8211; ob vollwertig, glutenfrei oder auch kalorienarm &#8211; in der sanften W\u00e4rme des G\u00e4rautomaten schmilzen die Zutaten schonend und lassen sich besonders gut verarbeiten<\/span>.<br \/><\/span><\/p><p>LUBA GmbH gew\u00e4hrt eine freiwillige <b>3 Jahre Herstellergarantie<\/b> bei privater Nutzung auf\u00a0alle Material- und Produktionsfehler. Durch die Herstellergarantie werden die gesetzlichen Rechte aus der Gew\u00e4hrleistung nicht eingeschr\u00e4nkt.\u00a0 Die Herstellergarantie wird von LUBA GmbH, Ober-Eschbacher Stra\u00dfe 37, 61352 Bad Homburg, Deutschland getragen und gilt wenn nicht anders angegeben in Deutschland. Alle n\u00e4heren Informationen liegen ausf\u00fchrlich Ihrem Ger\u00e4t bei.<\/p>","protected":false},"excerpt":{"rendered":"<p>Zum Verkauf steht ein brandneuer, unbenutzter und originalverpackter Br\u00f8d &amp; Taylor FP-205 Faltbarer G\u00e4rautomat &amp; Schongarer.Dieses Ger\u00e4t ist ein absolutes Must-Have f\u00fcr jeden, der seine Back- und Kochergebnisse auf das n\u00e4chste Level heben m\u00f6chte \u2013 von perfekten Sauerteigbroten bis hin zu cremigem Joghurt und zartem Schongaren. Es ist das ideale Werkzeug f\u00fcr pr\u00e4zise, reproduzierbare Ergebnisse [&hellip;]<\/p>\n","protected":false},"featured_media":716,"template":"","meta":[],"product_brand":[],"product_cat":[134],"product_tag":[],"class_list":{"0":"post-1587","1":"product","2":"type-product","3":"status-publish","4":"has-post-thumbnail","6":"product_cat-kuechengeraete","7":"product_shipping_class-direkt-luba","8":"pa_besonderheit-tragbar","9":"pa_besonderheit-slow-cook","10":"pa_besonderheit-klappbar","11":"pa_besonderheit-einstellbare-temperatur","12":"pa_farbe-weiss","13":"pa_fassungsvermoegen-9-l","15":"first","16":"instock","17":"taxable","18":"shipping-taxable","19":"purchasable","20":"product-type-simple"},"supplier_id":1283,"supplier_sku":"008-425","barcode":null,"atum_controlled":false,"out_stock_date":null,"out_stock_threshold":null,"inheritable":false,"inbound_stock":0,"stock_on_hold":0,"sold_today":0,"sales_last_days":0,"reserved_stock":null,"customer_returns":null,"warehouse_damage":null,"lost_in_post":null,"other_logs":null,"out_stock_days":0,"lost_sales":0,"has_location":false,"update_date":"2026-03-28T14:04:04","atum_locations":[],"atum_stock_status":"instock","restock_status":false,"low_stock_amount":"","sales_update_date":"2026-03-28T14:04:04","calc_backorders":null,"_links":{"self":[{"href":"https:\/\/wordpress.famberg.de\/index.php\/wp-json\/wp\/v2\/product\/1587","targetHints":{"allow":["GET"]}}],"collection":[{"href":"https:\/\/wordpress.famberg.de\/index.php\/wp-json\/wp\/v2\/product"}],"about":[{"href":"https:\/\/wordpress.famberg.de\/index.php\/wp-json\/wp\/v2\/types\/product"}],"wp:featuredmedia":[{"embeddable":true,"href":"https:\/\/wordpress.famberg.de\/index.php\/wp-json\/wp\/v2\/media\/716"}],"wp:attachment":[{"href":"https:\/\/wordpress.famberg.de\/index.php\/wp-json\/wp\/v2\/media?parent=1587"}],"wp:term":[{"taxonomy":"product_brand","embeddable":true,"href":"https:\/\/wordpress.famberg.de\/index.php\/wp-json\/wp\/v2\/product_brand?post=1587"},{"taxonomy":"product_cat","embeddable":true,"href":"https:\/\/wordpress.famberg.de\/index.php\/wp-json\/wp\/v2\/product_cat?post=1587"},{"taxonomy":"product_tag","embeddable":true,"href":"https:\/\/wordpress.famberg.de\/index.php\/wp-json\/wp\/v2\/product_tag?post=1587"}],"curies":[{"name":"wp","href":"https:\/\/api.w.org\/{rel}","templated":true}]}}