{"id":1586,"date":"2024-02-24T11:30:38","date_gmt":"2024-02-24T10:30:38","guid":{"rendered":"https:\/\/wordpress.famberg.de\/index.php\/produkt\/manus-1-handgetreidemuehle-kaffeemuehle-mit-steinmahlwerk\/"},"modified":"2026-04-05T21:20:38","modified_gmt":"2026-04-05T19:20:38","slug":"manus-1-handgetreidemuehle-kaffeemuehle-mit-steinmahlwerk","status":"publish","type":"product","link":"https:\/\/wordpress.famberg.de\/index.php\/produkt\/manus-1-handgetreidemuehle-kaffeemuehle-mit-steinmahlwerk\/","title":{"rendered":"Schnitzer Manus 1 Handgetreidem\u00fchle Kaffeem\u00fchle mit Steinmahlwerk"},"content":{"rendered":"<div><span style=\"font-size: medium;\"><b>Handgetreidem\u00fchle Manus I<\/b><\/span><\/div><p><span style=\"font-size: medium;\"><br \/><b>Jeden Tag frisch mahlen &#8211; mit dem Klassiker unter den Handm\u00fchlen.<\/b><\/span><\/p><p>Das robuste Steinmahlwerk aus Naxos-Basalt mahlt in einem traditionellen Geh\u00e4use aus massivem Buchenholz wahlweise 30 g pro Minute feines oder die doppelte Menge grobes Mehl. Nat\u00fcrlich eignet die M\u00fchle sich auch bestens zum Mahlen von Kaffee, Pfeffer oder anderen Gew\u00fcrzen.<\/p><p>Mit der Handgetreidem\u00fchle Manus 1 bekommen Sie auch ohne Strom Mehl f\u00fcr ein frisches Brot. Zum Einstellen des Mahlgrades einfach den Deckel nach oben bzw. (bei eingef\u00fclltem Trichter) das Geh\u00e4use nach unten klappen. Im geschlossenem Zustand wird der Deckel von einem Magneten auch bei h\u00f6herem Kraftaufwand sicher an seinem Platz gehalten. Das Mehl oder auch der Kaffee f\u00e4llt einfach in die integierte Schublade, welche sich mit einem leichten Zug entnehmen l\u00e4sst.<\/p><p>Alle Produktmerkmale auf einen Blick<br \/><span style=\"font-size: medium;\"><br \/><\/span><\/p><ul><li><span style=\"font-size: medium;\">Mahlgut: alle Getreidearten, Reis, auch f\u00fcr Kaffee, Pfeffer oder anderen Gew\u00fcrzen<\/span><span style=\"font-size: medium;\">\u00a0\u00a0\u00a0 Mahlwerk: Steinmahlwerk aus Naxos-Basalt<\/span><\/li><li><span style=\"font-size: medium;\">Trichterf\u00fcllmenge: 165 g<\/span><\/li><li><span style=\"font-size: medium;\">Mahlleistung fein: 30 g\/min<\/span><\/li><li><span style=\"font-size: medium;\">Mahlleistung grob: 60 g\/min<\/span><\/li><li><span style=\"font-size: medium;\">Krubelradius 16 cm<\/span><\/li><li><span style=\"font-size: medium;\">Ma\u00dfe H \/ B \/ T im mm: 25,0 x 16,0 x 13,0 cm<\/span><\/li><li><span style=\"font-size: medium;\">Gewicht: 1,6 kg<\/span><\/li><li><span style=\"font-size: medium;\">Geh\u00e4usematerial: massives Buchenholz<\/span><\/li><\/ul>","protected":false},"excerpt":{"rendered":"<p>Handgetreidem\u00fchle Manus IJeden Tag frisch mahlen &#8211; mit dem Klassiker unter den Handm\u00fchlen.Das robuste Steinmahlwerk aus Naxos-Basalt mahlt in einem traditionellen Geh\u00e4use aus massivem Buchenholz wahlweise 30 g pro Minute feines oder die doppelte Menge grobes Mehl. Nat\u00fcrlich eignet die M\u00fchle sich auch bestens zum Mahlen von Kaffee, Pfeffer oder anderen Gew\u00fcrzen.Mit der Handgetreidem\u00fchle Manus [&hellip;]<\/p>\n","protected":false},"featured_media":711,"template":"","meta":[],"product_brand":[],"product_cat":[182],"product_tag":[],"class_list":{"0":"post-1586","1":"product","2":"type-product","3":"status-publish","4":"has-post-thumbnail","6":"product_cat-handmuehlen","7":"product_shipping_class-paketversand","8":"pa_farbe-buche-massiv","9":"pa_produkart-getreidemuehle","11":"first","12":"instock","13":"taxable","14":"shipping-taxable","15":"purchasable","16":"product-type-simple"},"supplier_id":1491,"supplier_sku":"11600","barcode":null,"atum_controlled":true,"out_stock_date":null,"out_stock_threshold":null,"inheritable":false,"inbound_stock":0,"stock_on_hold":0,"sold_today":0,"sales_last_days":2,"reserved_stock":0,"customer_returns":0,"warehouse_damage":0,"lost_in_post":0,"other_logs":0,"out_stock_days":0,"lost_sales":0,"has_location":false,"update_date":"2026-04-06T23:04:49","atum_locations":[],"atum_stock_status":"instock","restock_status":true,"low_stock_amount":"","sales_update_date":"2026-04-06T23:04:49","calc_backorders":null,"_links":{"self":[{"href":"https:\/\/wordpress.famberg.de\/index.php\/wp-json\/wp\/v2\/product\/1586","targetHints":{"allow":["GET"]}}],"collection":[{"href":"https:\/\/wordpress.famberg.de\/index.php\/wp-json\/wp\/v2\/product"}],"about":[{"href":"https:\/\/wordpress.famberg.de\/index.php\/wp-json\/wp\/v2\/types\/product"}],"wp:featuredmedia":[{"embeddable":true,"href":"https:\/\/wordpress.famberg.de\/index.php\/wp-json\/wp\/v2\/media\/711"}],"wp:attachment":[{"href":"https:\/\/wordpress.famberg.de\/index.php\/wp-json\/wp\/v2\/media?parent=1586"}],"wp:term":[{"taxonomy":"product_brand","embeddable":true,"href":"https:\/\/wordpress.famberg.de\/index.php\/wp-json\/wp\/v2\/product_brand?post=1586"},{"taxonomy":"product_cat","embeddable":true,"href":"https:\/\/wordpress.famberg.de\/index.php\/wp-json\/wp\/v2\/product_cat?post=1586"},{"taxonomy":"product_tag","embeddable":true,"href":"https:\/\/wordpress.famberg.de\/index.php\/wp-json\/wp\/v2\/product_tag?post=1586"}],"curies":[{"name":"wp","href":"https:\/\/api.w.org\/{rel}","templated":true}]}}