{"id":1584,"date":"2024-02-24T11:30:35","date_gmt":"2024-02-24T10:30:35","guid":{"rendered":"https:\/\/wordpress.famberg.de\/index.php\/produkt\/dampfgarer-nutri-steam-doppelwandsystem-1700-watt-bpa-frei\/"},"modified":"2024-10-24T13:53:02","modified_gmt":"2024-10-24T11:53:02","slug":"dampfgarer-nutri-steam-doppelwandsystem-1700-watt-bpa-frei","status":"publish","type":"product","link":"https:\/\/wordpress.famberg.de\/index.php\/produkt\/dampfgarer-nutri-steam-doppelwandsystem-1700-watt-bpa-frei\/","title":{"rendered":"Dejelin DeJelin Dampfgarer Nutri Steam Doppelwandsystem 1700 Watt BPA Frei"},"content":{"rendered":"<p><span style=\"color: #990000; font-size: medium;\"><span style=\"color: #006600;\"><b>DeJelin Dampfgarer Nutri Steam <\/b><\/span><br \/><\/span><span style=\"font-size: medium;\"><br \/><b>Kein Umr\u00fchren &#8211; Kein Anbrennen &#8211; Kein Geschmacksverlust<\/b><span style=\"color: #990000;\"><br \/><\/span><span style=\"color: #990000;\"><span style=\"color: #000000;\">Der<\/span> <span style=\"color: #000000;\">Dampfgarer f\u00fcr Profis und solche, die es werden m\u00f6chten.<\/span><span style=\"color: #000000;\"> Erreichen Sie bei niedrigen Temperaturen einen unvergleichlichen Geschmack &#8211; Denn durch das schonende Garen in Dampf bleiben die Aromen und Vitamine sowie N\u00e4hrstoffe erhalten. Ihr Gem\u00fcse bleibt zart und bissfest, Gefl\u00fcgel saftig und Fisch zerf\u00e4llt nicht.<\/span><\/span><b> <\/b><span style=\"color: #990000;\"><br \/><span style=\"color: #006600;\">F\u00fcr h\u00f6chste Anspr\u00fcche &#8211; v<\/span><\/span><span style=\"color: #990000;\"><span style=\"color: #006600;\">on der Vorspeise bis zum Dessert mit professionellen Ergebnissen<\/span><\/span><\/span><\/p><p><b><span style=\"color: #000000;\">D<\/span><\/b><span style=\"color: #990000;\"><b><span style=\"color: #000000;\">ejelin Dampfgarer mit einzigartigen Doppelwandsystem<\/span><\/b><br \/><\/span><\/p><ul><li><span style=\"font-size: medium;\">gleichm\u00e4\u00dfige Verteilung des Dampfes auf jeder Ebene<\/span><\/li><li><span style=\"font-size: medium;\">intensive Dampferzeugung<\/span><\/li><li><span style=\"font-size: medium;\">multifunktionell: 3 Funktionen<\/span><\/li><li><span style=\"font-size: medium;\">\u00a0 &#8211; Temperaturstufen<br \/><\/span><\/li><li><span style=\"font-size: medium;\">\u00a0 &#8211; Warmhaltefunktion 60\u00b0C<\/span><\/li><li><span style=\"font-size: medium;\">\u00a0 &#8211; Joghurtbereiter 40\u00b0C<\/span><\/li><li><span style=\"font-size: medium;\">gro\u00dfe Kapazit\u00e4t- bis zu 28 l und 5 Etagen<\/span><\/li><li><span style=\"font-size: medium;\">gleichzeitige Zubereitung von mehreren Zutaten<\/span><\/li><li><span style=\"font-size: medium;\">zeit- und energiesparend<\/span><\/li><li><span style=\"font-size: medium;\">umfangreiches Zubeh\u00f6r<\/span><\/li><li><span style=\"font-size: medium;\">5 Jahre Qualit\u00e4tsgarantie<\/span><\/li><\/ul><p><span style=\"font-size: medium;\">Erstellen Sie mit nur einem Ger\u00e4t ein komplettes,<br \/>gesundes Men\u00fc &#8211; mit Gem\u00fcse, Kartoffeln, Fleisch oder Fisch gleichzeitig.<br \/>Das spart Zeit, Platz und Energie! Nutzen Sie die gro\u00dfe Vielfalt an<br \/>M\u00f6glichkeiten mit tollen Ergebnissen! Mit dem Abscheider (Edelstahleinsatz) k\u00f6nnen Sie einen Garkorb praktisch in zwei Abteile trennen.<br \/>Der Dampf umschlie\u00dft das Gargut, sodass dieses weder austrocknet noch verw\u00e4ssert. Der gebogene Deckel leitet das Tropfwasser nicht auf die Lebensmittel, sondern am Rande durch die doppelseitigen Schalen aus Edelstahl zur\u00fcck in die Wasserschale. Der Timer mit Abschaltautomatik erm\u00f6glicht Ihnen mehr Zeit f\u00fcr Ihre Familie und Hobbys. Neben der Kochfunktion bei 100\u00b0C k\u00f6nnen Sie die Funktion 80\u00b0C zum Garen bei Niedrigtemperatur ausw\u00e4hlen. Bei 60\u00b0C k\u00f6nnen die Speisen auch l\u00e4ngere Zeit warm gehalten werden, ohne die Konsistenz zu ver\u00e4ndern.<\/span><\/p><p><b>Ausstattung Dampfgarer Nutri Steam<\/b><\/p><ul><li><span style=\"font-size: medium;\">doppelwandige Heizwanne\u00a0<\/span><\/li><li><span style=\"font-size: medium;\">Rezeptheft mit 13 Rezepten und Gartabelle<\/span><\/li><li><span style=\"font-size: medium;\">Zeitschaltuhr bis 90 MInuten oder Dauer<\/span><\/li><li><span style=\"font-size: medium;\">3- Stufen Temperatur 100\u00b0C, 80\u00b0C und 60\u00b0C<\/span><\/li><li><span style=\"font-size: medium;\">2 Erh\u00f6hungen aus Tritan, BPA-frei<\/span><\/li><li><span style=\"font-size: medium;\">1 Garschale aus Edelstahl<br \/><\/span><\/li><li><span style=\"font-size: medium;\">2 gelochte K\u00f6rbe aus Edelstahl, H= 65 mm<br \/><\/span><\/li><li><span style=\"font-size: medium;\">1 Abscheider<\/span><\/li><li><span style=\"font-size: medium;\">1 Kochdeckel aus Sicherheitsglas<\/span><\/li><li><span style=\"font-size: medium;\">1 Rezeptbuch<\/span><\/li><li><span style=\"font-size: medium;\">1 Porzellanschale 0,6 Liter<\/span><\/li><li><span style=\"font-size: medium;\">Leistung: 1700 Watt<\/span><\/li><li><span style=\"font-size: medium;\">Ma\u00dfe (BxHxT) in cm: 34,9 x 29,3 x 39,2<br \/><\/span><\/li><li><span style=\"font-size: medium;\">Grundgewicht: 8,4 kg<\/span><\/li><\/ul><p><span style=\"font-size: medium;\">In unserem Shop sind zwei weitere Dampfgarer von DeJelin in unterschiedlicher Ausstattung, sowie <b>optionales Zub\u00f6r erh\u00e4ltlich<\/b>.<\/span><\/p><p><span style=\"font-size: medium;\">\u00a0<\/span><\/p><p><span style=\"font-size: medium;\"><b>Fragen von Kunden:<\/b><\/span><\/p><p><span style=\"font-size: medium;\">1. den Drehschalter benutzt, wenn man &#8222;Continu&#8220; einstellen m\u00f6chte&#8230;.. im Uhrzeigersinn, oder ist dies egal?<\/span><\/p><p><span style=\"font-size: medium;\">Der Drehknopf wird im Uhrzeigersinn gedreht<\/span><\/p><p><span style=\"font-size: medium;\">\u00a0<\/span><\/p><p><span style=\"font-size: medium;\">2. Was bedeutet bei dem Ger\u00e4t &#8222;continu&#8220; und wof\u00fcr brauche ich das?<\/span><\/p><p><span style=\"font-size: medium;\">Continue hei\u00dft fortfahren und steht f\u00fcr die Warmhalte-Funktion<\/span><\/p><p><span style=\"font-size: medium;\">\u00a0<\/span><\/p><p><span style=\"font-size: medium;\">3. Darf ich &#8222;continu&#8220; auch bei 100\u00b0 oder 80 \u00b0 einstellen?<\/span><\/p><p><span style=\"font-size: medium;\">Diese Funktion kann \u00fcber alle Temperaturstufen erfolgen<\/span><\/p><p><span style=\"font-size: medium;\">\u00a0<\/span><\/p><p><span style=\"font-size: medium;\">4. Kann man dem Wasser im Dampferzeuger Kr\u00e4uter\/Knoblauchzehen zuf\u00fcgen?<\/span><\/p><p>&nbsp;<\/p><p><span style=\"font-size: medium;\">Man kann dem Wasser auch Kr\u00e4uter o. \u00c4. hinzu f\u00fcgen<\/span><\/p><p>Die 5-Jahres-Garantie gilt f\u00fcr alle auftretenden Material- und Verarbeitungsfehler und richtet sich nach Wahl des Importeurs auf Ersatz, Reparatur oder Erstattung. Sie umfasst nicht den Ersatz von Folgesch\u00e4den, gilt nicht bei Verlust oder bei nat\u00fcrlichem Verschlei\u00df oder bei Sch\u00e4den, die auf unsachgem\u00e4\u00dfem Gebrauch oder mangelnder oder unsachgem\u00e4\u00dfer Pflege beruhen.<br \/>Durch die Herstellergarantie werden die gesetzlichen Rechte aus der Gew\u00e4hrleistung nicht eingeschr\u00e4nkt.<\/p><p>Garantiegeber:<br \/>LUBA GmbH<br \/>Ober-Eschbacher Stra\u00dfe 37<br \/>61352 Bad Homburg<\/p><p>Die Garantie gilt, sofern nicht anders angegeben, f\u00fcr Deutschland. N\u00e4here Angaben finden Sie in Ihren Garantieunterlagen, welche dem Ger\u00e4t beigef\u00fcgt sind.<\/p>","protected":false},"excerpt":{"rendered":"<p>DeJelin Dampfgarer Nutri Steam Kein Umr\u00fchren &#8211; Kein Anbrennen &#8211; Kein GeschmacksverlustDer Dampfgarer f\u00fcr Profis und solche, die es werden m\u00f6chten. Erreichen Sie bei niedrigen Temperaturen einen unvergleichlichen Geschmack &#8211; Denn durch das schonende Garen in Dampf bleiben die Aromen und Vitamine sowie N\u00e4hrstoffe erhalten. Ihr Gem\u00fcse bleibt zart und bissfest, Gefl\u00fcgel saftig und Fisch [&hellip;]<\/p>\n","protected":false},"featured_media":690,"template":"","meta":[],"product_brand":[],"product_cat":[134],"product_tag":[],"class_list":{"0":"post-1584","1":"product","2":"type-product","3":"status-publish","4":"has-post-thumbnail","6":"product_cat-kuechengeraete","7":"product_shipping_class-direkt-luba","9":"first","10":"outofstock","11":"taxable","12":"shipping-taxable","13":"purchasable","14":"product-type-simple"},"supplier_id":1283,"supplier_sku":"820-310","barcode":null,"atum_controlled":true,"out_stock_date":null,"out_stock_threshold":null,"inheritable":false,"inbound_stock":0,"stock_on_hold":0,"sold_today":0,"sales_last_days":0,"reserved_stock":0,"customer_returns":0,"warehouse_damage":0,"lost_in_post":0,"other_logs":0,"out_stock_days":0,"lost_sales":0,"has_location":false,"update_date":"2024-10-24T11:53:02","atum_locations":[],"atum_stock_status":"outofstock","restock_status":false,"low_stock_amount":"","sales_update_date":"2024-10-16T17:06:21","calc_backorders":null,"_links":{"self":[{"href":"https:\/\/wordpress.famberg.de\/index.php\/wp-json\/wp\/v2\/product\/1584","targetHints":{"allow":["GET"]}}],"collection":[{"href":"https:\/\/wordpress.famberg.de\/index.php\/wp-json\/wp\/v2\/product"}],"about":[{"href":"https:\/\/wordpress.famberg.de\/index.php\/wp-json\/wp\/v2\/types\/product"}],"wp:featuredmedia":[{"embeddable":true,"href":"https:\/\/wordpress.famberg.de\/index.php\/wp-json\/wp\/v2\/media\/690"}],"wp:attachment":[{"href":"https:\/\/wordpress.famberg.de\/index.php\/wp-json\/wp\/v2\/media?parent=1584"}],"wp:term":[{"taxonomy":"product_brand","embeddable":true,"href":"https:\/\/wordpress.famberg.de\/index.php\/wp-json\/wp\/v2\/product_brand?post=1584"},{"taxonomy":"product_cat","embeddable":true,"href":"https:\/\/wordpress.famberg.de\/index.php\/wp-json\/wp\/v2\/product_cat?post=1584"},{"taxonomy":"product_tag","embeddable":true,"href":"https:\/\/wordpress.famberg.de\/index.php\/wp-json\/wp\/v2\/product_tag?post=1584"}],"curies":[{"name":"wp","href":"https:\/\/api.w.org\/{rel}","templated":true}]}}