{"id":1583,"date":"2024-02-24T11:30:34","date_gmt":"2024-02-24T10:30:34","guid":{"rendered":"https:\/\/wordpress.famberg.de\/index.php\/produkt\/strandkorb-compact-nature-grey-festpolsterung-des-403\/"},"modified":"2025-07-15T18:48:07","modified_gmt":"2025-07-15T16:48:07","slug":"strandkorb-compact-nature-grey-festpolsterung-des-403","status":"publish","type":"product","link":"https:\/\/wordpress.famberg.de\/index.php\/produkt\/strandkorb-compact-nature-grey-festpolsterung-des-403\/","title":{"rendered":"deVries Strandkorb Compact nature grey Festpolsterung Des. 403"},"content":{"rendered":"<h2><strong><span style=\"font-size: medium;\">Strandkorb Compact mit Festpolsterung<\/span><\/strong><span style=\"font-size: medium;\"><br \/><strong>Ihr Strandkorb f\u00fcr Ihren Garten<\/strong> <\/span><\/h2><div class=\"sicheristsicherkopf\"><div><p><span style=\"font-size: small;\">Was die Str\u00e4nde an Nord- und Ostsee bereichert,<br \/>kann nun auch in Ihrem Garten eine einzigartige Ruhezone werden! Mit dem Strandkorb&#8220;Compact&#8220; von deVries* versch\u00f6nern Sie Ihre Terrasse, Balkon oder Gr\u00fcnfl\u00e4che. Der Korpus aus Hartholz<br \/>sch\u00fctzt Sie zuverl\u00e4ssig vor Wind. Dieser Strandkorb ist der Hingucker in Ihrem Garten.<\/span><\/p><p>Produktdetails:<\/p><\/div><\/div><ul><li><b>Korpus<\/b><br \/>ideal geeignet f\u00fcr den Paketversand<br \/>Hartholz, grau lasiert<br \/>14 mm PE-Markengeflecht, voll-recyclebar<br \/>Oberkorb mehrfach verstellbar<br \/>verzinkte Beschl\u00e4ge<br \/>Oberkorb mit Zopfleiste<br \/>ausziehbare Fu\u00dfst\u00fctzen<\/li><li>Festpolsterung<br \/>Festpolsterung, R\u00fccken- und Sitzfl\u00e4che, inkl. Innenauschlag aus Stoff<br \/>Fu\u00dfst\u00fctzen mit Festpolsterung<br \/>h\u00f6henverstellbare Nackenkissen<br \/>inkl. zwei Knuffelkissen<\/li><li>Ausstattung<br \/>serienm\u00e4\u00dfig mit zwei Klapptischen<br \/>Laufrollenmontage m\u00f6glich<\/li><li>Gewicht: ca. 50 kg<\/li><li>Ma\u00dfe aufgebaut: ca. 120 x 80 x 160 cm (B\/T\/H)<\/li><\/ul><p><b>Selbstmontage, Lieferung erfolgt zerlegt in einem Karton.<br \/><\/b><\/p><div><b>Paketma\u00df: L 115 cm x B 92 cm x H 33 cm<br \/><\/b><\/div><div><b>Aufbauanleitung liegt bei<br \/><\/b><\/div><div class=\"sicheristsicherkopf\"><div><strong><span style=\"font-size: 14pt;\"><span style=\"font-size: small;\"><br \/>Bitte<br \/>beachten Sie! Die neue Serie von DekoVries ist ein Aktionsprogramm mit<br \/>eingeschr\u00e4nkter Verf\u00fcgbarkeit w\u00e4hrend der Saison. In der Regel sind alle<br \/>angegebenen Dessins lieferbar. Es kann aber kurzfristig vorkommen, dass<br \/>vereinzelt ein Dessin nicht geliefert werden kann, dann informieren wir<br \/>Sie nat\u00fcrlich sofort.<\/span><\/span>\u00a0<\/strong><\/div><\/div><div><strong><span style=\"color: #009900; font-size: medium;\">Rufen Sie uns einfach an wir beraten Sie gern pers\u00f6nlich Tel. 0341 264 33 485. Wir erstellen gern ein pers\u00f6nliches Angebot. <\/span><br \/><\/strong><\/div><div><\/div><p><b>Umweltbewusst! <\/b>Es wurde nur indonesisches Holz aus legalem Anbau verwendet, welches somit die Bedingungen der EU-Holzverordnung erf\u00fcllt. So einfach k\u00f6nnen Sie die Umwelt sch\u00fctzen.<\/p><div>\u00a0__________________________________________________________________________________________________________________________________________________________________________________________________<\/div><p>* deVries ist eine Marke der Dekovries GmbH<\/p>","protected":false},"excerpt":{"rendered":"<p>Strandkorb Compact mit FestpolsterungIhr Strandkorb f\u00fcr Ihren Garten Was die Str\u00e4nde an Nord- und Ostsee bereichert,kann nun auch in Ihrem Garten eine einzigartige Ruhezone werden! Mit dem Strandkorb&#8220;Compact&#8220; von deVries* versch\u00f6nern Sie Ihre Terrasse, Balkon oder Gr\u00fcnfl\u00e4che. Der Korpus aus Hartholzsch\u00fctzt Sie zuverl\u00e4ssig vor Wind. Dieser Strandkorb ist der Hingucker in Ihrem Garten.Produktdetails:Korpusideal geeignet f\u00fcr [&hellip;]<\/p>\n","protected":false},"featured_media":687,"template":"","meta":[],"product_brand":[],"product_cat":[109],"product_tag":[207,210],"class_list":{"0":"post-1583","1":"product","2":"type-product","3":"status-publish","4":"has-post-thumbnail","6":"product_cat-strandkoerbe","7":"product_tag-207","8":"product_tag-210534035h","9":"product_shipping_class-spedition","11":"first","12":"instock","13":"taxable","14":"shipping-taxable","15":"purchasable","16":"product-type-simple"},"supplier_id":1294,"supplier_sku":"210534035H","barcode":null,"atum_controlled":true,"out_stock_date":null,"out_stock_threshold":null,"inheritable":false,"inbound_stock":0,"stock_on_hold":0,"sold_today":0,"sales_last_days":0,"reserved_stock":0,"customer_returns":0,"warehouse_damage":0,"lost_in_post":0,"other_logs":0,"out_stock_days":0,"lost_sales":0,"has_location":false,"update_date":"2025-07-15T16:48:08","atum_locations":[],"atum_stock_status":"instock","restock_status":false,"low_stock_amount":"","sales_update_date":"2024-09-24T09:53:04","calc_backorders":null,"_links":{"self":[{"href":"https:\/\/wordpress.famberg.de\/index.php\/wp-json\/wp\/v2\/product\/1583","targetHints":{"allow":["GET"]}}],"collection":[{"href":"https:\/\/wordpress.famberg.de\/index.php\/wp-json\/wp\/v2\/product"}],"about":[{"href":"https:\/\/wordpress.famberg.de\/index.php\/wp-json\/wp\/v2\/types\/product"}],"wp:featuredmedia":[{"embeddable":true,"href":"https:\/\/wordpress.famberg.de\/index.php\/wp-json\/wp\/v2\/media\/687"}],"wp:attachment":[{"href":"https:\/\/wordpress.famberg.de\/index.php\/wp-json\/wp\/v2\/media?parent=1583"}],"wp:term":[{"taxonomy":"product_brand","embeddable":true,"href":"https:\/\/wordpress.famberg.de\/index.php\/wp-json\/wp\/v2\/product_brand?post=1583"},{"taxonomy":"product_cat","embeddable":true,"href":"https:\/\/wordpress.famberg.de\/index.php\/wp-json\/wp\/v2\/product_cat?post=1583"},{"taxonomy":"product_tag","embeddable":true,"href":"https:\/\/wordpress.famberg.de\/index.php\/wp-json\/wp\/v2\/product_tag?post=1583"}],"curies":[{"name":"wp","href":"https:\/\/api.w.org\/{rel}","templated":true}]}}