{"id":1582,"date":"2024-02-24T11:30:33","date_gmt":"2024-02-24T10:30:33","guid":{"rendered":"https:\/\/wordpress.famberg.de\/index.php\/produkt\/kornquetsche-novia-tischmodell-mit-holztrichter-nussbaum\/"},"modified":"2026-01-12T18:02:45","modified_gmt":"2026-01-12T17:02:45","slug":"kornquetsche-novia-tischmodell-mit-holztrichter-nussbaum","status":"publish","type":"product","link":"https:\/\/wordpress.famberg.de\/index.php\/produkt\/kornquetsche-novia-tischmodell-mit-holztrichter-nussbaum\/","title":{"rendered":"Eschenfelder Kornquetsche Tischmodell mit Holztrichter Nussbaum"},"content":{"rendered":"<p><big><span style=\"font-weight: bold;\"> <span style=\"color: #006600; font-size: medium;\">Eschenfelder Kornquetsche Nussbaum &#8211; <\/span><\/span><\/big><b><span style=\"color: #006600; font-size: medium;\">Holztrichter aus dunklem Nussbaum &#8211; mit langer Kurbel<\/span><\/b><br \/><span style=\"font-size: medium;\"><span style=\"font-weight: bold;\">Frisch geflocktes Getreide enth\u00e4lt noch die wertvollen Vitamine, Mineralien<br \/>und Ballaststoffe des Korns. Sobald es aufgebrochen bzw. gequetscht ist,<br \/><\/span><span style=\"font-weight: bold;\">setzt ein wertmindernder<br \/>Oxidationsprozess ein. In frischen Flocken bleiben die Wertstoffe<br \/>weitestgehend erhalten. Auch Gew\u00fcrze wie Fenchel, <\/span><span style=\"font-weight: bold;\">K\u00fcmmel oder Koriander lassen sich hervorragend mit dem Flocker verarbeiten.<\/span><br style=\"font-weight: bold;\" \/>Eschenfelder<br \/>Kornquetschen mit einem Geh\u00e4use aus massiver ged\u00e4mpfter Buche mit einem<br \/>biologischem Lein\u00f6lfirnis behandelt. Sch\u00fctte, Walzen und Kurbel aus<br \/>nickelfreiem Edelstahl erm\u00f6glichen eine stufenlos einstellbare Flocken-<br \/>und Mehlst\u00e4rke f\u00fcr Getreide wie Dinkel, Gerste, Gr\u00fcnkern oder Reis. Auch<br \/>Gew\u00fcrze, \u00d6lsaaten, Keimlinge, Linsen, gehackte N\u00fcsse oder Tee werden<br \/>bedarfsgerecht zerkleinert &#8211; f\u00fcr eine optimale aromatische und<br \/>vitaminreiche Weiterverarbeitung. Durch ihre offene Bauweise sind<br \/>Eschenfelder Kornquetschen besonders einfach zu reinigen. Tischmodelle<br \/>werden inklusive Schraubenzwinge geliefert.<br \/><\/span><\/p><p><span style=\"font-size: medium;\">novia\u00ae<br \/>ist die neue Korn-Quetsche aus dem Hause Eschenfelder. Trichter und<br \/>Kurbelgriff sind bei dieser Korn-Quetsche aus dunklem Nussbaum. Dieses<br \/>Holz ist ein &#8222;Liebhaber-Holz&#8220;, denn es hebt sich deutlich von den hellen<br \/>g\u00e4ngigen Holzt\u00f6nen ab. Das Kernholz ist dunkelbraun bis schwarz und<br \/>setzt durch den Kontrast zum Gestell aus Buchenholz einen interessanten<br \/>Akzent. Neu bei diesem Modell sind auch die Verstell-R\u00e4ndelmuttern aus<br \/>Edelstahl. Durch den Quetschvorgang wird das Korn sanft aufgeschlossen<br \/>und die wertvollen Keim\u00f6le, Tr\u00e4ger der Vitalstoffe und Enzyme, bleiben<br \/>unverletzt. Die Konsistenz der Flocken ergibt ein angenehmes Kaugef\u00fchl<br \/>und verleiht ihnen einen besonderen Geschmack.<\/span><\/p><p><span style=\"font-size: medium;\"><b>Quetschen Sie:\u00a0<\/b><\/span><\/p><p><span style=\"font-size: medium;\">\u00a0<\/span><\/p><ul><li><span style=\"font-size: medium;\">Getreide zu Flocken: Hafer, Dinkel, Gerste, Gr\u00fcnkern, Reis&#8230;.<\/span><\/li><li><span style=\"font-size: medium;\">Flocken zu Mehl: Weizen, Roggen, Buchweizen, Hirse&#8230;.<\/span><\/li><li><span style=\"font-size: medium;\">Gew\u00fcrze: K\u00fcmmel, Fenchel, Anis, Pfeffer, Sternanis, Koreander, Ingwer, Bockshornklee, Zimt&#8230;<\/span><\/li><li><span style=\"font-size: medium;\">\u00d6lsaaten: Sesam, Mohn, Senf, Hanf, Leinsamen, Sonnenblumenkerne&#8230;.<\/span><\/li><li><span style=\"font-size: medium;\">und vieles mehr: Keimlinge, Linsen, gehackte N\u00fcsse, Erdn\u00fcsse, Tee, Rosinen als Zugabe, Kokosflocken&#8230;.\u00a0 <\/span><\/li><\/ul><p><span style=\"font-size: medium;\">\u00a0<\/span><\/p><p><span style=\"font-size: medium;\"><b><u>Produktmerkmale:<\/u><\/b><br \/><\/span><\/p><ul><li><span style=\"font-size: medium;\">Quetschwerk: 2 nickelfreie Edelstahlwalzen, dadurch verschlei\u00dffreier Betrieb ohne Zahnr\u00e4der<\/span><\/li><li><span style=\"font-size: medium;\"><span style=\"line-height: 14px;\">stufenlos einstellbare Flockenst\u00e4rke<\/span><\/span><\/li><li><span style=\"font-size: medium;\"><span style=\"line-height: 14px;\">Sch\u00fctte aus nickelfreiem Edelstahl<\/span><\/span><\/li><li><span style=\"font-size: medium;\"><span style=\"line-height: 14px;\">Trichter (abnehmbar) und Kurbelgriff aus heimischen Nussbaum, massiv<br \/><\/span><\/span><\/li><li><span style=\"font-size: medium;\"><span style=\"line-height: 14px;\">einfache Reinigung durch offene Bauweise<\/span><br \/><\/span><\/li><li><span style=\"font-size: medium;\"><span style=\"line-height: 14px;\">Gestell formstabil aus massiver, ged\u00e4mpfter Buche<\/span><\/span><\/li><li><span style=\"font-size: medium;\"><span style=\"line-height: 14px;\">mit Lein\u00f6lfirnis oberfl\u00e4chenbehandelt<\/span><\/span><\/li><li><span style=\"font-size: 12pt;\">Tischmodelle<br \/>inklusive Schraubzwinge<\/span><\/li><li><span style=\"font-size: 12pt;\">Flocken\/Minute:<br \/>150g<\/span><\/li><li><span style=\"font-size: 12pt;\">Trichterf\u00fcllmenge:<br \/>200g<\/span><\/li><li><span style=\"font-size: 12pt;\">Unterstellh\u00f6he<br \/>f\u00fcr Sch\u00fcssel: 60 mm<\/span><\/li><li><span style=\"font-size: 12pt;\">quetscht<br \/>alle Getreidearten (au\u00dfer Mais)<\/span><\/li><li><span style=\"font-size: 12pt;\">Gewicht: ca<br \/>2,2 kg<\/span><\/li><li><span style=\"font-size: 12pt;\">Ma\u00dfe mit<br \/>Trichter (H x B x T) in mm: 245 x 120 x 100<\/span><\/li><\/ul><p><span style=\"font-size: 12pt;\">TIPP: Die<br \/>Eschenfelder Kornquetsche novia\u00ae gibt es auch in moderner farbiger Ausf\u00fchrung. Einfach im Shop st\u00f6bern und entdecken.<\/span><\/p>","protected":false},"excerpt":{"rendered":"<p>Eschenfelder Kornquetsche Nussbaum &#8211; Holztrichter aus dunklem Nussbaum &#8211; mit langer KurbelFrisch geflocktes Getreide enth\u00e4lt noch die wertvollen Vitamine, Mineralienund Ballaststoffe des Korns. Sobald es aufgebrochen bzw. gequetscht ist,setzt ein wertmindernderOxidationsprozess ein. In frischen Flocken bleiben die Wertstoffeweitestgehend erhalten. Auch Gew\u00fcrze wie Fenchel, K\u00fcmmel oder Koriander lassen sich hervorragend mit dem Flocker verarbeiten.EschenfelderKornquetschen mit einem [&hellip;]<\/p>\n","protected":false},"featured_media":685,"template":"","meta":[],"product_brand":[],"product_cat":[111],"product_tag":[],"class_list":{"0":"post-1582","1":"product","2":"type-product","3":"status-publish","4":"has-post-thumbnail","6":"product_cat-flocker","7":"product_shipping_class-direkt-luba","9":"first","10":"instock","11":"taxable","12":"shipping-taxable","13":"purchasable","14":"product-type-simple"},"supplier_id":1283,"supplier_sku":"115-115","barcode":null,"atum_controlled":false,"out_stock_date":null,"out_stock_threshold":null,"inheritable":false,"inbound_stock":0,"stock_on_hold":0,"sold_today":0,"sales_last_days":0,"reserved_stock":null,"customer_returns":null,"warehouse_damage":null,"lost_in_post":null,"other_logs":null,"out_stock_days":0,"lost_sales":0,"has_location":false,"update_date":"2026-01-12T17:02:46","atum_locations":[],"atum_stock_status":"instock","restock_status":false,"low_stock_amount":"","sales_update_date":"2025-02-09T12:16:27","calc_backorders":null,"_links":{"self":[{"href":"https:\/\/wordpress.famberg.de\/index.php\/wp-json\/wp\/v2\/product\/1582","targetHints":{"allow":["GET"]}}],"collection":[{"href":"https:\/\/wordpress.famberg.de\/index.php\/wp-json\/wp\/v2\/product"}],"about":[{"href":"https:\/\/wordpress.famberg.de\/index.php\/wp-json\/wp\/v2\/types\/product"}],"wp:featuredmedia":[{"embeddable":true,"href":"https:\/\/wordpress.famberg.de\/index.php\/wp-json\/wp\/v2\/media\/685"}],"wp:attachment":[{"href":"https:\/\/wordpress.famberg.de\/index.php\/wp-json\/wp\/v2\/media?parent=1582"}],"wp:term":[{"taxonomy":"product_brand","embeddable":true,"href":"https:\/\/wordpress.famberg.de\/index.php\/wp-json\/wp\/v2\/product_brand?post=1582"},{"taxonomy":"product_cat","embeddable":true,"href":"https:\/\/wordpress.famberg.de\/index.php\/wp-json\/wp\/v2\/product_cat?post=1582"},{"taxonomy":"product_tag","embeddable":true,"href":"https:\/\/wordpress.famberg.de\/index.php\/wp-json\/wp\/v2\/product_tag?post=1582"}],"curies":[{"name":"wp","href":"https:\/\/api.w.org\/{rel}","templated":true}]}}